{"id":3685,"date":"2024-09-14T00:12:37","date_gmt":"2024-09-13T16:12:37","guid":{"rendered":"https:\/\/www.jinpinlub.com\/?post_type=product&#038;p=3685"},"modified":"2024-09-14T00:24:20","modified_gmt":"2024-09-13T16:24:20","slug":"zv-b-ketsoros-eloszto-ketsoros-kenesi-rendszerhez","status":"publish","type":"product","link":"https:\/\/www.jinpinlub.com\/hu\/product\/zv-b-dual-line-distributor-for-dual-line-lubrication-system\/","title":{"rendered":"ZV-B k\u00e9tsoros eloszt\u00f3 k\u00e9tsoros ken\u0151rendszerhez"},"content":{"rendered":"<h2>Funkci\u00f3<\/h2>\n<p>A ZVB k\u00e9thuzalos eloszt\u00f3 40 MPa-os zs\u00edr- vagy olajos k\u00e9tsoros ken\u00e9si rendszerekhez alkalmas. Az eloszt\u00f3 h\u00e1rom opci\u00f3val szerelhet\u0151 fel: adagol\u00f3csavar, \u00e1ll\u00edt\u00f3eszk\u00f6z \u00e9s mozg\u00e1sjelz\u0151.<br \/>\n1. Az adagol\u00f3csavarokkal ell\u00e1tott ZVB eset\u00e9ben a Kim\u00e9rt hanger\u0151 nem \u00e1ll\u00edthat\u00f3 be. Csak k\u00fcl\u00f6nb\u00f6z\u0151 index Adagol\u00f3 csiga kiv\u00e1laszt\u00e1s\u00e1val m\u00f3dos\u00edthat\u00f3 a Kim\u00e9rt mennyis\u00e9g.<br \/>\n2. ZVB be\u00e1ll\u00edt\u00f3 eszk\u00f6zzel, a m\u00e9rt hanger\u0151 null\u00e1t\u00f3l a n\u00e9vleges tartom\u00e1nyig \u00e1ll\u00edthat\u00f3, \u00e9s a be\u00e1ll\u00edt\u00f3 eszk\u00f6z megfigyel\u00e9s\u00e9vel meg tudja \u00edt\u00e9lni, hogy az eloszt\u00f3 megfelel\u0151en m\u0171k\u00f6dik-e.<br \/>\n3. A mozg\u00e1sjelz\u0151vel ell\u00e1tott ZVB a m\u00e9rt hanger\u0151t a nulla \u00e9s a n\u00e9vleges tartom\u00e1ny k\u00f6z\u00f6tt tudja be\u00e1ll\u00edtani, \u00e9s a m\u00e9rt hanger\u0151t a fel\u00fcgyeleti kapcsol\u00f3n kereszt\u00fcli jel k\u00fcld\u00e9s\u00e9vel tudja szab\u00e1lyozni. Minden eloszt\u00f3hoz csak egy be\u00e1ll\u00edt\u00f3 eszk\u00f6z tartozhat.<\/p>\n<h2>Specifik\u00e1ci\u00f3<\/h2>\n<table>\n<tbody>\n<tr>\n<td>Modell<\/td>\n<td>ZV-B<\/td>\n<\/tr>\n<tr>\n<td>\u00dczemi nyom\u00e1s<\/td>\n<td>40 MPa<\/td>\n<\/tr>\n<tr>\n<td>Akci\u00f3nyom\u00e1s<\/td>\n<td>\u22641,0 MPa<\/td>\n<\/tr>\n<tr>\n<td>Dugatty\u00fa kimenet<\/td>\n<td>0,3 ml<\/td>\n<\/tr>\n<tr>\n<td>Kis\u00fcl\u00e9s<\/td>\n<td>0,5, 1,5, 3,0 ml\/ciklus<\/td>\n<\/tr>\n<tr>\n<td>Az \u00fczletek sz\u00e1ma<\/td>\n<td>2~8<\/td>\n<\/tr>\n<tr>\n<td>Ken\u0151anyag<\/td>\n<td>NLGI 0~3# zs\u00edr vagy olaj\uff1e N68<\/td>\n<\/tr>\n<tr>\n<td>\u00dczemi h\u0151m\u00e9rs\u00e9klet<\/td>\n<td>(-20 \u2103 ~ 80 \u2103)<\/td>\n<\/tr>\n<\/tbody>\n<\/table>\n<h2>Oktat\u00e1s<\/h2>\n<p>1. Poros, p\u00e1r\u00e1s \u00e9s zord k\u00f6rnyezetben t\u00f6rt\u00e9n\u0151 haszn\u00e1lat eset\u00e9n v\u00e9d\u0151burkolattal kell ell\u00e1tni.<br \/>\n2. A k\u00e9tvezet\u00e9kes rendszerben el\u0151ny\u00f6s a p\u00e1rhuzamos telep\u00edt\u00e9s. M\u00e1sodszor, a soros be\u00e9p\u00edt\u00e9si m\u00f3dot alkalmazz\u00e1k, \u00e9s az egyik oldalon l\u00e9v\u0151 bemenetn\u00e9l l\u00e9v\u0151 k\u00e9t G3\/8 dug\u00f3t el kell t\u00e1vol\u00edtani. A soros csatlakoz\u00e1sok maxim\u00e1lis sz\u00e1ma nem haladhatja meg a kett\u0151t, \u00e9s sz\u00fcks\u00e9g eset\u00e9n p\u00e1rhuzamosan \u00e9s sorosan is telep\u00edthet\u0151.<br \/>\n3. A ZVB-S, Kim\u00e9rt t\u00e9rfogat adagol\u00f3csavarral nem \u00e1ll\u00edthat\u00f3, csak a k\u00fcl\u00f6nb\u00f6z\u0151 index\u0171 Adagol\u00f3csavar v\u00e1laszthat\u00f3 az Adagol\u00f3csavar cser\u00e9j\u00e9hez.<br \/>\n4. A be\u00e1ll\u00edt\u00f3 szerkezettel rendelkez\u0151 ZVB-M eset\u00e9ben a kim\u00e9rt t\u00e9rfogat be\u00e1ll\u00edt\u00e1s\u00e1n\u00e1l el kell forgatni a limiter \u00e1ll\u00edt\u00f3csavarj\u00e1t, amikor a r\u00fad be van h\u00fazva.<br \/>\n5. A mozg\u00e1sjelz\u0151vel rendelkez\u0151 ZVB-L eset\u00e9ben a m\u00e9rt hanger\u0151 be\u00e1ll\u00edt\u00e1s\u00e1t akkor kell elv\u00e9gezni, amikor a visszajelz\u0151 kar be van h\u00fazva.<br \/>\n6. Ha az aljzatok sz\u00e1m\u00e1nak p\u00e1ratlannak kell lennie, t\u00e1vol\u00edtsa el a csavarokat a megfelel\u0151 kimenetek k\u00f6z\u00f6tt, \u00e9s z\u00e1rja le a nem haszn\u00e1lt aljzatot G1\/4 \u201edug\u00f3kkal. A fels\u0151 \u00e9s az als\u00f3 kimenet \u00f6ssze van k\u00f6tve, \u00e9s a dugatty\u00fa el\u0151re \u00e9s h\u00e1trafel\u00e9 t\u00f6rt\u00e9n\u0151 mozg\u00e1sa is ebb\u0151l a kimenetb\u0151l t\u00f6rt\u00e9nik.<br \/>\n7. A sz\u00e9tszerel\u00e9s megk\u00f6nny\u00edt\u00e9se \u00e9rdek\u00e9ben a legjobb, ha a cs\u0151vezet\u00e9ket a ZVB-t\u0151l a ken\u00e9si pontokig 90\u00b0-os sz\u00f6gben hajl\u00edtj\u00e1k, vagy karmanty\u00fas csatlakoz\u00e1st haszn\u00e1lnak.<br \/>\n8. Az eloszt\u00f3 be\u00e9p\u00edt\u00e9si fel\u00fclet\u00e9nek sim\u00e1nak \u00e9s laposnak kell lennie, \u00e9s a r\u00f6gz\u00edt\u0151csavarokat nem szabad t\u00fal szorosan megh\u00fazni, hogy elker\u00fclj\u00fck a deform\u00e1ci\u00f3t \u00e9s a haszn\u00e1lat k\u00f6zbeni norm\u00e1l m\u0171k\u00f6d\u00e9st.<br \/>\n9. A ZVB-S \u00e9s ZVB-M felszerel\u00e9s\u00e9hez \u00e9s r\u00f6gz\u00edt\u00e9s\u00e9hez GB70-85 M60 x 50 csavarok haszn\u00e1lata javasolt. A ZVB-L be\u00e9p\u00edt\u00e9si fel\u00fcletei k\u00f6z\u00f6tt 30 mm-es alaplemezt kell biztos\u00edtani, a beszerel\u00e9shez \u00e9s r\u00f6gz\u00edt\u00e9shez GB70-85 speci\u00e1lis M6 x 85 csavarokat kell haszn\u00e1lni.<\/p>\n<h2>K\u00e9zik\u00f6nyvek<\/h2>\n<div class=\"sdm_download_button_box_default\"><div class=\"sdm_download_link\"><a href=\"https:\/\/www.jinpinlub.com\/hu\/?sdm_process_download=1&download_id=3665\" class=\"sdm_download white\" title=\"Mag\u00e1n: ZVB Distributor\" target=\"&quot;_blank&quot;\">Adatlap megtekint\u00e9se - ZVB Forgalmaz\u00f3<\/a><\/div><\/div>","protected":false},"excerpt":{"rendered":"<p>A ZV-B eloszt\u00f3t k\u00e9tsoros k\u00f6zponti ken\u0151rendszerekben haszn\u00e1lj\u00e1k, \u00e9s alkalmas olajok \u00e9s zs\u00edrok kezel\u00e9s\u00e9re. Az ellennyom\u00e1st\u00f3l f\u00fcggetlen\u00fcl m\u00e9ri \u00e9s juttatja el a ken\u0151anyagokat a ken\u00e9si pontokhoz. A funkci\u00f3k k\u00f6z\u00e9 tartozik az ak\u00e1r 8 kimenet, az adagol\u00e1si mennyis\u00e9g 0,5-3,0 ml\/ciklus.<\/p>","protected":false},"featured_media":3635,"template":"","meta":{"ocean_post_layout":"","ocean_both_sidebars_style":"","ocean_both_sidebars_content_width":0,"ocean_both_sidebars_sidebars_width":0,"ocean_sidebar":"0","ocean_second_sidebar":"0","ocean_disable_margins":"enable","ocean_add_body_class":"","ocean_shortcode_before_top_bar":"","ocean_shortcode_after_top_bar":"","ocean_shortcode_before_header":"","ocean_shortcode_after_header":"","ocean_has_shortcode":"","ocean_shortcode_after_title":"","ocean_shortcode_before_footer_widgets":"","ocean_shortcode_after_footer_widgets":"","ocean_shortcode_before_footer_bottom":"","ocean_shortcode_after_footer_bottom":"","ocean_display_top_bar":"default","ocean_display_header":"default","ocean_header_style":"","ocean_center_header_left_menu":"0","ocean_custom_header_template":"0","ocean_custom_logo":0,"ocean_custom_retina_logo":0,"ocean_custom_logo_max_width":0,"ocean_custom_logo_tablet_max_width":0,"ocean_custom_logo_mobile_max_width":0,"ocean_custom_logo_max_height":0,"ocean_custom_logo_tablet_max_height":0,"ocean_custom_logo_mobile_max_height":0,"ocean_header_custom_menu":"0","ocean_menu_typo_font_family":"0","ocean_menu_typo_font_subset":"","ocean_menu_typo_font_size":0,"ocean_menu_typo_font_size_tablet":0,"ocean_menu_typo_font_size_mobile":0,"ocean_menu_typo_font_size_unit":"px","ocean_menu_typo_font_weight":"","ocean_menu_typo_font_weight_tablet":"","ocean_menu_typo_font_weight_mobile":"","ocean_menu_typo_transform":"","ocean_menu_typo_transform_tablet":"","ocean_menu_typo_transform_mobile":"","ocean_menu_typo_line_height":0,"ocean_menu_typo_line_height_tablet":0,"ocean_menu_typo_line_height_mobile":0,"ocean_menu_typo_line_height_unit":"","ocean_menu_typo_spacing":0,"ocean_menu_typo_spacing_tablet":0,"ocean_menu_typo_spacing_mobile":0,"ocean_menu_typo_spacing_unit":"","ocean_menu_link_color":"","ocean_menu_link_color_hover":"","ocean_menu_link_color_active":"","ocean_menu_link_background":"","ocean_menu_link_hover_background":"","ocean_menu_link_active_background":"","ocean_menu_social_links_bg":"","ocean_menu_social_hover_links_bg":"","ocean_menu_social_links_color":"","ocean_menu_social_hover_links_color":"","ocean_disable_title":"default","ocean_disable_heading":"default","ocean_post_title":"","ocean_post_subheading":"","ocean_post_title_style":"","ocean_post_title_background_color":"","ocean_post_title_background":0,"ocean_post_title_bg_image_position":"","ocean_post_title_bg_image_attachment":"","ocean_post_title_bg_image_repeat":"","ocean_post_title_bg_image_size":"","ocean_post_title_height":0,"ocean_post_title_bg_overlay":0.5,"ocean_post_title_bg_overlay_color":"","ocean_disable_breadcrumbs":"default","ocean_breadcrumbs_color":"","ocean_breadcrumbs_separator_color":"","ocean_breadcrumbs_links_color":"","ocean_breadcrumbs_links_hover_color":"","ocean_display_footer_widgets":"default","ocean_display_footer_bottom":"default","ocean_custom_footer_template":"0","osh_disable_topbar_sticky":"default","osh_disable_header_sticky":"default","osh_sticky_header_style":"default","osh_sticky_header_effect":"","osh_custom_sticky_logo":0,"osh_custom_retina_sticky_logo":0,"osh_custom_sticky_logo_height":0,"osh_background_color":"","osh_links_color":"","osh_links_hover_color":"","osh_links_active_color":"","osh_links_bg_color":"","osh_links_hover_bg_color":"","osh_links_active_bg_color":"","osh_menu_social_links_color":"","osh_menu_social_hover_links_color":""},"product_brand":[],"product_cat":[36,34],"product_tag":[314,313,301],"class_list":{"0":"post-3685","1":"product","2":"type-product","3":"status-publish","4":"has-post-thumbnail","6":"product_cat-dual-line-divider-valves","7":"product_cat-dual-line-lubrication-systems","8":"product_tag-distributor-zv-b","9":"product_tag-dual-line-metering-device","10":"product_tag-dual-line-metering-valve","12":"entry","13":"has-media","15":"first","16":"instock","17":"shipping-taxable","18":"product-type-external","19":"col","20":"span_1_of_3","21":"owp-content-center","22":"owp-thumbs-layout-horizontal","23":"owp-btn-very-big","24":"owp-tabs-layout-horizontal"},"_links":{"self":[{"href":"https:\/\/www.jinpinlub.com\/hu\/wp-json\/wp\/v2\/product\/3685","targetHints":{"allow":["GET"]}}],"collection":[{"href":"https:\/\/www.jinpinlub.com\/hu\/wp-json\/wp\/v2\/product"}],"about":[{"href":"https:\/\/www.jinpinlub.com\/hu\/wp-json\/wp\/v2\/types\/product"}],"wp:featuredmedia":[{"embeddable":true,"href":"https:\/\/www.jinpinlub.com\/hu\/wp-json\/wp\/v2\/media\/3635"}],"wp:attachment":[{"href":"https:\/\/www.jinpinlub.com\/hu\/wp-json\/wp\/v2\/media?parent=3685"}],"wp:term":[{"taxonomy":"product_brand","embeddable":true,"href":"https:\/\/www.jinpinlub.com\/hu\/wp-json\/wp\/v2\/product_brand?post=3685"},{"taxonomy":"product_cat","embeddable":true,"href":"https:\/\/www.jinpinlub.com\/hu\/wp-json\/wp\/v2\/product_cat?post=3685"},{"taxonomy":"product_tag","embeddable":true,"href":"https:\/\/www.jinpinlub.com\/hu\/wp-json\/wp\/v2\/product_tag?post=3685"}],"curies":[{"name":"wp","href":"https:\/\/api.w.org\/{rel}","templated":true}]}}