{"id":3735,"date":"2024-09-29T20:50:08","date_gmt":"2024-09-29T12:50:08","guid":{"rendered":"https:\/\/www.jinpinlub.com\/?post_type=product&#038;p=3735"},"modified":"2024-10-08T04:04:34","modified_gmt":"2024-10-07T20:04:34","slug":"amg1-automata-elektromos-kenoszivattyuk-folyekony-zsirokhoz","status":"publish","type":"product","link":"https:\/\/www.jinpinlub.com\/hu\/product\/jmg1-automatic-electric-lubrication-pumps-for-fluid-grease\/","title":{"rendered":"JMG1 automatikus elektromos ken\u0151szivatty\u00fak foly\u00e9kony zs\u00edrokhoz"},"content":{"rendered":"<h2>Jellemz\u0151k<\/h2>\n<p>1. Az id\u0151z\u00edt\u0151 k\u00e9t m\u0171k\u00f6d\u00e9si m\u00f3dra \u00e1ll\u00edthat\u00f3:<br \/>\n\u2460 Ken\u00e9s: A szivatty\u00fa elkezdi v\u00e9grehajtani a ken\u00e9si id\u0151 id\u0151z\u00edt\u00e9s\u00e9t. \u2461 Mem\u00f3ria: A szivatty\u00fa elkezdi v\u00e9grehajtani az el\u0151z\u0151 befejezetlen id\u0151z\u00edt\u00e9st.<br \/>\n2. A nyom\u00e1skapcsol\u00f3 opcion\u00e1lis a ken\u0151vezet\u00e9k \u00e9szlel\u00e9s\u00e9hez.<br \/>\n3. Az opcion\u00e1lis kapacit\u00edv \u00e9rz\u00e9kel\u0151 \u00e9rz\u00e9keli az alacsony olajszintet, \u00e9s automatikusan jelet k\u00fcld.<br \/>\n4. Nyom\u00e1sm\u00e9r\u0151vel a szivatty\u00fa \u00fczemi nyom\u00e1sa \u00e9rz\u00e9kelhet\u0151. Az 500 ml\/perc \u00fcr\u00edt\u00e9s nem k\u00f6telez\u0151.<br \/>\n5. Az id\u0151z\u00edt\u0151 \u00f6nz\u00e1r\u00f3 funkci\u00f3val rendelkezik a helytelen m\u0171k\u00f6d\u00e9s elker\u00fcl\u00e9se \u00e9rdek\u00e9ben.<br \/>\n6. Az \u201eRST\u201d gombbal er\u0151ltetni tudja a ken\u00e9st, vagy kik\u00fcsz\u00f6b\u00f6lheti a rendellenes riaszt\u00e1si jeleket.<br \/>\n7. A f\u00f6ldkerekes szivatty\u00fa indukci\u00f3s motorral van felszerelve, amely stabil nyom\u00e1s\u00fa, alacsony zajszint\u0171, tart\u00f3s \u00e9s megb\u00edzhat\u00f3.<br \/>\n8. Az AMG1 egy progressz\u00edv ken\u0151szivatty\u00fa, amellyel kombin\u00e1lni kell <a href=\"https:\/\/www.jinpinlub.com\/hu\/termekkategoria\/progressziv-zsirrendszerek\/progressziv-zsirelosztok\/\" target=\"_blank\" rel=\"noopener\">progressz\u00edv zs\u00edreloszt\u00f3k<\/a> ken\u0151rendszer kialak\u00edt\u00e1s\u00e1ra.<\/p>\n<h2>Specifik\u00e1ci\u00f3<\/h2>\n<table>\n<tbody>\n<tr>\n<td>Modell<\/td>\n<td>JMG1<\/td>\n<\/tr>\n<tr>\n<td>Ken\u00e9si id\u0151<\/td>\n<td>1-999 mp<\/td>\n<\/tr>\n<tr>\n<td>Intervallum id\u0151<\/td>\n<td>1-999 perc<\/td>\n<\/tr>\n<tr>\n<td>\u00dczemi h\u0151m\u00e9rs\u00e9klet<\/td>\n<td>-10\u2103~ +60\u00b0C (alacsony h\u0151m\u00e9rs\u00e9kleti k\u00f6r\u00fclm\u00e9nyek k\u00f6z\u00f6tt fagy\u00e1ll\u00f3 zs\u00edr sz\u00fcks\u00e9ges)<\/td>\n<\/tr>\n<tr>\n<td>Az \u00fczletek sz\u00e1ma<\/td>\n<td>1<\/td>\n<\/tr>\n<tr>\n<td>A t\u00e1roz\u00f3 kapacit\u00e1sa<\/td>\n<td>3 literes (gyanta tart\u00e1ly), 4 literes, 6 literes, 8 literes, 20 literes (f\u00e9m tart\u00e1ly)<\/td>\n<\/tr>\n<tr>\n<td>\u00dajrat\u00f6lt\u00e9s<\/td>\n<td>Fel\u00fclr\u0151l<\/td>\n<\/tr>\n<tr>\n<td>Ken\u0151anyag<\/td>\n<td>NLGI 000#~00#<\/td>\n<\/tr>\n<tr>\n<td>Motor teljes\u00edtm\u00e9ny<\/td>\n<td>40W<\/td>\n<\/tr>\n<tr>\n<td>Kis\u00fcl\u00e9s<\/td>\n<td>250 ml\/perc<\/td>\n<\/tr>\n<tr>\n<td>Max. \u00fczemi nyom\u00e1s<\/td>\n<td>4,0 MPa<\/td>\n<\/tr>\n<tr>\n<td>Csatlakoz\u00f3 menet<\/td>\n<td>Kimenet \u03a66<\/td>\n<\/tr>\n<tr>\n<td>\u00dczemi fesz\u00fclts\u00e9g<\/td>\n<td>110VAC, 220VAC, 12VDC, 24VDC<\/td>\n<\/tr>\n<tr>\n<td>Tan\u00fas\u00edtv\u00e1ny<\/td>\n<td>CE<\/td>\n<\/tr>\n<tr>\n<td>Alacsony szint kapcsol\u00f3<\/td>\n<td>NC \u00e9rintkez\u0151<\/td>\n<\/tr>\n<\/tbody>\n<\/table>\n<h2>Alkalmaz\u00e1sok<\/h2>\n<p>1. Gy\u00e1rt\u00e1s: A JMG1 sorozat\u00fa ken\u0151szivatty\u00fak sz\u00e9les k\u00f6rben dolgoznak a sz\u00e1ll\u00edt\u00f3szalagok, robotkarok \u00e9s sorberendez\u00e9sek ken\u00e9s\u00e9re, hogy azok zavartalanul m\u0171k\u00f6djenek.<br \/>\n2. G\u00e9pj\u00e1rm\u0171ipar: A JMG1 elektromos ken\u0151szivatty\u00fakat az alv\u00e1z ken\u00e9s\u00e9re \u00e9s a szerel\u0151sorok karbantart\u00e1s\u00e1ra haszn\u00e1lj\u00e1k, hogy cs\u00f6kkents\u00e9k a mozg\u00f3 alkatr\u00e9szek kop\u00e1s\u00e1t.<br \/>\n3. \u00c9p\u00edt\u0151ipari g\u00e9pek: Kotr\u00e1sn\u00e1l, rakod\u00e1sn\u00e1l \u00e9s darukn\u00e1l haszn\u00e1lt neh\u00e9zg\u00e9pek sim\u00edt\u00e1s\u00e1ra, e g\u00e9pek \u00e9lettartam\u00e1nak n\u00f6vel\u00e9s\u00e9re.<br \/>\n4. \u00c9lelmiszer- \u00e9s italipar: A JMG1 ken\u0151szivatty\u00fakat a feldolgoz\u00f3 \u00e9s csomagol\u00f3g\u00e9pekben alkalmazz\u00e1k a higi\u00e9nia fenntart\u00e1sa \u00e9s a karbantart\u00e1si terhek cs\u00f6kkent\u00e9se \u00e9rdek\u00e9ben.<br \/>\n5. Nyomdag\u00e9pek: A JMG1 t\u00edpus\u00fa ken\u0151szivatty\u00fak automatikusan zs\u00edrozz\u00e1k a nyomdag\u00e9p mozg\u00f3 r\u00e9szeit a min\u0151s\u00e9gi eredm\u00e9ny el\u00e9r\u00e9se \u00e9rdek\u00e9ben.<\/p>\n<h2>K\u00e9zik\u00f6nyvek<\/h2>\n<div class=\"sdm_download_button_box_default\"><div class=\"sdm_download_link\"><a href=\"https:\/\/www.jinpinlub.com\/hu\/?sdm_process_download=1&download_id=3737\" class=\"sdm_download white\" title=\"Mag\u00e1n: JMG Grease Pump\" target=\"&quot;_blank&quot;\">Adatlap megtekint\u00e9se - JMG zs\u00edrszivatty\u00fa<\/a><\/div><\/div>","protected":false},"excerpt":{"rendered":"<p>A JMG1 egy progressz\u00edv zs\u00edrken\u0151 szivatty\u00fa, amely alkalmas NLGI 000~0# \u00e1tfoly\u00f3s zs\u00edrokhoz. Speci\u00e1lis \u00f6tv\u00f6z\u00f6tt ac\u00e9lb\u00f3l k\u00e9sz\u00fclt fogaskerekes szivatty\u00faval rendelkezik, \u00e9s indukci\u00f3s motorral van kieg\u00e9sz\u00edtve, amelynek el\u0151nyei a stabil kimeneti nyom\u00e1s, a zajmentess\u00e9g \u00e9s a hossz\u00fa \u00e9lettartam.<\/p>","protected":false},"featured_media":3746,"template":"","meta":{"ocean_post_layout":"","ocean_both_sidebars_style":"","ocean_both_sidebars_content_width":0,"ocean_both_sidebars_sidebars_width":0,"ocean_sidebar":"0","ocean_second_sidebar":"0","ocean_disable_margins":"enable","ocean_add_body_class":"","ocean_shortcode_before_top_bar":"","ocean_shortcode_after_top_bar":"","ocean_shortcode_before_header":"","ocean_shortcode_after_header":"","ocean_has_shortcode":"","ocean_shortcode_after_title":"","ocean_shortcode_before_footer_widgets":"","ocean_shortcode_after_footer_widgets":"","ocean_shortcode_before_footer_bottom":"","ocean_shortcode_after_footer_bottom":"","ocean_display_top_bar":"default","ocean_display_header":"default","ocean_header_style":"","ocean_center_header_left_menu":"0","ocean_custom_header_template":"0","ocean_custom_logo":0,"ocean_custom_retina_logo":0,"ocean_custom_logo_max_width":0,"ocean_custom_logo_tablet_max_width":0,"ocean_custom_logo_mobile_max_width":0,"ocean_custom_logo_max_height":0,"ocean_custom_logo_tablet_max_height":0,"ocean_custom_logo_mobile_max_height":0,"ocean_header_custom_menu":"0","ocean_menu_typo_font_family":"0","ocean_menu_typo_font_subset":"","ocean_menu_typo_font_size":0,"ocean_menu_typo_font_size_tablet":0,"ocean_menu_typo_font_size_mobile":0,"ocean_menu_typo_font_size_unit":"px","ocean_menu_typo_font_weight":"","ocean_menu_typo_font_weight_tablet":"","ocean_menu_typo_font_weight_mobile":"","ocean_menu_typo_transform":"","ocean_menu_typo_transform_tablet":"","ocean_menu_typo_transform_mobile":"","ocean_menu_typo_line_height":0,"ocean_menu_typo_line_height_tablet":0,"ocean_menu_typo_line_height_mobile":0,"ocean_menu_typo_line_height_unit":"","ocean_menu_typo_spacing":0,"ocean_menu_typo_spacing_tablet":0,"ocean_menu_typo_spacing_mobile":0,"ocean_menu_typo_spacing_unit":"","ocean_menu_link_color":"","ocean_menu_link_color_hover":"","ocean_menu_link_color_active":"","ocean_menu_link_background":"","ocean_menu_link_hover_background":"","ocean_menu_link_active_background":"","ocean_menu_social_links_bg":"","ocean_menu_social_hover_links_bg":"","ocean_menu_social_links_color":"","ocean_menu_social_hover_links_color":"","ocean_disable_title":"default","ocean_disable_heading":"default","ocean_post_title":"","ocean_post_subheading":"","ocean_post_title_style":"","ocean_post_title_background_color":"","ocean_post_title_background":0,"ocean_post_title_bg_image_position":"","ocean_post_title_bg_image_attachment":"","ocean_post_title_bg_image_repeat":"","ocean_post_title_bg_image_size":"","ocean_post_title_height":0,"ocean_post_title_bg_overlay":0.5,"ocean_post_title_bg_overlay_color":"","ocean_disable_breadcrumbs":"default","ocean_breadcrumbs_color":"","ocean_breadcrumbs_separator_color":"","ocean_breadcrumbs_links_color":"","ocean_breadcrumbs_links_hover_color":"","ocean_display_footer_widgets":"default","ocean_display_footer_bottom":"default","ocean_custom_footer_template":"0","osh_disable_topbar_sticky":"default","osh_disable_header_sticky":"default","osh_sticky_header_style":"default","osh_sticky_header_effect":"","osh_custom_sticky_logo":0,"osh_custom_retina_sticky_logo":0,"osh_custom_sticky_logo_height":0,"osh_background_color":"","osh_links_color":"","osh_links_hover_color":"","osh_links_active_color":"","osh_links_bg_color":"","osh_links_hover_bg_color":"","osh_links_active_bg_color":"","osh_menu_social_links_color":"","osh_menu_social_hover_links_color":""},"product_brand":[],"product_cat":[42,41],"product_tag":[74,73,77,196,72],"class_list":{"0":"post-3735","1":"product","2":"type-product","3":"status-publish","4":"has-post-thumbnail","6":"product_cat-electric-progressive-pumps","7":"product_cat-progressive-grease-systems","8":"product_tag-automatic-lubrication-pump","9":"product_tag-electric-lubrication-pump","10":"product_tag-grease-lubrication-pump","11":"product_tag-grease-lubrication-system","12":"product_tag-lubrication-system","14":"entry","15":"has-media","17":"first","18":"instock","19":"shipping-taxable","20":"product-type-external","21":"col","22":"span_1_of_3","23":"owp-content-center","24":"owp-thumbs-layout-horizontal","25":"owp-btn-very-big","26":"owp-tabs-layout-horizontal"},"_links":{"self":[{"href":"https:\/\/www.jinpinlub.com\/hu\/wp-json\/wp\/v2\/product\/3735","targetHints":{"allow":["GET"]}}],"collection":[{"href":"https:\/\/www.jinpinlub.com\/hu\/wp-json\/wp\/v2\/product"}],"about":[{"href":"https:\/\/www.jinpinlub.com\/hu\/wp-json\/wp\/v2\/types\/product"}],"wp:featuredmedia":[{"embeddable":true,"href":"https:\/\/www.jinpinlub.com\/hu\/wp-json\/wp\/v2\/media\/3746"}],"wp:attachment":[{"href":"https:\/\/www.jinpinlub.com\/hu\/wp-json\/wp\/v2\/media?parent=3735"}],"wp:term":[{"taxonomy":"product_brand","embeddable":true,"href":"https:\/\/www.jinpinlub.com\/hu\/wp-json\/wp\/v2\/product_brand?post=3735"},{"taxonomy":"product_cat","embeddable":true,"href":"https:\/\/www.jinpinlub.com\/hu\/wp-json\/wp\/v2\/product_cat?post=3735"},{"taxonomy":"product_tag","embeddable":true,"href":"https:\/\/www.jinpinlub.com\/hu\/wp-json\/wp\/v2\/product_tag?post=3735"}],"curies":[{"name":"wp","href":"https:\/\/api.w.org\/{rel}","templated":true}]}}