{"id":3738,"date":"2024-09-29T23:25:43","date_gmt":"2024-09-29T15:25:43","guid":{"rendered":"https:\/\/www.jinpinlub.com\/?post_type=product&#038;p=3738"},"modified":"2024-10-08T03:57:25","modified_gmt":"2024-10-07T19:57:25","slug":"amg2-plc-szabalyozott-aramlasu-zsir-elektromos-kenoszivattyuk","status":"publish","type":"product","link":"https:\/\/www.jinpinlub.com\/hu\/product\/jmg2-plc-controlled-flow-grease-electric-lubrication-pumps\/","title":{"rendered":"JMG2 PLC szab\u00e1lyozott \u00e1raml\u00e1s\u00fa zs\u00edr elektromos ken\u0151szivatty\u00fak"},"content":{"rendered":"<h2>Jellemz\u0151k<\/h2>\n<p>1. A ken\u00e9st \u00e9s az intervallum idej\u00e9t a gazdag\u00e9p PLC vez\u00e9rli.<br \/>\n2. Opcion\u00e1lis nyom\u00e1skapcsol\u00f3 beszerelhet\u0151 annak \u00e9szlel\u00e9s\u00e9re, hogy az olajk\u00f6r s\u00e9r\u00fclt-e.<br \/>\n3. Az opcion\u00e1lis kapacit\u00edv \u00e9rz\u00e9kel\u0151 k\u00e9pes \u00e9rz\u00e9kelni az alacsony folyad\u00e9kszintet, \u00e9s automatikusan jelet k\u00fcld.<br \/>\n4. A nyom\u00e1sm\u00e9r\u0151vel k\u00e9pes \u00e9rz\u00e9kelni az olajszivatty\u00fa m\u0171k\u00f6d\u00e9si nyom\u00e1s\u00e1t. Az 500 ml\/perc \u00fcr\u00edt\u00e9s nem k\u00f6telez\u0151.<br \/>\n5. K\u00e9nyszer\u00edtett olajadagol\u00f3 gombbal \u00e9s ken\u00e9sjelz\u0151 l\u00e1mp\u00e1val.<br \/>\n6. A talajhajt\u00f3m\u0171ves szivatty\u00fa indukci\u00f3s motorral van felszerelve, amely stabil nyom\u00e1s\u00fa, alacsony zajszint\u0171, tart\u00f3s \u00e9s megb\u00edzhat\u00f3.<br \/>\n7. Ez a ken\u0151szivatty\u00fa egys\u00e9g progressz\u00edv m\u00f3don van kialak\u00edtva, progressz\u00edv ken\u0151rendszert alkotva <a href=\"https:\/\/www.jinpinlub.com\/hu\/termekkategoria\/progressziv-zsirrendszerek\/progressziv-zsirelosztok\/\" target=\"_blank\" rel=\"noopener\">progressz\u00edv zs\u00edreloszt\u00f3k<\/a>.<\/p>\n<h2>Specifik\u00e1ci\u00f3<\/h2>\n<table>\n<tbody>\n<tr>\n<td>Modell<\/td>\n<td>JMG2<\/td>\n<\/tr>\n<tr>\n<td>Ken\u00e9si id\u0151<\/td>\n<td>PLC<\/td>\n<\/tr>\n<tr>\n<td>Intervallum id\u0151<\/td>\n<td>PLC<\/td>\n<\/tr>\n<tr>\n<td>\u00dczemi h\u0151m\u00e9rs\u00e9klet<\/td>\n<td>-10\u2103~ +60\u00b0C (alacsony h\u0151m\u00e9rs\u00e9kleti k\u00f6r\u00fclm\u00e9nyek k\u00f6z\u00f6tt fagy\u00e1ll\u00f3 zs\u00edr sz\u00fcks\u00e9ges)<\/td>\n<\/tr>\n<tr>\n<td>Az \u00fczletek sz\u00e1ma<\/td>\n<td>1<\/td>\n<\/tr>\n<tr>\n<td>A t\u00e1roz\u00f3 kapacit\u00e1sa<\/td>\n<td>3 literes (gyanta tart\u00e1ly), 4 literes, 6 literes, 8 literes, 20 literes (f\u00e9m tart\u00e1ly)<\/td>\n<\/tr>\n<tr>\n<td>\u00dajrat\u00f6lt\u00e9s<\/td>\n<td>Fel\u00fclr\u0151l<\/td>\n<\/tr>\n<tr>\n<td>Ken\u0151anyag<\/td>\n<td>NLGI 000#~00#<\/td>\n<\/tr>\n<tr>\n<td>Motor teljes\u00edtm\u00e9ny<\/td>\n<td>40W<\/td>\n<\/tr>\n<tr>\n<td>Kis\u00fcl\u00e9s<\/td>\n<td>250 ml\/perc<\/td>\n<\/tr>\n<tr>\n<td>Max. \u00fczemi nyom\u00e1s<\/td>\n<td>4,0 MPa<\/td>\n<\/tr>\n<tr>\n<td>Csatlakoz\u00f3 menet<\/td>\n<td>Kimenet \u03a66<\/td>\n<\/tr>\n<tr>\n<td>\u00dczemi fesz\u00fclts\u00e9g<\/td>\n<td>110VAC, 220VAC, 12VDC, 24VDC, 3~ 220V, 3~ 380V, 3~ 440V, 3~ 460V<\/td>\n<\/tr>\n<tr>\n<td>Tan\u00fas\u00edtv\u00e1ny<\/td>\n<td>CE<\/td>\n<\/tr>\n<tr>\n<td>Alacsony szint kapcsol\u00f3<\/td>\n<td>NC \u00e9rintkez\u0151<\/td>\n<\/tr>\n<\/tbody>\n<\/table>\n<h2>Alkalmaz\u00e1sok<\/h2>\n<p>Mez\u0151gazdas\u00e1g: A JMG2 ken\u0151szivatty\u00fak kenik a g\u00e9peket a hossz\u00fa \u00e9lettartam \u00e9rdek\u00e9ben. Ide tartoznak a traktorok, betakar\u00edt\u00f3g\u00e9pek \u00e9s egy\u00e9b mez\u0151gazdas\u00e1gi berendez\u00e9sek.<br \/>\n\u00c9p\u00edt\u0151ipar \u00e9s b\u00e1ny\u00e1szat: Az automatikus ken\u0151rendszerek n\u00e9lk\u00fcl\u00f6zhetetlenek a neh\u00e9z g\u00e9pekhez, p\u00e9ld\u00e1ul kotr\u00f3g\u00e9pekhez, rakod\u00f3g\u00e9pekhez \u00e9s b\u00e1ny\u00e1szati berendez\u00e9sekhez a meghib\u00e1sod\u00e1sok cs\u00f6kkent\u00e9se \u00e9rdek\u00e9ben.<br \/>\nIpari g\u00e9pek: Szersz\u00e1mg\u00e9pekben, famegmunk\u00e1l\u00f3 g\u00e9pekben, textilipari g\u00e9pekben, csomagol\u00f3g\u00e9pekben stb. haszn\u00e1lj\u00e1k. Az elektromos ken\u0151szivatty\u00fak biztos\u00edtj\u00e1k a prec\u00edz ken\u00e9st \u00e9s jav\u00edtj\u00e1k a berendez\u00e9sek hat\u00e9konys\u00e1g\u00e1t.<br \/>\n\u00c9lelmiszeripar: A JMG2 ken\u0151szivatty\u00fak biztos\u00edtj\u00e1k az \u00e9lelmiszer-feldolgoz\u00f3 g\u00e9pek higi\u00e9nikus \u00e9s hat\u00e9kony ken\u00e9s\u00e9t.<br \/>\nTenger\u00e9szeti berendez\u00e9sek: A zs\u00edrszivatty\u00fak kenik a tengeri g\u00e9pek mozg\u00f3 alkatr\u00e9szeit, hogy biztos\u00edts\u00e1k a zavartalan m\u0171k\u00f6d\u00e9st \u00e9s cs\u00f6kkents\u00e9k a karbantart\u00e1st.<\/p>\n<h2>K\u00e9zik\u00f6nyvek<\/h2>\n<div class=\"sdm_download_button_box_default\"><div class=\"sdm_download_link\"><a href=\"https:\/\/www.jinpinlub.com\/hu\/?sdm_process_download=1&download_id=3737\" class=\"sdm_download white\" title=\"Mag\u00e1n: JMG Grease Pump\" target=\"&quot;_blank&quot;\">Adatlap megtekint\u00e9se - JMG zs\u00edrszivatty\u00fa<\/a><\/div><\/div>","protected":false},"excerpt":{"rendered":"<p>A JMG2 progressz\u00edv ken\u0151szivatty\u00fa egy elektromos ken\u0151szivatty\u00fa, amelyet f\u00f6ldkerekes szivatty\u00fa hajt. Nyom\u00e1skapcsol\u00f3val \u00e9s alacsony szint\u00e9rz\u00e9kel\u0151vel szerelhet\u0151 fel. Meghajt\u00f3 motorja alacsony energiafogyaszt\u00e1s\u00fa, stabil nyom\u00e1s\u00fa, alacsony zajszint\u0171, tart\u00f3s \u00e9s megb\u00edzhat\u00f3.<\/p>","protected":false},"featured_media":3747,"template":"","meta":{"ocean_post_layout":"","ocean_both_sidebars_style":"","ocean_both_sidebars_content_width":0,"ocean_both_sidebars_sidebars_width":0,"ocean_sidebar":"0","ocean_second_sidebar":"0","ocean_disable_margins":"enable","ocean_add_body_class":"","ocean_shortcode_before_top_bar":"","ocean_shortcode_after_top_bar":"","ocean_shortcode_before_header":"","ocean_shortcode_after_header":"","ocean_has_shortcode":"","ocean_shortcode_after_title":"","ocean_shortcode_before_footer_widgets":"","ocean_shortcode_after_footer_widgets":"","ocean_shortcode_before_footer_bottom":"","ocean_shortcode_after_footer_bottom":"","ocean_display_top_bar":"default","ocean_display_header":"default","ocean_header_style":"","ocean_center_header_left_menu":"0","ocean_custom_header_template":"0","ocean_custom_logo":0,"ocean_custom_retina_logo":0,"ocean_custom_logo_max_width":0,"ocean_custom_logo_tablet_max_width":0,"ocean_custom_logo_mobile_max_width":0,"ocean_custom_logo_max_height":0,"ocean_custom_logo_tablet_max_height":0,"ocean_custom_logo_mobile_max_height":0,"ocean_header_custom_menu":"0","ocean_menu_typo_font_family":"0","ocean_menu_typo_font_subset":"","ocean_menu_typo_font_size":0,"ocean_menu_typo_font_size_tablet":0,"ocean_menu_typo_font_size_mobile":0,"ocean_menu_typo_font_size_unit":"px","ocean_menu_typo_font_weight":"","ocean_menu_typo_font_weight_tablet":"","ocean_menu_typo_font_weight_mobile":"","ocean_menu_typo_transform":"","ocean_menu_typo_transform_tablet":"","ocean_menu_typo_transform_mobile":"","ocean_menu_typo_line_height":0,"ocean_menu_typo_line_height_tablet":0,"ocean_menu_typo_line_height_mobile":0,"ocean_menu_typo_line_height_unit":"","ocean_menu_typo_spacing":0,"ocean_menu_typo_spacing_tablet":0,"ocean_menu_typo_spacing_mobile":0,"ocean_menu_typo_spacing_unit":"","ocean_menu_link_color":"","ocean_menu_link_color_hover":"","ocean_menu_link_color_active":"","ocean_menu_link_background":"","ocean_menu_link_hover_background":"","ocean_menu_link_active_background":"","ocean_menu_social_links_bg":"","ocean_menu_social_hover_links_bg":"","ocean_menu_social_links_color":"","ocean_menu_social_hover_links_color":"","ocean_disable_title":"default","ocean_disable_heading":"default","ocean_post_title":"","ocean_post_subheading":"","ocean_post_title_style":"","ocean_post_title_background_color":"","ocean_post_title_background":0,"ocean_post_title_bg_image_position":"","ocean_post_title_bg_image_attachment":"","ocean_post_title_bg_image_repeat":"","ocean_post_title_bg_image_size":"","ocean_post_title_height":0,"ocean_post_title_bg_overlay":0.5,"ocean_post_title_bg_overlay_color":"","ocean_disable_breadcrumbs":"default","ocean_breadcrumbs_color":"","ocean_breadcrumbs_separator_color":"","ocean_breadcrumbs_links_color":"","ocean_breadcrumbs_links_hover_color":"","ocean_display_footer_widgets":"default","ocean_display_footer_bottom":"default","ocean_custom_footer_template":"0","osh_disable_topbar_sticky":"default","osh_disable_header_sticky":"default","osh_sticky_header_style":"default","osh_sticky_header_effect":"","osh_custom_sticky_logo":0,"osh_custom_retina_sticky_logo":0,"osh_custom_sticky_logo_height":0,"osh_background_color":"","osh_links_color":"","osh_links_hover_color":"","osh_links_active_color":"","osh_links_bg_color":"","osh_links_hover_bg_color":"","osh_links_active_bg_color":"","osh_menu_social_links_color":"","osh_menu_social_hover_links_color":""},"product_brand":[],"product_cat":[42,41],"product_tag":[74,112,185,73,77],"class_list":{"0":"post-3738","1":"product","2":"type-product","3":"status-publish","4":"has-post-thumbnail","6":"product_cat-electric-progressive-pumps","7":"product_cat-progressive-grease-systems","8":"product_tag-automatic-lubrication-pump","9":"product_tag-centralized-lubrication-system","10":"product_tag-electric-grease-pump","11":"product_tag-electric-lubrication-pump","12":"product_tag-grease-lubrication-pump","14":"entry","15":"has-media","17":"first","18":"instock","19":"shipping-taxable","20":"product-type-external","21":"col","22":"span_1_of_3","23":"owp-content-center","24":"owp-thumbs-layout-horizontal","25":"owp-btn-very-big","26":"owp-tabs-layout-horizontal"},"_links":{"self":[{"href":"https:\/\/www.jinpinlub.com\/hu\/wp-json\/wp\/v2\/product\/3738","targetHints":{"allow":["GET"]}}],"collection":[{"href":"https:\/\/www.jinpinlub.com\/hu\/wp-json\/wp\/v2\/product"}],"about":[{"href":"https:\/\/www.jinpinlub.com\/hu\/wp-json\/wp\/v2\/types\/product"}],"wp:featuredmedia":[{"embeddable":true,"href":"https:\/\/www.jinpinlub.com\/hu\/wp-json\/wp\/v2\/media\/3747"}],"wp:attachment":[{"href":"https:\/\/www.jinpinlub.com\/hu\/wp-json\/wp\/v2\/media?parent=3738"}],"wp:term":[{"taxonomy":"product_brand","embeddable":true,"href":"https:\/\/www.jinpinlub.com\/hu\/wp-json\/wp\/v2\/product_brand?post=3738"},{"taxonomy":"product_cat","embeddable":true,"href":"https:\/\/www.jinpinlub.com\/hu\/wp-json\/wp\/v2\/product_cat?post=3738"},{"taxonomy":"product_tag","embeddable":true,"href":"https:\/\/www.jinpinlub.com\/hu\/wp-json\/wp\/v2\/product_tag?post=3738"}],"curies":[{"name":"wp","href":"https:\/\/api.w.org\/{rel}","templated":true}]}}