{"id":3739,"date":"2024-09-30T00:57:59","date_gmt":"2024-09-29T16:57:59","guid":{"rendered":"https:\/\/www.jinpinlub.com\/?post_type=product&#038;p=3739"},"modified":"2024-10-08T04:06:47","modified_gmt":"2024-10-07T20:06:47","slug":"amg3-automata-elektromos-zsir-kenoszivattyu-idozitovel","status":"publish","type":"product","link":"https:\/\/www.jinpinlub.com\/hu\/product\/jmg3-automatic-electric-grease-lubrication-pump-with-timer\/","title":{"rendered":"JMG3 automatikus elektromos zs\u00edr ken\u0151szivatty\u00fa id\u0151z\u00edt\u0151vel"},"content":{"rendered":"<h2>Jellemz\u0151k<\/h2>\n<p>1. Az id\u0151z\u00edt\u0151 k\u00e9t m\u0171k\u00f6d\u00e9si m\u00f3dra \u00e1ll\u00edthat\u00f3:<br \/>\n\u2460 Ind\u00edt\u00e1s el\u0151tt kenje meg: a ken\u00e9si id\u0151t el\u0151sz\u00f6r ind\u00edt\u00e1skor hajtja v\u00e9gre.<br \/>\n\u2461 Ind\u00edt\u00e1s el\u0151tti intervallum: ind\u00edt\u00e1skor el\u0151sz\u00f6r az intervallum fut le. Kapcsolja be \u00fajra, \u00e9s folytassa az el\u0151z\u0151 id\u0151k\u00f6zzel.<br \/>\n2. Opcion\u00e1lis nyom\u00e1skapcsol\u00f3 be\u00e9p\u00edthet\u0151 annak \u00e9szlel\u00e9s\u00e9re, hogy az olajk\u00f6r s\u00e9r\u00fclt-e.<br \/>\n3. Az opcion\u00e1lis kapacit\u00e1s\u00e9rz\u00e9kel\u0151 \u00e9rz\u00e9keli az alacsony olajszintet, \u00e9s automatikusan jelet k\u00fcld.<br \/>\n4. Nyom\u00e1sm\u00e9r\u0151 van felszerelve az olajszivatty\u00fa m\u0171k\u00f6d\u00e9si nyom\u00e1s\u00e1nak \u00e9rz\u00e9kel\u00e9s\u00e9re. Az 500 ml\/perc kiszor\u00edt\u00e1s opcion\u00e1lis.<br \/>\n5. Az id\u0151z\u00edt\u0151 ideje be\u00e1ll\u00edthat\u00f3, \u00e9s \u00f6nz\u00e1r\u00f3 funkci\u00f3val rendelkezik, amely megakad\u00e1lyozza, hogy m\u00e1sok tetsz\u00e9s szerint m\u0171k\u00f6dtess\u00e9k.<br \/>\n6. A rendszer haszn\u00e1lhatja az \u201eRST\u201d gombot a ken\u00e9s k\u00e9nyszer\u00edt\u00e9s\u00e9re vagy a rendellenes riaszt\u00e1si jelek kik\u00fcsz\u00f6b\u00f6l\u00e9s\u00e9re.<br \/>\n7. A f\u00f6ldkerekes szivatty\u00fa indukci\u00f3s motorral van felszerelve, amely stabil nyom\u00e1s\u00fa, alacsony zajszint\u0171, tart\u00f3s \u00e9s megb\u00edzhat\u00f3.<br \/>\n8. Haszn\u00e1lni kell vele <a href=\"https:\/\/www.jinpinlub.com\/hu\/termekkategoria\/egysoros-zsirzorendszerek\/nyomascsokkento-adagoloszelepek\/\" target=\"_blank\" rel=\"noopener\">nyom\u00e1scs\u00f6kkent\u0151 eloszt\u00f3k<\/a> mennyis\u00e9gi olajell\u00e1t\u00e1si hat\u00e1s el\u00e9r\u00e9se \u00e9rdek\u00e9ben.<\/p>\n<h2>Specifik\u00e1ci\u00f3<\/h2>\n<table>\n<tbody>\n<tr>\n<td>Modell<\/td>\n<td>JMG3<\/td>\n<\/tr>\n<tr>\n<td>Ken\u00e9si id\u0151<\/td>\n<td>1-999 mp<\/td>\n<\/tr>\n<tr>\n<td>Intervallum id\u0151<\/td>\n<td>1-999 perc<\/td>\n<\/tr>\n<tr>\n<td>\u00dczemi h\u0151m\u00e9rs\u00e9klet<\/td>\n<td>-10\u2103~ +60\u00b0C (alacsony h\u0151m\u00e9rs\u00e9kleti k\u00f6r\u00fclm\u00e9nyek k\u00f6z\u00f6tt fagy\u00e1ll\u00f3 zs\u00edr sz\u00fcks\u00e9ges)<\/td>\n<\/tr>\n<tr>\n<td>Az \u00fczletek sz\u00e1ma<\/td>\n<td>1<\/td>\n<\/tr>\n<tr>\n<td>A t\u00e1roz\u00f3 kapacit\u00e1sa<\/td>\n<td>3 literes (gyanta tart\u00e1ly), 4 literes, 6 literes, 8 literes, 20 literes (f\u00e9m tart\u00e1ly)<\/td>\n<\/tr>\n<tr>\n<td>\u00dajrat\u00f6lt\u00e9s<\/td>\n<td>Fel\u00fclr\u0151l<\/td>\n<\/tr>\n<tr>\n<td>Ken\u0151anyag<\/td>\n<td>NLGI 000#~00#<\/td>\n<\/tr>\n<tr>\n<td>Motor teljes\u00edtm\u00e9ny<\/td>\n<td>40W<\/td>\n<\/tr>\n<tr>\n<td>Kis\u00fcl\u00e9s<\/td>\n<td>250 ml\/perc<\/td>\n<\/tr>\n<tr>\n<td>Max. \u00fczemi nyom\u00e1s<\/td>\n<td>4,0 MPa<\/td>\n<\/tr>\n<tr>\n<td>Csatlakoz\u00f3 menet<\/td>\n<td>Kimenet \u03a66<\/td>\n<\/tr>\n<tr>\n<td>\u00dczemi fesz\u00fclts\u00e9g<\/td>\n<td>110VAC, 220VAC, 12VDC, 24VDC<\/td>\n<\/tr>\n<tr>\n<td>Tan\u00fas\u00edtv\u00e1ny<\/td>\n<td>CE<\/td>\n<\/tr>\n<tr>\n<td>Alacsony szint kapcsol\u00f3<\/td>\n<td>NC \u00e9rintkez\u0151<\/td>\n<\/tr>\n<\/tbody>\n<\/table>\n<h2>Alkalmaz\u00e1sok<\/h2>\n<p>Ipari berendez\u00e9sek: A JMG3 sorozat\u00fa ken\u0151szivatty\u00fak gy\u00e1rakban alkalmazhat\u00f3k a g\u00e9p mozg\u00f3 alkatr\u00e9szeinek, p\u00e9ld\u00e1ul csap\u00e1gyainak \u00e9s fogaskerekeinek folyamatos ken\u00e9s\u00e9re, a zavartalan m\u0171k\u00f6d\u00e9s \u00e9rdek\u00e9ben.<br \/>\n\u00c9p\u00edt\u0151ipari berendez\u00e9sek: Kotr\u00f3g\u00e9pek, rakod\u00f3k, daruk - a neh\u00e9zg\u00e9pek felszerel\u00e9sei - mind haszn\u00e1lhatj\u00e1k a JMG3 sorozat\u00fa elektromos ken\u0151szivatty\u00fakat a kisebb kop\u00e1s \u00e9s a folyamatos teljes\u00edtm\u00e9ny \u00e9rdek\u00e9ben.<br \/>\nB\u00e1ny\u00e1szat \u00e9s cementipar: Az ilyen ipar\u00e1gak berendez\u00e9sei nagyon kem\u00e9ny k\u00f6r\u00fclm\u00e9nyek k\u00f6z\u00f6tt m\u0171k\u00f6dnek, \u00e9s a ken\u00e9si ig\u00e9nyeknek el\u00e9g er\u0151snek kell lenni\u00fck ahhoz, hogy elker\u00fclj\u00e9k az \u00e9lettartamot cs\u00f6kkent\u0151 meghib\u00e1sod\u00e1sokat.<br \/>\n\u00c9lelmiszer- \u00e9s italipar: Higi\u00e9niai szabv\u00e1nyok a JMG3 automatikus ken\u0151szivatty\u00faval, ugyanakkor seg\u00edtik a g\u00e9pek hat\u00e9kony m\u0171k\u00f6d\u00e9s\u00e9t.<\/p>\n<h2>K\u00e9zik\u00f6nyvek<\/h2>\n<div class=\"sdm_download_button_box_default\"><div class=\"sdm_download_link\"><a href=\"https:\/\/www.jinpinlub.com\/hu\/?sdm_process_download=1&download_id=3737\" class=\"sdm_download white\" title=\"Mag\u00e1n: JMG Grease Pump\" target=\"&quot;_blank&quot;\">Adatlap megtekint\u00e9se - JMG zs\u00edrszivatty\u00fa<\/a><\/div><\/div>","protected":false},"excerpt":{"rendered":"<p>A JMG3 egy foly\u00e9kony zs\u00edr ken\u0151szivatty\u00fa, amelyet egy f\u00f6ldkerekes szivatty\u00fa hajt. Kompatibilis az NLGI #000 - #00 ken\u0151anyagokkal. \u00c9s fel van szerelve nyom\u00e1sm\u00e9r\u0151vel, k\u00e9nyszerken\u0151 gombbal \u00e9s id\u0151z\u00edt\u0151vel. Stabil \u00e9s tart\u00f3s, alacsony zajszinttel \u00e9s alacsony k\u00f6lts\u00e9ggel.<\/p>","protected":false},"featured_media":3751,"template":"","meta":{"ocean_post_layout":"","ocean_both_sidebars_style":"","ocean_both_sidebars_content_width":0,"ocean_both_sidebars_sidebars_width":0,"ocean_sidebar":"0","ocean_second_sidebar":"0","ocean_disable_margins":"enable","ocean_add_body_class":"","ocean_shortcode_before_top_bar":"","ocean_shortcode_after_top_bar":"","ocean_shortcode_before_header":"","ocean_shortcode_after_header":"","ocean_has_shortcode":"","ocean_shortcode_after_title":"","ocean_shortcode_before_footer_widgets":"","ocean_shortcode_after_footer_widgets":"","ocean_shortcode_before_footer_bottom":"","ocean_shortcode_after_footer_bottom":"","ocean_display_top_bar":"default","ocean_display_header":"default","ocean_header_style":"","ocean_center_header_left_menu":"0","ocean_custom_header_template":"0","ocean_custom_logo":0,"ocean_custom_retina_logo":0,"ocean_custom_logo_max_width":0,"ocean_custom_logo_tablet_max_width":0,"ocean_custom_logo_mobile_max_width":0,"ocean_custom_logo_max_height":0,"ocean_custom_logo_tablet_max_height":0,"ocean_custom_logo_mobile_max_height":0,"ocean_header_custom_menu":"0","ocean_menu_typo_font_family":"0","ocean_menu_typo_font_subset":"","ocean_menu_typo_font_size":0,"ocean_menu_typo_font_size_tablet":0,"ocean_menu_typo_font_size_mobile":0,"ocean_menu_typo_font_size_unit":"px","ocean_menu_typo_font_weight":"","ocean_menu_typo_font_weight_tablet":"","ocean_menu_typo_font_weight_mobile":"","ocean_menu_typo_transform":"","ocean_menu_typo_transform_tablet":"","ocean_menu_typo_transform_mobile":"","ocean_menu_typo_line_height":0,"ocean_menu_typo_line_height_tablet":0,"ocean_menu_typo_line_height_mobile":0,"ocean_menu_typo_line_height_unit":"","ocean_menu_typo_spacing":0,"ocean_menu_typo_spacing_tablet":0,"ocean_menu_typo_spacing_mobile":0,"ocean_menu_typo_spacing_unit":"","ocean_menu_link_color":"","ocean_menu_link_color_hover":"","ocean_menu_link_color_active":"","ocean_menu_link_background":"","ocean_menu_link_hover_background":"","ocean_menu_link_active_background":"","ocean_menu_social_links_bg":"","ocean_menu_social_hover_links_bg":"","ocean_menu_social_links_color":"","ocean_menu_social_hover_links_color":"","ocean_disable_title":"default","ocean_disable_heading":"default","ocean_post_title":"","ocean_post_subheading":"","ocean_post_title_style":"","ocean_post_title_background_color":"","ocean_post_title_background":0,"ocean_post_title_bg_image_position":"","ocean_post_title_bg_image_attachment":"","ocean_post_title_bg_image_repeat":"","ocean_post_title_bg_image_size":"","ocean_post_title_height":0,"ocean_post_title_bg_overlay":0.5,"ocean_post_title_bg_overlay_color":"","ocean_disable_breadcrumbs":"default","ocean_breadcrumbs_color":"","ocean_breadcrumbs_separator_color":"","ocean_breadcrumbs_links_color":"","ocean_breadcrumbs_links_hover_color":"","ocean_display_footer_widgets":"default","ocean_display_footer_bottom":"default","ocean_custom_footer_template":"0","osh_disable_topbar_sticky":"default","osh_disable_header_sticky":"default","osh_sticky_header_style":"default","osh_sticky_header_effect":"","osh_custom_sticky_logo":0,"osh_custom_retina_sticky_logo":0,"osh_custom_sticky_logo_height":0,"osh_background_color":"","osh_links_color":"","osh_links_hover_color":"","osh_links_active_color":"","osh_links_bg_color":"","osh_links_hover_bg_color":"","osh_links_active_bg_color":"","osh_menu_social_links_color":"","osh_menu_social_hover_links_color":""},"product_brand":[],"product_cat":[38,37],"product_tag":[194,112,73,318,317],"class_list":{"0":"post-3739","1":"product","2":"type-product","3":"status-publish","4":"has-post-thumbnail","6":"product_cat-electric-pressure-relief-pumps","7":"product_cat-single-line-grease-systems","8":"product_tag-centralized-lubrication-pump","9":"product_tag-centralized-lubrication-system","10":"product_tag-electric-lubrication-pump","11":"product_tag-fluid-grease-pump","12":"product_tag-gear-lubrication-pump","14":"entry","15":"has-media","17":"first","18":"instock","19":"shipping-taxable","20":"product-type-external","21":"col","22":"span_1_of_3","23":"owp-content-center","24":"owp-thumbs-layout-horizontal","25":"owp-btn-very-big","26":"owp-tabs-layout-horizontal"},"_links":{"self":[{"href":"https:\/\/www.jinpinlub.com\/hu\/wp-json\/wp\/v2\/product\/3739","targetHints":{"allow":["GET"]}}],"collection":[{"href":"https:\/\/www.jinpinlub.com\/hu\/wp-json\/wp\/v2\/product"}],"about":[{"href":"https:\/\/www.jinpinlub.com\/hu\/wp-json\/wp\/v2\/types\/product"}],"wp:featuredmedia":[{"embeddable":true,"href":"https:\/\/www.jinpinlub.com\/hu\/wp-json\/wp\/v2\/media\/3751"}],"wp:attachment":[{"href":"https:\/\/www.jinpinlub.com\/hu\/wp-json\/wp\/v2\/media?parent=3739"}],"wp:term":[{"taxonomy":"product_brand","embeddable":true,"href":"https:\/\/www.jinpinlub.com\/hu\/wp-json\/wp\/v2\/product_brand?post=3739"},{"taxonomy":"product_cat","embeddable":true,"href":"https:\/\/www.jinpinlub.com\/hu\/wp-json\/wp\/v2\/product_cat?post=3739"},{"taxonomy":"product_tag","embeddable":true,"href":"https:\/\/www.jinpinlub.com\/hu\/wp-json\/wp\/v2\/product_tag?post=3739"}],"curies":[{"name":"wp","href":"https:\/\/api.w.org\/{rel}","templated":true}]}}