{"id":3772,"date":"2024-10-10T10:57:37","date_gmt":"2024-10-10T02:57:37","guid":{"rendered":"https:\/\/www.jinpinlub.com\/?post_type=product&#038;p=3772"},"modified":"2024-10-10T11:04:21","modified_gmt":"2024-10-10T03:04:21","slug":"amg2-plc-szabalyozott-aramlasu-zsir-elektromos-kenoszivattyuk-2","status":"publish","type":"product","link":"https:\/\/www.jinpinlub.com\/hu\/product\/jmg2-progressive-electric-lubrication-grease-pump-for-cnc\/","title":{"rendered":"JMG2 Progressz\u00edv elektromos ken\u0151zs\u00edrszivatty\u00fa CNC-hez"},"content":{"rendered":"<h2>Jellemz\u0151k<\/h2>\n<p>1. A JMG ken\u0151szivatty\u00fa nagy nyom\u00e1sa 4 MPa, maxim\u00e1lis \u00fcr\u00edt\u00e9si sebess\u00e9ge 400 ml\/perc. Ez\u00e9rt garant\u00e1lja a ken\u0151anyag sz\u00e1ll\u00edt\u00e1si kapacit\u00e1s\u00e1t stabilit\u00e1sban \u00e9s hat\u00e9konys\u00e1gban, kiel\u00e9g\u00edtve a legt\u00f6bb ipari ter\u00fcleten az ig\u00e9nyeket.<br \/>\n2. A JMG ken\u0151szivatty\u00fa aszinkronmotoros meghajt\u00e1s\u00fa f\u00f6ldkerekes szivatty\u00fat alkalmaz. A motor alacsony zajszinttel m\u0171k\u00f6dik, \u00edgy minim\u00e1lisra cs\u00f6kkenti a zajszennyez\u00e9st \u00e9s az energiavesztes\u00e9get, k\u00f6rnyezetv\u00e9delem mellett.<br \/>\n3. A JMG ken\u0151szivatty\u00fa sz\u00e1mos opcion\u00e1lis kapacit\u00e1s-v\u00e1laszt\u00e9kkal rendelkezik, \u00e9s k\u00fcl\u00f6nb\u00f6z\u0151 m\u00f3don testreszabhat\u00f3, hogy alkalmazkodjon a munkak\u00f6rnyezethez.<br \/>\n4. A JMG ken\u0151szivatty\u00fa csatlakoztathat\u00f3 egy g\u00e9p PLC-j\u00e9hez vez\u00e9rl\u00e9s c\u00e9lj\u00e1b\u00f3l; \u00edgy val\u00f3s idej\u0171 nyomon k\u00f6vethet\u0151 a ken\u00e9s \u00e1llapota \u00e9s a munka hat\u00e9konys\u00e1ga.<br \/>\n5. A szivatty\u00fa \u00e1ltal\u00e1nos szerkezete kompakt, cs\u00f6kkenti a meghib\u00e1sod\u00e1si pontokat, a k\u00f6nnyen sz\u00e9tszedhet\u0151 szerkezet pedig megk\u00f6nny\u00edti az alkatr\u00e9szek gyors cser\u00e9j\u00e9t.<br \/>\n6. JMG <a href=\"https:\/\/en.wikipedia.org\/wiki\/Automatic_lubrication_system\">automatikus ken\u0151rendszer<\/a> nyom\u00e1s\u00e9rz\u00e9kel\u0151vel \u00e9s alacsony folyad\u00e9kszint \u00e9rz\u00e9kel\u0151vel felszerelhet\u0151 a ken\u0151szivatty\u00fa \u00fczem\u00e1llapot\u00e1nak val\u00f3s id\u0151ben t\u00f6rt\u00e9n\u0151 figyel\u00e9s\u00e9re \u00e9s automatikus jel k\u00fcld\u00e9s\u00e9re.<\/p>\n<h2>Specifik\u00e1ci\u00f3<\/h2>\n<table>\n<tbody>\n<tr>\n<td>Modell<\/td>\n<td>JMG2<\/td>\n<\/tr>\n<tr>\n<td>Ken\u00e9si id\u0151<\/td>\n<td>PLC<\/td>\n<\/tr>\n<tr>\n<td>Intervallum id\u0151<\/td>\n<td>PLC<\/td>\n<\/tr>\n<tr>\n<td>\u00dczemi h\u0151m\u00e9rs\u00e9klet<\/td>\n<td>-10\u2103~ +60\u00b0C (alacsony h\u0151m\u00e9rs\u00e9kleti k\u00f6r\u00fclm\u00e9nyek k\u00f6z\u00f6tt fagy\u00e1ll\u00f3 zs\u00edr sz\u00fcks\u00e9ges)<\/td>\n<\/tr>\n<tr>\n<td>Az \u00fczletek sz\u00e1ma<\/td>\n<td>1<\/td>\n<\/tr>\n<tr>\n<td>A t\u00e1roz\u00f3 kapacit\u00e1sa<\/td>\n<td>3 literes (gyanta tart\u00e1ly), 4 literes, 6 literes, 8 literes, 20 literes (f\u00e9m tart\u00e1ly)<\/td>\n<\/tr>\n<tr>\n<td>\u00dajrat\u00f6lt\u00e9s<\/td>\n<td>Fel\u00fclr\u0151l<\/td>\n<\/tr>\n<tr>\n<td>Ken\u0151anyag<\/td>\n<td>NLGI 000#~00#<\/td>\n<\/tr>\n<tr>\n<td>Motor teljes\u00edtm\u00e9ny<\/td>\n<td>40W<\/td>\n<\/tr>\n<tr>\n<td>Kis\u00fcl\u00e9s<\/td>\n<td>250 ml\/perc<\/td>\n<\/tr>\n<tr>\n<td>Max. \u00fczemi nyom\u00e1s<\/td>\n<td>4,0 MPa<\/td>\n<\/tr>\n<tr>\n<td>Csatlakoz\u00f3 menet<\/td>\n<td>Kimenet \u03a66<\/td>\n<\/tr>\n<tr>\n<td>\u00dczemi fesz\u00fclts\u00e9g<\/td>\n<td>110VAC, 220VAC, 12VDC, 24VDC, 3~ 220V, 3~ 380V, 3~ 440V, 3~ 460V<\/td>\n<\/tr>\n<tr>\n<td>Tan\u00fas\u00edtv\u00e1ny<\/td>\n<td>CE<\/td>\n<\/tr>\n<tr>\n<td>Alacsony szint kapcsol\u00f3<\/td>\n<td>NC \u00e9rintkez\u0151<\/td>\n<\/tr>\n<\/tbody>\n<\/table>\n<h2>Alkalmaz\u00e1sok<\/h2>\n<p>1. Mechanikus berendez\u00e9sek ken\u00e9se: A JMG zs\u00edrszivatty\u00fat sz\u00e9les k\u00f6rben haszn\u00e1lj\u00e1k k\u00fcl\u00f6nf\u00e9le szersz\u00e1mg\u00e9pekben, textilipari g\u00e9pekben, nyomdag\u00e9pekben \u00e9s egy\u00e9b olyan alkalmakkor, amelyek rendszeres ken\u00e9st ig\u00e9nyelnek.<br \/>\n2. Neh\u00e9zipar \u00e9s b\u00e1ny\u00e1szat: A JMG kulcsszerepet j\u00e1tszik a b\u00e1ny\u00e1szati g\u00e9pek, m\u00e9rn\u00f6ki g\u00e9pek \u00e9s neh\u00e9z berendez\u00e9sek ter\u00fclet\u00e9n.<br \/>\n3. Petrolk\u00e9miai: A JMG zs\u00edrszivatty\u00fa alkalmas olajf\u00far\u00f3 berendez\u00e9sekhez, finom\u00edt\u00f3khoz \u00e9s vegyi \u00fczemek kapcsol\u00f3d\u00f3 l\u00e9tes\u00edtm\u00e9nyeihez.<br \/>\n4. Sz\u00e1ll\u00edt\u00e1s: A JMG mag\u00e1ban foglalja a vas\u00fati mozdonyok, a haj\u00f3k \u00e9s az aut\u00f3gy\u00e1rt\u00f3 ipar\u00e1gak ken\u00e9si ig\u00e9nyeit.<br \/>\n5. Elektromos energia: A JMG-t kulcsfontoss\u00e1g\u00fa berendez\u00e9sek, p\u00e9ld\u00e1ul turbin\u00e1k \u00e9s gener\u00e1torok ken\u00e9si rendszer\u00e9ben haszn\u00e1lj\u00e1k er\u0151m\u0171vekben.<br \/>\n6. \u00c9lelmiszer- \u00e9s italipar: A JMG megfelel a higi\u00e9niai szabv\u00e1nyoknak, \u00e9s \u00e9lelmiszer-feldolgoz\u00f3 g\u00e9pek ken\u00e9s\u00e9re haszn\u00e1lhat\u00f3.<\/p>\n<h2>K\u00e9zik\u00f6nyvek<\/h2>\n<div class=\"sdm_download_button_box_default\"><div class=\"sdm_download_link\"><a href=\"https:\/\/www.jinpinlub.com\/hu\/?sdm_process_download=1&download_id=3737\" class=\"sdm_download white\" title=\"Mag\u00e1n: JMG Grease Pump\" target=\"&quot;_blank&quot;\">Adatlap megtekint\u00e9se - JMG zs\u00edrszivatty\u00fa<\/a><\/div><\/div>","protected":false},"excerpt":{"rendered":"<p>A JMG2 egy elektromos progressz\u00edv foly\u00e9kony zs\u00edr ken\u0151szivatty\u00fa 4,0 MPa nyom\u00e1ssal \u00e9s 250 ml\/perc kibocs\u00e1t\u00e1ssal. Progressz\u00edv zs\u00edrken\u0151rendszert alkot progressz\u00edv eloszt\u00f3kkal. Hat\u00e9kony, megb\u00edzhat\u00f3, k\u00fcl\u00f6nf\u00e9le ipari berendez\u00e9sek ken\u00e9s\u00e9re haszn\u00e1lj\u00e1k.<\/p>","protected":false},"featured_media":3776,"template":"","meta":{"ocean_post_layout":"","ocean_both_sidebars_style":"","ocean_both_sidebars_content_width":0,"ocean_both_sidebars_sidebars_width":0,"ocean_sidebar":"0","ocean_second_sidebar":"0","ocean_disable_margins":"enable","ocean_add_body_class":"","ocean_shortcode_before_top_bar":"","ocean_shortcode_after_top_bar":"","ocean_shortcode_before_header":"","ocean_shortcode_after_header":"","ocean_has_shortcode":"","ocean_shortcode_after_title":"","ocean_shortcode_before_footer_widgets":"","ocean_shortcode_after_footer_widgets":"","ocean_shortcode_before_footer_bottom":"","ocean_shortcode_after_footer_bottom":"","ocean_display_top_bar":"default","ocean_display_header":"default","ocean_header_style":"","ocean_center_header_left_menu":"0","ocean_custom_header_template":"0","ocean_custom_logo":0,"ocean_custom_retina_logo":0,"ocean_custom_logo_max_width":0,"ocean_custom_logo_tablet_max_width":0,"ocean_custom_logo_mobile_max_width":0,"ocean_custom_logo_max_height":0,"ocean_custom_logo_tablet_max_height":0,"ocean_custom_logo_mobile_max_height":0,"ocean_header_custom_menu":"0","ocean_menu_typo_font_family":"0","ocean_menu_typo_font_subset":"","ocean_menu_typo_font_size":0,"ocean_menu_typo_font_size_tablet":0,"ocean_menu_typo_font_size_mobile":0,"ocean_menu_typo_font_size_unit":"px","ocean_menu_typo_font_weight":"","ocean_menu_typo_font_weight_tablet":"","ocean_menu_typo_font_weight_mobile":"","ocean_menu_typo_transform":"","ocean_menu_typo_transform_tablet":"","ocean_menu_typo_transform_mobile":"","ocean_menu_typo_line_height":0,"ocean_menu_typo_line_height_tablet":0,"ocean_menu_typo_line_height_mobile":0,"ocean_menu_typo_line_height_unit":"","ocean_menu_typo_spacing":0,"ocean_menu_typo_spacing_tablet":0,"ocean_menu_typo_spacing_mobile":0,"ocean_menu_typo_spacing_unit":"","ocean_menu_link_color":"","ocean_menu_link_color_hover":"","ocean_menu_link_color_active":"","ocean_menu_link_background":"","ocean_menu_link_hover_background":"","ocean_menu_link_active_background":"","ocean_menu_social_links_bg":"","ocean_menu_social_hover_links_bg":"","ocean_menu_social_links_color":"","ocean_menu_social_hover_links_color":"","ocean_disable_title":"default","ocean_disable_heading":"default","ocean_post_title":"","ocean_post_subheading":"","ocean_post_title_style":"","ocean_post_title_background_color":"","ocean_post_title_background":0,"ocean_post_title_bg_image_position":"","ocean_post_title_bg_image_attachment":"","ocean_post_title_bg_image_repeat":"","ocean_post_title_bg_image_size":"","ocean_post_title_height":0,"ocean_post_title_bg_overlay":0.5,"ocean_post_title_bg_overlay_color":"","ocean_disable_breadcrumbs":"default","ocean_breadcrumbs_color":"","ocean_breadcrumbs_separator_color":"","ocean_breadcrumbs_links_color":"","ocean_breadcrumbs_links_hover_color":"","ocean_display_footer_widgets":"default","ocean_display_footer_bottom":"default","ocean_custom_footer_template":"0","osh_disable_topbar_sticky":"default","osh_disable_header_sticky":"default","osh_sticky_header_style":"default","osh_sticky_header_effect":"","osh_custom_sticky_logo":0,"osh_custom_retina_sticky_logo":0,"osh_custom_sticky_logo_height":0,"osh_background_color":"","osh_links_color":"","osh_links_hover_color":"","osh_links_active_color":"","osh_links_bg_color":"","osh_links_hover_bg_color":"","osh_links_active_bg_color":"","osh_menu_social_links_color":"","osh_menu_social_hover_links_color":""},"product_brand":[],"product_cat":[42,41],"product_tag":[74,322,73,77,72],"class_list":{"0":"post-3772","1":"product","2":"type-product","3":"status-publish","4":"has-post-thumbnail","6":"product_cat-electric-progressive-pumps","7":"product_cat-progressive-grease-systems","8":"product_tag-automatic-lubrication-pump","9":"product_tag-centralized-lubrication","10":"product_tag-electric-lubrication-pump","11":"product_tag-grease-lubrication-pump","12":"product_tag-lubrication-system","14":"entry","15":"has-media","17":"first","18":"instock","19":"shipping-taxable","20":"product-type-external","21":"col","22":"span_1_of_3","23":"owp-content-center","24":"owp-thumbs-layout-horizontal","25":"owp-btn-very-big","26":"owp-tabs-layout-horizontal"},"_links":{"self":[{"href":"https:\/\/www.jinpinlub.com\/hu\/wp-json\/wp\/v2\/product\/3772","targetHints":{"allow":["GET"]}}],"collection":[{"href":"https:\/\/www.jinpinlub.com\/hu\/wp-json\/wp\/v2\/product"}],"about":[{"href":"https:\/\/www.jinpinlub.com\/hu\/wp-json\/wp\/v2\/types\/product"}],"wp:featuredmedia":[{"embeddable":true,"href":"https:\/\/www.jinpinlub.com\/hu\/wp-json\/wp\/v2\/media\/3776"}],"wp:attachment":[{"href":"https:\/\/www.jinpinlub.com\/hu\/wp-json\/wp\/v2\/media?parent=3772"}],"wp:term":[{"taxonomy":"product_brand","embeddable":true,"href":"https:\/\/www.jinpinlub.com\/hu\/wp-json\/wp\/v2\/product_brand?post=3772"},{"taxonomy":"product_cat","embeddable":true,"href":"https:\/\/www.jinpinlub.com\/hu\/wp-json\/wp\/v2\/product_cat?post=3772"},{"taxonomy":"product_tag","embeddable":true,"href":"https:\/\/www.jinpinlub.com\/hu\/wp-json\/wp\/v2\/product_tag?post=3772"}],"curies":[{"name":"wp","href":"https:\/\/api.w.org\/{rel}","templated":true}]}}