{"id":3778,"date":"2024-10-10T12:11:34","date_gmt":"2024-10-10T04:11:34","guid":{"rendered":"https:\/\/www.jinpinlub.com\/?post_type=product&#038;p=3778"},"modified":"2024-10-10T12:15:26","modified_gmt":"2024-10-10T04:15:26","slug":"amg1-automata-elektromos-kenoszivattyuk-folyekony-zsirokhoz-3","status":"publish","type":"product","link":"https:\/\/www.jinpinlub.com\/hu\/product\/jmg1-progressive-motor-driven-grease-lubrication-gear-pump\/","title":{"rendered":"JMG1 Progressz\u00edv motoros hajt\u00e1s\u00fa zs\u00edrken\u0151 fogasker\u00e9k-szivatty\u00fa"},"content":{"rendered":"<h2>Jellemz\u0151k<\/h2>\n<p>1. The lubrication system has two optional startup modes: lubrication mode and memory mode. In the memory mode, when the power supply is reconnected, the unfinished lubrication or interval action can be resumed.<br \/>\n2. It allows the adjustment of lubrication and interval time, with selections from multiple units like seconds, minutes, and hours, making the lubrication flexible.<br \/>\n3. Pressure relief valve, whose constant pressure function keeps a good status and avoids the situation of excessively high system pressure.<br \/>\n4. There is a timer on the JMG lubrication pump; the working status and abnormal conditions of the oiler can be displayed on the panel screen and indicator light.<br \/>\n5. The &#8220;RES&#8221; forced lubrication button on the JMG1 lubrication pump can reset and restart the operating cycle of the pump.<br \/>\n6. According to actual conditions required by the customer, a pressure switch can be selected to realize automatic control.<br \/>\n7. The <a href=\"https:\/\/en.wikipedia.org\/wiki\/Induction_motor\" target=\"_blank\" rel=\"noopener\">induction motor<\/a> used in the JMG1 Lubrication Pump is superior in quality and capable of operational activities for long lengths of time; it can adapt to long-term lubrication operations.<\/p>\n<h2>Specifik\u00e1ci\u00f3<\/h2>\n<table>\n<tbody>\n<tr>\n<td>Modell<\/td>\n<td>JMG1<\/td>\n<\/tr>\n<tr>\n<td>Ken\u00e9si id\u0151<\/td>\n<td>1-999 mp<\/td>\n<\/tr>\n<tr>\n<td>Intervallum id\u0151<\/td>\n<td>1-999 perc<\/td>\n<\/tr>\n<tr>\n<td>\u00dczemi h\u0151m\u00e9rs\u00e9klet<\/td>\n<td>-10\u2103~ +60\u00b0C (alacsony h\u0151m\u00e9rs\u00e9kleti k\u00f6r\u00fclm\u00e9nyek k\u00f6z\u00f6tt fagy\u00e1ll\u00f3 zs\u00edr sz\u00fcks\u00e9ges)<\/td>\n<\/tr>\n<tr>\n<td>Az \u00fczletek sz\u00e1ma<\/td>\n<td>1<\/td>\n<\/tr>\n<tr>\n<td>A t\u00e1roz\u00f3 kapacit\u00e1sa<\/td>\n<td>3 literes (gyanta tart\u00e1ly), 4 literes, 6 literes, 8 literes, 20 literes (f\u00e9m tart\u00e1ly)<\/td>\n<\/tr>\n<tr>\n<td>\u00dajrat\u00f6lt\u00e9s<\/td>\n<td>Fel\u00fclr\u0151l<\/td>\n<\/tr>\n<tr>\n<td>Ken\u0151anyag<\/td>\n<td>NLGI 000#~00#<\/td>\n<\/tr>\n<tr>\n<td>Motor teljes\u00edtm\u00e9ny<\/td>\n<td>40W<\/td>\n<\/tr>\n<tr>\n<td>Kis\u00fcl\u00e9s<\/td>\n<td>250 ml\/perc<\/td>\n<\/tr>\n<tr>\n<td>Max. \u00fczemi nyom\u00e1s<\/td>\n<td>4,0 MPa<\/td>\n<\/tr>\n<tr>\n<td>Csatlakoz\u00f3 menet<\/td>\n<td>Kimenet \u03a66<\/td>\n<\/tr>\n<tr>\n<td>\u00dczemi fesz\u00fclts\u00e9g<\/td>\n<td>110VAC, 220VAC, 12VDC, 24VDC<\/td>\n<\/tr>\n<tr>\n<td>Tan\u00fas\u00edtv\u00e1ny<\/td>\n<td>CE<\/td>\n<\/tr>\n<tr>\n<td>Alacsony szint kapcsol\u00f3<\/td>\n<td>NC \u00e9rintkez\u0151<\/td>\n<\/tr>\n<\/tbody>\n<\/table>\n<h2>Alkalmaz\u00e1sok<\/h2>\n<p>Machine tool industry: In the machine tool industry, the lubrication pump supplies lubricants to the key parts of the machine tools in time and quantitatively, such as guide rails, lead screws, bearings, etc., to reduce friction and wear.<br \/>\nPlastic machinery: JMG1 can be applied in plastic processing machinery to ensure the normal lubrication of equipment such as injection molding machines and extruders. A given quantity of lubricant ensures that the overheating of the mechanics is inhibited and maintains mechanical accuracy and stability.<br \/>\nDie casting machine: In the production line of die casting, JMG1 lubricates various sliding parts of the die casting machine and reduces abrasions of molds and mechanical parts.<br \/>\nProcess manufacturing: Within the process manufacturing areas of food processing and packaging, the lubrication pump maintains conveyor belts, bottling machinery, motors, and bearings clean and quiet running at high speeds with a minimum of wear.<\/p>\n<h2>K\u00e9zik\u00f6nyvek<\/h2>\n<div class=\"sdm_download_button_box_default\"><div class=\"sdm_download_link\"><a href=\"https:\/\/www.jinpinlub.com\/hu\/?sdm_process_download=1&download_id=3737\" class=\"sdm_download white\" title=\"Mag\u00e1n: JMG Grease Pump\" target=\"&quot;_blank&quot;\">Adatlap megtekint\u00e9se - JMG zs\u00edrszivatty\u00fa<\/a><\/div><\/div>","protected":false},"excerpt":{"rendered":"<p>JMG1 lubrication pump is used in various centralized lubrication systems such as machine tools, plastic machinery, die-casting machines, etc. It includes automatic timing device, low liquid level sensor, pressure sensor, etc. to improve the reliability of the lubrication system.<\/p>","protected":false},"featured_media":3779,"template":"","meta":{"ocean_post_layout":"","ocean_both_sidebars_style":"","ocean_both_sidebars_content_width":0,"ocean_both_sidebars_sidebars_width":0,"ocean_sidebar":"0","ocean_second_sidebar":"0","ocean_disable_margins":"enable","ocean_add_body_class":"","ocean_shortcode_before_top_bar":"","ocean_shortcode_after_top_bar":"","ocean_shortcode_before_header":"","ocean_shortcode_after_header":"","ocean_has_shortcode":"","ocean_shortcode_after_title":"","ocean_shortcode_before_footer_widgets":"","ocean_shortcode_after_footer_widgets":"","ocean_shortcode_before_footer_bottom":"","ocean_shortcode_after_footer_bottom":"","ocean_display_top_bar":"default","ocean_display_header":"default","ocean_header_style":"","ocean_center_header_left_menu":"0","ocean_custom_header_template":"0","ocean_custom_logo":0,"ocean_custom_retina_logo":0,"ocean_custom_logo_max_width":0,"ocean_custom_logo_tablet_max_width":0,"ocean_custom_logo_mobile_max_width":0,"ocean_custom_logo_max_height":0,"ocean_custom_logo_tablet_max_height":0,"ocean_custom_logo_mobile_max_height":0,"ocean_header_custom_menu":"0","ocean_menu_typo_font_family":"0","ocean_menu_typo_font_subset":"","ocean_menu_typo_font_size":0,"ocean_menu_typo_font_size_tablet":0,"ocean_menu_typo_font_size_mobile":0,"ocean_menu_typo_font_size_unit":"px","ocean_menu_typo_font_weight":"","ocean_menu_typo_font_weight_tablet":"","ocean_menu_typo_font_weight_mobile":"","ocean_menu_typo_transform":"","ocean_menu_typo_transform_tablet":"","ocean_menu_typo_transform_mobile":"","ocean_menu_typo_line_height":0,"ocean_menu_typo_line_height_tablet":0,"ocean_menu_typo_line_height_mobile":0,"ocean_menu_typo_line_height_unit":"","ocean_menu_typo_spacing":0,"ocean_menu_typo_spacing_tablet":0,"ocean_menu_typo_spacing_mobile":0,"ocean_menu_typo_spacing_unit":"","ocean_menu_link_color":"","ocean_menu_link_color_hover":"","ocean_menu_link_color_active":"","ocean_menu_link_background":"","ocean_menu_link_hover_background":"","ocean_menu_link_active_background":"","ocean_menu_social_links_bg":"","ocean_menu_social_hover_links_bg":"","ocean_menu_social_links_color":"","ocean_menu_social_hover_links_color":"","ocean_disable_title":"default","ocean_disable_heading":"default","ocean_post_title":"","ocean_post_subheading":"","ocean_post_title_style":"","ocean_post_title_background_color":"","ocean_post_title_background":0,"ocean_post_title_bg_image_position":"","ocean_post_title_bg_image_attachment":"","ocean_post_title_bg_image_repeat":"","ocean_post_title_bg_image_size":"","ocean_post_title_height":0,"ocean_post_title_bg_overlay":0.5,"ocean_post_title_bg_overlay_color":"","ocean_disable_breadcrumbs":"default","ocean_breadcrumbs_color":"","ocean_breadcrumbs_separator_color":"","ocean_breadcrumbs_links_color":"","ocean_breadcrumbs_links_hover_color":"","ocean_display_footer_widgets":"default","ocean_display_footer_bottom":"default","ocean_custom_footer_template":"0","osh_disable_topbar_sticky":"default","osh_disable_header_sticky":"default","osh_sticky_header_style":"default","osh_sticky_header_effect":"","osh_custom_sticky_logo":0,"osh_custom_retina_sticky_logo":0,"osh_custom_sticky_logo_height":0,"osh_background_color":"","osh_links_color":"","osh_links_hover_color":"","osh_links_active_color":"","osh_links_bg_color":"","osh_links_hover_bg_color":"","osh_links_active_bg_color":"","osh_menu_social_links_color":"","osh_menu_social_hover_links_color":""},"product_brand":[],"product_cat":[42,41],"product_tag":[74,73,77,196,72],"class_list":{"0":"post-3778","1":"product","2":"type-product","3":"status-publish","4":"has-post-thumbnail","6":"product_cat-electric-progressive-pumps","7":"product_cat-progressive-grease-systems","8":"product_tag-automatic-lubrication-pump","9":"product_tag-electric-lubrication-pump","10":"product_tag-grease-lubrication-pump","11":"product_tag-grease-lubrication-system","12":"product_tag-lubrication-system","14":"entry","15":"has-media","17":"first","18":"instock","19":"shipping-taxable","20":"product-type-external","21":"col","22":"span_1_of_3","23":"owp-content-center","24":"owp-thumbs-layout-horizontal","25":"owp-btn-very-big","26":"owp-tabs-layout-horizontal"},"_links":{"self":[{"href":"https:\/\/www.jinpinlub.com\/hu\/wp-json\/wp\/v2\/product\/3778","targetHints":{"allow":["GET"]}}],"collection":[{"href":"https:\/\/www.jinpinlub.com\/hu\/wp-json\/wp\/v2\/product"}],"about":[{"href":"https:\/\/www.jinpinlub.com\/hu\/wp-json\/wp\/v2\/types\/product"}],"wp:featuredmedia":[{"embeddable":true,"href":"https:\/\/www.jinpinlub.com\/hu\/wp-json\/wp\/v2\/media\/3779"}],"wp:attachment":[{"href":"https:\/\/www.jinpinlub.com\/hu\/wp-json\/wp\/v2\/media?parent=3778"}],"wp:term":[{"taxonomy":"product_brand","embeddable":true,"href":"https:\/\/www.jinpinlub.com\/hu\/wp-json\/wp\/v2\/product_brand?post=3778"},{"taxonomy":"product_cat","embeddable":true,"href":"https:\/\/www.jinpinlub.com\/hu\/wp-json\/wp\/v2\/product_cat?post=3778"},{"taxonomy":"product_tag","embeddable":true,"href":"https:\/\/www.jinpinlub.com\/hu\/wp-json\/wp\/v2\/product_tag?post=3778"}],"curies":[{"name":"wp","href":"https:\/\/api.w.org\/{rel}","templated":true}]}}