{"id":3826,"date":"2024-10-21T11:11:19","date_gmt":"2024-10-21T03:11:19","guid":{"rendered":"https:\/\/www.jinpinlub.com\/?post_type=product&#038;p=3826"},"modified":"2024-10-21T11:51:36","modified_gmt":"2024-10-21T03:51:36","slug":"kvt-kezi-huzorud-60-mpa-zsirpisztoly-kenoanyag-feltolteshez","status":"publish","type":"product","link":"https:\/\/www.jinpinlub.com\/hu\/product\/kvt-manual-pull-rod-60-mpa-grease-gun-for-lubricant-filling\/","title":{"rendered":"KVT k\u00e9zi h\u00faz\u00f3r\u00fad 60 MPa zs\u00edrz\u00f3pisztoly ken\u0151anyag felt\u00f6lt\u00e9shez"},"content":{"rendered":"<h2>Jellemz\u0151k<\/h2>\n<p>A zs\u00edrz\u00f3pisztoly ipari olajt\u00f6m\u00edt\u00e9ssel van felszerelve, amely nem sziv\u00e1rog ki. A nagy dugatty\u00fas \u00e9s az egydugatty\u00fas kialak\u00edt\u00e1s nagy nyom\u00e1st \u00e9s gyors \u00fcr\u00edt\u00e9st biztos\u00edt.<br \/>\nA pisztolyfej eg\u00e9sz\u00e9ben \u00f6nt\u00f6tt, \u00e9s maximum 60 MPa \u00fczemi nyom\u00e1st k\u00e9pes ellen\u00e1llni.<br \/>\nVastag rug\u00f3val van felszerelve, \u00e9s az ipari h\u0151kezel\u00e9s biztos\u00edtja, hogy ne deform\u00e1l\u00f3djon vagy \u00f6regedjen k\u00f6nnyen.<br \/>\nA zs\u00edrz\u00f3pisztoly textur\u00e1lt gumih\u00fcvelyes kialak\u00edt\u00e1st kapott, amely hat\u00e9konyan megakad\u00e1lyozza a cs\u00fasz\u00e1st \u00e9s a kop\u00e1st.<br \/>\nAlkalmaz\u00e1s\u00e1nak sz\u00e9les sk\u00e1l\u00e1ja van, p\u00e9ld\u00e1ul mez\u0151gazdas\u00e1gi g\u00e9pek, m\u00e9rn\u00f6ki g\u00e9pek, aut\u00f3- \u00e9s haj\u00f3berendez\u00e9sek, valamint k\u00f6nny\u0171- \u00e9s neh\u00e9zg\u00e9pek ken\u00e9s\u00e9re.<\/p>\n<h2>Specifik\u00e1ci\u00f3<\/h2>\n<table>\n<tbody>\n<tr>\n<td>Modell<\/td>\n<td>KVT<\/td>\n<\/tr>\n<tr>\n<td>Ken\u00e9si id\u0151<\/td>\n<td>K\u00e9zik\u00f6nyv<\/td>\n<\/tr>\n<tr>\n<td>\u00dczemi h\u0151m\u00e9rs\u00e9klet<\/td>\n<td>(-20\u2103~ +60\u00b0C, az alacsony h\u0151m\u00e9rs\u00e9kleti viszonyok fagy\u00e1ll\u00f3 zs\u00edrt ig\u00e9nyelnek)<\/td>\n<\/tr>\n<tr>\n<td>Az \u00fczletek sz\u00e1ma<\/td>\n<td>1<\/td>\n<\/tr>\n<tr>\n<td>A t\u00e1roz\u00f3 kapacit\u00e1sa<\/td>\n<td>600 ml<\/td>\n<\/tr>\n<tr>\n<td>Ken\u0151anyag<\/td>\n<td>Ak\u00e1r NLGI #3<\/td>\n<\/tr>\n<tr>\n<td>Dugatty\u00fa<\/td>\n<td>8 mm \u00e1tm\u00e9r\u0151j\u0171<\/td>\n<\/tr>\n<tr>\n<td>Max. \u00fczemi nyom\u00e1s<\/td>\n<td>60 MPa<\/td>\n<\/tr>\n<tr>\n<td>Tan\u00fas\u00edtv\u00e1ny<\/td>\n<td>CE<\/td>\n<\/tr>\n<\/tbody>\n<\/table>\n<h2>\u00d3vint\u00e9zked\u00e9sek<\/h2>\n<p>1. Csavarja le a zs\u00edrz\u00f3pisztoly fej\u00e9t, hogy elv\u00e1lassza a zs\u00edrz\u00f3pisztoly fej\u00e9t a cs\u0151t\u0151l.<br \/>\n2. R\u00f6gz\u00edtse a r\u00f6gz\u00edt\u0151lemezt a hord\u00f3 v\u00e9g\u00e9n, \u00e9s nyomja a hord\u00f3 v\u00e9g\u00e9n l\u00e9v\u0151 foganty\u00fat a v\u00e9g\u00e9ig.<br \/>\n3. Mer\u00edtse a zs\u00edrz\u00f3pisztoly v\u00e9g\u00e9t a zs\u00edrtart\u00e1lyba kb. 30 mm m\u00e9lys\u00e9gig, h\u00fazza meg a henger v\u00e9g\u00e9n l\u00e9v\u0151 foganty\u00fat, hogy a zs\u00edrt besz\u00edvja a hengerbe.<br \/>\n4. Csavarja vissza a zs\u00edrz\u00f3pisztoly fej\u00e9t, nyomja meg a z\u00e1r\u00f3lemezt a henger v\u00e9g\u00e9n, \u00e9s nyomja meg a meghajtott foganty\u00fat a kimer\u00edt\u00e9s megkezd\u00e9s\u00e9hez.<br \/>\n5. Ujjbegyeivel szab\u00e1lyozza a kipufog\u00f3ny\u00edl\u00e1st. Ha azt l\u00e1tja, hogy zs\u00edr t\u00e1vozik a kipufog\u00f3ny\u00edl\u00e1sb\u00f3l, akkor a kipufog\u00f3rendszer befejez\u0151d\u00f6tt.<br \/>\n6. Felt\u00f6lt\u00e9s ut\u00e1n ellen\u0151rizze a berendez\u00e9s zs\u00edrbet\u00f6lt\u00e9si poz\u00edci\u00f3j\u00e1t, fejezze be a f\u00fav\u00f3ka csatlakoztat\u00e1s\u00e1t, \u00e9s a kar erej\u00e9vel r\u00e1zza meg a foganty\u00fat a zs\u00edr hozz\u00e1ad\u00e1s\u00e1hoz.<\/p>\n<h2>K\u00e9zik\u00f6nyvek<\/h2>\n<div class=\"sdm_download_button_box_default\"><div class=\"sdm_download_link\"><a href=\"https:\/\/www.jinpinlub.com\/hu\/?sdm_process_download=1&download_id=3824\" class=\"sdm_download white\" title=\"Mag\u00e1n: KVT Manual Grease Gun\" target=\"&quot;_blank&quot;\">Adatlap megtekint\u00e9se \u2013 KVT k\u00e9zi zs\u00edrz\u00f3pisztoly<\/a><\/div><\/div>","protected":false},"excerpt":{"rendered":"<p>A k\u00e9zi zs\u00edrz\u00f3pisztoly egy k\u00e9zi szersz\u00e1m, amellyel a mechanikus berendez\u00e9seket zs\u00edrral t\u00f6ltik fel. Nagy kapacit\u00e1s\u00fa, er\u0151s nyom\u00e1s\u00e1ll\u00f3s\u00e1ggal, biztons\u00e1gi kialak\u00edt\u00e1ssal, egyszer\u0171 kezel\u00e9ssel \u00e9s k\u00f6nnyen sz\u00e1ll\u00edthat\u00f3. A mez\u0151gazdas\u00e1gi g\u00e9pkezel\u0151k \u00e9s karbantart\u00f3 k\u00f6zpontok n\u00e9lk\u00fcl\u00f6zhetetlen eszk\u00f6ze.<\/p>","protected":false},"featured_media":3818,"template":"","meta":{"ocean_post_layout":"","ocean_both_sidebars_style":"","ocean_both_sidebars_content_width":0,"ocean_both_sidebars_sidebars_width":0,"ocean_sidebar":"0","ocean_second_sidebar":"0","ocean_disable_margins":"enable","ocean_add_body_class":"","ocean_shortcode_before_top_bar":"","ocean_shortcode_after_top_bar":"","ocean_shortcode_before_header":"","ocean_shortcode_after_header":"","ocean_has_shortcode":"","ocean_shortcode_after_title":"","ocean_shortcode_before_footer_widgets":"","ocean_shortcode_after_footer_widgets":"","ocean_shortcode_before_footer_bottom":"","ocean_shortcode_after_footer_bottom":"","ocean_display_top_bar":"default","ocean_display_header":"default","ocean_header_style":"","ocean_center_header_left_menu":"0","ocean_custom_header_template":"0","ocean_custom_logo":0,"ocean_custom_retina_logo":0,"ocean_custom_logo_max_width":0,"ocean_custom_logo_tablet_max_width":0,"ocean_custom_logo_mobile_max_width":0,"ocean_custom_logo_max_height":0,"ocean_custom_logo_tablet_max_height":0,"ocean_custom_logo_mobile_max_height":0,"ocean_header_custom_menu":"0","ocean_menu_typo_font_family":"0","ocean_menu_typo_font_subset":"","ocean_menu_typo_font_size":0,"ocean_menu_typo_font_size_tablet":0,"ocean_menu_typo_font_size_mobile":0,"ocean_menu_typo_font_size_unit":"px","ocean_menu_typo_font_weight":"","ocean_menu_typo_font_weight_tablet":"","ocean_menu_typo_font_weight_mobile":"","ocean_menu_typo_transform":"","ocean_menu_typo_transform_tablet":"","ocean_menu_typo_transform_mobile":"","ocean_menu_typo_line_height":0,"ocean_menu_typo_line_height_tablet":0,"ocean_menu_typo_line_height_mobile":0,"ocean_menu_typo_line_height_unit":"","ocean_menu_typo_spacing":0,"ocean_menu_typo_spacing_tablet":0,"ocean_menu_typo_spacing_mobile":0,"ocean_menu_typo_spacing_unit":"","ocean_menu_link_color":"","ocean_menu_link_color_hover":"","ocean_menu_link_color_active":"","ocean_menu_link_background":"","ocean_menu_link_hover_background":"","ocean_menu_link_active_background":"","ocean_menu_social_links_bg":"","ocean_menu_social_hover_links_bg":"","ocean_menu_social_links_color":"","ocean_menu_social_hover_links_color":"","ocean_disable_title":"default","ocean_disable_heading":"default","ocean_post_title":"","ocean_post_subheading":"","ocean_post_title_style":"","ocean_post_title_background_color":"","ocean_post_title_background":0,"ocean_post_title_bg_image_position":"","ocean_post_title_bg_image_attachment":"","ocean_post_title_bg_image_repeat":"","ocean_post_title_bg_image_size":"","ocean_post_title_height":0,"ocean_post_title_bg_overlay":0.5,"ocean_post_title_bg_overlay_color":"","ocean_disable_breadcrumbs":"default","ocean_breadcrumbs_color":"","ocean_breadcrumbs_separator_color":"","ocean_breadcrumbs_links_color":"","ocean_breadcrumbs_links_hover_color":"","ocean_display_footer_widgets":"default","ocean_display_footer_bottom":"default","ocean_custom_footer_template":"0","osh_disable_topbar_sticky":"default","osh_disable_header_sticky":"default","osh_sticky_header_style":"default","osh_sticky_header_effect":"","osh_custom_sticky_logo":0,"osh_custom_retina_sticky_logo":0,"osh_custom_sticky_logo_height":0,"osh_background_color":"","osh_links_color":"","osh_links_hover_color":"","osh_links_active_color":"","osh_links_bg_color":"","osh_links_hover_bg_color":"","osh_links_active_bg_color":"","osh_menu_social_links_color":"","osh_menu_social_hover_links_color":""},"product_brand":[],"product_cat":[32],"product_tag":[327,326,328,325,324],"class_list":{"0":"post-3826","1":"product","2":"type-product","3":"status-publish","4":"has-post-thumbnail","6":"product_cat-lubricant-filling-pumps","7":"product_tag-grease-filler","8":"product_tag-grease-filling-gun","9":"product_tag-grease-syringe","10":"product_tag-hand-operated-grease-gun","11":"product_tag-manual-grease-gun","13":"entry","14":"has-media","16":"first","17":"instock","18":"shipping-taxable","19":"product-type-external","20":"col","21":"span_1_of_3","22":"owp-content-center","23":"owp-thumbs-layout-horizontal","24":"owp-btn-very-big","25":"owp-tabs-layout-horizontal"},"_links":{"self":[{"href":"https:\/\/www.jinpinlub.com\/hu\/wp-json\/wp\/v2\/product\/3826","targetHints":{"allow":["GET"]}}],"collection":[{"href":"https:\/\/www.jinpinlub.com\/hu\/wp-json\/wp\/v2\/product"}],"about":[{"href":"https:\/\/www.jinpinlub.com\/hu\/wp-json\/wp\/v2\/types\/product"}],"wp:featuredmedia":[{"embeddable":true,"href":"https:\/\/www.jinpinlub.com\/hu\/wp-json\/wp\/v2\/media\/3818"}],"wp:attachment":[{"href":"https:\/\/www.jinpinlub.com\/hu\/wp-json\/wp\/v2\/media?parent=3826"}],"wp:term":[{"taxonomy":"product_brand","embeddable":true,"href":"https:\/\/www.jinpinlub.com\/hu\/wp-json\/wp\/v2\/product_brand?post=3826"},{"taxonomy":"product_cat","embeddable":true,"href":"https:\/\/www.jinpinlub.com\/hu\/wp-json\/wp\/v2\/product_cat?post=3826"},{"taxonomy":"product_tag","embeddable":true,"href":"https:\/\/www.jinpinlub.com\/hu\/wp-json\/wp\/v2\/product_tag?post=3826"}],"curies":[{"name":"wp","href":"https:\/\/api.w.org\/{rel}","templated":true}]}}