{"id":3828,"date":"2024-10-21T15:11:16","date_gmt":"2024-10-21T07:11:16","guid":{"rendered":"https:\/\/www.jinpinlub.com\/?post_type=product&#038;p=3828"},"modified":"2024-10-29T17:04:52","modified_gmt":"2024-10-29T09:04:52","slug":"jdy-50s-ultra-magas-nyomasu-litium-zsirtolto-gep","status":"publish","type":"product","link":"https:\/\/www.jinpinlub.com\/hu\/product\/jdy-50s-ultra-high-pressure-lithium-grease-filling-machine\/","title":{"rendered":"JDY-50S Ultra nagynyom\u00e1s\u00fa l\u00edtium zs\u00edrfelt\u00f6lt\u0151 g\u00e9p"},"content":{"rendered":"<h2>Jellemz\u0151k<\/h2>\n<p>A ken\u0151szivatty\u00fa olajsz\u00edv\u00f3 ny\u00edl\u00e1sa sz\u0171r\u0151vel van felszerelve, amely megakad\u00e1lyozza a szennyez\u0151d\u00e9sek bejut\u00e1s\u00e1t a szivatty\u00fa test\u00e9be. A szivatty\u00famag kiv\u00e1l\u00f3 min\u0151s\u00e9g\u0171 poliuret\u00e1n olajt\u00f6m\u00edt\u00e9seket haszn\u00e1l, amelyek er\u0151sebb kop\u00e1s\u00e1ll\u00f3s\u00e1ggal rendelkeznek. Kifejezetten nagy viszkozit\u00e1s\u00fa zs\u00edrokhoz tervezt\u00e9k, \u00e9s jobban kompatibilis a nagy viszkozit\u00e1s\u00fa zs\u00edrokkal. A pneumatikus szivatty\u00fafej leveg\u0151bemenete dupla cs\u00e9sze olaj-v\u00edz lev\u00e1laszt\u00f3val van felszerelve. Ez a t\u00f6lt\u0151g\u00e9p kompatibilis a nem korroz\u00edv olajokkal, \u00e9s alkalmas: l\u00edtium alap\u00fa NLGI 00#~3# zs\u00edrral \u00e9s magas h\u0151m\u00e9rs\u00e9kletnek ellen\u00e1ll\u00f3 speci\u00e1lis zs\u00edrral.<\/p>\n<h2>Specifik\u00e1ci\u00f3<\/h2>\n<table>\n<tbody>\n<tr>\n<td>Nyom\u00e1sar\u00e1ny<\/td>\n<td>80:1<\/td>\n<\/tr>\n<tr>\n<td>Max nyom\u00e1s<\/td>\n<td>80 MPa<\/td>\n<\/tr>\n<tr>\n<td>Max \u00e1raml\u00e1si sebess\u00e9g<\/td>\n<td>600-900g\/perc<\/td>\n<\/tr>\n<tr>\n<td>Ken\u0151anyag<\/td>\n<td>NLGI 00# ~ 3#<\/td>\n<\/tr>\n<tr>\n<td>Nyom\u00e1startom\u00e1ny<\/td>\n<td>0,5-0,9 MPa<\/td>\n<\/tr>\n<tr>\n<td>H\u0151m\u00e9rs\u00e9klet<\/td>\n<td>80\u2103<\/td>\n<\/tr>\n<tr>\n<td>Sz\u00e1ll\u00edt\u00f3 fej<\/td>\n<td>80 m<\/td>\n<\/tr>\n<tr>\n<td>A cs\u0151 hossza<\/td>\n<td>10m\/15m<\/td>\n<\/tr>\n<tr>\n<td>Zs\u00edrt\u00f6lt\u00e9s<\/td>\n<td>15-20 kg hord\u00f3ban<\/td>\n<\/tr>\n<tr>\n<td>S\u00faly<\/td>\n<td>15 kg<\/td>\n<\/tr>\n<tr>\n<td>Csomagol\u00e1s<\/td>\n<td>800*400*400mm<\/td>\n<\/tr>\n<\/tbody>\n<\/table>\n<h2>\u00d3vint\u00e9zked\u00e9sek<\/h2>\n<p>1. Ez egy pneumatikus zs\u00edrbet\u00f6lt\u0151 g\u00e9p, \u00e9s haszn\u00e1lat el\u0151tt leveg\u0151forr\u00e1shoz kell csatlakoztatni.<br \/>\n2. Szigor\u00faan tilos t\u0171zvesz\u00e9lyes g\u00e1zt haszn\u00e1lni a zs\u00edroz\u00f3 g\u00e9pekhez, ellenkez\u0151 esetben a k\u00f6vetkezm\u00e9nyek saj\u00e1t felel\u0151ss\u00e9g\u00e9re vannak.<br \/>\n3. A zs\u00edrbet\u00f6lt\u0151 g\u00e9peknek kompatibilisnek kell lenni\u00fck a k\u00fcl\u00f6nb\u00f6z\u0151 ken\u0151anyagokkal az \u00e9vszaknak megfelel\u0151en: NLGI 1#~2# tavasszal \u00e9s \u0151sszel, NLGI 2#~3# ny\u00e1ron \u00e9s NLGI 0#~2# t\u00e9len.<br \/>\n4. Ha nem sz\u00fcks\u00e9ges dolgozni, ne haszn\u00e1lja ezt a zs\u00edroz\u00f3g\u00e9pet hossz\u00fa ideig terhel\u00e9s n\u00e9lk\u00fcl, hogy elker\u00fclje a bels\u0151 alkatr\u00e9szek k\u00e1rosod\u00e1s\u00e1t.<br \/>\n5. Tilos ezt a g\u00e9pet emberek \u00e9s \u00e1llatok permetez\u00e9s\u00e9re haszn\u00e1lni.<br \/>\n6. Amikor a zs\u00edroz\u00f3g\u00e9p m\u0171k\u00f6d\u00e9se le\u00e1ll, kapcsolja ki a leveg\u0151forr\u00e1st, \u00e9s l\u0151j\u00f6n, hogy a t\u00f6ml\u0151ben felszabaduljon a nyom\u00e1s.<br \/>\n7. \u00dcgyeljen a zs\u00edroz\u00f3g\u00e9p rendszeres karbantart\u00e1s\u00e1ra \u00e9s tiszt\u00edtsa meg a t\u00f6ml\u0151t.<\/p>\n<h2>K\u00e9zik\u00f6nyvek<\/h2>\n<div class=\"sdm_download_button_box_default\"><div class=\"sdm_download_link\"><a href=\"https:\/\/www.jinpinlub.com\/hu\/?sdm_process_download=1&download_id=3825\" class=\"sdm_download white\" title=\"Mag\u00e1n: JDY-50S Filling Pump\" target=\"&quot;_blank&quot;\">Adatlap megtekint\u00e9se - JDY-50S t\u00f6lt\u0151szivatty\u00fa<\/a><\/div><\/div>","protected":false},"excerpt":{"rendered":"<p>A JDY-50 egy nagy pneumatikus zs\u00edrbet\u00f6lt\u0151 g\u00e9p nagy nyom\u00e1ssal, egyszer\u0171 kezel\u00e9ssel \u00e9s nagy \u00e1tfoly\u00e1ssal. Aut\u00f3karbantart\u00e1shoz, fest\u00e9shez, sz\u00e1ll\u00edt\u00e1shoz, mechanikus szersz\u00e1mokhoz, sz\u00e9lenergia-technik\u00e1hoz, er\u0151m\u0171vekhez, mez\u0151gazdas\u00e1gi g\u00e9pekhez, f\u00e9mgy\u00e1rt\u00e1shoz stb.<\/p>","protected":false},"featured_media":3814,"template":"","meta":{"ocean_post_layout":"","ocean_both_sidebars_style":"","ocean_both_sidebars_content_width":0,"ocean_both_sidebars_sidebars_width":0,"ocean_sidebar":"0","ocean_second_sidebar":"0","ocean_disable_margins":"enable","ocean_add_body_class":"","ocean_shortcode_before_top_bar":"","ocean_shortcode_after_top_bar":"","ocean_shortcode_before_header":"","ocean_shortcode_after_header":"","ocean_has_shortcode":"","ocean_shortcode_after_title":"","ocean_shortcode_before_footer_widgets":"","ocean_shortcode_after_footer_widgets":"","ocean_shortcode_before_footer_bottom":"","ocean_shortcode_after_footer_bottom":"","ocean_display_top_bar":"default","ocean_display_header":"default","ocean_header_style":"","ocean_center_header_left_menu":"0","ocean_custom_header_template":"0","ocean_custom_logo":0,"ocean_custom_retina_logo":0,"ocean_custom_logo_max_width":0,"ocean_custom_logo_tablet_max_width":0,"ocean_custom_logo_mobile_max_width":0,"ocean_custom_logo_max_height":0,"ocean_custom_logo_tablet_max_height":0,"ocean_custom_logo_mobile_max_height":0,"ocean_header_custom_menu":"0","ocean_menu_typo_font_family":"0","ocean_menu_typo_font_subset":"","ocean_menu_typo_font_size":0,"ocean_menu_typo_font_size_tablet":0,"ocean_menu_typo_font_size_mobile":0,"ocean_menu_typo_font_size_unit":"px","ocean_menu_typo_font_weight":"","ocean_menu_typo_font_weight_tablet":"","ocean_menu_typo_font_weight_mobile":"","ocean_menu_typo_transform":"","ocean_menu_typo_transform_tablet":"","ocean_menu_typo_transform_mobile":"","ocean_menu_typo_line_height":0,"ocean_menu_typo_line_height_tablet":0,"ocean_menu_typo_line_height_mobile":0,"ocean_menu_typo_line_height_unit":"","ocean_menu_typo_spacing":0,"ocean_menu_typo_spacing_tablet":0,"ocean_menu_typo_spacing_mobile":0,"ocean_menu_typo_spacing_unit":"","ocean_menu_link_color":"","ocean_menu_link_color_hover":"","ocean_menu_link_color_active":"","ocean_menu_link_background":"","ocean_menu_link_hover_background":"","ocean_menu_link_active_background":"","ocean_menu_social_links_bg":"","ocean_menu_social_hover_links_bg":"","ocean_menu_social_links_color":"","ocean_menu_social_hover_links_color":"","ocean_disable_title":"default","ocean_disable_heading":"default","ocean_post_title":"","ocean_post_subheading":"","ocean_post_title_style":"","ocean_post_title_background_color":"","ocean_post_title_background":0,"ocean_post_title_bg_image_position":"","ocean_post_title_bg_image_attachment":"","ocean_post_title_bg_image_repeat":"","ocean_post_title_bg_image_size":"","ocean_post_title_height":0,"ocean_post_title_bg_overlay":0.5,"ocean_post_title_bg_overlay_color":"","ocean_disable_breadcrumbs":"default","ocean_breadcrumbs_color":"","ocean_breadcrumbs_separator_color":"","ocean_breadcrumbs_links_color":"","ocean_breadcrumbs_links_hover_color":"","ocean_display_footer_widgets":"default","ocean_display_footer_bottom":"default","ocean_custom_footer_template":"0","osh_disable_topbar_sticky":"default","osh_disable_header_sticky":"default","osh_sticky_header_style":"default","osh_sticky_header_effect":"","osh_custom_sticky_logo":0,"osh_custom_retina_sticky_logo":0,"osh_custom_sticky_logo_height":0,"osh_background_color":"","osh_links_color":"","osh_links_hover_color":"","osh_links_active_color":"","osh_links_bg_color":"","osh_links_hover_bg_color":"","osh_links_active_bg_color":"","osh_menu_social_links_color":"","osh_menu_social_hover_links_color":""},"product_brand":[],"product_cat":[32],"product_tag":[331,333,332,330,329],"class_list":{"0":"post-3828","1":"product","2":"type-product","3":"status-publish","4":"has-post-thumbnail","6":"product_cat-lubricant-filling-pumps","7":"product_tag-butter-filling-gun","8":"product_tag-high-pressure-grease-injector","9":"product_tag-mobile-grease-machine","10":"product_tag-oil-filling-machine","11":"product_tag-pneumatic-butter-machine","13":"entry","14":"has-media","16":"first","17":"instock","18":"shipping-taxable","19":"product-type-external","20":"col","21":"span_1_of_3","22":"owp-content-center","23":"owp-thumbs-layout-horizontal","24":"owp-btn-very-big","25":"owp-tabs-layout-horizontal"},"_links":{"self":[{"href":"https:\/\/www.jinpinlub.com\/hu\/wp-json\/wp\/v2\/product\/3828","targetHints":{"allow":["GET"]}}],"collection":[{"href":"https:\/\/www.jinpinlub.com\/hu\/wp-json\/wp\/v2\/product"}],"about":[{"href":"https:\/\/www.jinpinlub.com\/hu\/wp-json\/wp\/v2\/types\/product"}],"wp:featuredmedia":[{"embeddable":true,"href":"https:\/\/www.jinpinlub.com\/hu\/wp-json\/wp\/v2\/media\/3814"}],"wp:attachment":[{"href":"https:\/\/www.jinpinlub.com\/hu\/wp-json\/wp\/v2\/media?parent=3828"}],"wp:term":[{"taxonomy":"product_brand","embeddable":true,"href":"https:\/\/www.jinpinlub.com\/hu\/wp-json\/wp\/v2\/product_brand?post=3828"},{"taxonomy":"product_cat","embeddable":true,"href":"https:\/\/www.jinpinlub.com\/hu\/wp-json\/wp\/v2\/product_cat?post=3828"},{"taxonomy":"product_tag","embeddable":true,"href":"https:\/\/www.jinpinlub.com\/hu\/wp-json\/wp\/v2\/product_tag?post=3828"}],"curies":[{"name":"wp","href":"https:\/\/api.w.org\/{rel}","templated":true}]}}