{"id":3837,"date":"2024-10-30T03:05:19","date_gmt":"2024-10-29T19:05:19","guid":{"rendered":"https:\/\/www.jinpinlub.com\/?post_type=product&#038;p=3837"},"modified":"2024-10-30T03:15:16","modified_gmt":"2024-10-29T19:15:16","slug":"jom-pneumatikus-olajlevegovel-kevert-allithato-olajkod-keno","status":"publish","type":"product","link":"https:\/\/www.jinpinlub.com\/hu\/product\/jom-pneumatic-oil-air-mixed-adjustable-oil-mist-lubricator\/","title":{"rendered":"JOM pneumatikus olajjal kevert, \u00e1ll\u00edthat\u00f3 olajk\u00f6d-ken\u0151"},"content":{"rendered":"<h2>Jellemz\u0151k<\/h2>\n<p>1. A JOM olajk\u00f6d-szivatty\u00fa alkalmas nagy sebess\u00e9g\u0171 v\u00e1g\u00e1si ken\u00e9sre, nagy fel\u00fclet\u0171 ken\u00e9sre, speci\u00e1lis feldolgoz\u00e1si ken\u00e9sre \u00e9s h\u0171t\u00e9sre.<br \/>\n2. Az olajk\u00f6d-szivatty\u00fa kimenete k\u00fcl\u00f6nf\u00e9le t\u00edpus\u00fa f\u00fav\u00f3k\u00e1kkal szerelhet\u0151 fel, amelyek k\u00fcl\u00f6nf\u00e9le v\u00e1g\u00f3szersz\u00e1mokhoz alkalmasak.<br \/>\n3. Olajk\u00f6d-szivatty\u00fa olajmennyis\u00e9g-be\u00e1ll\u00edt\u00f3 gombbal, amely az olaj mennyis\u00e9g\u00e9t \u00e1ll\u00edthatja be. Forgassa el az olajmennyis\u00e9g be\u00e1ll\u00edt\u00f3 gombot az \u00f3ramutat\u00f3 j\u00e1r\u00e1s\u00e1val ellent\u00e9tes ir\u00e1nyba, min\u00e9l nagyobb a leveg\u0151 mennyis\u00e9ge, ann\u00e1l nagyobb az olajk\u00f6d mennyis\u00e9ge. Az \u00f3ramutat\u00f3 j\u00e1r\u00e1s\u00e1val megegyez\u0151 ir\u00e1nyban forg\u00e1s, ann\u00e1l kisebb az olajk\u00f6d.<br \/>\n4. Az olajcsepp \u00e1tl\u00e1tsz\u00f3 ablaka megfigyelheti, hogy a szivatty\u00fa norm\u00e1lis-e, az olajt\u00fck\u00f6r pedig az olajszintet.<br \/>\n5. Az olajk\u00f6d-szivatty\u00fa l\u00e9gnyom\u00e1sforr\u00e1sa k\u00f6zvetlen\u00fcl meghajthat\u00f3 a l\u00e9gkompresszorral, vagy a m\u00e1gnesszelep haszn\u00e1lhat\u00f3 a leveg\u0151forr\u00e1s BE\/KI kapcsol\u00e1si m\u0171velet\u00e9nek vez\u00e9rl\u00e9s\u00e9re.<br \/>\n6. A l\u00e9gnyom\u00e1sforr\u00e1s tartom\u00e1nya 4 ~ 8 bar, \u00e9s a porlaszt\u00e1si hat\u00e1s a legjobb.<br \/>\n7. K\u00e9rj\u00fck, haszn\u00e1ljon 22-68cst@40\u2103 viszkozit\u00e1si tartom\u00e1ny\u00fa ken\u0151olajat vagy v\u00e1g\u00f3vizet, de tilos ill\u00e9kony olaj, p\u00e9ld\u00e1ul \u00e9szter, etil\u00e9nglikol alap\u00fa olaj hozz\u00e1ad\u00e1sa.<\/p>\n<h2>Specifik\u00e1ci\u00f3<\/h2>\n<table>\n<tbody>\n<tr>\n<td>Leveg\u0151 bemenet<\/td>\n<td>PT\/4<\/td>\n<\/tr>\n<tr>\n<td>Olajk\u00f6d kimenet<\/td>\n<td>PT\/4<\/td>\n<\/tr>\n<tr>\n<td>Nyom\u00e1startom\u00e1ny<\/td>\n<td>Max 15 bar<\/td>\n<\/tr>\n<tr>\n<td>Kapacit\u00e1s<\/td>\n<td>2L, 4L, 6L<\/td>\n<\/tr>\n<tr>\n<td>\u00dczemi h\u0151m\u00e9rs\u00e9klet<\/td>\n<td>5 \u2103 ~ 60 \u2103<\/td>\n<\/tr>\n<tr>\n<td>Sz\u00e1ll\u00edt\u00f3 fej<\/td>\n<td>80 m<\/td>\n<\/tr>\n<tr>\n<td>Zs\u00edrt\u00f6lt\u00e9s<\/td>\n<td>15-20 kg hord\u00f3ban<\/td>\n<\/tr>\n<tr>\n<td>S\u00faly<\/td>\n<td>5-10 kg<\/td>\n<\/tr>\n<\/tbody>\n<\/table>\n<h2>\u00d3vint\u00e9zked\u00e9sek<\/h2>\n<p>1. Miut\u00e1n az olajk\u00f6d-ken\u0151szivatty\u00fat hosszabb ideig haszn\u00e1lta, minden cs\u0151vezet\u00e9ket, t\u00f6ml\u0151t \u00e9s csatlakoz\u00e1st rendszeresen ellen\u0151rizni kell, hogy megbizonyosodjon arr\u00f3l, hogy nincs-e k\u00edv\u00fclr\u0151l l\u00e1that\u00f3 sziv\u00e1rg\u00e1s vagy s\u00e9r\u00fcl\u00e9s. Ha vannak, azonnal meg kell jav\u00edtani.<br \/>\n2. K\u00e9rj\u00fck, \u0151rizze meg megfelel\u0151en ezt a kezel\u00e9si \u00fatmutat\u00f3t, \u00e9s helyezze k\u00f6nnyen hozz\u00e1f\u00e9rhet\u0151 helyre.<br \/>\n3. A biztons\u00e1gos \u00e9s j\u00f3 m\u0171k\u00f6d\u00e9s \u00e9rdek\u00e9ben aj\u00e1nlott naponta ellen\u0151rizni az olajk\u00f6d-ken\u0151szivatty\u00fat. F\u00e9l\u00e9vente \u00e1tfog\u00f3bb ellen\u0151rz\u00e9sre van sz\u00fcks\u00e9g annak ellen\u0151rz\u00e9s\u00e9re, hogy a berendez\u00e9s elhaszn\u00e1l\u00f3dott vagy el\u00f6regedett-e.<br \/>\n4. Az olajk\u00f6d-ken\u0151szivatty\u00fa karbantart\u00e1sa vagy jav\u00edt\u00e1sa el\u0151tt gy\u0151z\u0151dj\u00f6n meg arr\u00f3l, hogy a meghajt\u00f3 berendez\u00e9s nem indul el v\u00e9letlen\u00fcl, \u00e9s kezel\u00e9s el\u0151tt \u00e1ll\u00edtsa le \u00e9s v\u00e1lassza le az \u00e1ramell\u00e1t\u00e1st, k\u00fcl\u00f6nben szem\u00e9lyi s\u00e9r\u00fcl\u00e9s k\u00f6vetkezhet be.<br \/>\n5. A rendszeres karbantart\u00e1s c\u00e9lja annak biztos\u00edt\u00e1sa, hogy a berendez\u00e9s megfelel\u0151en m\u0171k\u00f6dj\u00f6n, \u00e9s maximaliz\u00e1lja hat\u00e9konys\u00e1g\u00e1t. Ez\u00e9rt a j\u00f3 karbantart\u00e1si min\u0151s\u00e9g fenntartja a berendez\u00e9s norm\u00e1l m\u0171k\u00f6d\u00e9s\u00e9t.<\/p>\n<h2>K\u00e9zik\u00f6nyvek<\/h2>\n<div class=\"sdm_download_button_box_default\"><div class=\"sdm_download_link\"><a href=\"https:\/\/www.jinpinlub.com\/hu\/?sdm_process_download=1&download_id=3831\" class=\"sdm_download white\" title=\"Mag\u00e1n: JOM Oil-mist Pump\" target=\"&quot;_blank&quot;\">Adatlap megtekint\u00e9se - JOM olajk\u00f6d szivatty\u00fa<\/a><\/div><\/div>","protected":false},"excerpt":{"rendered":"<p>A JOM pneumatikus olajk\u00f6d-ken\u0151szivatty\u00fa nagy sebess\u00e9g\u0171 v\u00e1g\u00e1sra, nagy fel\u00fclet\u0171 ken\u00e9sre, mechanikus megmunk\u00e1l\u00e1si ken\u00e9sre \u00e9s h\u0171t\u00e9sre alkalmas. Alacsony olajszint \u00e9rz\u00e9kel\u0151vel van felszerelve, \u00e9s egy be\u00e1ll\u00edt\u00f3 gombbal rendelkezik az olajk\u00f6d mennyis\u00e9g\u00e9nek n\u00f6vel\u00e9s\u00e9re vagy cs\u00f6kkent\u00e9s\u00e9re.<\/p>","protected":false},"featured_media":3833,"template":"","meta":{"ocean_post_layout":"","ocean_both_sidebars_style":"","ocean_both_sidebars_content_width":0,"ocean_both_sidebars_sidebars_width":0,"ocean_sidebar":"0","ocean_second_sidebar":"0","ocean_disable_margins":"enable","ocean_add_body_class":"","ocean_shortcode_before_top_bar":"","ocean_shortcode_after_top_bar":"","ocean_shortcode_before_header":"","ocean_shortcode_after_header":"","ocean_has_shortcode":"","ocean_shortcode_after_title":"","ocean_shortcode_before_footer_widgets":"","ocean_shortcode_after_footer_widgets":"","ocean_shortcode_before_footer_bottom":"","ocean_shortcode_after_footer_bottom":"","ocean_display_top_bar":"default","ocean_display_header":"default","ocean_header_style":"","ocean_center_header_left_menu":"0","ocean_custom_header_template":"0","ocean_custom_logo":0,"ocean_custom_retina_logo":0,"ocean_custom_logo_max_width":0,"ocean_custom_logo_tablet_max_width":0,"ocean_custom_logo_mobile_max_width":0,"ocean_custom_logo_max_height":0,"ocean_custom_logo_tablet_max_height":0,"ocean_custom_logo_mobile_max_height":0,"ocean_header_custom_menu":"0","ocean_menu_typo_font_family":"0","ocean_menu_typo_font_subset":"","ocean_menu_typo_font_size":0,"ocean_menu_typo_font_size_tablet":0,"ocean_menu_typo_font_size_mobile":0,"ocean_menu_typo_font_size_unit":"px","ocean_menu_typo_font_weight":"","ocean_menu_typo_font_weight_tablet":"","ocean_menu_typo_font_weight_mobile":"","ocean_menu_typo_transform":"","ocean_menu_typo_transform_tablet":"","ocean_menu_typo_transform_mobile":"","ocean_menu_typo_line_height":0,"ocean_menu_typo_line_height_tablet":0,"ocean_menu_typo_line_height_mobile":0,"ocean_menu_typo_line_height_unit":"","ocean_menu_typo_spacing":0,"ocean_menu_typo_spacing_tablet":0,"ocean_menu_typo_spacing_mobile":0,"ocean_menu_typo_spacing_unit":"","ocean_menu_link_color":"","ocean_menu_link_color_hover":"","ocean_menu_link_color_active":"","ocean_menu_link_background":"","ocean_menu_link_hover_background":"","ocean_menu_link_active_background":"","ocean_menu_social_links_bg":"","ocean_menu_social_hover_links_bg":"","ocean_menu_social_links_color":"","ocean_menu_social_hover_links_color":"","ocean_disable_title":"default","ocean_disable_heading":"default","ocean_post_title":"","ocean_post_subheading":"","ocean_post_title_style":"","ocean_post_title_background_color":"","ocean_post_title_background":0,"ocean_post_title_bg_image_position":"","ocean_post_title_bg_image_attachment":"","ocean_post_title_bg_image_repeat":"","ocean_post_title_bg_image_size":"","ocean_post_title_height":0,"ocean_post_title_bg_overlay":0.5,"ocean_post_title_bg_overlay_color":"","ocean_disable_breadcrumbs":"default","ocean_breadcrumbs_color":"","ocean_breadcrumbs_separator_color":"","ocean_breadcrumbs_links_color":"","ocean_breadcrumbs_links_hover_color":"","ocean_display_footer_widgets":"default","ocean_display_footer_bottom":"default","ocean_custom_footer_template":"0","osh_disable_topbar_sticky":"default","osh_disable_header_sticky":"default","osh_sticky_header_style":"default","osh_sticky_header_effect":"","osh_custom_sticky_logo":0,"osh_custom_retina_sticky_logo":0,"osh_custom_sticky_logo_height":0,"osh_background_color":"","osh_links_color":"","osh_links_hover_color":"","osh_links_active_color":"","osh_links_bg_color":"","osh_links_hover_bg_color":"","osh_links_active_bg_color":"","osh_menu_social_links_color":"","osh_menu_social_hover_links_color":""},"product_brand":[],"product_cat":[46],"product_tag":[338,337,334,336,335],"class_list":{"0":"post-3837","1":"product","2":"type-product","3":"status-publish","4":"has-post-thumbnail","6":"product_cat-oil-mist-lubrication-systems","7":"product_tag-atomizing-lubrication-pump","8":"product_tag-cooling-lubrication-pump","9":"product_tag-oil-mist-lubrication-pump","10":"product_tag-oil-air-mixing-pump","11":"product_tag-pneumatic-lubrication-pump","13":"entry","14":"has-media","16":"first","17":"instock","18":"shipping-taxable","19":"product-type-external","20":"col","21":"span_1_of_3","22":"owp-content-center","23":"owp-thumbs-layout-horizontal","24":"owp-btn-very-big","25":"owp-tabs-layout-horizontal"},"_links":{"self":[{"href":"https:\/\/www.jinpinlub.com\/hu\/wp-json\/wp\/v2\/product\/3837","targetHints":{"allow":["GET"]}}],"collection":[{"href":"https:\/\/www.jinpinlub.com\/hu\/wp-json\/wp\/v2\/product"}],"about":[{"href":"https:\/\/www.jinpinlub.com\/hu\/wp-json\/wp\/v2\/types\/product"}],"wp:featuredmedia":[{"embeddable":true,"href":"https:\/\/www.jinpinlub.com\/hu\/wp-json\/wp\/v2\/media\/3833"}],"wp:attachment":[{"href":"https:\/\/www.jinpinlub.com\/hu\/wp-json\/wp\/v2\/media?parent=3837"}],"wp:term":[{"taxonomy":"product_brand","embeddable":true,"href":"https:\/\/www.jinpinlub.com\/hu\/wp-json\/wp\/v2\/product_brand?post=3837"},{"taxonomy":"product_cat","embeddable":true,"href":"https:\/\/www.jinpinlub.com\/hu\/wp-json\/wp\/v2\/product_cat?post=3837"},{"taxonomy":"product_tag","embeddable":true,"href":"https:\/\/www.jinpinlub.com\/hu\/wp-json\/wp\/v2\/product_tag?post=3837"}],"curies":[{"name":"wp","href":"https:\/\/api.w.org\/{rel}","templated":true}]}}