{"id":3838,"date":"2024-11-01T03:13:38","date_gmt":"2024-10-31T19:13:38","guid":{"rendered":"https:\/\/www.jinpinlub.com\/?post_type=product&#038;p=3838"},"modified":"2024-11-01T03:36:26","modified_gmt":"2024-10-31T19:36:26","slug":"nylon-olajkefe-talppal-a-lancvezetosin-kenesehez","status":"publish","type":"product","link":"https:\/\/www.jinpinlub.com\/hu\/product\/nylon-oil-brush-with-base-for-chain-guide-rail-lubrication\/","title":{"rendered":"Nylon olajkefe talppal a l\u00e1ncvezet\u0151 s\u00ednek ken\u00e9s\u00e9hez"},"content":{"rendered":"<h2>Jellemz\u0151k<\/h2>\n<p>A l\u00e1nc k\u00e9zi ken\u00e9s\u00e9nek hi\u00e1nyoss\u00e1gainak megold\u00e1s\u00e1ra javasoljuk az id\u0151z\u00edtett automatikus ken\u00e9st, olajkef\u00e9kkel kombin\u00e1lva a j\u00f3 ken\u00e9s \u00e9rdek\u00e9ben.<br \/>\n1. Hosszabb\u00edtsa meg a l\u00e1nc \u00e9lettartam\u00e1t.<br \/>\n2. Cs\u00f6kkentse a le\u00e1ll\u00e1sok \u00e9s le\u00e1ll\u00e1sok sz\u00e1m\u00e1t.<br \/>\n3. Cs\u00f6kkentse az energiavesztes\u00e9get.<br \/>\n4. Az olajkefe cs\u00f6kkentheti a ken\u0151olaj vesztes\u00e9g\u00e9t.<br \/>\n5. Az olajkefe elnyeli a l\u00e1nc vibr\u00e1ci\u00f3j\u00e1t \u00e9s \u00fct\u00e9s\u00e9t, \u00e9s cs\u00f6kkenti a zajt.<br \/>\n6. Cs\u00f6kkentse a nagy sebess\u00e9g\u0171 fut\u00f3l\u00e1nc h\u0151m\u00e9rs\u00e9klet\u00e9t.<br \/>\n7. Az olajkefe elt\u00e1vol\u00edtja a port \u00e9s a szennyez\u0151d\u00e9seket stb., \u00e9s jobban k\u00e9pez olajfilmet a l\u00e1nc \u00e1tt\u00e9tel\u00e9nek v\u00e9delme \u00e9rdek\u00e9ben.<br \/>\nA v\u00e1laszthat\u00f3 \u00e1ltal\u00e1nos l\u00e1nckef\u00e9k m\u00e9retei: 30 mm, 45 mm, 60 mm \u00e9s 80 mm.<\/p>\n<h2>Specifik\u00e1ci\u00f3<\/h2>\n<figure id=\"attachment_3839\" aria-describedby=\"caption-attachment-3839\" style=\"width: 800px\" class=\"wp-caption alignnone\"><img loading=\"lazy\" decoding=\"async\" class=\"size-full wp-image-3839\" src=\"https:\/\/www.jinpinlub.com\/wp-content\/uploads\/2024\/11\/Nylon-oil-brush-5.jpg\" alt=\"Nylon olajkefe (5)\" width=\"800\" height=\"326\" srcset=\"https:\/\/www.jinpinlub.com\/wp-content\/uploads\/2024\/11\/Nylon-oil-brush-5.jpg 800w, https:\/\/www.jinpinlub.com\/wp-content\/uploads\/2024\/11\/Nylon-oil-brush-5-300x122.jpg 300w, https:\/\/www.jinpinlub.com\/wp-content\/uploads\/2024\/11\/Nylon-oil-brush-5-768x313.jpg 768w, https:\/\/www.jinpinlub.com\/wp-content\/uploads\/2024\/11\/Nylon-oil-brush-5-18x7.jpg 18w\" sizes=\"auto, (max-width: 800px) 100vw, 800px\" \/><figcaption id=\"caption-attachment-3839\" class=\"wp-caption-text\">Nylon olajkefe (5)<\/figcaption><\/figure>\n<table>\n<tbody>\n<tr>\n<td>Modell<\/td>\n<td>N\u0151i sz\u00e1l<\/td>\n<td>\u00c9Ny (g)<\/td>\n<\/tr>\n<tr>\n<td>OM408<\/td>\n<td>M8xP1.0<\/td>\n<td>11<\/td>\n<\/tr>\n<tr>\n<td>OM610<\/td>\n<td>M10xP1.0<\/td>\n<td>15<\/td>\n<\/tr>\n<tr>\n<td>OM601<\/td>\n<td>PT1\/8<\/td>\n<td>17<\/td>\n<\/tr>\n<tr>\n<td>OML601<\/td>\n<td>PT1\/8<\/td>\n<td>25<\/td>\n<\/tr>\n<tr>\n<td>OML401<\/td>\n<td>PT1\/8<\/td>\n<td>27<\/td>\n<\/tr>\n<\/tbody>\n<\/table>\n<h2>Alkalmaz\u00e1s<\/h2>\n<p>Az automatikus ken\u0151rendszer-kef\u00e9k legsz\u00e9lesebb k\u00f6rben haszn\u00e1lt alkalmaz\u00e1sa a l\u00e1ncken\u00e9s. F\u0151leg sz\u00e1ll\u00edt\u00f3l\u00e1ncokat, er\u0151\u00e1tviteli l\u00e1ncokat, speci\u00e1lis professzion\u00e1lis l\u00e1ncokat, h\u00faz\u00f3l\u00e1ncokat stb. tartalmaz. A l\u00e1nc\u00e1tt\u00e9telt sz\u00e9les k\u00f6rben haszn\u00e1lj\u00e1k a mechanikus er\u0151\u00e1tvitel ter\u00fclet\u00e9n. A legt\u00f6bb hagyom\u00e1nyos l\u00e1nc nagy viszkozit\u00e1s\u00fa ken\u0151olajat \u00e9s zs\u00edrt haszn\u00e1l, amelyeket manu\u00e1lisan visznek fel a l\u00e1nc fel\u00fclet\u00e9re. Az olajkef\u00e9kkel ell\u00e1tott l\u00e1ncautomatikus ken\u0151rendszer a legt\u00f6bb l\u00e1nchib\u00e1t megoldja, mint p\u00e9ld\u00e1ul:<br \/>\nHa a l\u00e1nc belseje nincs teljesen kenve, k\u00f6nnyen kop\u00e1st \u00e9s korr\u00f3zi\u00f3t okozhat, ami a l\u00e1nc meglazul\u00e1s\u00e1t vagy megt\u00f6r\u00e9s\u00e9t okozhatja.<br \/>\nAmikor a l\u00e1nc j\u00e1r, a nagy sebess\u00e9g kidobja a fel\u00fcletre tapadt ken\u0151olajat, amit\u0151l a l\u00e1nc elvesz\u00edti a ken\u0151olaj v\u00e9delm\u00e9t.<br \/>\nAmikor a l\u00e1nc fut, a k\u00f6rnyezet p\u00e1r\u00e1s vagy poros, \u00edgy a por \u00e9s egy\u00e9b szennyez\u0151d\u00e9sek val\u00f3sz\u00edn\u0171leg bejutnak a l\u00e1nc belsej\u00e9be, \u00e9s kop\u00e1st \u00e9s korr\u00f3zi\u00f3t okoznak.<\/p>\n<h2>K\u00e9zik\u00f6nyvek<\/h2>\n<div class=\"sdm_download_button_box_default\"><div class=\"sdm_download_link\"><a href=\"https:\/\/www.jinpinlub.com\/hu\/?sdm_process_download=1&download_id=3171\" class=\"sdm_download white\" title=\"Mag\u00e1n: OM\/JD\/PKD\/PJD\/PJDB\" target=\"&quot;_blank&quot;\">Adatlap megtekint\u00e9se - OM\/JD\/PKD\/PJD\/PJDB<\/a><\/div><\/div>","protected":false},"excerpt":{"rendered":"<p>A nylon olajkef\u00e9ket automatikus ken\u00e9si rendszerekben haszn\u00e1lj\u00e1k, l\u00e1ncken\u00e9shez, vezet\u0151s\u00edn ken\u00e9s\u00e9hez stb. Nemcsak elegend\u0151 ken\u00e9st biztos\u00edtanak a ken\u0151elemek besziv\u00e1rg\u00e1sa miatt, hanem elt\u00e1vol\u00edtj\u00e1k a szennyez\u0151d\u00e9seket, p\u00e9ld\u00e1ul a ken\u0151elemekre tapadt port \u00e9s t\u00f6rmel\u00e9ket is.<\/p>","protected":false},"featured_media":3842,"template":"","meta":{"ocean_post_layout":"","ocean_both_sidebars_style":"","ocean_both_sidebars_content_width":0,"ocean_both_sidebars_sidebars_width":0,"ocean_sidebar":"0","ocean_second_sidebar":"0","ocean_disable_margins":"enable","ocean_add_body_class":"","ocean_shortcode_before_top_bar":"","ocean_shortcode_after_top_bar":"","ocean_shortcode_before_header":"","ocean_shortcode_after_header":"","ocean_has_shortcode":"","ocean_shortcode_after_title":"","ocean_shortcode_before_footer_widgets":"","ocean_shortcode_after_footer_widgets":"","ocean_shortcode_before_footer_bottom":"","ocean_shortcode_after_footer_bottom":"","ocean_display_top_bar":"default","ocean_display_header":"default","ocean_header_style":"","ocean_center_header_left_menu":"0","ocean_custom_header_template":"0","ocean_custom_logo":0,"ocean_custom_retina_logo":0,"ocean_custom_logo_max_width":0,"ocean_custom_logo_tablet_max_width":0,"ocean_custom_logo_mobile_max_width":0,"ocean_custom_logo_max_height":0,"ocean_custom_logo_tablet_max_height":0,"ocean_custom_logo_mobile_max_height":0,"ocean_header_custom_menu":"0","ocean_menu_typo_font_family":"0","ocean_menu_typo_font_subset":"","ocean_menu_typo_font_size":0,"ocean_menu_typo_font_size_tablet":0,"ocean_menu_typo_font_size_mobile":0,"ocean_menu_typo_font_size_unit":"px","ocean_menu_typo_font_weight":"","ocean_menu_typo_font_weight_tablet":"","ocean_menu_typo_font_weight_mobile":"","ocean_menu_typo_transform":"","ocean_menu_typo_transform_tablet":"","ocean_menu_typo_transform_mobile":"","ocean_menu_typo_line_height":0,"ocean_menu_typo_line_height_tablet":0,"ocean_menu_typo_line_height_mobile":0,"ocean_menu_typo_line_height_unit":"","ocean_menu_typo_spacing":0,"ocean_menu_typo_spacing_tablet":0,"ocean_menu_typo_spacing_mobile":0,"ocean_menu_typo_spacing_unit":"","ocean_menu_link_color":"","ocean_menu_link_color_hover":"","ocean_menu_link_color_active":"","ocean_menu_link_background":"","ocean_menu_link_hover_background":"","ocean_menu_link_active_background":"","ocean_menu_social_links_bg":"","ocean_menu_social_hover_links_bg":"","ocean_menu_social_links_color":"","ocean_menu_social_hover_links_color":"","ocean_disable_title":"default","ocean_disable_heading":"default","ocean_post_title":"","ocean_post_subheading":"","ocean_post_title_style":"","ocean_post_title_background_color":"","ocean_post_title_background":0,"ocean_post_title_bg_image_position":"","ocean_post_title_bg_image_attachment":"","ocean_post_title_bg_image_repeat":"","ocean_post_title_bg_image_size":"","ocean_post_title_height":0,"ocean_post_title_bg_overlay":0.5,"ocean_post_title_bg_overlay_color":"","ocean_disable_breadcrumbs":"default","ocean_breadcrumbs_color":"","ocean_breadcrumbs_separator_color":"","ocean_breadcrumbs_links_color":"","ocean_breadcrumbs_links_hover_color":"","ocean_display_footer_widgets":"default","ocean_display_footer_bottom":"default","ocean_custom_footer_template":"0","osh_disable_topbar_sticky":"default","osh_disable_header_sticky":"default","osh_sticky_header_style":"default","osh_sticky_header_effect":"","osh_custom_sticky_logo":0,"osh_custom_retina_sticky_logo":0,"osh_custom_sticky_logo_height":0,"osh_background_color":"","osh_links_color":"","osh_links_hover_color":"","osh_links_active_color":"","osh_links_bg_color":"","osh_links_hover_bg_color":"","osh_links_active_bg_color":"","osh_menu_social_links_color":"","osh_menu_social_hover_links_color":""},"product_brand":[],"product_cat":[31],"product_tag":[339,342,343,341,340],"class_list":{"0":"post-3838","1":"product","2":"type-product","3":"status-publish","4":"has-post-thumbnail","6":"product_cat-lube-system-accessories","7":"product_tag-automatic-lubrication-brush","8":"product_tag-chain-lubricating-oil-brush","9":"product_tag-escalator-lubrication-brush","10":"product_tag-lubrication-system-brush","11":"product_tag-nylon-oil-brush","13":"entry","14":"has-media","16":"first","17":"instock","18":"shipping-taxable","19":"product-type-external","20":"col","21":"span_1_of_3","22":"owp-content-center","23":"owp-thumbs-layout-horizontal","24":"owp-btn-very-big","25":"owp-tabs-layout-horizontal"},"_links":{"self":[{"href":"https:\/\/www.jinpinlub.com\/hu\/wp-json\/wp\/v2\/product\/3838","targetHints":{"allow":["GET"]}}],"collection":[{"href":"https:\/\/www.jinpinlub.com\/hu\/wp-json\/wp\/v2\/product"}],"about":[{"href":"https:\/\/www.jinpinlub.com\/hu\/wp-json\/wp\/v2\/types\/product"}],"wp:featuredmedia":[{"embeddable":true,"href":"https:\/\/www.jinpinlub.com\/hu\/wp-json\/wp\/v2\/media\/3842"}],"wp:attachment":[{"href":"https:\/\/www.jinpinlub.com\/hu\/wp-json\/wp\/v2\/media?parent=3838"}],"wp:term":[{"taxonomy":"product_brand","embeddable":true,"href":"https:\/\/www.jinpinlub.com\/hu\/wp-json\/wp\/v2\/product_brand?post=3838"},{"taxonomy":"product_cat","embeddable":true,"href":"https:\/\/www.jinpinlub.com\/hu\/wp-json\/wp\/v2\/product_cat?post=3838"},{"taxonomy":"product_tag","embeddable":true,"href":"https:\/\/www.jinpinlub.com\/hu\/wp-json\/wp\/v2\/product_tag?post=3838"}],"curies":[{"name":"wp","href":"https:\/\/api.w.org\/{rel}","templated":true}]}}