{"id":3851,"date":"2024-11-05T05:21:50","date_gmt":"2024-11-04T21:21:50","guid":{"rendered":"https:\/\/www.jinpinlub.com\/?post_type=product&#038;p=3851"},"modified":"2024-11-05T05:26:27","modified_gmt":"2024-11-04T21:26:27","slug":"pst-kulso-rugos-fonott-kopenytomlo-a-kenokorhoz","status":"publish","type":"product","link":"https:\/\/www.jinpinlub.com\/hu\/product\/pst-outer-spring-braided-sheath-hose-for-lubrication-circuit\/","title":{"rendered":"PST k\u00fcls\u0151 rug\u00f3s fonott k\u00f6peny t\u00f6ml\u0151 ken\u0151\u00e1ramk\u00f6rh\u00f6z"},"content":{"rendered":"<h2>Funkci\u00f3<\/h2>\n<p>A k\u00fcls\u0151 huzalrug\u00f3s k\u00f6penyt\u00f6ml\u0151k egy fonott gumit\u00f6ml\u0151b\u0151l, egy ac\u00e9lhuzalh\u00fcvelyb\u0151l \u00e9s egy h\u00fcvelyes csatlakoz\u00f3b\u00f3l \u00e1llnak. Alkalmas olyan helyekre, ahol forg\u00e1csot dolgoznak fel, \u00e9s neh\u00e9z munkak\u00f6rnyezetben. Az alkalmazhat\u00f3 h\u0151m\u00e9rs\u00e9kleti tartom\u00e1ny -20 \u2103 - 80 \u2103.<br \/>\nKiv\u00e1l\u00f3 min\u0151s\u00e9g\u0171 anyagok. A k\u00fcls\u0151 rug\u00f3 puha \u00e9s t\u00f6bbr\u00e9teg\u0171 v\u00e9delemmel rendelkezik. A k\u00fcls\u0151 ac\u00e9lhuzalrug\u00f3 \u00e9s a fonott gumik\u00f6peny t\u00f6ml\u0151 kombin\u00e1lva van, \u00e9s az eg\u00e9sz tart\u00f3s \u00e9s ellen\u00e1ll a nagy nyom\u00e1snak.<br \/>\nK\u00fcl\u00f6nf\u00e9le specifik\u00e1ci\u00f3k. K\u00fcl\u00f6nf\u00e9le hossz\u00fas\u00e1g\u00fa \u00e9s m\u00e9ret\u0171 t\u00f6ml\u0151k opcion\u00e1lisak, nagy mennyis\u00e9g van rakt\u00e1ron, a sz\u00e1ll\u00edt\u00e1si sebess\u00e9g gyors.<br \/>\nA k\u00fcls\u0151 huzalrug\u00f3s t\u00f6ml\u0151 \u00e1tm\u00e9r\u0151je 4 mm \u00e9s 6 mm, PA \u00e9s PB csatlakoz\u00f3kkal rendelkezik.<\/p>\n<h2>Specifik\u00e1ci\u00f3<\/h2>\n<table>\n<tbody>\n<tr>\n<td>Modell<\/td>\n<td>PST-4<\/td>\n<td>PST-6<\/td>\n<\/tr>\n<tr>\n<td>Szerelv\u00e9nyek<\/td>\n<td>\u03a64<\/td>\n<td>\u03a66<\/td>\n<\/tr>\n<tr>\n<td>Maxim\u00e1lis nyom\u00e1s<\/td>\n<td>10 MPa<\/td>\n<td>15 MPa<\/td>\n<\/tr>\n<tr>\n<td>Minim\u00e1lis hajl\u00edt\u00e1si sug\u00e1r<\/td>\n<td>R20<\/td>\n<td>R40<\/td>\n<\/tr>\n<tr>\n<td>Hossz (m)<\/td>\n<td colspan=\"2\">Testreszab\u00e1s<\/td>\n<\/tr>\n<\/tbody>\n<\/table>\n<h2>Alkalmaz\u00e1s<\/h2>\n<p>A k\u00fcls\u0151 huzalrug\u00f3s k\u00f6penyt\u00f6ml\u0151ket sz\u00e9les k\u00f6rben haszn\u00e1lj\u00e1k CNC szersz\u00e1mg\u00e9pek, mar\u00f3g\u00e9pek \u00e9s fr\u00f6ccs\u00f6nt\u0151 g\u00e9pek ken\u0151olajcs\u00f6v\u00e9ben. Ezek a t\u00f6ml\u0151k nagy szil\u00e1rds\u00e1ggal \u00e9s kop\u00e1s\u00e1ll\u00f3s\u00e1ggal rendelkeznek, amelyek hat\u00e9konyan v\u00e9dik a ken\u0151olajcs\u00f6veket a k\u00fcls\u0151 s\u00e9r\u00fcl\u00e9sekt\u0151l, mik\u00f6zben j\u00f3 rugalmass\u00e1got \u00e9s tart\u00f3ss\u00e1got biztos\u00edtanak. Ez nagyon fontos a g\u00e9p norm\u00e1l m\u0171k\u00f6d\u00e9s\u00e9nek biztos\u00edt\u00e1s\u00e1hoz \u00e9s a berendez\u00e9s \u00e9lettartam\u00e1nak meghosszabb\u00edt\u00e1s\u00e1hoz.<\/p>\n<h2>K\u00e9zik\u00f6nyvek<\/h2>\n<div class=\"sdm_download_button_box_default\"><div class=\"sdm_download_link\"><a href=\"https:\/\/www.jinpinlub.com\/hu\/?sdm_process_download=1&download_id=3844\" class=\"sdm_download white\" title=\"Mag\u00e1n: PST Sheath Hose\" target=\"&quot;_blank&quot;\">Adatlap megtekint\u00e9se - Sheath Hose<\/a><\/div><\/div>","protected":false},"excerpt":{"rendered":"<p>A fonott t\u00f6ml\u0151 egy fonott t\u00f6ml\u0151b\u0151l \u00e9s egy krimpel\u0151 csatlakoz\u00e1sb\u00f3l \u00e1ll. A t\u00f6ml\u0151 h\u00e1rom r\u00e9tegb\u0151l \u00e1ll: bels\u0151 b\u00e9l\u00e9s gumib\u00f3l, k\u00f6z\u00e9ps\u0151 er\u0151s\u00edt\u0151 dr\u00f3tsz\u00e1lb\u00f3l \u00e9s k\u00fcls\u0151 fonott h\u00e1l\u00f3b\u00f3l. Az alkalmazhat\u00f3 h\u0151m\u00e9rs\u00e9kleti tartom\u00e1ny -40 \u2103 ~ 80 \u2103.<\/p>","protected":false},"featured_media":3847,"template":"","meta":{"ocean_post_layout":"","ocean_both_sidebars_style":"","ocean_both_sidebars_content_width":0,"ocean_both_sidebars_sidebars_width":0,"ocean_sidebar":"0","ocean_second_sidebar":"0","ocean_disable_margins":"enable","ocean_add_body_class":"","ocean_shortcode_before_top_bar":"","ocean_shortcode_after_top_bar":"","ocean_shortcode_before_header":"","ocean_shortcode_after_header":"","ocean_has_shortcode":"","ocean_shortcode_after_title":"","ocean_shortcode_before_footer_widgets":"","ocean_shortcode_after_footer_widgets":"","ocean_shortcode_before_footer_bottom":"","ocean_shortcode_after_footer_bottom":"","ocean_display_top_bar":"default","ocean_display_header":"default","ocean_header_style":"","ocean_center_header_left_menu":"0","ocean_custom_header_template":"0","ocean_custom_logo":0,"ocean_custom_retina_logo":0,"ocean_custom_logo_max_width":0,"ocean_custom_logo_tablet_max_width":0,"ocean_custom_logo_mobile_max_width":0,"ocean_custom_logo_max_height":0,"ocean_custom_logo_tablet_max_height":0,"ocean_custom_logo_mobile_max_height":0,"ocean_header_custom_menu":"0","ocean_menu_typo_font_family":"0","ocean_menu_typo_font_subset":"","ocean_menu_typo_font_size":0,"ocean_menu_typo_font_size_tablet":0,"ocean_menu_typo_font_size_mobile":0,"ocean_menu_typo_font_size_unit":"px","ocean_menu_typo_font_weight":"","ocean_menu_typo_font_weight_tablet":"","ocean_menu_typo_font_weight_mobile":"","ocean_menu_typo_transform":"","ocean_menu_typo_transform_tablet":"","ocean_menu_typo_transform_mobile":"","ocean_menu_typo_line_height":0,"ocean_menu_typo_line_height_tablet":0,"ocean_menu_typo_line_height_mobile":0,"ocean_menu_typo_line_height_unit":"","ocean_menu_typo_spacing":0,"ocean_menu_typo_spacing_tablet":0,"ocean_menu_typo_spacing_mobile":0,"ocean_menu_typo_spacing_unit":"","ocean_menu_link_color":"","ocean_menu_link_color_hover":"","ocean_menu_link_color_active":"","ocean_menu_link_background":"","ocean_menu_link_hover_background":"","ocean_menu_link_active_background":"","ocean_menu_social_links_bg":"","ocean_menu_social_hover_links_bg":"","ocean_menu_social_links_color":"","ocean_menu_social_hover_links_color":"","ocean_disable_title":"default","ocean_disable_heading":"default","ocean_post_title":"","ocean_post_subheading":"","ocean_post_title_style":"","ocean_post_title_background_color":"","ocean_post_title_background":0,"ocean_post_title_bg_image_position":"","ocean_post_title_bg_image_attachment":"","ocean_post_title_bg_image_repeat":"","ocean_post_title_bg_image_size":"","ocean_post_title_height":0,"ocean_post_title_bg_overlay":0.5,"ocean_post_title_bg_overlay_color":"","ocean_disable_breadcrumbs":"default","ocean_breadcrumbs_color":"","ocean_breadcrumbs_separator_color":"","ocean_breadcrumbs_links_color":"","ocean_breadcrumbs_links_hover_color":"","ocean_display_footer_widgets":"default","ocean_display_footer_bottom":"default","ocean_custom_footer_template":"0","osh_disable_topbar_sticky":"default","osh_disable_header_sticky":"default","osh_sticky_header_style":"default","osh_sticky_header_effect":"","osh_custom_sticky_logo":0,"osh_custom_retina_sticky_logo":0,"osh_custom_sticky_logo_height":0,"osh_background_color":"","osh_links_color":"","osh_links_hover_color":"","osh_links_active_color":"","osh_links_bg_color":"","osh_links_hover_bg_color":"","osh_links_active_bg_color":"","osh_menu_social_links_color":"","osh_menu_social_hover_links_color":""},"product_brand":[],"product_cat":[31],"product_tag":[344,346,347,348,345],"class_list":{"0":"post-3851","1":"product","2":"type-product","3":"status-publish","4":"has-post-thumbnail","6":"product_cat-lube-system-accessories","7":"product_tag-external-steel-wire-hose","8":"product_tag-lubricating-oil-hose","9":"product_tag-spring-hose","10":"product_tag-spring-sheathed-hose","11":"product_tag-spring-sleeve-hose","13":"entry","14":"has-media","16":"first","17":"instock","18":"shipping-taxable","19":"product-type-external","20":"col","21":"span_1_of_3","22":"owp-content-center","23":"owp-thumbs-layout-horizontal","24":"owp-btn-very-big","25":"owp-tabs-layout-horizontal"},"_links":{"self":[{"href":"https:\/\/www.jinpinlub.com\/hu\/wp-json\/wp\/v2\/product\/3851","targetHints":{"allow":["GET"]}}],"collection":[{"href":"https:\/\/www.jinpinlub.com\/hu\/wp-json\/wp\/v2\/product"}],"about":[{"href":"https:\/\/www.jinpinlub.com\/hu\/wp-json\/wp\/v2\/types\/product"}],"wp:featuredmedia":[{"embeddable":true,"href":"https:\/\/www.jinpinlub.com\/hu\/wp-json\/wp\/v2\/media\/3847"}],"wp:attachment":[{"href":"https:\/\/www.jinpinlub.com\/hu\/wp-json\/wp\/v2\/media?parent=3851"}],"wp:term":[{"taxonomy":"product_brand","embeddable":true,"href":"https:\/\/www.jinpinlub.com\/hu\/wp-json\/wp\/v2\/product_brand?post=3851"},{"taxonomy":"product_cat","embeddable":true,"href":"https:\/\/www.jinpinlub.com\/hu\/wp-json\/wp\/v2\/product_cat?post=3851"},{"taxonomy":"product_tag","embeddable":true,"href":"https:\/\/www.jinpinlub.com\/hu\/wp-json\/wp\/v2\/product_tag?post=3851"}],"curies":[{"name":"wp","href":"https:\/\/api.w.org\/{rel}","templated":true}]}}