{"id":3868,"date":"2024-11-26T16:56:15","date_gmt":"2024-11-26T08:56:15","guid":{"rendered":"https:\/\/www.jinpinlub.com\/?post_type=product&#038;p=3868"},"modified":"2024-11-26T17:51:34","modified_gmt":"2024-11-26T09:51:34","slug":"4-6-8-10mm-es-lila-rezcso-tekercs-kenocsohoz","status":"publish","type":"product","link":"https:\/\/www.jinpinlub.com\/hu\/product\/4-6-8-10mm-purple-copper-tube-coil-for-lubrication-pipeline\/","title":{"rendered":"4\/6\/8\/10mm lila r\u00e9zcs\u0151 tekercs ken\u0151cs\u0151h\u00f6z"},"content":{"rendered":"<h2>Funkci\u00f3<\/h2>\n<p>A r\u00e9z olajcs\u00f6vet fejlett folyamatos \u00f6nt\u00e9si \u00e9s hengerl\u00e9si elj\u00e1r\u00e1ssal \u00e1ll\u00edtj\u00e1k el\u0151, nagy tisztas\u00e1ggal, finom szerkezettel \u00e9s alacsony oxig\u00e9ntartalommal.<br \/>\nA r\u00e9z olajcs\u0151ben nincsenek p\u00f3rusok \u00e9s homoklyukak, \u00e9s j\u00f3 megmunk\u00e1lhat\u00f3s\u00e1ggal, rugalmass\u00e1ggal, korr\u00f3zi\u00f3\u00e1ll\u00f3s\u00e1ggal \u00e9s csatlakoz\u00e1si szil\u00e1rds\u00e1ggal rendelkezik.<br \/>\nA r\u00e9zcs\u0151 stabil min\u0151s\u00e9ggel, nagy nyom\u00e1s\u00e1ll\u00f3s\u00e1ggal, nagy ny\u00fal\u00e1ssal \u00e9s nagy tisztas\u00e1ggal rendelkezik, amely megfelel a tiszta ken\u0151olaj sz\u00e1ll\u00edt\u00e1s\u00e1nak.<br \/>\nA r\u00e9z \u00fajrahasznos\u00edthat\u00f3 term\u00e9szete el\u0151seg\u00edti a k\u00f6rnyezet v\u00e9delm\u00e9t, \u00e9s a fenntarthat\u00f3 fejl\u0151d\u00e9s z\u00f6ld anyaga.<\/p>\n<h2>Specifik\u00e1ci\u00f3<\/h2>\n<figure id=\"attachment_3873\" aria-describedby=\"caption-attachment-3873\" style=\"width: 800px\" class=\"wp-caption alignnone\"><img loading=\"lazy\" decoding=\"async\" class=\"size-full wp-image-3873\" src=\"https:\/\/www.jinpinlub.com\/wp-content\/uploads\/2024\/11\/Copper-Oil-Tube-5.jpg\" alt=\"R\u00e9z olajcs\u0151 (5)\" width=\"800\" height=\"485\" srcset=\"https:\/\/www.jinpinlub.com\/wp-content\/uploads\/2024\/11\/Copper-Oil-Tube-5.jpg 800w, https:\/\/www.jinpinlub.com\/wp-content\/uploads\/2024\/11\/Copper-Oil-Tube-5-300x182.jpg 300w, https:\/\/www.jinpinlub.com\/wp-content\/uploads\/2024\/11\/Copper-Oil-Tube-5-768x466.jpg 768w, https:\/\/www.jinpinlub.com\/wp-content\/uploads\/2024\/11\/Copper-Oil-Tube-5-18x12.jpg 18w\" sizes=\"auto, (max-width: 800px) 100vw, 800px\" \/><figcaption id=\"caption-attachment-3873\" class=\"wp-caption-text\">R\u00e9z olajcs\u0151 (5)<\/figcaption><\/figure>\n<h2>Alkalmaz\u00e1s<\/h2>\n<p>A r\u00e9zcs\u00f6veket sz\u00e9les k\u00f6rben haszn\u00e1lj\u00e1k CNC szersz\u00e1mg\u00e9pek ken\u0151olajcs\u00f6v\u00e9ben. Ennek f\u0151 oka az, hogy a r\u00e9z j\u00f3 h\u0151vezet\u0151 k\u00e9pess\u00e9ggel \u00e9s korr\u00f3zi\u00f3\u00e1ll\u00f3s\u00e1ggal rendelkezik, amely j\u00f3l vezeti a ken\u0151olajat \u00e9s v\u00e9di a ken\u0151rendszert. A r\u00e9z ken\u0151cs\u0151 j\u00f3l m\u0171k\u00f6dik magas h\u0151m\u00e9rs\u00e9kleten \u00e9s nagy nyom\u00e1son, hogy megbizonyosodjon arr\u00f3l, hogy a g\u00e9pek nagy hat\u00e9konys\u00e1ggal m\u0171k\u00f6dnek, \u00e9s meghosszabb\u00edtj\u00e1k a berendez\u00e9s \u00e9lettartam\u00e1t.<\/p>\n<h2>K\u00e9zik\u00f6nyvek<\/h2>\n<div class=\"sdm_download_button_box_default\"><div class=\"sdm_download_link\"><a href=\"https:\/\/www.jinpinlub.com\/hu\/?sdm_process_download=1&download_id=3866\" class=\"sdm_download white\" title=\"Mag\u00e1n: Lubricant Tube\" target=\"&quot;_blank&quot;\">Adatlap megtekint\u00e9se - Lubricant Tube<\/a><\/div><\/div>","protected":false},"excerpt":{"rendered":"<p>A r\u00e9zcs\u0151 egy pr\u00e9selt \u00e9s h\u00fazott varrat n\u00e9lk\u00fcli cs\u0151, amelynek jellemz\u0151i, hogy er\u0151sek \u00e9s tart\u00f3sak, \u00e9s k\u00fcl\u00f6nf\u00e9le k\u00f6rnyezetben haszn\u00e1lhat\u00f3k. Mivel a r\u00e9zcs\u00f6vek k\u00fcl\u00f6nb\u00f6z\u0151 sz\u00f6gekben meghajolhatnak \u00e9s deform\u00e1l\u00f3dhatnak, gyakran haszn\u00e1lj\u00e1k folyad\u00e9kok sz\u00e1ll\u00edt\u00e1s\u00e1ra szolg\u00e1l\u00f3 cs\u0151vezet\u00e9kekben.<\/p>","protected":false},"featured_media":3869,"template":"","meta":{"ocean_post_layout":"","ocean_both_sidebars_style":"","ocean_both_sidebars_content_width":0,"ocean_both_sidebars_sidebars_width":0,"ocean_sidebar":"0","ocean_second_sidebar":"0","ocean_disable_margins":"enable","ocean_add_body_class":"","ocean_shortcode_before_top_bar":"","ocean_shortcode_after_top_bar":"","ocean_shortcode_before_header":"","ocean_shortcode_after_header":"","ocean_has_shortcode":"","ocean_shortcode_after_title":"","ocean_shortcode_before_footer_widgets":"","ocean_shortcode_after_footer_widgets":"","ocean_shortcode_before_footer_bottom":"","ocean_shortcode_after_footer_bottom":"","ocean_display_top_bar":"default","ocean_display_header":"default","ocean_header_style":"","ocean_center_header_left_menu":"0","ocean_custom_header_template":"0","ocean_custom_logo":0,"ocean_custom_retina_logo":0,"ocean_custom_logo_max_width":0,"ocean_custom_logo_tablet_max_width":0,"ocean_custom_logo_mobile_max_width":0,"ocean_custom_logo_max_height":0,"ocean_custom_logo_tablet_max_height":0,"ocean_custom_logo_mobile_max_height":0,"ocean_header_custom_menu":"0","ocean_menu_typo_font_family":"0","ocean_menu_typo_font_subset":"","ocean_menu_typo_font_size":0,"ocean_menu_typo_font_size_tablet":0,"ocean_menu_typo_font_size_mobile":0,"ocean_menu_typo_font_size_unit":"px","ocean_menu_typo_font_weight":"","ocean_menu_typo_font_weight_tablet":"","ocean_menu_typo_font_weight_mobile":"","ocean_menu_typo_transform":"","ocean_menu_typo_transform_tablet":"","ocean_menu_typo_transform_mobile":"","ocean_menu_typo_line_height":0,"ocean_menu_typo_line_height_tablet":0,"ocean_menu_typo_line_height_mobile":0,"ocean_menu_typo_line_height_unit":"","ocean_menu_typo_spacing":0,"ocean_menu_typo_spacing_tablet":0,"ocean_menu_typo_spacing_mobile":0,"ocean_menu_typo_spacing_unit":"","ocean_menu_link_color":"","ocean_menu_link_color_hover":"","ocean_menu_link_color_active":"","ocean_menu_link_background":"","ocean_menu_link_hover_background":"","ocean_menu_link_active_background":"","ocean_menu_social_links_bg":"","ocean_menu_social_hover_links_bg":"","ocean_menu_social_links_color":"","ocean_menu_social_hover_links_color":"","ocean_disable_title":"default","ocean_disable_heading":"default","ocean_post_title":"","ocean_post_subheading":"","ocean_post_title_style":"","ocean_post_title_background_color":"","ocean_post_title_background":0,"ocean_post_title_bg_image_position":"","ocean_post_title_bg_image_attachment":"","ocean_post_title_bg_image_repeat":"","ocean_post_title_bg_image_size":"","ocean_post_title_height":0,"ocean_post_title_bg_overlay":0.5,"ocean_post_title_bg_overlay_color":"","ocean_disable_breadcrumbs":"default","ocean_breadcrumbs_color":"","ocean_breadcrumbs_separator_color":"","ocean_breadcrumbs_links_color":"","ocean_breadcrumbs_links_hover_color":"","ocean_display_footer_widgets":"default","ocean_display_footer_bottom":"default","ocean_custom_footer_template":"0","osh_disable_topbar_sticky":"default","osh_disable_header_sticky":"default","osh_sticky_header_style":"default","osh_sticky_header_effect":"","osh_custom_sticky_logo":0,"osh_custom_retina_sticky_logo":0,"osh_custom_sticky_logo_height":0,"osh_background_color":"","osh_links_color":"","osh_links_hover_color":"","osh_links_active_color":"","osh_links_bg_color":"","osh_links_hover_bg_color":"","osh_links_active_bg_color":"","osh_menu_social_links_color":"","osh_menu_social_hover_links_color":""},"product_brand":[],"product_cat":[31],"product_tag":[357,354,355,356],"class_list":{"0":"post-3868","1":"product","2":"type-product","3":"status-publish","4":"has-post-thumbnail","6":"product_cat-lube-system-accessories","7":"product_tag-4mm-copper-tube","8":"product_tag-copper-oil-tube","9":"product_tag-lubricating-oil-pipe","10":"product_tag-lubricating-pipeline","12":"entry","13":"has-media","15":"first","16":"instock","17":"shipping-taxable","18":"product-type-external","19":"col","20":"span_1_of_3","21":"owp-content-center","22":"owp-thumbs-layout-horizontal","23":"owp-btn-very-big","24":"owp-tabs-layout-horizontal"},"_links":{"self":[{"href":"https:\/\/www.jinpinlub.com\/hu\/wp-json\/wp\/v2\/product\/3868","targetHints":{"allow":["GET"]}}],"collection":[{"href":"https:\/\/www.jinpinlub.com\/hu\/wp-json\/wp\/v2\/product"}],"about":[{"href":"https:\/\/www.jinpinlub.com\/hu\/wp-json\/wp\/v2\/types\/product"}],"wp:featuredmedia":[{"embeddable":true,"href":"https:\/\/www.jinpinlub.com\/hu\/wp-json\/wp\/v2\/media\/3869"}],"wp:attachment":[{"href":"https:\/\/www.jinpinlub.com\/hu\/wp-json\/wp\/v2\/media?parent=3868"}],"wp:term":[{"taxonomy":"product_brand","embeddable":true,"href":"https:\/\/www.jinpinlub.com\/hu\/wp-json\/wp\/v2\/product_brand?post=3868"},{"taxonomy":"product_cat","embeddable":true,"href":"https:\/\/www.jinpinlub.com\/hu\/wp-json\/wp\/v2\/product_cat?post=3868"},{"taxonomy":"product_tag","embeddable":true,"href":"https:\/\/www.jinpinlub.com\/hu\/wp-json\/wp\/v2\/product_tag?post=3868"}],"curies":[{"name":"wp","href":"https:\/\/api.w.org\/{rel}","templated":true}]}}