{"id":3901,"date":"2024-11-29T00:49:30","date_gmt":"2024-11-28T16:49:30","guid":{"rendered":"https:\/\/www.jinpinlub.com\/?post_type=product&#038;p=3901"},"modified":"2024-12-01T03:27:01","modified_gmt":"2024-11-30T19:27:01","slug":"mg2k-8-pdi-adagolo-befecskendezo-egysoros-zsirrendszerhez","status":"publish","type":"product","link":"https:\/\/www.jinpinlub.com\/hu\/product\/mg2k-8-pdi-metering-injector-for-single-line-grease-system\/","title":{"rendered":"MG2K-8 PDI adagol\u00f3 befecskendez\u0151 egysoros zs\u00edrrendszerhez"},"content":{"rendered":"<h2>Funkci\u00f3<\/h2>\n<p><span id=\"input-sentence~0\">Kombin\u00e1ci\u00f3: Az eloszt\u00f3 egy adagol\u00f3szelepb\u0151l \u00e9s egy csom\u00f3pontb\u00f3l \u00e1ll. Kiv\u00e1laszthatja a megfelel\u0151 kimenetet, \u00e9s sz\u00fcks\u00e9g szerint \u00f6ssze\u00e1ll\u00edthatja egy MG2K eloszt\u00f3ba.<br \/>\nAdagol\u00f3szelep: Az MG2 szelep megfelel\u0151en adagolja a zs\u00edrt, \u00e1lland\u00f3 \u00e9s gazdas\u00e1gos el\u0151tol\u00e1st biztos\u00edtva.<\/span><span id=\"input-sentence~1\"><br \/>\nZs\u00edroz\u00f3gombok: <span id=\"input-sentence~0\">MG2K <\/span>1-12 t\u00f6bb pontot k\u00e9pes megkenni a zs\u00edrszivatty\u00fa egyetlen m\u0171k\u00f6dtet\u00e9s\u00e9vel.<br \/>\nAnyag: A test \u00e1ltal\u00e1ban s\u00e1rgar\u00e9zb\u0151l k\u00e9sz\u00fcl, hogy er\u0151s \u00e9s ellen\u00e1ll\u00f3 legyen a korr\u00f3zi\u00f3val szemben.<br \/>\n\u00dczemi nyom\u00e1s: 2,5 MPa \u00fczemi nyom\u00e1startom\u00e1ny 1,4 MPa vissza\u00e1ll\u00edt\u00e1si nyom\u00e1ssal.<br \/>\nKibocs\u00e1t\u00e1si t\u00e9rfogat: T\u00f6bb kibocs\u00e1t\u00e1si t\u00e9rfogatban kaphat\u00f3, p\u00e9ld\u00e1ul 0,03, 0,05, 0,1, 0,2, 0,3 \u00e9s 0,5 ml\/ciklus.<\/span><\/p>\n<h2>Specifik\u00e1ci\u00f3<\/h2>\n<table>\n<tbody>\n<tr>\n<td>M\u0171k\u00f6d\u00e9si elv<\/td>\n<td>Nyom\u00e1scs\u00f6kkent\u0151 adagol\u00f3szelep<\/td>\n<\/tr>\n<tr>\n<td>Az \u00fczletek sz\u00e1ma<\/td>\n<td>1~12<\/td>\n<\/tr>\n<tr>\n<td>M\u00e9r\u00e9si mennyis\u00e9g<\/td>\n<td>0,03, 0,05, 0,13, 0,20, 0,30, 0,50 ml\/ciklus<\/td>\n<\/tr>\n<tr>\n<td>Ken\u0151anyag<\/td>\n<td>NLGI 000#, 00#, 0#, 1# \u00e9s 2#<\/td>\n<\/tr>\n<tr>\n<td>\u00dczemi h\u0151m\u00e9rs\u00e9klet<\/td>\n<td>-20 \u00e9s +80 \u00b0C k\u00f6z\u00f6tt<\/td>\n<\/tr>\n<tr>\n<td>\u00dczemi nyom\u00e1s<\/td>\n<td>\u22652,5 MPa<\/td>\n<\/tr>\n<tr>\n<td>Anyag<\/td>\n<td>Alum\u00ednium+r\u00e9z<\/td>\n<\/tr>\n<tr>\n<td>Csatlakoz\u00f3 kimenet<\/td>\n<td>Bemenet M10x1\/Rc1\/8, Kimenet \u03a64(M8x1)<\/td>\n<\/tr>\n<tr>\n<td>Kimeneti szerelv\u00e9nyek<\/td>\n<td>Ujj t\u00edpus, Gyors t\u00edpus<\/td>\n<\/tr>\n<tr>\n<td>Be\u00e9p\u00edt\u00e9si helyzet<\/td>\n<td>B\u00e1rmilyen<\/td>\n<\/tr>\n<\/tbody>\n<\/table>\n<h2>Telep\u00edt\u00e9s<\/h2>\n<p>K\u00e9sz\u00edtm\u00e9ny:<br \/>\nGy\u0171jtse \u00f6ssze a szersz\u00e1mokat \u00e9s anyagokat, bele\u00e9rtve a szelepet, a zs\u00edrz\u00f3gombokat, a szerelv\u00e9nyeket \u00e9s a megfelel\u0151 t\u00edpus\u00fa zs\u00edrt.<br \/>\nElhelyez\u00e9s:<br \/>\nJel\u00f6lje meg, hol kell felszerelni az adagol\u00f3szelepet. K\u00f6nnyen el\u00e9rhet\u0151 ter\u00fcletnek kell lennie karbantart\u00e1si \u00e9s \u00fczemeltet\u00e9si c\u00e9lokra.<br \/>\nSzerelv\u00e9nyek csatlakoz\u00e1sa:<br \/>\nCsatlakoztassa a szerelv\u00e9nyeket az adagol\u00f3szelephez \u00e9s a zs\u00edrvezet\u00e9kekhez. Gy\u0151z\u0151dj\u00f6n meg arr\u00f3l, hogy mindegyik megfelel\u0151en illeszkedik egym\u00e1shoz, hogy elker\u00fclje a sziv\u00e1rg\u00e1st.<br \/>\nRendszertesztel\u00e9s:<br \/>\nSzerelje be a szelepet \u00e9s a mellbimb\u00f3kat, majd tesztelje a rendszert a zs\u00edrz\u00f3pisztoly megmunk\u00e1l\u00e1s\u00e1val. Ellen\u0151rizze a rendszer sziv\u00e1rg\u00e1s\u00e1t vagy nem megfelel\u0151 zs\u00edr\u00e1raml\u00e1st.<br \/>\nV\u00e9gs\u0151 kiigaz\u00edt\u00e1sok:<br \/>\nEllen\u0151rizze, hogy minden alkatr\u00e9sz megfelel\u0151en m\u0171k\u00f6dik-e, \u00e9s hogy a ken\u0151rendszer rendeltet\u00e9sszer\u0171en ell\u00e1tja-e a zs\u00edrt.<\/p>\n<h2>K\u00e9zik\u00f6nyvek<\/h2>\n<div class=\"sdm_download_button_box_default\"><div class=\"sdm_download_link\"><a href=\"https:\/\/www.jinpinlub.com\/hu\/?sdm_process_download=1&download_id=3891\" class=\"sdm_download white\" title=\"Mag\u00e1n: MG2K Metering Valve\" target=\"&quot;_blank&quot;\">Adatlap megtekint\u00e9se - MG2K Distributor<\/a><\/div><\/div>","protected":false},"excerpt":{"rendered":"<p>Az MG2K Grease PDI eloszt\u00f3 egy nyom\u00e1scs\u00f6kkent\u0151 egysoros zs\u00edrken\u0151rendszer r\u00e9sze. Minden kimeneti kimenet a t\u00e9nyleges ig\u00e9nyek alapj\u00e1n \u00f6ssze\u00e1ll\u00edthat\u00f3. Az eg\u00e9sz s\u00e1rgar\u00e9z adagol\u00f3szelepekb\u0151l \u00e9s alum\u00ednium csatlakoz\u00f3b\u00f3l \u00e1ll, amely tart\u00f3s \u00e9s pontos teljes\u00edtm\u00e9nyt ny\u00fajt.<\/p>","protected":false},"featured_media":3904,"template":"","meta":{"ocean_post_layout":"","ocean_both_sidebars_style":"","ocean_both_sidebars_content_width":0,"ocean_both_sidebars_sidebars_width":0,"ocean_sidebar":"0","ocean_second_sidebar":"0","ocean_disable_margins":"enable","ocean_add_body_class":"","ocean_shortcode_before_top_bar":"","ocean_shortcode_after_top_bar":"","ocean_shortcode_before_header":"","ocean_shortcode_after_header":"","ocean_has_shortcode":"","ocean_shortcode_after_title":"","ocean_shortcode_before_footer_widgets":"","ocean_shortcode_after_footer_widgets":"","ocean_shortcode_before_footer_bottom":"","ocean_shortcode_after_footer_bottom":"","ocean_display_top_bar":"default","ocean_display_header":"default","ocean_header_style":"","ocean_center_header_left_menu":"0","ocean_custom_header_template":"0","ocean_custom_logo":0,"ocean_custom_retina_logo":0,"ocean_custom_logo_max_width":0,"ocean_custom_logo_tablet_max_width":0,"ocean_custom_logo_mobile_max_width":0,"ocean_custom_logo_max_height":0,"ocean_custom_logo_tablet_max_height":0,"ocean_custom_logo_mobile_max_height":0,"ocean_header_custom_menu":"0","ocean_menu_typo_font_family":"0","ocean_menu_typo_font_subset":"","ocean_menu_typo_font_size":0,"ocean_menu_typo_font_size_tablet":0,"ocean_menu_typo_font_size_mobile":0,"ocean_menu_typo_font_size_unit":"px","ocean_menu_typo_font_weight":"","ocean_menu_typo_font_weight_tablet":"","ocean_menu_typo_font_weight_mobile":"","ocean_menu_typo_transform":"","ocean_menu_typo_transform_tablet":"","ocean_menu_typo_transform_mobile":"","ocean_menu_typo_line_height":0,"ocean_menu_typo_line_height_tablet":0,"ocean_menu_typo_line_height_mobile":0,"ocean_menu_typo_line_height_unit":"","ocean_menu_typo_spacing":0,"ocean_menu_typo_spacing_tablet":0,"ocean_menu_typo_spacing_mobile":0,"ocean_menu_typo_spacing_unit":"","ocean_menu_link_color":"","ocean_menu_link_color_hover":"","ocean_menu_link_color_active":"","ocean_menu_link_background":"","ocean_menu_link_hover_background":"","ocean_menu_link_active_background":"","ocean_menu_social_links_bg":"","ocean_menu_social_hover_links_bg":"","ocean_menu_social_links_color":"","ocean_menu_social_hover_links_color":"","ocean_disable_title":"default","ocean_disable_heading":"default","ocean_post_title":"","ocean_post_subheading":"","ocean_post_title_style":"","ocean_post_title_background_color":"","ocean_post_title_background":0,"ocean_post_title_bg_image_position":"","ocean_post_title_bg_image_attachment":"","ocean_post_title_bg_image_repeat":"","ocean_post_title_bg_image_size":"","ocean_post_title_height":0,"ocean_post_title_bg_overlay":0.5,"ocean_post_title_bg_overlay_color":"","ocean_disable_breadcrumbs":"default","ocean_breadcrumbs_color":"","ocean_breadcrumbs_separator_color":"","ocean_breadcrumbs_links_color":"","ocean_breadcrumbs_links_hover_color":"","ocean_display_footer_widgets":"default","ocean_display_footer_bottom":"default","ocean_custom_footer_template":"0","osh_disable_topbar_sticky":"default","osh_disable_header_sticky":"default","osh_sticky_header_style":"default","osh_sticky_header_effect":"","osh_custom_sticky_logo":0,"osh_custom_retina_sticky_logo":0,"osh_custom_sticky_logo_height":0,"osh_background_color":"","osh_links_color":"","osh_links_hover_color":"","osh_links_active_color":"","osh_links_bg_color":"","osh_links_hover_bg_color":"","osh_links_active_bg_color":"","osh_menu_social_links_color":"","osh_menu_social_hover_links_color":""},"product_brand":[],"product_cat":[40,37],"product_tag":[87,98,100,85,360],"class_list":{"0":"post-3901","1":"product","2":"type-product","3":"status-publish","4":"has-post-thumbnail","6":"product_cat-pressure-relief-metering-valves","7":"product_cat-single-line-grease-systems","8":"product_tag-grease-distributor","9":"product_tag-grease-metering-device","10":"product_tag-grease-metering-valve","11":"product_tag-pressure-relief-metering-valve","12":"product_tag-pressurized-injector","14":"entry","15":"has-media","17":"first","18":"instock","19":"shipping-taxable","20":"product-type-external","21":"col","22":"span_1_of_3","23":"owp-content-center","24":"owp-thumbs-layout-horizontal","25":"owp-btn-very-big","26":"owp-tabs-layout-horizontal"},"_links":{"self":[{"href":"https:\/\/www.jinpinlub.com\/hu\/wp-json\/wp\/v2\/product\/3901","targetHints":{"allow":["GET"]}}],"collection":[{"href":"https:\/\/www.jinpinlub.com\/hu\/wp-json\/wp\/v2\/product"}],"about":[{"href":"https:\/\/www.jinpinlub.com\/hu\/wp-json\/wp\/v2\/types\/product"}],"wp:featuredmedia":[{"embeddable":true,"href":"https:\/\/www.jinpinlub.com\/hu\/wp-json\/wp\/v2\/media\/3904"}],"wp:attachment":[{"href":"https:\/\/www.jinpinlub.com\/hu\/wp-json\/wp\/v2\/media?parent=3901"}],"wp:term":[{"taxonomy":"product_brand","embeddable":true,"href":"https:\/\/www.jinpinlub.com\/hu\/wp-json\/wp\/v2\/product_brand?post=3901"},{"taxonomy":"product_cat","embeddable":true,"href":"https:\/\/www.jinpinlub.com\/hu\/wp-json\/wp\/v2\/product_cat?post=3901"},{"taxonomy":"product_tag","embeddable":true,"href":"https:\/\/www.jinpinlub.com\/hu\/wp-json\/wp\/v2\/product_tag?post=3901"}],"curies":[{"name":"wp","href":"https:\/\/api.w.org\/{rel}","templated":true}]}}