{"id":3906,"date":"2024-11-29T15:26:22","date_gmt":"2024-11-29T07:26:22","guid":{"rendered":"https:\/\/www.jinpinlub.com\/?post_type=product&#038;p=3906"},"modified":"2024-12-01T03:26:54","modified_gmt":"2024-11-30T19:26:54","slug":"mgk-nyomas-alatti-zsirbefecskendezo-adagoloszelepek-sorozat-mg","status":"publish","type":"product","link":"https:\/\/www.jinpinlub.com\/hu\/product\/mgk-pressurized-grease-injector-metering-valves-series-mg\/","title":{"rendered":"MGK nyom\u00e1s alatti zs\u00edrbefecskendez\u0151 adagol\u00f3szelepek, MG sorozat"},"content":{"rendered":"<h2>Funkci\u00f3<\/h2>\n<p>Prec\u00edz ken\u00e9sszab\u00e1lyoz\u00e1s: Az eloszt\u00f3szelepek 0,03 ml \u00e9s 0,5 ml k\u00f6z\u00f6tti tartom\u00e1nyban biztos\u00edtj\u00e1k a kibocs\u00e1t\u00e1si t\u00e9rfogat pontoss\u00e1g\u00e1t a j\u00f3 ken\u00e9s \u00e9rdek\u00e9ben.<br \/>\nCsatlakoztat\u00e1si m\u00f3dok: Az eloszt\u00f3szelepeket k\u00fcl\u00f6nb\u00f6z\u0151 csatlakoz\u00e1si m\u00f3dokkal k\u00edn\u00e1ljuk: persely, anya, egy\u00e9rint\u00e9ses csatlakoz\u00e1sok, t\u00f6bbek k\u00f6z\u00f6tt, amelyek k\u00f6nnyen illeszthet\u0151k az \u00e9ppen aktu\u00e1lis be\u00e1ll\u00edt\u00e1shoz.<br \/>\nTart\u00f3s anyag: A szeleptestek s\u00e1rgar\u00e9zb\u0151l k\u00e9sz\u00fcltek, \u00edgy er\u0151sek \u00e9s nem korroz\u00edvak.<br \/>\nMagas \u00fczemi nyom\u00e1s: Az eloszt\u00f3szelepek legal\u00e1bb 1,2 MPa \u00fczemi nyom\u00e1st k\u00e9pesek elviselni; \u00edgy alkalmasak nagynyom\u00e1s\u00fa alkalmaz\u00e1sokra.<br \/>\nAlacsony visszat\u00e9r\u0151 nyom\u00e1s: A visszat\u00e9r\u0151 nyom\u00e1s 0,5 MPa. Ez hozz\u00e1j\u00e1rul a rendszer hat\u00e9konys\u00e1g\u00e1hoz.<br \/>\nKompakt kialak\u00edt\u00e1s: A m\u00e9retek v\u00e1ltozatosak, hogy illeszkedjenek a k\u00fcl\u00f6nf\u00e9le g\u00e9pekhez \u00e9s berendez\u00e9sekhez.<\/p>\n<h2>Specifik\u00e1ci\u00f3<\/h2>\n<table>\n<tbody>\n<tr>\n<td>M\u0171k\u00f6d\u00e9si elv<\/td>\n<td>Nyom\u00e1scs\u00f6kkent\u0151 adagol\u00f3szelep<\/td>\n<\/tr>\n<tr>\n<td>Az \u00fczletek sz\u00e1ma<\/td>\n<td>1~12<\/td>\n<\/tr>\n<tr>\n<td>M\u00e9r\u00e9si mennyis\u00e9g<\/td>\n<td>0,03, 0,05, 0,13, 0,20, 0,30, 0,50 ml\/ciklus<\/td>\n<\/tr>\n<tr>\n<td>Ken\u0151anyag<\/td>\n<td>NLGI 000#, 00# zs\u00edr.<\/td>\n<\/tr>\n<tr>\n<td>\u00dczemi h\u0151m\u00e9rs\u00e9klet<\/td>\n<td>-20 \u00e9s +80 \u00b0C k\u00f6z\u00f6tt<\/td>\n<\/tr>\n<tr>\n<td>\u00dczemi nyom\u00e1s<\/td>\n<td>0,5-1,5 MPa<\/td>\n<\/tr>\n<tr>\n<td>Anyag<\/td>\n<td>R\u00e9z, alum\u00ednium<\/td>\n<\/tr>\n<tr>\n<td>Csatlakoz\u00f3 kimenet<\/td>\n<td>Bemenet Rc1\/8, Kimenet \u03a64 (Rc1\/8)<\/td>\n<\/tr>\n<tr>\n<td>Kimeneti szerelv\u00e9nyek<\/td>\n<td>Ujj t\u00edpus, Gyors t\u00edpus<\/td>\n<\/tr>\n<tr>\n<td>Be\u00e9p\u00edt\u00e9si helyzet<\/td>\n<td>B\u00e1rmilyen<\/td>\n<\/tr>\n<\/tbody>\n<\/table>\n<h2>Hibaelh\u00e1r\u00edt\u00e1s<\/h2>\n<p>Ellen\u0151rizze az elt\u00f6m\u0151d\u00e9seket: Gy\u0151z\u0151dj\u00f6n meg arr\u00f3l, hogy nincs elt\u00f6m\u0151d\u00e9s az adagol\u00f3szelepben vagy a cs\u00f6vekben. Tiszt\u00edtsa meg a r\u00e9szecsk\u00e9ket vagy lerak\u00f3d\u00e1sokat, amelyek val\u00f3sz\u00edn\u0171leg akad\u00e1lyozz\u00e1k a sikl\u00e1st.<br \/>\nEllen\u0151rizze a csatlakoz\u00e1sokat: Gy\u0151z\u0151dj\u00f6n meg arr\u00f3l, hogy minden csatlakoz\u00e1s biztons\u00e1gos, \u00e9s nincs-e sziv\u00e1rg\u00e1s. A laza vagy hib\u00e1s csatlakoz\u00e1sok befoly\u00e1solhatj\u00e1k az adagol\u00f3szelep teljes\u00edtm\u00e9ny\u00e9t.<br \/>\nVizsg\u00e1lja meg a kop\u00e1st \u00e9s szakad\u00e1st: Vizsg\u00e1lja meg az adagol\u00f3szelepet, hogy nincs-e benne kop\u00e1s, korr\u00f3zi\u00f3 vagy s\u00e9r\u00fcl\u00e9s. Sz\u00fcks\u00e9g szerint cser\u00e9lje ki a f\u00e1radt alkatr\u00e9szeket.<br \/>\nNyom\u00e1sszintek figyel\u00e9se: Gy\u0151z\u0151dj\u00f6n meg arr\u00f3l, hogy a fut\u00e1si fesz\u00fclts\u00e9g \u00e9s a visszat\u00e9r\u0151 fesz\u00fclts\u00e9g az adott fajt\u00e1n bel\u00fcl van. A nem megfelel\u0151 fesz\u00fclts\u00e9gszintek ken\u00e9si probl\u00e9m\u00e1kat okozhatnak.<br \/>\nKen\u00e9s: Rendszeresen kenje meg az adagol\u00f3szelepet, hogy biztos\u00edtsa a k\u00f6nny\u0171 m\u0171k\u00f6d\u00e9st \u00e9s megakad\u00e1lyozza a letapad\u00e1st.<\/p>\n<h2>K\u00e9zik\u00f6nyvek<\/h2>\n<div class=\"sdm_download_button_box_default\"><div class=\"sdm_download_link\"><a href=\"https:\/\/www.jinpinlub.com\/hu\/?sdm_process_download=1&download_id=2470\" class=\"sdm_download white\" title=\"Mag\u00e1n: MGK Metering Valve\" target=\"&quot;_blank&quot;\">Adatlap megtekint\u00e9se - MGK adagol\u00f3szelep<\/a><\/div><\/div>","protected":false},"excerpt":{"rendered":"<p>Az MGK adagol\u00f3szelep sorozat egy nyom\u00e1scs\u00f6kkent\u0151 egysoros zs\u00edrken\u0151 rendszer r\u00e9sze. Ezeket az eloszt\u00f3szelepeket \u00fagy tervezt\u00e9k, hogy pontos ken\u00e9sszab\u00e1lyoz\u00e1st biztos\u00edtsanak k\u00fcl\u00f6nf\u00e9le ipari alkalmaz\u00e1sokhoz. Pontos teljes\u00edtm\u00e9ny\u0171ek, rugalmas \u00f6sszeszerel\u00e9s\u0171ek, stabilak \u00e9s tart\u00f3sak.<\/p>","protected":false},"featured_media":3907,"template":"","meta":{"ocean_post_layout":"","ocean_both_sidebars_style":"","ocean_both_sidebars_content_width":0,"ocean_both_sidebars_sidebars_width":0,"ocean_sidebar":"0","ocean_second_sidebar":"0","ocean_disable_margins":"enable","ocean_add_body_class":"","ocean_shortcode_before_top_bar":"","ocean_shortcode_after_top_bar":"","ocean_shortcode_before_header":"","ocean_shortcode_after_header":"","ocean_has_shortcode":"","ocean_shortcode_after_title":"","ocean_shortcode_before_footer_widgets":"","ocean_shortcode_after_footer_widgets":"","ocean_shortcode_before_footer_bottom":"","ocean_shortcode_after_footer_bottom":"","ocean_display_top_bar":"default","ocean_display_header":"default","ocean_header_style":"","ocean_center_header_left_menu":"0","ocean_custom_header_template":"0","ocean_custom_logo":0,"ocean_custom_retina_logo":0,"ocean_custom_logo_max_width":0,"ocean_custom_logo_tablet_max_width":0,"ocean_custom_logo_mobile_max_width":0,"ocean_custom_logo_max_height":0,"ocean_custom_logo_tablet_max_height":0,"ocean_custom_logo_mobile_max_height":0,"ocean_header_custom_menu":"0","ocean_menu_typo_font_family":"0","ocean_menu_typo_font_subset":"","ocean_menu_typo_font_size":0,"ocean_menu_typo_font_size_tablet":0,"ocean_menu_typo_font_size_mobile":0,"ocean_menu_typo_font_size_unit":"px","ocean_menu_typo_font_weight":"","ocean_menu_typo_font_weight_tablet":"","ocean_menu_typo_font_weight_mobile":"","ocean_menu_typo_transform":"","ocean_menu_typo_transform_tablet":"","ocean_menu_typo_transform_mobile":"","ocean_menu_typo_line_height":0,"ocean_menu_typo_line_height_tablet":0,"ocean_menu_typo_line_height_mobile":0,"ocean_menu_typo_line_height_unit":"","ocean_menu_typo_spacing":0,"ocean_menu_typo_spacing_tablet":0,"ocean_menu_typo_spacing_mobile":0,"ocean_menu_typo_spacing_unit":"","ocean_menu_link_color":"","ocean_menu_link_color_hover":"","ocean_menu_link_color_active":"","ocean_menu_link_background":"","ocean_menu_link_hover_background":"","ocean_menu_link_active_background":"","ocean_menu_social_links_bg":"","ocean_menu_social_hover_links_bg":"","ocean_menu_social_links_color":"","ocean_menu_social_hover_links_color":"","ocean_disable_title":"default","ocean_disable_heading":"default","ocean_post_title":"","ocean_post_subheading":"","ocean_post_title_style":"","ocean_post_title_background_color":"","ocean_post_title_background":0,"ocean_post_title_bg_image_position":"","ocean_post_title_bg_image_attachment":"","ocean_post_title_bg_image_repeat":"","ocean_post_title_bg_image_size":"","ocean_post_title_height":0,"ocean_post_title_bg_overlay":0.5,"ocean_post_title_bg_overlay_color":"","ocean_disable_breadcrumbs":"default","ocean_breadcrumbs_color":"","ocean_breadcrumbs_separator_color":"","ocean_breadcrumbs_links_color":"","ocean_breadcrumbs_links_hover_color":"","ocean_display_footer_widgets":"default","ocean_display_footer_bottom":"default","ocean_custom_footer_template":"0","osh_disable_topbar_sticky":"default","osh_disable_header_sticky":"default","osh_sticky_header_style":"default","osh_sticky_header_effect":"","osh_custom_sticky_logo":0,"osh_custom_retina_sticky_logo":0,"osh_custom_sticky_logo_height":0,"osh_background_color":"","osh_links_color":"","osh_links_hover_color":"","osh_links_active_color":"","osh_links_bg_color":"","osh_links_hover_bg_color":"","osh_links_active_bg_color":"","osh_menu_social_links_color":"","osh_menu_social_hover_links_color":""},"product_brand":[],"product_cat":[40,37],"product_tag":[87,97,361,85,86],"class_list":{"0":"post-3906","1":"product","2":"type-product","3":"status-publish","4":"has-post-thumbnail","6":"product_cat-pressure-relief-metering-valves","7":"product_cat-single-line-grease-systems","8":"product_tag-grease-distributor","9":"product_tag-grease-injector","10":"product_tag-metering-valves","11":"product_tag-pressure-relief-metering-valve","12":"product_tag-single-line-distributor","14":"entry","15":"has-media","17":"first","18":"instock","19":"shipping-taxable","20":"product-type-external","21":"col","22":"span_1_of_3","23":"owp-content-center","24":"owp-thumbs-layout-horizontal","25":"owp-btn-very-big","26":"owp-tabs-layout-horizontal"},"_links":{"self":[{"href":"https:\/\/www.jinpinlub.com\/hu\/wp-json\/wp\/v2\/product\/3906","targetHints":{"allow":["GET"]}}],"collection":[{"href":"https:\/\/www.jinpinlub.com\/hu\/wp-json\/wp\/v2\/product"}],"about":[{"href":"https:\/\/www.jinpinlub.com\/hu\/wp-json\/wp\/v2\/types\/product"}],"wp:featuredmedia":[{"embeddable":true,"href":"https:\/\/www.jinpinlub.com\/hu\/wp-json\/wp\/v2\/media\/3907"}],"wp:attachment":[{"href":"https:\/\/www.jinpinlub.com\/hu\/wp-json\/wp\/v2\/media?parent=3906"}],"wp:term":[{"taxonomy":"product_brand","embeddable":true,"href":"https:\/\/www.jinpinlub.com\/hu\/wp-json\/wp\/v2\/product_brand?post=3906"},{"taxonomy":"product_cat","embeddable":true,"href":"https:\/\/www.jinpinlub.com\/hu\/wp-json\/wp\/v2\/product_cat?post=3906"},{"taxonomy":"product_tag","embeddable":true,"href":"https:\/\/www.jinpinlub.com\/hu\/wp-json\/wp\/v2\/product_tag?post=3906"}],"curies":[{"name":"wp","href":"https:\/\/api.w.org\/{rel}","templated":true}]}}