{"id":3911,"date":"2024-11-29T17:59:40","date_gmt":"2024-11-29T09:59:40","guid":{"rendered":"https:\/\/www.jinpinlub.com\/?post_type=product&#038;p=3911"},"modified":"2024-12-01T03:26:47","modified_gmt":"2024-11-30T19:26:47","slug":"mgk-10-quick-connector-volumetric-grease-distributor-device","status":"publish","type":"product","link":"https:\/\/www.jinpinlub.com\/hu\/product\/mgk-10-quick-connector-volumetric-grease-distributor-device\/","title":{"rendered":"MGK-10 gyorscsatlakoz\u00f3s t\u00e9rfogati zs\u00edreloszt\u00f3 eszk\u00f6z"},"content":{"rendered":"<h2>Funkci\u00f3<\/h2>\n<p>1. Nyom\u00e1s alatt \u00e1ll\u00f3 mennyis\u00e9gi adagol\u00f3szelep, k\u00f6zvetlen nyom\u00e1sm\u0171k\u00f6d\u00e9s\u0171 t\u00edpus.<br \/>\nA szivatty\u00fa \u00e1ltal sz\u00e1ll\u00edtott nyom\u00f3olaj mozg\u00e1sba hozza az adagol\u00f3szelepbe \u00e9p\u00edtett dugatty\u00fat, ami a mennyis\u00e9gi ken\u0151anyag ki\u00fcr\u00edt\u00e9s\u00e9t k\u00e9nyszer\u00edti ki.<br \/>\nAmikor a szivatty\u00fa le\u00e1ll, az adagol\u00f3r\u00e9sz dugatty\u00faja a rug\u00f3er\u0151 hat\u00e1s\u00e1ra vissza\u00e1ll, vagyis a mennyis\u00e9gi ken\u0151anyag t\u00e1rol\u00f3dik.<br \/>\n2. Pontos kis\u00fct\u00e9s, az adagol\u00f3 r\u00e9sz csak egyszer ker\u00fcl kis\u00fct\u00e9sre egy cikluson bel\u00fcl, \u00e9s a rendszerben az egym\u00e1s k\u00f6z\u00f6tti t\u00e1vols\u00e1g, legyen az t\u00e1voli, k\u00f6zeli, magas vagy alacsony, v\u00edzszintes vagy f\u00fcgg\u0151leges be\u00e9p\u00edt\u00e9s, nincs hat\u00e1ssal a kis\u00fct\u00e9sre.<br \/>\n3. K\u00e9nyszerkis\u00fcl\u00e9s, \u00e9rz\u00e9keny akci\u00f3. K\u00e9t t\u00f6m\u00edt\u00e9st haszn\u00e1lnak, hogy megakad\u00e1lyozz\u00e1k a ki\u00fcr\u00edtett visszafoly\u00e1st.<br \/>\n4. Az adagol\u00f3szelepek az egyes ken\u00e9si pontok ig\u00e9nyei alapj\u00e1n v\u00e1laszthat\u00f3k ki, \u00e9s az MGJ csom\u00f3ponttal kombin\u00e1lva, sorosan vagy p\u00e1rhuzamosan haszn\u00e1lhat\u00f3k.<br \/>\n5. H\u00fcvely t\u00edpusa: A \u03a64 nylon cs\u00f6vet PA-4 csatlakoz\u00f3val \u00e9s PB-4 kett\u0151s k\u00fapos \u00e9rv\u00e9gh\u00fcvellyel kell kombin\u00e1lni. Gyors bedughat\u00f3 t\u00edpus: \u03a64 nyloncs\u0151 behelyezhet\u0151.<br \/>\n6. NLGI 000#, 00# zs\u00edrhoz alkalmazhat\u00f3.<\/p>\n<h2>Specifik\u00e1ci\u00f3<\/h2>\n<table>\n<tbody>\n<tr>\n<td>M\u0171k\u00f6d\u00e9si elv<\/td>\n<td>Nyom\u00e1scs\u00f6kkent\u0151 adagol\u00f3szelep<\/td>\n<\/tr>\n<tr>\n<td>Az \u00fczletek sz\u00e1ma<\/td>\n<td>1~12<\/td>\n<\/tr>\n<tr>\n<td>M\u00e9r\u00e9si mennyis\u00e9g<\/td>\n<td>0,03, 0,05, 0,13, 0,20, 0,30, 0,50 ml\/ciklus<\/td>\n<\/tr>\n<tr>\n<td>Ken\u0151anyag<\/td>\n<td>NLGI 000#, 00# zs\u00edr.<\/td>\n<\/tr>\n<tr>\n<td>\u00dczemi h\u0151m\u00e9rs\u00e9klet<\/td>\n<td>-20 \u00e9s +80 \u00b0C k\u00f6z\u00f6tt<\/td>\n<\/tr>\n<tr>\n<td>\u00dczemi nyom\u00e1s<\/td>\n<td>0,5-1,5 MPa<\/td>\n<\/tr>\n<tr>\n<td>Anyag<\/td>\n<td>R\u00e9z, alum\u00ednium<\/td>\n<\/tr>\n<tr>\n<td>Csatlakoz\u00f3 kimenet<\/td>\n<td>Bemenet Rc1\/8, Kimenet \u03a64 (Rc1\/8)<\/td>\n<\/tr>\n<tr>\n<td>Kimeneti szerelv\u00e9nyek<\/td>\n<td>Ujj t\u00edpus, Gyors t\u00edpus<\/td>\n<\/tr>\n<tr>\n<td>Be\u00e9p\u00edt\u00e9si helyzet<\/td>\n<td>B\u00e1rmilyen<\/td>\n<\/tr>\n<\/tbody>\n<\/table>\n<h2>Hibaelh\u00e1r\u00edt\u00e1s<\/h2>\n<p><span id=\"input-sentence~0\">Regular Inspection: Grease distributor wear, damage, and leakage should be checked, and all the connections must be tightened and aligned correctly.<br \/>\nLubrication: The right type of grease applied to the distributor by the manufacturer&#8217;s instructions would lower friction and wear.<\/span><span id=\"input-sentence~1\"><br \/>\nCleaning: The grease distributor needs regular cleaning and its parts, as dirt, debris, or old grease might adversely affect the functioning of this part.<br \/>\nReplacement of Parts: Replace worn-out or damaged parts like seals or O-rings to avoid leakage and loss of efficiency.<br \/>\nPressure Checks: Operating and reset pressures should be monitored for the specified range.<\/span><\/p>\n<h2>K\u00e9zik\u00f6nyvek<\/h2>\n<div class=\"sdm_download_button_box_default\"><div class=\"sdm_download_link\"><a href=\"https:\/\/www.jinpinlub.com\/hu\/?sdm_process_download=1&download_id=2470\" class=\"sdm_download white\" title=\"Mag\u00e1n: MGK Metering Valve\" target=\"&quot;_blank&quot;\">Adatlap megtekint\u00e9se - MGK adagol\u00f3szelep<\/a><\/div><\/div>","protected":false},"excerpt":{"rendered":"<p>Grease PDI valves MG\/MGC are part of positive displacement single-line lubrication systems. These valves are designed for centralized lubrication systems to ensure a continuous and economical grease supply. They are available in various models with different discharge.<\/p>","protected":false},"featured_media":3915,"template":"","meta":{"ocean_post_layout":"","ocean_both_sidebars_style":"","ocean_both_sidebars_content_width":0,"ocean_both_sidebars_sidebars_width":0,"ocean_sidebar":"0","ocean_second_sidebar":"0","ocean_disable_margins":"enable","ocean_add_body_class":"","ocean_shortcode_before_top_bar":"","ocean_shortcode_after_top_bar":"","ocean_shortcode_before_header":"","ocean_shortcode_after_header":"","ocean_has_shortcode":"","ocean_shortcode_after_title":"","ocean_shortcode_before_footer_widgets":"","ocean_shortcode_after_footer_widgets":"","ocean_shortcode_before_footer_bottom":"","ocean_shortcode_after_footer_bottom":"","ocean_display_top_bar":"default","ocean_display_header":"default","ocean_header_style":"","ocean_center_header_left_menu":"0","ocean_custom_header_template":"0","ocean_custom_logo":0,"ocean_custom_retina_logo":0,"ocean_custom_logo_max_width":0,"ocean_custom_logo_tablet_max_width":0,"ocean_custom_logo_mobile_max_width":0,"ocean_custom_logo_max_height":0,"ocean_custom_logo_tablet_max_height":0,"ocean_custom_logo_mobile_max_height":0,"ocean_header_custom_menu":"0","ocean_menu_typo_font_family":"0","ocean_menu_typo_font_subset":"","ocean_menu_typo_font_size":0,"ocean_menu_typo_font_size_tablet":0,"ocean_menu_typo_font_size_mobile":0,"ocean_menu_typo_font_size_unit":"px","ocean_menu_typo_font_weight":"","ocean_menu_typo_font_weight_tablet":"","ocean_menu_typo_font_weight_mobile":"","ocean_menu_typo_transform":"","ocean_menu_typo_transform_tablet":"","ocean_menu_typo_transform_mobile":"","ocean_menu_typo_line_height":0,"ocean_menu_typo_line_height_tablet":0,"ocean_menu_typo_line_height_mobile":0,"ocean_menu_typo_line_height_unit":"","ocean_menu_typo_spacing":0,"ocean_menu_typo_spacing_tablet":0,"ocean_menu_typo_spacing_mobile":0,"ocean_menu_typo_spacing_unit":"","ocean_menu_link_color":"","ocean_menu_link_color_hover":"","ocean_menu_link_color_active":"","ocean_menu_link_background":"","ocean_menu_link_hover_background":"","ocean_menu_link_active_background":"","ocean_menu_social_links_bg":"","ocean_menu_social_hover_links_bg":"","ocean_menu_social_links_color":"","ocean_menu_social_hover_links_color":"","ocean_disable_title":"default","ocean_disable_heading":"default","ocean_post_title":"","ocean_post_subheading":"","ocean_post_title_style":"","ocean_post_title_background_color":"","ocean_post_title_background":0,"ocean_post_title_bg_image_position":"","ocean_post_title_bg_image_attachment":"","ocean_post_title_bg_image_repeat":"","ocean_post_title_bg_image_size":"","ocean_post_title_height":0,"ocean_post_title_bg_overlay":0.5,"ocean_post_title_bg_overlay_color":"","ocean_disable_breadcrumbs":"default","ocean_breadcrumbs_color":"","ocean_breadcrumbs_separator_color":"","ocean_breadcrumbs_links_color":"","ocean_breadcrumbs_links_hover_color":"","ocean_display_footer_widgets":"default","ocean_display_footer_bottom":"default","ocean_custom_footer_template":"0","osh_disable_topbar_sticky":"default","osh_disable_header_sticky":"default","osh_sticky_header_style":"default","osh_sticky_header_effect":"","osh_custom_sticky_logo":0,"osh_custom_retina_sticky_logo":0,"osh_custom_sticky_logo_height":0,"osh_background_color":"","osh_links_color":"","osh_links_hover_color":"","osh_links_active_color":"","osh_links_bg_color":"","osh_links_hover_bg_color":"","osh_links_active_bg_color":"","osh_menu_social_links_color":"","osh_menu_social_hover_links_color":""},"product_brand":[],"product_cat":[40,37],"product_tag":[87,97,361,85,86],"class_list":{"0":"post-3911","1":"product","2":"type-product","3":"status-publish","4":"has-post-thumbnail","6":"product_cat-pressure-relief-metering-valves","7":"product_cat-single-line-grease-systems","8":"product_tag-grease-distributor","9":"product_tag-grease-injector","10":"product_tag-metering-valves","11":"product_tag-pressure-relief-metering-valve","12":"product_tag-single-line-distributor","14":"entry","15":"has-media","17":"first","18":"instock","19":"shipping-taxable","20":"product-type-external","21":"col","22":"span_1_of_3","23":"owp-content-center","24":"owp-thumbs-layout-horizontal","25":"owp-btn-very-big","26":"owp-tabs-layout-horizontal"},"_links":{"self":[{"href":"https:\/\/www.jinpinlub.com\/hu\/wp-json\/wp\/v2\/product\/3911","targetHints":{"allow":["GET"]}}],"collection":[{"href":"https:\/\/www.jinpinlub.com\/hu\/wp-json\/wp\/v2\/product"}],"about":[{"href":"https:\/\/www.jinpinlub.com\/hu\/wp-json\/wp\/v2\/types\/product"}],"wp:featuredmedia":[{"embeddable":true,"href":"https:\/\/www.jinpinlub.com\/hu\/wp-json\/wp\/v2\/media\/3915"}],"wp:attachment":[{"href":"https:\/\/www.jinpinlub.com\/hu\/wp-json\/wp\/v2\/media?parent=3911"}],"wp:term":[{"taxonomy":"product_brand","embeddable":true,"href":"https:\/\/www.jinpinlub.com\/hu\/wp-json\/wp\/v2\/product_brand?post=3911"},{"taxonomy":"product_cat","embeddable":true,"href":"https:\/\/www.jinpinlub.com\/hu\/wp-json\/wp\/v2\/product_cat?post=3911"},{"taxonomy":"product_tag","embeddable":true,"href":"https:\/\/www.jinpinlub.com\/hu\/wp-json\/wp\/v2\/product_tag?post=3911"}],"curies":[{"name":"wp","href":"https:\/\/api.w.org\/{rel}","templated":true}]}}