{"id":3916,"date":"2024-11-29T23:45:15","date_gmt":"2024-11-29T15:45:15","guid":{"rendered":"https:\/\/www.jinpinlub.com\/?post_type=product&#038;p=3916"},"modified":"2024-12-01T03:26:42","modified_gmt":"2024-11-30T19:26:42","slug":"mgk-12-detachable-pressurized-grease-distribution-injector","status":"publish","type":"product","link":"https:\/\/www.jinpinlub.com\/hu\/product\/mgk-12-detachable-pressurized-grease-distribution-injector\/","title":{"rendered":"MGK-12 levehet\u0151 nyom\u00e1s alatti zs\u00edreloszt\u00f3 befecskendez\u0151"},"content":{"rendered":"<h2>Funkci\u00f3<\/h2>\n<p>MGK oil distributor is suitable for lubricant NLGI 000#, 00#, and needs to be used with a positive displacement lubrication pump.<br \/>\nMG pressurized lubricant metering valve discharges lubricant when the lubrication system is pressurized, and the metering valve stores oil inside when the system is depressurized. It is suitable for volumetric periodic lubrication systems.<br \/>\nMGK distributor can quantitatively deliver lubricating oil to lubrication points according to the selected output volume. It is suitable for lubrication systems with working pressure of 1.0-3.5MPa and has high precision.<br \/>\nThis metering valve has 10 output volume models, all with M8*1 internal threads, connected to 4mm nylon tubes or copper and aluminum tubes. The metering valve is divided into 3, 5, 10, 20, 30, and 50 according to the output mark, and for the outlet outlet fittings, there are sleeve type and quick plug type options.<\/p>\n<h2>Specifik\u00e1ci\u00f3<\/h2>\n<table>\n<tbody>\n<tr>\n<td>M\u0171k\u00f6d\u00e9si elv<\/td>\n<td>Nyom\u00e1scs\u00f6kkent\u0151 adagol\u00f3szelep<\/td>\n<\/tr>\n<tr>\n<td>Az \u00fczletek sz\u00e1ma<\/td>\n<td>1~12<\/td>\n<\/tr>\n<tr>\n<td>M\u00e9r\u00e9si mennyis\u00e9g<\/td>\n<td>0,03, 0,05, 0,13, 0,20, 0,30, 0,50 ml\/ciklus<\/td>\n<\/tr>\n<tr>\n<td>Ken\u0151anyag<\/td>\n<td>NLGI 000#, 00# zs\u00edr.<\/td>\n<\/tr>\n<tr>\n<td>\u00dczemi h\u0151m\u00e9rs\u00e9klet<\/td>\n<td>-20 \u00e9s +80 \u00b0C k\u00f6z\u00f6tt<\/td>\n<\/tr>\n<tr>\n<td>\u00dczemi nyom\u00e1s<\/td>\n<td>0,5-1,5 MPa<\/td>\n<\/tr>\n<tr>\n<td>Anyag<\/td>\n<td>R\u00e9z, alum\u00ednium<\/td>\n<\/tr>\n<tr>\n<td>Csatlakoz\u00f3 kimenet<\/td>\n<td>Bemenet Rc1\/8, Kimenet \u03a64 (Rc1\/8)<\/td>\n<\/tr>\n<tr>\n<td>Kimeneti szerelv\u00e9nyek<\/td>\n<td>Ujj t\u00edpus, Gyors t\u00edpus<\/td>\n<\/tr>\n<tr>\n<td>Be\u00e9p\u00edt\u00e9si helyzet<\/td>\n<td>B\u00e1rmilyen<\/td>\n<\/tr>\n<\/tbody>\n<\/table>\n<h2>Alapelv<\/h2>\n<p>When the lubrication pump is working and pressurized, the lube distributor delivers the quantitative lubricant stored inside to the lubrication point. After the quantitative lubricant inside is delivered, it stops outputting, achieving the effect of quantitative and accurate oil delivery every time. After the lubrication pump stops working (depressurization), the main lube pipe is depressurized, the piston of the distributor is reset, and new oil enters the piston cylinder at the same time. After the oil storage is completed, wait for the lubrication pump to work and inject the quantitative lubricant in the piston cylinder into the lubrication point.<\/p>\n<h2>K\u00e9zik\u00f6nyvek<\/h2>\n<div class=\"sdm_download_button_box_default\"><div class=\"sdm_download_link\"><a href=\"https:\/\/www.jinpinlub.com\/hu\/?sdm_process_download=1&download_id=2470\" class=\"sdm_download white\" title=\"Mag\u00e1n: MGK Metering Valve\" target=\"&quot;_blank&quot;\">Adatlap megtekint\u00e9se - MGK adagol\u00f3szelep<\/a><\/div><\/div>","protected":false},"excerpt":{"rendered":"<p>MGK is a detachable pressurized distributor with a disassembled metering valve. The metering valve has a fixed output per cycle. The number of outlets of distributor can be based on the combination of use, and different flow rates can be selected for each outlet.<\/p>","protected":false},"featured_media":3919,"template":"","meta":{"ocean_post_layout":"","ocean_both_sidebars_style":"","ocean_both_sidebars_content_width":0,"ocean_both_sidebars_sidebars_width":0,"ocean_sidebar":"0","ocean_second_sidebar":"0","ocean_disable_margins":"enable","ocean_add_body_class":"","ocean_shortcode_before_top_bar":"","ocean_shortcode_after_top_bar":"","ocean_shortcode_before_header":"","ocean_shortcode_after_header":"","ocean_has_shortcode":"","ocean_shortcode_after_title":"","ocean_shortcode_before_footer_widgets":"","ocean_shortcode_after_footer_widgets":"","ocean_shortcode_before_footer_bottom":"","ocean_shortcode_after_footer_bottom":"","ocean_display_top_bar":"default","ocean_display_header":"default","ocean_header_style":"","ocean_center_header_left_menu":"0","ocean_custom_header_template":"0","ocean_custom_logo":0,"ocean_custom_retina_logo":0,"ocean_custom_logo_max_width":0,"ocean_custom_logo_tablet_max_width":0,"ocean_custom_logo_mobile_max_width":0,"ocean_custom_logo_max_height":0,"ocean_custom_logo_tablet_max_height":0,"ocean_custom_logo_mobile_max_height":0,"ocean_header_custom_menu":"0","ocean_menu_typo_font_family":"0","ocean_menu_typo_font_subset":"","ocean_menu_typo_font_size":0,"ocean_menu_typo_font_size_tablet":0,"ocean_menu_typo_font_size_mobile":0,"ocean_menu_typo_font_size_unit":"px","ocean_menu_typo_font_weight":"","ocean_menu_typo_font_weight_tablet":"","ocean_menu_typo_font_weight_mobile":"","ocean_menu_typo_transform":"","ocean_menu_typo_transform_tablet":"","ocean_menu_typo_transform_mobile":"","ocean_menu_typo_line_height":0,"ocean_menu_typo_line_height_tablet":0,"ocean_menu_typo_line_height_mobile":0,"ocean_menu_typo_line_height_unit":"","ocean_menu_typo_spacing":0,"ocean_menu_typo_spacing_tablet":0,"ocean_menu_typo_spacing_mobile":0,"ocean_menu_typo_spacing_unit":"","ocean_menu_link_color":"","ocean_menu_link_color_hover":"","ocean_menu_link_color_active":"","ocean_menu_link_background":"","ocean_menu_link_hover_background":"","ocean_menu_link_active_background":"","ocean_menu_social_links_bg":"","ocean_menu_social_hover_links_bg":"","ocean_menu_social_links_color":"","ocean_menu_social_hover_links_color":"","ocean_disable_title":"default","ocean_disable_heading":"default","ocean_post_title":"","ocean_post_subheading":"","ocean_post_title_style":"","ocean_post_title_background_color":"","ocean_post_title_background":0,"ocean_post_title_bg_image_position":"","ocean_post_title_bg_image_attachment":"","ocean_post_title_bg_image_repeat":"","ocean_post_title_bg_image_size":"","ocean_post_title_height":0,"ocean_post_title_bg_overlay":0.5,"ocean_post_title_bg_overlay_color":"","ocean_disable_breadcrumbs":"default","ocean_breadcrumbs_color":"","ocean_breadcrumbs_separator_color":"","ocean_breadcrumbs_links_color":"","ocean_breadcrumbs_links_hover_color":"","ocean_display_footer_widgets":"default","ocean_display_footer_bottom":"default","ocean_custom_footer_template":"0","osh_disable_topbar_sticky":"default","osh_disable_header_sticky":"default","osh_sticky_header_style":"default","osh_sticky_header_effect":"","osh_custom_sticky_logo":0,"osh_custom_retina_sticky_logo":0,"osh_custom_sticky_logo_height":0,"osh_background_color":"","osh_links_color":"","osh_links_hover_color":"","osh_links_active_color":"","osh_links_bg_color":"","osh_links_hover_bg_color":"","osh_links_active_bg_color":"","osh_menu_social_links_color":"","osh_menu_social_hover_links_color":""},"product_brand":[],"product_cat":[40,37],"product_tag":[141,362,240,360,363],"class_list":{"0":"post-3916","1":"product","2":"type-product","3":"status-publish","4":"has-post-thumbnail","6":"product_cat-pressure-relief-metering-valves","7":"product_cat-single-line-grease-systems","8":"product_tag-lubrication-distributor","9":"product_tag-metering-device","10":"product_tag-pressurized-distributor","11":"product_tag-pressurized-injector","12":"product_tag-quantitative-valve","14":"entry","15":"has-media","17":"first","18":"instock","19":"shipping-taxable","20":"product-type-external","21":"col","22":"span_1_of_3","23":"owp-content-center","24":"owp-thumbs-layout-horizontal","25":"owp-btn-very-big","26":"owp-tabs-layout-horizontal"},"_links":{"self":[{"href":"https:\/\/www.jinpinlub.com\/hu\/wp-json\/wp\/v2\/product\/3916","targetHints":{"allow":["GET"]}}],"collection":[{"href":"https:\/\/www.jinpinlub.com\/hu\/wp-json\/wp\/v2\/product"}],"about":[{"href":"https:\/\/www.jinpinlub.com\/hu\/wp-json\/wp\/v2\/types\/product"}],"wp:featuredmedia":[{"embeddable":true,"href":"https:\/\/www.jinpinlub.com\/hu\/wp-json\/wp\/v2\/media\/3919"}],"wp:attachment":[{"href":"https:\/\/www.jinpinlub.com\/hu\/wp-json\/wp\/v2\/media?parent=3916"}],"wp:term":[{"taxonomy":"product_brand","embeddable":true,"href":"https:\/\/www.jinpinlub.com\/hu\/wp-json\/wp\/v2\/product_brand?post=3916"},{"taxonomy":"product_cat","embeddable":true,"href":"https:\/\/www.jinpinlub.com\/hu\/wp-json\/wp\/v2\/product_cat?post=3916"},{"taxonomy":"product_tag","embeddable":true,"href":"https:\/\/www.jinpinlub.com\/hu\/wp-json\/wp\/v2\/product_tag?post=3916"}],"curies":[{"name":"wp","href":"https:\/\/api.w.org\/{rel}","templated":true}]}}