{"id":3922,"date":"2024-11-30T02:48:33","date_gmt":"2024-11-29T18:48:33","guid":{"rendered":"https:\/\/www.jinpinlub.com\/?post_type=product&#038;p=3922"},"modified":"2024-12-01T03:28:41","modified_gmt":"2024-11-30T19:28:41","slug":"mok-5-metering-valve-for-positive-displacement-lube-system","status":"publish","type":"product","link":"https:\/\/www.jinpinlub.com\/hu\/product\/mok-5-metering-valve-for-positive-displacement-lube-system\/","title":{"rendered":"MOK-5 adagol\u00f3szelep a kiszor\u00edt\u00e1sos ken\u0151rendszerhez"},"content":{"rendered":"<h2>Funkci\u00f3<\/h2>\n<p>Prec\u00edz vez\u00e9rl\u00e9s: Az eloszt\u00f3 dugatty\u00faj\u00e1nak mozg\u00e1sa biztos\u00edtja a pontos olajmennyis\u00e9get minden ciklusban.<br \/>\n\u00c1lland\u00f3s\u00e1g: Az eloszt\u00f3t \u00fagy tervezt\u00e9k, hogy garant\u00e1lja az \u00e1lland\u00f3 ken\u00e9st, ami fontos a g\u00e9pek megb\u00edzhat\u00f3 m\u0171k\u00f6d\u00e9s\u00e9hez.<br \/>\nMegb\u00edzhat\u00f3s\u00e1g: A pozit\u00edv elmozdul\u00e1snak k\u00f6sz\u00f6nhet\u0151en, m\u00e9g a nyom\u00e1sv\u00e1ltoz\u00e1s mellett is, a sz\u00e1ll\u00edtott olaj mennyis\u00e9ge \u00e1lland\u00f3 marad.<br \/>\nSokoldal\u00fas\u00e1g: Biztos\u00edtja, hogy az ipari g\u00e9pek kritikus alkatr\u00e9szei mindig j\u00f3l kenve legyenek a kop\u00e1s elker\u00fcl\u00e9se \u00e9rdek\u00e9ben. Ken\u0151rendszerekben haszn\u00e1lj\u00e1k az aut\u00f3motor \u00e9s m\u00e1s mozg\u00f3 alkatr\u00e9szek karbantart\u00e1s\u00e1ra. A ken\u0151anyag pontos adagol\u00e1s\u00e1val biztos\u00edtja a gy\u00e1rt\u00f3berendez\u00e9sek m\u0171k\u00f6d\u00e9s\u00e9t.<\/p>\n<h2>Specifik\u00e1ci\u00f3<\/h2>\n<table>\n<tbody>\n<tr>\n<td>M\u0171k\u00f6d\u00e9si elv<\/td>\n<td>Nyom\u00e1scs\u00f6kkent\u0151 adagol\u00f3szelep<\/td>\n<\/tr>\n<tr>\n<td>Az \u00fczletek sz\u00e1ma<\/td>\n<td>1~12<\/td>\n<\/tr>\n<tr>\n<td>M\u00e9r\u00e9si mennyis\u00e9g<\/td>\n<td>0,03, 0,05, 0,13, 0,20, 0,30, 0,50 ml\/ciklus<\/td>\n<\/tr>\n<tr>\n<td>Ken\u0151anyag<\/td>\n<td>15-90 CSt@40\u2103<\/td>\n<\/tr>\n<tr>\n<td>\u00dczemi h\u0151m\u00e9rs\u00e9klet<\/td>\n<td>-20 \u00e9s +80 \u00b0C k\u00f6z\u00f6tt<\/td>\n<\/tr>\n<tr>\n<td>\u00dczemi nyom\u00e1s<\/td>\n<td>Minimum 1,0 MPa<\/td>\n<\/tr>\n<tr>\n<td>Anyag<\/td>\n<td>R\u00e9z, alum\u00ednium<\/td>\n<\/tr>\n<tr>\n<td>Csatlakoz\u00f3 kimenet<\/td>\n<td>Bemenet Rc1\/8, Kimenet \u03a64 (Rc1\/8)<\/td>\n<\/tr>\n<tr>\n<td>Kimeneti szerelv\u00e9nyek<\/td>\n<td>Ujj t\u00edpus, Gyors t\u00edpus<\/td>\n<\/tr>\n<tr>\n<td>Be\u00e9p\u00edt\u00e9si helyzet<\/td>\n<td>B\u00e1rmilyen<\/td>\n<\/tr>\n<\/tbody>\n<\/table>\n<h2>Alapelv<\/h2>\n<p><span id=\"input-sentence~0\">Olajtart\u00e1ly \u00e9s sz\u00edv\u00e1s: Az adagol\u00f3szelep dugatty\u00faja elmozdul, amikor a rendszer be van kapcsolva, \u00e9s v\u00e1kuumot hoz l\u00e9tre, amely az olajat a tart\u00e1lyb\u00f3l a kamr\u00e1ba sz\u00edvja.<br \/>\nA kamra felt\u00f6lt\u00e9se: Ahogy az adagol\u00f3szelep dugatty\u00faja visszah\u00faz\u00f3dik, megny\u00edlik egy bemeneti ny\u00edl\u00e1s, amelyen kereszt\u00fcl az olaj a kamr\u00e1ba \u00e1ramlik.<\/span><span id=\"input-sentence~1\"> A kamr\u00e1ba jut\u00f3 olaj mennyis\u00e9g\u00e9t pontosan szab\u00e1lyozz\u00e1k a pontos adagol\u00e1s \u00e9rdek\u00e9ben.<br \/>\nKompresszi\u00f3 \u00e9s befecskendez\u00e9s: Miut\u00e1n a kamra megtelt a sz\u00fcks\u00e9ges mennyis\u00e9g\u0171 olajjal, a dugatty\u00fa el\u0151re mozdul. Ez az el\u0151re ir\u00e1nyul\u00f3 mozg\u00e1s lez\u00e1rja a bemeneti ny\u00edl\u00e1st, \u00e9s \u00f6sszenyomja az olajat a kamr\u00e1ban.<\/span><span id=\"input-sentence~2\"><br \/>\nKi\u00f6ml\u00e9s: A s\u0171r\u00edtett olaj a kimeneti ny\u00edl\u00e1son kereszt\u00fcl t\u00e1vozik. Ez a kimeneti ny\u00edl\u00e1s vezet a ken\u00e9si ponthoz, ahol az olajra sz\u00fcks\u00e9g van.<br \/>\nVissza\u00e1ll\u00edt\u00f3 mechanizmus: Az olaj ki\u00fcr\u00edt\u00e9se ut\u00e1n a dugatty\u00fa vissza\u00e1ll eredeti helyzet\u00e9be. Ez a vissza\u00e1ll\u00edt\u00e1s lehet\u0151v\u00e9 teszi, hogy a kamra \u00fajrat\u00f6lt\u0151dj\u00f6n olajjal a k\u00f6vetkez\u0151 ciklushoz.<\/span><\/p>\n<h2>K\u00e9zik\u00f6nyvek<\/h2>\n<div class=\"sdm_download_button_box_default\"><div class=\"sdm_download_link\"><a href=\"https:\/\/www.jinpinlub.com\/hu\/?sdm_process_download=1&download_id=3886\" class=\"sdm_download white\" title=\"Mag\u00e1n: MOK Metering Valve\" target=\"&quot;_blank&quot;\">Adatlap megtekint\u00e9se - MOK adagol\u00f3szelep<\/a><\/div><\/div>","protected":false},"excerpt":{"rendered":"<p>Az MO2\/MO2C pozit\u00edv kiszor\u00edt\u00e1s\u00fa befecskendez\u0151 szelep egy mechanikus adagol\u00f3szelep olajken\u0151 rendszerekhez. Ez az adagol\u00f3szelep egy alum\u00ednium csatlakoz\u00f3blokkal kombin\u00e1lva 1-12 pontos nyom\u00e1s\u00fa olajeloszt\u00f3t alkothat volumetrikus ken\u0151rendszerekben val\u00f3 haszn\u00e1latra.<\/p>","protected":false},"featured_media":3926,"template":"","meta":{"ocean_post_layout":"","ocean_both_sidebars_style":"","ocean_both_sidebars_content_width":0,"ocean_both_sidebars_sidebars_width":0,"ocean_sidebar":"0","ocean_second_sidebar":"0","ocean_disable_margins":"enable","ocean_add_body_class":"","ocean_shortcode_before_top_bar":"","ocean_shortcode_after_top_bar":"","ocean_shortcode_before_header":"","ocean_shortcode_after_header":"","ocean_has_shortcode":"","ocean_shortcode_after_title":"","ocean_shortcode_before_footer_widgets":"","ocean_shortcode_after_footer_widgets":"","ocean_shortcode_before_footer_bottom":"","ocean_shortcode_after_footer_bottom":"","ocean_display_top_bar":"default","ocean_display_header":"default","ocean_header_style":"","ocean_center_header_left_menu":"0","ocean_custom_header_template":"0","ocean_custom_logo":0,"ocean_custom_retina_logo":0,"ocean_custom_logo_max_width":0,"ocean_custom_logo_tablet_max_width":0,"ocean_custom_logo_mobile_max_width":0,"ocean_custom_logo_max_height":0,"ocean_custom_logo_tablet_max_height":0,"ocean_custom_logo_mobile_max_height":0,"ocean_header_custom_menu":"0","ocean_menu_typo_font_family":"0","ocean_menu_typo_font_subset":"","ocean_menu_typo_font_size":0,"ocean_menu_typo_font_size_tablet":0,"ocean_menu_typo_font_size_mobile":0,"ocean_menu_typo_font_size_unit":"px","ocean_menu_typo_font_weight":"","ocean_menu_typo_font_weight_tablet":"","ocean_menu_typo_font_weight_mobile":"","ocean_menu_typo_transform":"","ocean_menu_typo_transform_tablet":"","ocean_menu_typo_transform_mobile":"","ocean_menu_typo_line_height":0,"ocean_menu_typo_line_height_tablet":0,"ocean_menu_typo_line_height_mobile":0,"ocean_menu_typo_line_height_unit":"","ocean_menu_typo_spacing":0,"ocean_menu_typo_spacing_tablet":0,"ocean_menu_typo_spacing_mobile":0,"ocean_menu_typo_spacing_unit":"","ocean_menu_link_color":"","ocean_menu_link_color_hover":"","ocean_menu_link_color_active":"","ocean_menu_link_background":"","ocean_menu_link_hover_background":"","ocean_menu_link_active_background":"","ocean_menu_social_links_bg":"","ocean_menu_social_hover_links_bg":"","ocean_menu_social_links_color":"","ocean_menu_social_hover_links_color":"","ocean_disable_title":"default","ocean_disable_heading":"default","ocean_post_title":"","ocean_post_subheading":"","ocean_post_title_style":"","ocean_post_title_background_color":"","ocean_post_title_background":0,"ocean_post_title_bg_image_position":"","ocean_post_title_bg_image_attachment":"","ocean_post_title_bg_image_repeat":"","ocean_post_title_bg_image_size":"","ocean_post_title_height":0,"ocean_post_title_bg_overlay":0.5,"ocean_post_title_bg_overlay_color":"","ocean_disable_breadcrumbs":"default","ocean_breadcrumbs_color":"","ocean_breadcrumbs_separator_color":"","ocean_breadcrumbs_links_color":"","ocean_breadcrumbs_links_hover_color":"","ocean_display_footer_widgets":"default","ocean_display_footer_bottom":"default","ocean_custom_footer_template":"0","osh_disable_topbar_sticky":"default","osh_disable_header_sticky":"default","osh_sticky_header_style":"default","osh_sticky_header_effect":"","osh_custom_sticky_logo":0,"osh_custom_retina_sticky_logo":0,"osh_custom_sticky_logo_height":0,"osh_background_color":"","osh_links_color":"","osh_links_hover_color":"","osh_links_active_color":"","osh_links_bg_color":"","osh_links_hover_bg_color":"","osh_links_active_bg_color":"","osh_menu_social_links_color":"","osh_menu_social_hover_links_color":""},"product_brand":[],"product_cat":[49,47],"product_tag":[139,229,364,82,240],"class_list":{"0":"post-3922","1":"product","2":"type-product","3":"status-publish","4":"has-post-thumbnail","6":"product_cat-volumetric-oil-injectors","7":"product_cat-volumetric-thin-oil-systems","8":"product_tag-oil-distributor","9":"product_tag-oil-metering-valve","10":"product_tag-positive-displacement-distributor","11":"product_tag-positive-displacement-injector","12":"product_tag-pressurized-distributor","14":"entry","15":"has-media","17":"first","18":"instock","19":"shipping-taxable","20":"product-type-external","21":"col","22":"span_1_of_3","23":"owp-content-center","24":"owp-thumbs-layout-horizontal","25":"owp-btn-very-big","26":"owp-tabs-layout-horizontal"},"_links":{"self":[{"href":"https:\/\/www.jinpinlub.com\/hu\/wp-json\/wp\/v2\/product\/3922","targetHints":{"allow":["GET"]}}],"collection":[{"href":"https:\/\/www.jinpinlub.com\/hu\/wp-json\/wp\/v2\/product"}],"about":[{"href":"https:\/\/www.jinpinlub.com\/hu\/wp-json\/wp\/v2\/types\/product"}],"wp:featuredmedia":[{"embeddable":true,"href":"https:\/\/www.jinpinlub.com\/hu\/wp-json\/wp\/v2\/media\/3926"}],"wp:attachment":[{"href":"https:\/\/www.jinpinlub.com\/hu\/wp-json\/wp\/v2\/media?parent=3922"}],"wp:term":[{"taxonomy":"product_brand","embeddable":true,"href":"https:\/\/www.jinpinlub.com\/hu\/wp-json\/wp\/v2\/product_brand?post=3922"},{"taxonomy":"product_cat","embeddable":true,"href":"https:\/\/www.jinpinlub.com\/hu\/wp-json\/wp\/v2\/product_cat?post=3922"},{"taxonomy":"product_tag","embeddable":true,"href":"https:\/\/www.jinpinlub.com\/hu\/wp-json\/wp\/v2\/product_tag?post=3922"}],"curies":[{"name":"wp","href":"https:\/\/api.w.org\/{rel}","templated":true}]}}