{"id":3943,"date":"2024-11-30T11:25:08","date_gmt":"2024-11-30T03:25:08","guid":{"rendered":"https:\/\/www.jinpinlub.com\/?post_type=product&#038;p=3943"},"modified":"2024-12-01T03:29:03","modified_gmt":"2024-11-30T19:29:03","slug":"msk-leveheto-vekony-olajos-kenoanyag-terfogateloszto","status":"publish","type":"product","link":"https:\/\/www.jinpinlub.com\/hu\/product\/msk-detachable-thin-oil-lubrication-volumetric-distributor\/","title":{"rendered":"MSK levehet\u0151 v\u00e9kony olajos ken\u0151anyag t\u00e9rfogateloszt\u00f3"},"content":{"rendered":"<h2>Funkci\u00f3<\/h2>\n<p>V\u00e1ltozatos \u00fcr\u00edt\u00e9si mennyis\u00e9g: Az MSK sorozat\u00fa olajeloszt\u00f3 l\u00f6ketenk\u00e9nt 0,01 \u00e9s 1,5 ml k\u00f6z\u00f6tt v\u00e1ltozatos kibocs\u00e1t\u00e1si mennyis\u00e9geket k\u00edn\u00e1l, kiel\u00e9g\u00edtve a k\u00fcl\u00f6nb\u00f6z\u0151 helyzetekben felmer\u00fcl\u0151 ken\u00e9si ig\u00e9nyeket.<br \/>\n\u00dczemi nyom\u00e1s \u00e9s ellennyom\u00e1s: Ennek a sorozatnak az olajszelep\u00e9nek \u00fczemi nyom\u00e1sa f\u0151k\u00e9nt 1,0 MPa, az ellennyom\u00e1s pedig 0,3 MPa, hogy az eloszt\u00f3 folyamatosan m\u0171k\u00f6dj\u00f6n.<br \/>\nAnyaga: Az MSK sorozat\u00fa olajeloszt\u00f3 teste s\u00e1rgar\u00e9zb\u0151l k\u00e9sz\u00fcl, amely j\u00f3 korr\u00f3zi\u00f3\u00e1ll\u00f3s\u00e1ggal \u00e9s mechanikai tulajdons\u00e1gokkal rendelkezik.<br \/>\nModell- \u00e9s cikksz\u00e1m: Az MSK olajforgalmaz\u00f3 sz\u00e1mos modellt k\u00edn\u00e1l, minden modellnek megvan a megfelel\u0151 cikksz\u00e1ma, amely k\u00e9nyelmes a felhaszn\u00e1l\u00f3k sz\u00e1m\u00e1ra a megfelel\u0151 modell kiv\u00e1laszt\u00e1s\u00e1hoz \u00e9s ig\u00e9nyeinek megfelel\u0151 megrendel\u00e9shez.<br \/>\nKarbantart\u00e1sbar\u00e1t: Az MSK olajeloszt\u00f3t \u00fagy tervezt\u00e9k, hogy k\u00f6nnyen \u00f6ssze- \u00e9s sz\u00e9tszerelhet\u0151 legyen, egyszer\u0171v\u00e9 t\u00e9ve a karbantart\u00e1st \u00e9s minimaliz\u00e1lva az \u00e1ll\u00e1sid\u0151t.<\/p>\n<h2>Specifik\u00e1ci\u00f3<\/h2>\n<table>\n<tbody>\n<tr>\n<td>M\u0171k\u00f6d\u00e9si elv<\/td>\n<td>Pozit\u00edv elmozdul\u00e1s\u00fa injektor<\/td>\n<\/tr>\n<tr>\n<td>Az \u00fczletek sz\u00e1ma<\/td>\n<td>1~12<\/td>\n<\/tr>\n<tr>\n<td>M\u00e9r\u00e9si mennyis\u00e9g<\/td>\n<td>0,03, 0,05, 0,13, 0,20, 0,30, 0,50 ml\/ciklus<\/td>\n<\/tr>\n<tr>\n<td>Ken\u0151anyag<\/td>\n<td>15-90 CSt@40\u2103<\/td>\n<\/tr>\n<tr>\n<td>\u00dczemi h\u0151m\u00e9rs\u00e9klet<\/td>\n<td>-20 \u00e9s +80 \u00b0C k\u00f6z\u00f6tt<\/td>\n<\/tr>\n<tr>\n<td>\u00dczemi nyom\u00e1s<\/td>\n<td>Minimum 1,0 MPa<\/td>\n<\/tr>\n<tr>\n<td>Anyag<\/td>\n<td>R\u00e9z, alum\u00ednium<\/td>\n<\/tr>\n<tr>\n<td>Csatlakoz\u00f3 kimenet<\/td>\n<td>Bemenet Rc1\/8, Kimenet \u03a64 (Rc1\/8)<\/td>\n<\/tr>\n<tr>\n<td>Kimeneti szerelv\u00e9nyek<\/td>\n<td>Ujj t\u00edpus, Gyors t\u00edpus<\/td>\n<\/tr>\n<tr>\n<td>Be\u00e9p\u00edt\u00e9si helyzet<\/td>\n<td>B\u00e1rmilyen<\/td>\n<\/tr>\n<\/tbody>\n<\/table>\n<h2>Telep\u00edt\u00e9s<\/h2>\n<p>El\u0151k\u00e9sz\u00edt\u00e9s: Minden sz\u00fcks\u00e9ges szersz\u00e1mnak \u00e9s anyagnak k\u00e9zn\u00e9l kell lennie, bele\u00e9rtve, de nem kiz\u00e1r\u00f3lagosan a szelepet, cs\u00f6veket, szerelv\u00e9nyeket, t\u00f6m\u00edt\u0151anyagot \u00e9s adott esetben adaptereket.<br \/>\nSzerel\u00e9s: Szerelje fel az eloszt\u00f3t a k\u00edv\u00e1nt helyre, biztons\u00e1gosan r\u00f6gz\u00edtve \u00e9s a cs\u0151rendszerhez igaz\u00edtva.<br \/>\nCs\u00f6vek csatlakoztat\u00e1sa: Csatlakoztassa a cs\u00f6veket az eloszt\u00f3hoz egyes modellekn\u00e9l kompresszi\u00f3s szerelv\u00e9nyekkel, m\u00e1sokn\u00e1l pedig push-to-connect szerelv\u00e9nyekkel. A sziv\u00e1rg\u00e1s elker\u00fcl\u00e9se \u00e9rdek\u00e9ben gondoskodjon j\u00f3, j\u00f3 csatlakoz\u00e1sokr\u00f3l.<br \/>\nT\u00f6m\u00edt\u00e9s: Vigyen fel megfelel\u0151 t\u00f6m\u00edt\u0151anyagot a menetes csatlakoz\u00e1sokra, hogy elker\u00fclje a sziv\u00e1rg\u00e1st a telep\u00edt\u00e9s sor\u00e1n.<br \/>\nNyom\u00e1svizsg\u00e1lat: A megfelel\u0151 beszerel\u00e9s ut\u00e1n v\u00e9gezzen nyom\u00e1spr\u00f3b\u00e1t, hogy ellen\u0151rizze, nincs-e sziv\u00e1rg\u00e1s a telep\u00edtett szelepben a megfelel\u0151 m\u0171k\u00f6d\u00e9s \u00e9rdek\u00e9ben.<br \/>\nV\u00e9gs\u0151 be\u00e1ll\u00edt\u00e1sok: V\u00e9gezze el az \u00f6sszes eloszt\u00f3 be\u00e1ll\u00edt\u00e1st \u00e9s csatlakoz\u00e1st a teljes\u00edtm\u00e9ny optimaliz\u00e1l\u00e1sa \u00e9rdek\u00e9ben.<\/p>\n<h2>K\u00e9zik\u00f6nyvek<\/h2>\n<div class=\"sdm_download_button_box_default\"><div class=\"sdm_download_link\"><a href=\"https:\/\/www.jinpinlub.com\/hu\/?sdm_process_download=1&download_id=3889\" class=\"sdm_download white\" title=\"Mag\u00e1n: MSK Metering Valve\" target=\"&quot;_blank&quot;\">Adatlap megtekint\u00e9se \u2013 MSK m\u00e9r\u0151szelep<\/a><\/div><\/div>","protected":false},"excerpt":{"rendered":"<p>Az MSK t\u00e9rfogat-kiszor\u00edt\u00e1sos befecskendez\u0151 szelep egy eloszt\u00f3, amelyet prec\u00edz v\u00e9kony olaj befecskendez\u00e9sre terveztek. A szeleptest \u00e1ltal\u00e1ban korr\u00f3zi\u00f3\u00e1ll\u00f3 s\u00e1rgar\u00e9zb\u0151l k\u00e9sz\u00fcl, \u00e9s sz\u00e9les k\u00f6rben haszn\u00e1lj\u00e1k ken\u00e9si rendszerekben \u00e9s gy\u00e1rt\u00e1si folyamatokban a megb\u00edzhat\u00f3s\u00e1g \u00e9s a hossz\u00fa \u00e9lettartam biztos\u00edt\u00e1sa \u00e9rdek\u00e9ben.<\/p>","protected":false},"featured_media":3944,"template":"","meta":{"ocean_post_layout":"","ocean_both_sidebars_style":"","ocean_both_sidebars_content_width":0,"ocean_both_sidebars_sidebars_width":0,"ocean_sidebar":"0","ocean_second_sidebar":"0","ocean_disable_margins":"enable","ocean_add_body_class":"","ocean_shortcode_before_top_bar":"","ocean_shortcode_after_top_bar":"","ocean_shortcode_before_header":"","ocean_shortcode_after_header":"","ocean_has_shortcode":"","ocean_shortcode_after_title":"","ocean_shortcode_before_footer_widgets":"","ocean_shortcode_after_footer_widgets":"","ocean_shortcode_before_footer_bottom":"","ocean_shortcode_after_footer_bottom":"","ocean_display_top_bar":"default","ocean_display_header":"default","ocean_header_style":"","ocean_center_header_left_menu":"0","ocean_custom_header_template":"0","ocean_custom_logo":0,"ocean_custom_retina_logo":0,"ocean_custom_logo_max_width":0,"ocean_custom_logo_tablet_max_width":0,"ocean_custom_logo_mobile_max_width":0,"ocean_custom_logo_max_height":0,"ocean_custom_logo_tablet_max_height":0,"ocean_custom_logo_mobile_max_height":0,"ocean_header_custom_menu":"0","ocean_menu_typo_font_family":"0","ocean_menu_typo_font_subset":"","ocean_menu_typo_font_size":0,"ocean_menu_typo_font_size_tablet":0,"ocean_menu_typo_font_size_mobile":0,"ocean_menu_typo_font_size_unit":"px","ocean_menu_typo_font_weight":"","ocean_menu_typo_font_weight_tablet":"","ocean_menu_typo_font_weight_mobile":"","ocean_menu_typo_transform":"","ocean_menu_typo_transform_tablet":"","ocean_menu_typo_transform_mobile":"","ocean_menu_typo_line_height":0,"ocean_menu_typo_line_height_tablet":0,"ocean_menu_typo_line_height_mobile":0,"ocean_menu_typo_line_height_unit":"","ocean_menu_typo_spacing":0,"ocean_menu_typo_spacing_tablet":0,"ocean_menu_typo_spacing_mobile":0,"ocean_menu_typo_spacing_unit":"","ocean_menu_link_color":"","ocean_menu_link_color_hover":"","ocean_menu_link_color_active":"","ocean_menu_link_background":"","ocean_menu_link_hover_background":"","ocean_menu_link_active_background":"","ocean_menu_social_links_bg":"","ocean_menu_social_hover_links_bg":"","ocean_menu_social_links_color":"","ocean_menu_social_hover_links_color":"","ocean_disable_title":"default","ocean_disable_heading":"default","ocean_post_title":"","ocean_post_subheading":"","ocean_post_title_style":"","ocean_post_title_background_color":"","ocean_post_title_background":0,"ocean_post_title_bg_image_position":"","ocean_post_title_bg_image_attachment":"","ocean_post_title_bg_image_repeat":"","ocean_post_title_bg_image_size":"","ocean_post_title_height":0,"ocean_post_title_bg_overlay":0.5,"ocean_post_title_bg_overlay_color":"","ocean_disable_breadcrumbs":"default","ocean_breadcrumbs_color":"","ocean_breadcrumbs_separator_color":"","ocean_breadcrumbs_links_color":"","ocean_breadcrumbs_links_hover_color":"","ocean_display_footer_widgets":"default","ocean_display_footer_bottom":"default","ocean_custom_footer_template":"0","osh_disable_topbar_sticky":"default","osh_disable_header_sticky":"default","osh_sticky_header_style":"default","osh_sticky_header_effect":"","osh_custom_sticky_logo":0,"osh_custom_retina_sticky_logo":0,"osh_custom_sticky_logo_height":0,"osh_background_color":"","osh_links_color":"","osh_links_hover_color":"","osh_links_active_color":"","osh_links_bg_color":"","osh_links_hover_bg_color":"","osh_links_active_bg_color":"","osh_menu_social_links_color":"","osh_menu_social_hover_links_color":""},"product_brand":[],"product_cat":[49,47],"product_tag":[229,364,82,240,228],"class_list":{"0":"post-3943","1":"product","2":"type-product","3":"status-publish","4":"has-post-thumbnail","6":"product_cat-volumetric-oil-injectors","7":"product_cat-volumetric-thin-oil-systems","8":"product_tag-oil-metering-valve","9":"product_tag-positive-displacement-distributor","10":"product_tag-positive-displacement-injector","11":"product_tag-pressurized-distributor","12":"product_tag-thin-oil-injector","14":"entry","15":"has-media","17":"first","18":"instock","19":"shipping-taxable","20":"product-type-external","21":"col","22":"span_1_of_3","23":"owp-content-center","24":"owp-thumbs-layout-horizontal","25":"owp-btn-very-big","26":"owp-tabs-layout-horizontal"},"_links":{"self":[{"href":"https:\/\/www.jinpinlub.com\/hu\/wp-json\/wp\/v2\/product\/3943","targetHints":{"allow":["GET"]}}],"collection":[{"href":"https:\/\/www.jinpinlub.com\/hu\/wp-json\/wp\/v2\/product"}],"about":[{"href":"https:\/\/www.jinpinlub.com\/hu\/wp-json\/wp\/v2\/types\/product"}],"wp:featuredmedia":[{"embeddable":true,"href":"https:\/\/www.jinpinlub.com\/hu\/wp-json\/wp\/v2\/media\/3944"}],"wp:attachment":[{"href":"https:\/\/www.jinpinlub.com\/hu\/wp-json\/wp\/v2\/media?parent=3943"}],"wp:term":[{"taxonomy":"product_brand","embeddable":true,"href":"https:\/\/www.jinpinlub.com\/hu\/wp-json\/wp\/v2\/product_brand?post=3943"},{"taxonomy":"product_cat","embeddable":true,"href":"https:\/\/www.jinpinlub.com\/hu\/wp-json\/wp\/v2\/product_cat?post=3943"},{"taxonomy":"product_tag","embeddable":true,"href":"https:\/\/www.jinpinlub.com\/hu\/wp-json\/wp\/v2\/product_tag?post=3943"}],"curies":[{"name":"wp","href":"https:\/\/api.w.org\/{rel}","templated":true}]}}