{"id":3948,"date":"2024-12-01T00:46:54","date_gmt":"2024-11-30T16:46:54","guid":{"rendered":"https:\/\/www.jinpinlub.com\/?post_type=product&#038;p=3948"},"modified":"2024-12-01T01:25:25","modified_gmt":"2024-11-30T17:25:25","slug":"u-tipusu-216-kimenetu-progressziv-eloszto-szelepek","status":"publish","type":"product","link":"https:\/\/www.jinpinlub.com\/hu\/product\/u-type-216-outlets-progressive-distributor-divider-valves\/","title":{"rendered":"U-t\u00edpus\u00fa 2-16 kimenet\u0171, progressz\u00edv eloszt\u00f3 szelepek"},"content":{"rendered":"<h2>Funkci\u00f3<\/h2>\n<p>Az integr\u00e1lt \u222a t\u00edpus\u00fa progressz\u00edv olajeloszt\u00f3 k\u00f6zepes nyom\u00e1son \u00e9s sz\u00e9les h\u0151m\u00e9rs\u00e9klet-v\u00e1ltoz\u00e1si k\u00f6r\u00fclm\u00e9nyek k\u00f6z\u00f6tt haszn\u00e1lhat\u00f3. Egyvezet\u00e9kes ken\u0151rendszert alkothat k\u00e9zi, elektromos, pneumatikus szivatty\u00fakkal stb. K\u00fcl\u00f6nb\u00f6z\u0151 kis szersz\u00e1mg\u00e9pekhez \u00e9s m\u0171anyagipari g\u00e9pekhez, vagy egy nagy egyvezet\u00e9kes ken\u0151rendszer aleloszt\u00f3jak\u00e9nt haszn\u00e1lj\u00e1k.<br \/>\nEgy tipikus U-t\u00edpus\u00fa eloszt\u00f3k\u00e9szlet \u00e1ltal\u00e1ban 4, 6, 8, 10 vagy 12 ken\u00e9si pont ken\u00e9s\u00e9t k\u00e9pes biztos\u00edtani. Az U-t\u00edpus\u00fa eloszt\u00f3nak csak egyetlen, 0,3 ml\/ciklusos elmozdul\u00e1si specifik\u00e1ci\u00f3ja van. Fontos megjegyezni, hogy az eloszt\u00f3 olajkimenet\u00e9t nem szabad elt\u00f6m\u00edteni a norm\u00e1l m\u0171k\u00f6d\u00e9s\u00e9nek befoly\u00e1sol\u00e1sa \u00e9rdek\u00e9ben, k\u00fcl\u00f6nben az eloszt\u00f3 k\u00e1rosodhat.<\/p>\n<h2>Specifik\u00e1ci\u00f3<\/h2>\n<p>1. Maxim\u00e1lis n\u00e9vleges nyom\u00e1s: 15MPa<br \/>\n2. Standard t\u00e9rfogat\u00e1ram: 0,3 ml\/ciklus<br \/>\n3. Ken\u0151anyag-tartom\u00e1ny (standard h\u0151m\u00e9rs\u00e9kleten): Ken\u0151olaj \u2265 N68, zs\u00edr NLGI 000#~1#<br \/>\n4. Munkak\u00f6rnyezet h\u0151m\u00e9rs\u00e9klete: -10 \u2103 ~ +60 \u2103<br \/>\n5. A mechanikus ciklusjelz\u0151 dugatty\u00fap\u00e1rj\u00e1nak maxim\u00e1lis kering\u00e9si sebess\u00e9ge: 60 ciklus\/perc<br \/>\n6. A dugatty\u00fap\u00e1r maxim\u00e1lis kering\u00e9si sebess\u00e9ge: 200 ciklus\/perc<br \/>\n7. Ken\u00e9si pontok sz\u00e1ma: 4, 6, 8, 10, 12<br \/>\n8. Cs\u0151vezet\u00e9k hossza: \u03a64\/0,5~2,5m, \u03a66\/1,2~3,5m<br \/>\n9. Szeleptest anyaga: alum\u00ednium\u00f6tv\u00f6zet<\/p>\n<h2>Alapelv<\/h2>\n<p>Az U-alak\u00fa eloszt\u00f3 egy progressz\u00edv eloszt\u00f3, amely meghat\u00e1rozott mennyis\u00e9g\u0171 zs\u00edrt juttat a szeleph\u00e1z minden egyes munkadugatty\u00faj\u00e1b\u00f3l a ken\u00e9si pontokra egy meghat\u00e1rozott sorrendben. Minden munkadugatty\u00fa-p\u00e1r mennyis\u00e9gi zs\u00edrt juttat a ken\u00e9si pontra a progressz\u00edv m\u0171k\u00f6d\u00e9s \u00e1ltal l\u00e9trehozott hidraulikus er\u0151 elve alapj\u00e1n. Ahhoz, hogy az eloszt\u00f3 \u00e1lland\u00f3 kimenettel rendelkezzen, az U-alak\u00fa eloszt\u00f3t bizonyos nyom\u00e1ssal kell zs\u00edrral ell\u00e1tni. Ellenkez\u0151 esetben a munkadugatty\u00fa-p\u00e1r nem fogja a zs\u00edrt progressz\u00edv m\u00f3don, a megadott sorrendben eljuttatni a ken\u00e9si pontra. Ugyan\u00edgy, amint a bet\u00e1pl\u00e1lt nyom\u00f3zs\u00edr \u00e1raml\u00e1sa megsz\u0171nik, az eloszt\u00f3 munkadugatty\u00fa-p\u00e1rja is le\u00e1ll. Csak akkor ism\u00e9tli meg az eloszt\u00f3 minden munkadugatty\u00fa-p\u00e1rja az olajfelt\u00f6lt\u00e9si ciklus munkafolyamat\u00e1t ugyanazon a ponton, amikor a nyom\u00f3zs\u00edr \u00fajra elkezd \u00e1ramlani a szeleph\u00e1zban.<\/p>\n<h2>K\u00e9zik\u00f6nyvek<\/h2>\n<div class=\"sdm_download_button_box_default\"><div class=\"sdm_download_link\"><a href=\"https:\/\/www.jinpinlub.com\/hu\/?sdm_process_download=1&download_id=3949\" class=\"sdm_download white\" title=\"Mag\u00e1n: U-type Distributor\" target=\"&quot;_blank&quot;\">Adatlap megtekint\u00e9se - U-t\u00edpus\u00fa eloszt\u00f3<\/a><\/div><\/div>","protected":false},"excerpt":{"rendered":"<p>Az U-t\u00edpus\u00fa progressz\u00edv eloszt\u00f3 kimeneteinek sz\u00e1ma 2, 4, 6, 8, 10, 12, a kimeneti t\u00e9rfogat pedig 0,3 ml\/ciklus. Ez az eloszt\u00f3 k\u00e9zi, elektromos \u00e9s pneumatikus szivatty\u00fakkal kombin\u00e1lhat\u00f3 egyvezet\u00e9kes progressz\u00edv ken\u0151rendszer l\u00e9trehoz\u00e1s\u00e1hoz.<\/p>","protected":false},"featured_media":3951,"template":"","meta":{"ocean_post_layout":"","ocean_both_sidebars_style":"","ocean_both_sidebars_content_width":0,"ocean_both_sidebars_sidebars_width":0,"ocean_sidebar":"0","ocean_second_sidebar":"0","ocean_disable_margins":"enable","ocean_add_body_class":"","ocean_shortcode_before_top_bar":"","ocean_shortcode_after_top_bar":"","ocean_shortcode_before_header":"","ocean_shortcode_after_header":"","ocean_has_shortcode":"","ocean_shortcode_after_title":"","ocean_shortcode_before_footer_widgets":"","ocean_shortcode_after_footer_widgets":"","ocean_shortcode_before_footer_bottom":"","ocean_shortcode_after_footer_bottom":"","ocean_display_top_bar":"default","ocean_display_header":"default","ocean_header_style":"","ocean_center_header_left_menu":"0","ocean_custom_header_template":"0","ocean_custom_logo":0,"ocean_custom_retina_logo":0,"ocean_custom_logo_max_width":0,"ocean_custom_logo_tablet_max_width":0,"ocean_custom_logo_mobile_max_width":0,"ocean_custom_logo_max_height":0,"ocean_custom_logo_tablet_max_height":0,"ocean_custom_logo_mobile_max_height":0,"ocean_header_custom_menu":"0","ocean_menu_typo_font_family":"0","ocean_menu_typo_font_subset":"","ocean_menu_typo_font_size":0,"ocean_menu_typo_font_size_tablet":0,"ocean_menu_typo_font_size_mobile":0,"ocean_menu_typo_font_size_unit":"px","ocean_menu_typo_font_weight":"","ocean_menu_typo_font_weight_tablet":"","ocean_menu_typo_font_weight_mobile":"","ocean_menu_typo_transform":"","ocean_menu_typo_transform_tablet":"","ocean_menu_typo_transform_mobile":"","ocean_menu_typo_line_height":0,"ocean_menu_typo_line_height_tablet":0,"ocean_menu_typo_line_height_mobile":0,"ocean_menu_typo_line_height_unit":"","ocean_menu_typo_spacing":0,"ocean_menu_typo_spacing_tablet":0,"ocean_menu_typo_spacing_mobile":0,"ocean_menu_typo_spacing_unit":"","ocean_menu_link_color":"","ocean_menu_link_color_hover":"","ocean_menu_link_color_active":"","ocean_menu_link_background":"","ocean_menu_link_hover_background":"","ocean_menu_link_active_background":"","ocean_menu_social_links_bg":"","ocean_menu_social_hover_links_bg":"","ocean_menu_social_links_color":"","ocean_menu_social_hover_links_color":"","ocean_disable_title":"default","ocean_disable_heading":"default","ocean_post_title":"","ocean_post_subheading":"","ocean_post_title_style":"","ocean_post_title_background_color":"","ocean_post_title_background":0,"ocean_post_title_bg_image_position":"","ocean_post_title_bg_image_attachment":"","ocean_post_title_bg_image_repeat":"","ocean_post_title_bg_image_size":"","ocean_post_title_height":0,"ocean_post_title_bg_overlay":0.5,"ocean_post_title_bg_overlay_color":"","ocean_disable_breadcrumbs":"default","ocean_breadcrumbs_color":"","ocean_breadcrumbs_separator_color":"","ocean_breadcrumbs_links_color":"","ocean_breadcrumbs_links_hover_color":"","ocean_display_footer_widgets":"default","ocean_display_footer_bottom":"default","ocean_custom_footer_template":"0","osh_disable_topbar_sticky":"default","osh_disable_header_sticky":"default","osh_sticky_header_style":"default","osh_sticky_header_effect":"","osh_custom_sticky_logo":0,"osh_custom_retina_sticky_logo":0,"osh_custom_sticky_logo_height":0,"osh_background_color":"","osh_links_color":"","osh_links_hover_color":"","osh_links_active_color":"","osh_links_bg_color":"","osh_links_hover_bg_color":"","osh_links_active_bg_color":"","osh_menu_social_links_color":"","osh_menu_social_hover_links_color":""},"product_brand":[],"product_cat":[44,41],"product_tag":[87,366,230,99,365],"class_list":{"0":"post-3948","1":"product","2":"type-product","3":"status-publish","4":"has-post-thumbnail","6":"product_cat-progressive-grease-dividers","7":"product_cat-progressive-grease-systems","8":"product_tag-grease-distributor","9":"product_tag-ihi-pump-divider","10":"product_tag-lubrication-metering-device","11":"product_tag-progressive-distributor","12":"product_tag-u-type-divider","14":"entry","15":"has-media","17":"first","18":"instock","19":"shipping-taxable","20":"product-type-external","21":"col","22":"span_1_of_3","23":"owp-content-center","24":"owp-thumbs-layout-horizontal","25":"owp-btn-very-big","26":"owp-tabs-layout-horizontal"},"_links":{"self":[{"href":"https:\/\/www.jinpinlub.com\/hu\/wp-json\/wp\/v2\/product\/3948","targetHints":{"allow":["GET"]}}],"collection":[{"href":"https:\/\/www.jinpinlub.com\/hu\/wp-json\/wp\/v2\/product"}],"about":[{"href":"https:\/\/www.jinpinlub.com\/hu\/wp-json\/wp\/v2\/types\/product"}],"wp:featuredmedia":[{"embeddable":true,"href":"https:\/\/www.jinpinlub.com\/hu\/wp-json\/wp\/v2\/media\/3951"}],"wp:attachment":[{"href":"https:\/\/www.jinpinlub.com\/hu\/wp-json\/wp\/v2\/media?parent=3948"}],"wp:term":[{"taxonomy":"product_brand","embeddable":true,"href":"https:\/\/www.jinpinlub.com\/hu\/wp-json\/wp\/v2\/product_brand?post=3948"},{"taxonomy":"product_cat","embeddable":true,"href":"https:\/\/www.jinpinlub.com\/hu\/wp-json\/wp\/v2\/product_cat?post=3948"},{"taxonomy":"product_tag","embeddable":true,"href":"https:\/\/www.jinpinlub.com\/hu\/wp-json\/wp\/v2\/product_tag?post=3948"}],"curies":[{"name":"wp","href":"https:\/\/api.w.org\/{rel}","templated":true}]}}