{"id":3977,"date":"2024-12-11T17:28:20","date_gmt":"2024-12-11T09:28:20","guid":{"rendered":"https:\/\/www.jinpinlub.com\/?post_type=product&#038;p=3977"},"modified":"2024-12-11T18:11:05","modified_gmt":"2024-12-11T10:11:05","slug":"j100-3d-egysoros-kenoszivattyu-nyomascsokkentovel","status":"publish","type":"product","link":"https:\/\/www.jinpinlub.com\/hu\/product\/j100-3d-single-line-lubrication-pump-with-pressure-relief\/","title":{"rendered":"J100-3D egysoros ken\u0151szivatty\u00fa nyom\u00e1scs\u00f6kkent\u0151vel"},"content":{"rendered":"<h2>Jellemz\u0151k<\/h2>\n<p>\u2013 A J100 ken\u0151szivatty\u00fat egy motor hajtja, hogy a dugatty\u00fas szivatty\u00fa el\u0151re-h\u00e1tra mozogjon, hogy a zs\u00edrt a szivatty\u00fa kimenet\u00e9hez, majd a nyom\u00e1s alatti eloszt\u00f3n kereszt\u00fcl a ken\u00e9si ponthoz sz\u00e1ll\u00edtsa. Az el\u0151re be\u00e1ll\u00edtott nyom\u00e1s el\u00e9r\u00e9sekor a motor le\u00e1ll, \u00e9s a nyom\u00e1scs\u00f6kkent\u0151 szelep ennek megfelel\u0151en m\u0171k\u00f6d\u00e9sbe l\u00e9p, felengedi a nyom\u00e1st a rendszerben, \u00e9s egy ciklus befejez\u0151dik.<br \/>\n\u2013 A ken\u0151szivatty\u00fa k\u00fcls\u0151 vez\u00e9rl\u0151rendszerrel vez\u00e9relhet\u0151, amely els\u0151sorban a ken\u00e9si gyakoris\u00e1got, a csatlakoz\u00e1si id\u0151t \u00e9s az intervallum idej\u00e9t \u00e1ll\u00edtja be.<br \/>\n\u2013 A rendszernyom\u00e1s nyomon k\u00f6vethet\u0151 nyom\u00e1skapcsol\u00f3val, amelyet \u00e1ltal\u00e1ban az utols\u00f3 eloszt\u00f3 olajcs\u00f6v\u00e9be szerelnek be. Amikor a nyom\u00e1skapcsol\u00f3 jelet k\u00fcld a vez\u00e9rl\u0151egys\u00e9gnek, a jel le\u00e1ll\u00edtja a szivatty\u00fat.<br \/>\n\u2013 A J100 ken\u0151szivatty\u00fa maxim\u00e1lis nyom\u00e1sa 8 MPa, a minim\u00e1lis ken\u00e9si intervallum 5 perc, a f\u0151vezet\u00e9k hossza 15 m\u00e9ter. Alkalmas kis \u00e9s k\u00f6zepes m\u00e9ret\u0171, ak\u00e1r 100 ken\u00e9si ponttal rendelkez\u0151 berendez\u00e9sekhez belt\u00e9ri haszn\u00e1latra.<\/p>\n<h2>Specifik\u00e1ci\u00f3<\/h2>\n<table>\n<tbody>\n<tr>\n<td>Modell<\/td>\n<td>J100-3D<\/td>\n<\/tr>\n<tr>\n<td>Ken\u00e9si id\u0151<\/td>\n<td>PLC vagy k\u00fcls\u0151 vez\u00e9rl\u0151<\/td>\n<\/tr>\n<tr>\n<td>Intervallum id\u0151<\/td>\n<td>PLC vagy k\u00fcls\u0151 vez\u00e9rl\u0151<\/td>\n<\/tr>\n<tr>\n<td>\u00dczemi h\u0151m\u00e9rs\u00e9klet<\/td>\n<td>0\u2103~ +50\u00b0C (alacsony h\u0151m\u00e9rs\u00e9kleti k\u00f6r\u00fclm\u00e9nyek k\u00f6z\u00f6tt fagy\u00e1ll\u00f3 zs\u00edr sz\u00fcks\u00e9ges)<\/td>\n<\/tr>\n<tr>\n<td>Az \u00fczletek sz\u00e1ma<\/td>\n<td>1 vagy 2<\/td>\n<\/tr>\n<tr>\n<td>A t\u00e1roz\u00f3 kapacit\u00e1sa<\/td>\n<td>0,3L, 0,5L, 0,7L, 1,5L<\/td>\n<\/tr>\n<tr>\n<td>\u00dajrat\u00f6lt\u00e9s<\/td>\n<td>T\u00f6lt\u0151ny\u00edl\u00e1s\/kivehet\u0151\/patron<\/td>\n<\/tr>\n<tr>\n<td>Ken\u0151anyag<\/td>\n<td>NLGI 000#~2#<\/td>\n<\/tr>\n<tr>\n<td>Nyom\u00e1scs\u00f6kkent\u0151 szelep<\/td>\n<td>V\u00e1laszthat\u00f3<\/td>\n<\/tr>\n<tr>\n<td>Kis\u00fcl\u00e9s<\/td>\n<td>15 ml\/perc<\/td>\n<\/tr>\n<tr>\n<td>Max. \u00fczemi nyom\u00e1s<\/td>\n<td>8,0 MPa<\/td>\n<\/tr>\n<tr>\n<td>Csatlakoz\u00f3 menet<\/td>\n<td>Kimenet \u03a66<\/td>\n<\/tr>\n<tr>\n<td>\u00dczemi fesz\u00fclts\u00e9g<\/td>\n<td>24VDC<\/td>\n<\/tr>\n<tr>\n<td>Tan\u00fas\u00edtv\u00e1ny<\/td>\n<td>CE<\/td>\n<\/tr>\n<tr>\n<td>Alacsony szint kapcsol\u00f3<\/td>\n<td>NC \u00e9rintkez\u0151<\/td>\n<\/tr>\n<\/tbody>\n<\/table>\n<h2>Felszerel\u00e9s<\/h2>\n<p>\u2013 R\u00f6gz\u00edtse a ken\u0151szivatty\u00fat f\u00fcgg\u0151leges \u00e9s s\u00edk fel\u00fcletre, amely teljes m\u00e9rt\u00e9kben elb\u00edrja a szivatty\u00fa s\u00faly\u00e1t.<br \/>\n\u2013 Szerelje fel \u00e9s r\u00f6gz\u00edtse a ken\u0151szivatty\u00fat 6 db M8-as csavarral a \u03c69-es furatokon kereszt\u00fcl.<br \/>\n\u2013 Rezg\u00e9scsillap\u00edt\u00f3 ragaszt\u00f3 alkalmaz\u00e1sa javasolt, ha a ken\u0151szivatty\u00fa vibr\u00e1ci\u00f3nak van kit\u00e9ve.<br \/>\n\u2013 A ken\u0151szivatty\u00fat v\u00edzt\u0151l, olajt\u00f3l, forg\u00e1cst\u00f3l \u00e9s port\u00f3l szigetelt helyre szerelje fel.<br \/>\n\u2013 A telep\u00edt\u00e9s hely\u00e9nek vibr\u00e1ci\u00f3ja 9G (88m\/s2) vagy kisebb lehet.<br \/>\n\u2013 A ken\u0151szivatty\u00fa egys\u00e9g elektromos csatlakoz\u00e1s\u00e1n\u00e1l \u00fcgyeljen arra, hogy megfelel\u0151 int\u00e9zked\u00e9seket tegyen az induktivit\u00e1s, kapacit\u00e1s vagy elektrom\u00e1gneses csatol\u00e1s miatti interferenci\u00e1k elker\u00fcl\u00e9se \u00e9rdek\u00e9ben. B\u00e1r a k\u00e1belek k\u00fcl\u00f6n vannak elhelyezve, haszn\u00e1ljon interferencia-g\u00e1tl\u00f3 k\u00e1beleket olyan helyeken, ahol az elektromos interferencia mez\u0151k torz\u00edthatj\u00e1k a jel\u00e1tvitelt.<\/p>\n<h2>K\u00e9zik\u00f6nyvek<\/h2>\n<div class=\"sdm_download_button_box_default\"><div class=\"sdm_download_link\"><a href=\"https:\/\/www.jinpinlub.com\/hu\/?sdm_process_download=1&download_id=3960\" class=\"sdm_download white\" title=\"Mag\u00e1n: J100 Electric Grease Pump\" target=\"&quot;_blank&quot;\">Adatlap megtekint\u00e9se - J100 zs\u00edrszivatty\u00fa<\/a><\/div><\/div>","protected":false},"excerpt":{"rendered":"<p>A J100 ken\u0151szivatty\u00fa rendk\u00edv\u00fcl hat\u00e9kony \u00e9s k\u00f6nnyen kezelhet\u0151. Kis \u00e9s k\u00f6zepes m\u00e9ret\u0171 g\u00e9pekhez tervezt\u00e9k. Sokf\u00e9le kapacit\u00e1ssal \u00e9s t\u00f6bbf\u00e9le \u00fajrat\u00f6lt\u00e9si lehet\u0151s\u00e9ggel rendelkezik. Egysoros k\u00f6zponti ken\u00e9si rendszert \u00e9s progressz\u00edv ken\u00e9si rendszert alkothat.<\/p>","protected":false},"featured_media":3978,"template":"","meta":{"ocean_post_layout":"","ocean_both_sidebars_style":"","ocean_both_sidebars_content_width":0,"ocean_both_sidebars_sidebars_width":0,"ocean_sidebar":"0","ocean_second_sidebar":"0","ocean_disable_margins":"enable","ocean_add_body_class":"","ocean_shortcode_before_top_bar":"","ocean_shortcode_after_top_bar":"","ocean_shortcode_before_header":"","ocean_shortcode_after_header":"","ocean_has_shortcode":"","ocean_shortcode_after_title":"","ocean_shortcode_before_footer_widgets":"","ocean_shortcode_after_footer_widgets":"","ocean_shortcode_before_footer_bottom":"","ocean_shortcode_after_footer_bottom":"","ocean_display_top_bar":"default","ocean_display_header":"default","ocean_header_style":"","ocean_center_header_left_menu":"0","ocean_custom_header_template":"0","ocean_custom_logo":0,"ocean_custom_retina_logo":0,"ocean_custom_logo_max_width":0,"ocean_custom_logo_tablet_max_width":0,"ocean_custom_logo_mobile_max_width":0,"ocean_custom_logo_max_height":0,"ocean_custom_logo_tablet_max_height":0,"ocean_custom_logo_mobile_max_height":0,"ocean_header_custom_menu":"0","ocean_menu_typo_font_family":"0","ocean_menu_typo_font_subset":"","ocean_menu_typo_font_size":0,"ocean_menu_typo_font_size_tablet":0,"ocean_menu_typo_font_size_mobile":0,"ocean_menu_typo_font_size_unit":"px","ocean_menu_typo_font_weight":"","ocean_menu_typo_font_weight_tablet":"","ocean_menu_typo_font_weight_mobile":"","ocean_menu_typo_transform":"","ocean_menu_typo_transform_tablet":"","ocean_menu_typo_transform_mobile":"","ocean_menu_typo_line_height":0,"ocean_menu_typo_line_height_tablet":0,"ocean_menu_typo_line_height_mobile":0,"ocean_menu_typo_line_height_unit":"","ocean_menu_typo_spacing":0,"ocean_menu_typo_spacing_tablet":0,"ocean_menu_typo_spacing_mobile":0,"ocean_menu_typo_spacing_unit":"","ocean_menu_link_color":"","ocean_menu_link_color_hover":"","ocean_menu_link_color_active":"","ocean_menu_link_background":"","ocean_menu_link_hover_background":"","ocean_menu_link_active_background":"","ocean_menu_social_links_bg":"","ocean_menu_social_hover_links_bg":"","ocean_menu_social_links_color":"","ocean_menu_social_hover_links_color":"","ocean_disable_title":"default","ocean_disable_heading":"default","ocean_post_title":"","ocean_post_subheading":"","ocean_post_title_style":"","ocean_post_title_background_color":"","ocean_post_title_background":0,"ocean_post_title_bg_image_position":"","ocean_post_title_bg_image_attachment":"","ocean_post_title_bg_image_repeat":"","ocean_post_title_bg_image_size":"","ocean_post_title_height":0,"ocean_post_title_bg_overlay":0.5,"ocean_post_title_bg_overlay_color":"","ocean_disable_breadcrumbs":"default","ocean_breadcrumbs_color":"","ocean_breadcrumbs_separator_color":"","ocean_breadcrumbs_links_color":"","ocean_breadcrumbs_links_hover_color":"","ocean_display_footer_widgets":"default","ocean_display_footer_bottom":"default","ocean_custom_footer_template":"0","osh_disable_topbar_sticky":"default","osh_disable_header_sticky":"default","osh_sticky_header_style":"default","osh_sticky_header_effect":"","osh_custom_sticky_logo":0,"osh_custom_retina_sticky_logo":0,"osh_custom_sticky_logo_height":0,"osh_background_color":"","osh_links_color":"","osh_links_hover_color":"","osh_links_active_color":"","osh_links_bg_color":"","osh_links_hover_bg_color":"","osh_links_active_bg_color":"","osh_menu_social_links_color":"","osh_menu_social_hover_links_color":""},"product_brand":[],"product_cat":[38,37],"product_tag":[372,73,77,373,92],"class_list":{"0":"post-3977","1":"product","2":"type-product","3":"status-publish","4":"has-post-thumbnail","6":"product_cat-electric-pressure-relief-pumps","7":"product_cat-single-line-grease-systems","8":"product_tag-compact-lubrication-pump","9":"product_tag-electric-lubrication-pump","10":"product_tag-grease-lubrication-pump","11":"product_tag-grease-lubricator","12":"product_tag-single-line-lubrication-pump","14":"entry","15":"has-media","17":"first","18":"instock","19":"shipping-taxable","20":"product-type-external","21":"col","22":"span_1_of_3","23":"owp-content-center","24":"owp-thumbs-layout-horizontal","25":"owp-btn-very-big","26":"owp-tabs-layout-horizontal"},"_links":{"self":[{"href":"https:\/\/www.jinpinlub.com\/hu\/wp-json\/wp\/v2\/product\/3977","targetHints":{"allow":["GET"]}}],"collection":[{"href":"https:\/\/www.jinpinlub.com\/hu\/wp-json\/wp\/v2\/product"}],"about":[{"href":"https:\/\/www.jinpinlub.com\/hu\/wp-json\/wp\/v2\/types\/product"}],"wp:featuredmedia":[{"embeddable":true,"href":"https:\/\/www.jinpinlub.com\/hu\/wp-json\/wp\/v2\/media\/3978"}],"wp:attachment":[{"href":"https:\/\/www.jinpinlub.com\/hu\/wp-json\/wp\/v2\/media?parent=3977"}],"wp:term":[{"taxonomy":"product_brand","embeddable":true,"href":"https:\/\/www.jinpinlub.com\/hu\/wp-json\/wp\/v2\/product_brand?post=3977"},{"taxonomy":"product_cat","embeddable":true,"href":"https:\/\/www.jinpinlub.com\/hu\/wp-json\/wp\/v2\/product_cat?post=3977"},{"taxonomy":"product_tag","embeddable":true,"href":"https:\/\/www.jinpinlub.com\/hu\/wp-json\/wp\/v2\/product_tag?post=3977"}],"curies":[{"name":"wp","href":"https:\/\/api.w.org\/{rel}","templated":true}]}}