{"id":3982,"date":"2024-12-12T00:54:08","date_gmt":"2024-12-11T16:54:08","guid":{"rendered":"https:\/\/www.jinpinlub.com\/?post_type=product&#038;p=3982"},"modified":"2024-12-12T01:58:51","modified_gmt":"2024-12-11T17:58:51","slug":"j100-3r-300ml-elektromos-hajtasu-zsir-kenoszivattyu","status":"publish","type":"product","link":"https:\/\/www.jinpinlub.com\/hu\/product\/j100-3r-300ml-electrically-driven-grease-lubrication-pump\/","title":{"rendered":"J100-3R 300 ml elektromos meghajt\u00e1s\u00fa zs\u00edr ken\u0151szivatty\u00fa"},"content":{"rendered":"<h2>Jellemz\u0151k<\/h2>\n<p>\u2013 Rendeltet\u00e9s: J100 ken\u0151szivatty\u00fa csap\u00e1gyak \u00e9s line\u00e1ris vezet\u0151k ken\u00e9s\u00e9re kis g\u00e9pekben, olajjal \u00e9s foly\u00e9kony zs\u00edrral egyar\u00e1nt haszn\u00e1lhat\u00f3.<br \/>\n\u2013 Be\u00e9p\u00edtett nyom\u00e1scs\u00f6kkent\u0151 funkci\u00f3: A szivatty\u00faba integr\u00e1lt nyom\u00e1scs\u00f6kkent\u0151 funkci\u00f3nak k\u00f6sz\u00f6nhet\u0151en a J100 ken\u0151szivatty\u00fa megfelel minden egysoros ken\u0151rendszer-szivatty\u00fa k\u00f6vetelm\u00e9ny\u00e9nek.<br \/>\n\u2013 T\u00e1pell\u00e1t\u00e1si k\u00f6vetelm\u00e9nyek: 24V DC t\u00e1pegys\u00e9ggel m\u0171k\u00f6dik. A vez\u00e9rl\u00e9s a g\u00e9p programozhat\u00f3 PLC-j\u00e9r\u0151l biztos\u00edthat\u00f3.<br \/>\n\u2013 Szintfigyel\u00e9s: Opcion\u00e1lis szintkapcsol\u00f3val haszn\u00e1lhat\u00f3 az olajtart\u00e1ly vagy a zs\u00edrpatron szintj\u00e9nek figyel\u00e9s\u00e9re.<br \/>\n\u2013 Kompatibilit\u00e1s: A J100 ken\u0151szivatty\u00fa kompatibilis az NLGI 000 \u00e9s 1# foly\u00e9kony zs\u00edrokkal.<br \/>\n\u2013 Kimenet kialak\u00edt\u00e1sa: A J100 ken\u0151szivatty\u00fa 2 kimenettel rendelkezik, \u00e9s egyszerre k\u00e9t ken\u0151vezet\u00e9ket k\u00e9pes t\u00e1pl\u00e1lni.<br \/>\n\u2013 T\u00f6bbf\u00e9le kapacit\u00e1s: 0,3-1,5 literes \u00fajrat\u00f6lthet\u0151 ken\u0151anyag-tart\u00e1llyal vagy 0,3 \u00e9s 0,7 literes k\u00f6nnyen cser\u00e9lhet\u0151 szabv\u00e1nyos ken\u0151patronokkal kaphat\u00f3.<\/p>\n<h2>Specifik\u00e1ci\u00f3<\/h2>\n<table>\n<tbody>\n<tr>\n<td>Modell<\/td>\n<td>J100-3R<\/td>\n<\/tr>\n<tr>\n<td>Ken\u00e9si id\u0151<\/td>\n<td>PLC vagy k\u00fcls\u0151 vez\u00e9rl\u0151<\/td>\n<\/tr>\n<tr>\n<td>Intervallum id\u0151<\/td>\n<td>PLC vagy k\u00fcls\u0151 vez\u00e9rl\u0151<\/td>\n<\/tr>\n<tr>\n<td>\u00dczemi h\u0151m\u00e9rs\u00e9klet<\/td>\n<td>0\u2103~ +50\u00b0C (alacsony h\u0151m\u00e9rs\u00e9kleti k\u00f6r\u00fclm\u00e9nyek k\u00f6z\u00f6tt fagy\u00e1ll\u00f3 zs\u00edr sz\u00fcks\u00e9ges)<\/td>\n<\/tr>\n<tr>\n<td>Az \u00fczletek sz\u00e1ma<\/td>\n<td>1 vagy 2<\/td>\n<\/tr>\n<tr>\n<td>A t\u00e1roz\u00f3 kapacit\u00e1sa<\/td>\n<td>0,3L, 0,5L, 0,7L, 1,5L<\/td>\n<\/tr>\n<tr>\n<td>\u00dajrat\u00f6lt\u00e9s<\/td>\n<td>T\u00f6lt\u0151ny\u00edl\u00e1s\/kivehet\u0151\/patron<\/td>\n<\/tr>\n<tr>\n<td>Ken\u0151anyag<\/td>\n<td>NLGI 000#~2#<\/td>\n<\/tr>\n<tr>\n<td>Nyom\u00e1scs\u00f6kkent\u0151 szelep<\/td>\n<td>V\u00e1laszthat\u00f3<\/td>\n<\/tr>\n<tr>\n<td>Kis\u00fcl\u00e9s<\/td>\n<td>15 ml\/perc<\/td>\n<\/tr>\n<tr>\n<td>Max. \u00fczemi nyom\u00e1s<\/td>\n<td>8,0 MPa<\/td>\n<\/tr>\n<tr>\n<td>Csatlakoz\u00f3 menet<\/td>\n<td>Kimenet \u03a66<\/td>\n<\/tr>\n<tr>\n<td>\u00dczemi fesz\u00fclts\u00e9g<\/td>\n<td>24VDC<\/td>\n<\/tr>\n<tr>\n<td>Tan\u00fas\u00edtv\u00e1ny<\/td>\n<td>CE<\/td>\n<\/tr>\n<tr>\n<td>Alacsony szint kapcsol\u00f3<\/td>\n<td>NC \u00e9rintkez\u0151<\/td>\n<\/tr>\n<\/tbody>\n<\/table>\n<h2>Alkalmaz\u00e1s<\/h2>\n<p><span id=\"input-sentence~0\">\u2013 Szersz\u00e1mg\u00e9pipar: A J100-at a szersz\u00e1mg\u00e9peken bel\u00fcli csap\u00e1gyak \u00e9s line\u00e1ris vezet\u0151k ken\u00e9s\u00e9re haszn\u00e1lj\u00e1k a kop\u00e1s cs\u00f6kkent\u00e9se \u00e9s a berendez\u00e9s \u00e9lettartam\u00e1nak meghosszabb\u00edt\u00e1sa \u00e9rdek\u00e9ben.<br \/>\n\u2013 Csomagol\u00f3 g\u00e9psor: A csomagol\u00f3g\u00e9pekben a J100 biztos\u00edtja a csap\u00e1gyak \u00e9s a mozg\u00f3 alkatr\u00e9szek j\u00f3 ken\u00e9s\u00e9t a termel\u00e9s hat\u00e9konys\u00e1g\u00e1nak jav\u00edt\u00e1sa \u00e9rdek\u00e9ben.<\/span><span id=\"input-sentence~1\"><br \/>\n\u2013 Automatiz\u00e1l\u00e1si berendez\u00e9sek: A ken\u00e9shez sz\u00fcks\u00e9ges prec\u00edz szab\u00e1lyoz\u00e1s mellett a J100 ken\u0151szivatty\u00fa garant\u00e1lni tudja az automatiz\u00e1l\u00e1si gy\u00e1rt\u00f3soron vagy a robotcsukl\u00f3n l\u00e9v\u0151 m\u0171k\u00f6d\u0151 berendez\u00e9sek megb\u00edzhat\u00f3s\u00e1g\u00e1t.<br \/>\n\u2013 \u00c9telek \u00e9s italok: Egyes \u00e9lelmiszer- \u00e9s italfeldolgoz\u00f3 berendez\u00e9sek speci\u00e1lis ken\u0151olaj- vagy zs\u00edroszt\u00e1lyt ig\u00e9nyelnek, amelyhez a J100 sorozat k\u00f6nnyen alkalmazkodik.<\/span><\/p>\n<h2>K\u00e9zik\u00f6nyvek<\/h2>\n<div class=\"sdm_download_button_box_default\"><div class=\"sdm_download_link\"><a href=\"https:\/\/www.jinpinlub.com\/hu\/?sdm_process_download=1&download_id=3960\" class=\"sdm_download white\" title=\"Mag\u00e1n: J100 Electric Grease Pump\" target=\"&quot;_blank&quot;\">Adatlap megtekint\u00e9se - J100 zs\u00edrszivatty\u00fa<\/a><\/div><\/div>","protected":false},"excerpt":{"rendered":"<p>A J100-3R egy elektromos szivatty\u00fa kisg\u00e9pek csap\u00e1gy- \u00e9s vezet\u0151p\u00e1ly\u00e1s ken\u00e9s\u00e9re, be\u00e9p\u00edtett nyom\u00e1scs\u00f6kkent\u0151 funkci\u00f3val, manu\u00e1lis kieg\u00e9sz\u00edt\u0151 ken\u00e9si cikluskapcsol\u00f3val \u00e9s opcion\u00e1lis szintfel\u00fcgyelettel, 2 kimenettel k\u00e9t ken\u0151vezet\u00e9k egyidej\u0171 kiszolg\u00e1l\u00e1s\u00e1ra.<\/p>","protected":false},"featured_media":3983,"template":"","meta":{"ocean_post_layout":"","ocean_both_sidebars_style":"","ocean_both_sidebars_content_width":0,"ocean_both_sidebars_sidebars_width":0,"ocean_sidebar":"0","ocean_second_sidebar":"0","ocean_disable_margins":"enable","ocean_add_body_class":"","ocean_shortcode_before_top_bar":"","ocean_shortcode_after_top_bar":"","ocean_shortcode_before_header":"","ocean_shortcode_after_header":"","ocean_has_shortcode":"","ocean_shortcode_after_title":"","ocean_shortcode_before_footer_widgets":"","ocean_shortcode_after_footer_widgets":"","ocean_shortcode_before_footer_bottom":"","ocean_shortcode_after_footer_bottom":"","ocean_display_top_bar":"default","ocean_display_header":"default","ocean_header_style":"","ocean_center_header_left_menu":"0","ocean_custom_header_template":"0","ocean_custom_logo":0,"ocean_custom_retina_logo":0,"ocean_custom_logo_max_width":0,"ocean_custom_logo_tablet_max_width":0,"ocean_custom_logo_mobile_max_width":0,"ocean_custom_logo_max_height":0,"ocean_custom_logo_tablet_max_height":0,"ocean_custom_logo_mobile_max_height":0,"ocean_header_custom_menu":"0","ocean_menu_typo_font_family":"0","ocean_menu_typo_font_subset":"","ocean_menu_typo_font_size":0,"ocean_menu_typo_font_size_tablet":0,"ocean_menu_typo_font_size_mobile":0,"ocean_menu_typo_font_size_unit":"px","ocean_menu_typo_font_weight":"","ocean_menu_typo_font_weight_tablet":"","ocean_menu_typo_font_weight_mobile":"","ocean_menu_typo_transform":"","ocean_menu_typo_transform_tablet":"","ocean_menu_typo_transform_mobile":"","ocean_menu_typo_line_height":0,"ocean_menu_typo_line_height_tablet":0,"ocean_menu_typo_line_height_mobile":0,"ocean_menu_typo_line_height_unit":"","ocean_menu_typo_spacing":0,"ocean_menu_typo_spacing_tablet":0,"ocean_menu_typo_spacing_mobile":0,"ocean_menu_typo_spacing_unit":"","ocean_menu_link_color":"","ocean_menu_link_color_hover":"","ocean_menu_link_color_active":"","ocean_menu_link_background":"","ocean_menu_link_hover_background":"","ocean_menu_link_active_background":"","ocean_menu_social_links_bg":"","ocean_menu_social_hover_links_bg":"","ocean_menu_social_links_color":"","ocean_menu_social_hover_links_color":"","ocean_disable_title":"default","ocean_disable_heading":"default","ocean_post_title":"","ocean_post_subheading":"","ocean_post_title_style":"","ocean_post_title_background_color":"","ocean_post_title_background":0,"ocean_post_title_bg_image_position":"","ocean_post_title_bg_image_attachment":"","ocean_post_title_bg_image_repeat":"","ocean_post_title_bg_image_size":"","ocean_post_title_height":0,"ocean_post_title_bg_overlay":0.5,"ocean_post_title_bg_overlay_color":"","ocean_disable_breadcrumbs":"default","ocean_breadcrumbs_color":"","ocean_breadcrumbs_separator_color":"","ocean_breadcrumbs_links_color":"","ocean_breadcrumbs_links_hover_color":"","ocean_display_footer_widgets":"default","ocean_display_footer_bottom":"default","ocean_custom_footer_template":"0","osh_disable_topbar_sticky":"default","osh_disable_header_sticky":"default","osh_sticky_header_style":"default","osh_sticky_header_effect":"","osh_custom_sticky_logo":0,"osh_custom_retina_sticky_logo":0,"osh_custom_sticky_logo_height":0,"osh_background_color":"","osh_links_color":"","osh_links_hover_color":"","osh_links_active_color":"","osh_links_bg_color":"","osh_links_hover_bg_color":"","osh_links_active_bg_color":"","osh_menu_social_links_color":"","osh_menu_social_hover_links_color":""},"product_brand":[],"product_cat":[42,41],"product_tag":[190,185,73,374,375],"class_list":{"0":"post-3982","1":"product","2":"type-product","3":"status-publish","4":"has-post-thumbnail","6":"product_cat-electric-progressive-pumps","7":"product_cat-progressive-grease-systems","8":"product_tag-bearing-lubrication-pump","9":"product_tag-electric-grease-pump","10":"product_tag-electric-lubrication-pump","11":"product_tag-guideway-lubrication-pump","12":"product_tag-lubrication-pump-unit","14":"entry","15":"has-media","17":"first","18":"instock","19":"shipping-taxable","20":"product-type-external","21":"col","22":"span_1_of_3","23":"owp-content-center","24":"owp-thumbs-layout-horizontal","25":"owp-btn-very-big","26":"owp-tabs-layout-horizontal"},"_links":{"self":[{"href":"https:\/\/www.jinpinlub.com\/hu\/wp-json\/wp\/v2\/product\/3982","targetHints":{"allow":["GET"]}}],"collection":[{"href":"https:\/\/www.jinpinlub.com\/hu\/wp-json\/wp\/v2\/product"}],"about":[{"href":"https:\/\/www.jinpinlub.com\/hu\/wp-json\/wp\/v2\/types\/product"}],"wp:featuredmedia":[{"embeddable":true,"href":"https:\/\/www.jinpinlub.com\/hu\/wp-json\/wp\/v2\/media\/3983"}],"wp:attachment":[{"href":"https:\/\/www.jinpinlub.com\/hu\/wp-json\/wp\/v2\/media?parent=3982"}],"wp:term":[{"taxonomy":"product_brand","embeddable":true,"href":"https:\/\/www.jinpinlub.com\/hu\/wp-json\/wp\/v2\/product_brand?post=3982"},{"taxonomy":"product_cat","embeddable":true,"href":"https:\/\/www.jinpinlub.com\/hu\/wp-json\/wp\/v2\/product_cat?post=3982"},{"taxonomy":"product_tag","embeddable":true,"href":"https:\/\/www.jinpinlub.com\/hu\/wp-json\/wp\/v2\/product_tag?post=3982"}],"curies":[{"name":"wp","href":"https:\/\/api.w.org\/{rel}","templated":true}]}}