{"id":3987,"date":"2024-12-12T03:02:06","date_gmt":"2024-12-11T19:02:06","guid":{"rendered":"https:\/\/www.jinpinlub.com\/?post_type=product&#038;p=3987"},"modified":"2024-12-12T03:23:01","modified_gmt":"2024-12-11T19:23:01","slug":"j100-5d-24v-detachable-centralized-lubrication-piston-pump","status":"publish","type":"product","link":"https:\/\/www.jinpinlub.com\/hu\/product\/j100-5d-24v-detachable-centralized-lubrication-piston-pump\/","title":{"rendered":"J100-5D 24V levehet\u0151 k\u00f6zponti ken\u0151dugatty\u00fas szivatty\u00fa"},"content":{"rendered":"<h2>Jellemz\u0151k<\/h2>\n<p>&#8211; The maximum length of the lubrication pipeline of the J100 series progressive centralized lubrication can reach 14 meters.<br \/>\n&#8211; When the system fails and the distributor is blocked, the lubrication pump system will sound an alarm, which is convenient for the staff to carry out maintenance.<br \/>\n&#8211; The advantage of the centralized lubrication system is that multiple lubrication points can be combined into one lubrication pump for centralized oil supply.<br \/>\n&#8211; The J100 progressive lubrication pump can distribute the lubricant to each lubrication point in sequence according to the required predetermined proportion.<br \/>\n&#8211; The J100 lubrication system can realize visual monitoring or electrical monitoring functions.<br \/>\n&#8211; If the lubrication system is blocked, grease can be seen overflowing from the safety valve.<\/p>\n<h2>Specifik\u00e1ci\u00f3<\/h2>\n<table>\n<tbody>\n<tr>\n<td>Modell<\/td>\n<td>J100-5D<\/td>\n<\/tr>\n<tr>\n<td>Ken\u00e9si id\u0151<\/td>\n<td>PLC vagy k\u00fcls\u0151 vez\u00e9rl\u0151<\/td>\n<\/tr>\n<tr>\n<td>Intervallum id\u0151<\/td>\n<td>PLC vagy k\u00fcls\u0151 vez\u00e9rl\u0151<\/td>\n<\/tr>\n<tr>\n<td>\u00dczemi h\u0151m\u00e9rs\u00e9klet<\/td>\n<td>0\u2103~ +50\u00b0C (alacsony h\u0151m\u00e9rs\u00e9kleti k\u00f6r\u00fclm\u00e9nyek k\u00f6z\u00f6tt fagy\u00e1ll\u00f3 zs\u00edr sz\u00fcks\u00e9ges)<\/td>\n<\/tr>\n<tr>\n<td>Az \u00fczletek sz\u00e1ma<\/td>\n<td>1 vagy 2<\/td>\n<\/tr>\n<tr>\n<td>A t\u00e1roz\u00f3 kapacit\u00e1sa<\/td>\n<td>0,3L, 0,5L, 0,7L, 1,5L<\/td>\n<\/tr>\n<tr>\n<td>\u00dajrat\u00f6lt\u00e9s<\/td>\n<td>T\u00f6lt\u0151ny\u00edl\u00e1s\/kivehet\u0151\/patron<\/td>\n<\/tr>\n<tr>\n<td>Ken\u0151anyag<\/td>\n<td>NLGI 000#~2#<\/td>\n<\/tr>\n<tr>\n<td>Nyom\u00e1scs\u00f6kkent\u0151 szelep<\/td>\n<td>V\u00e1laszthat\u00f3<\/td>\n<\/tr>\n<tr>\n<td>Kis\u00fcl\u00e9s<\/td>\n<td>15 ml\/perc<\/td>\n<\/tr>\n<tr>\n<td>Max. \u00fczemi nyom\u00e1s<\/td>\n<td>8,0 MPa<\/td>\n<\/tr>\n<tr>\n<td>Csatlakoz\u00f3 menet<\/td>\n<td>Kimenet \u03a66<\/td>\n<\/tr>\n<tr>\n<td>\u00dczemi fesz\u00fclts\u00e9g<\/td>\n<td>24VDC<\/td>\n<\/tr>\n<tr>\n<td>Tan\u00fas\u00edtv\u00e1ny<\/td>\n<td>CE<\/td>\n<\/tr>\n<tr>\n<td>Alacsony szint kapcsol\u00f3<\/td>\n<td>NC \u00e9rintkez\u0151<\/td>\n<\/tr>\n<\/tbody>\n<\/table>\n<h2>Hibaelh\u00e1r\u00edt\u00e1s<\/h2>\n<p>1. The motor cannot start when the working voltage is applied<br \/>\n&#8211; The motor has no working voltage: Please check the power connection of the lubrication pump, including checking the correct connection of the power plug and cable, and check whether the working voltage is connected correctly.<br \/>\n2. No pressure accumulation or release<br \/>\n&#8211; The pump delivers too little medium: Please check whether the ink cartridge or reservoir of the lubrication pump is empty.<br \/>\n&#8211; Inappropriate grease is used: Clear the grease in the entire lubrication system and use standard suitable grease.<br \/>\n&#8211; The pressure is too low or too high: The pressure regulating valve of the lubrication pump is blocked or defective, check and replace the pressure regulating valve.<br \/>\n&#8211; There is air in the main pipeline: exhaust through the exhaust port of the lubrication pump.<br \/>\n&#8211; The main pipeline leaks or breaks: Check the pipeline condition of the lubrication system and replace the pipeline.<\/p>\n<h2>K\u00e9zik\u00f6nyvek<\/h2>\n<div class=\"sdm_download_button_box_default\"><div class=\"sdm_download_link\"><a href=\"https:\/\/www.jinpinlub.com\/hu\/?sdm_process_download=1&download_id=3960\" class=\"sdm_download white\" title=\"Mag\u00e1n: J100 Electric Grease Pump\" target=\"&quot;_blank&quot;\">Adatlap megtekint\u00e9se - J100 zs\u00edrszivatty\u00fa<\/a><\/div><\/div>","protected":false},"excerpt":{"rendered":"<p>J100 reservoirs, available in transparent plastic, offer capacities of 0.3, 0.5, and 1.5 litres. These reservoirs simplify refilling and extend maintenance intervals, with venting needed only during system start-up. Pumps can include fill-level monitors, enhancing convenience.<\/p>","protected":false},"featured_media":3988,"template":"","meta":{"ocean_post_layout":"","ocean_both_sidebars_style":"","ocean_both_sidebars_content_width":0,"ocean_both_sidebars_sidebars_width":0,"ocean_sidebar":"0","ocean_second_sidebar":"0","ocean_disable_margins":"enable","ocean_add_body_class":"","ocean_shortcode_before_top_bar":"","ocean_shortcode_after_top_bar":"","ocean_shortcode_before_header":"","ocean_shortcode_after_header":"","ocean_has_shortcode":"","ocean_shortcode_after_title":"","ocean_shortcode_before_footer_widgets":"","ocean_shortcode_after_footer_widgets":"","ocean_shortcode_before_footer_bottom":"","ocean_shortcode_after_footer_bottom":"","ocean_display_top_bar":"default","ocean_display_header":"default","ocean_header_style":"","ocean_center_header_left_menu":"0","ocean_custom_header_template":"0","ocean_custom_logo":0,"ocean_custom_retina_logo":0,"ocean_custom_logo_max_width":0,"ocean_custom_logo_tablet_max_width":0,"ocean_custom_logo_mobile_max_width":0,"ocean_custom_logo_max_height":0,"ocean_custom_logo_tablet_max_height":0,"ocean_custom_logo_mobile_max_height":0,"ocean_header_custom_menu":"0","ocean_menu_typo_font_family":"0","ocean_menu_typo_font_subset":"","ocean_menu_typo_font_size":0,"ocean_menu_typo_font_size_tablet":0,"ocean_menu_typo_font_size_mobile":0,"ocean_menu_typo_font_size_unit":"px","ocean_menu_typo_font_weight":"","ocean_menu_typo_font_weight_tablet":"","ocean_menu_typo_font_weight_mobile":"","ocean_menu_typo_transform":"","ocean_menu_typo_transform_tablet":"","ocean_menu_typo_transform_mobile":"","ocean_menu_typo_line_height":0,"ocean_menu_typo_line_height_tablet":0,"ocean_menu_typo_line_height_mobile":0,"ocean_menu_typo_line_height_unit":"","ocean_menu_typo_spacing":0,"ocean_menu_typo_spacing_tablet":0,"ocean_menu_typo_spacing_mobile":0,"ocean_menu_typo_spacing_unit":"","ocean_menu_link_color":"","ocean_menu_link_color_hover":"","ocean_menu_link_color_active":"","ocean_menu_link_background":"","ocean_menu_link_hover_background":"","ocean_menu_link_active_background":"","ocean_menu_social_links_bg":"","ocean_menu_social_hover_links_bg":"","ocean_menu_social_links_color":"","ocean_menu_social_hover_links_color":"","ocean_disable_title":"default","ocean_disable_heading":"default","ocean_post_title":"","ocean_post_subheading":"","ocean_post_title_style":"","ocean_post_title_background_color":"","ocean_post_title_background":0,"ocean_post_title_bg_image_position":"","ocean_post_title_bg_image_attachment":"","ocean_post_title_bg_image_repeat":"","ocean_post_title_bg_image_size":"","ocean_post_title_height":0,"ocean_post_title_bg_overlay":0.5,"ocean_post_title_bg_overlay_color":"","ocean_disable_breadcrumbs":"default","ocean_breadcrumbs_color":"","ocean_breadcrumbs_separator_color":"","ocean_breadcrumbs_links_color":"","ocean_breadcrumbs_links_hover_color":"","ocean_display_footer_widgets":"default","ocean_display_footer_bottom":"default","ocean_custom_footer_template":"0","osh_disable_topbar_sticky":"default","osh_disable_header_sticky":"default","osh_sticky_header_style":"default","osh_sticky_header_effect":"","osh_custom_sticky_logo":0,"osh_custom_retina_sticky_logo":0,"osh_custom_sticky_logo_height":0,"osh_background_color":"","osh_links_color":"","osh_links_hover_color":"","osh_links_active_color":"","osh_links_bg_color":"","osh_links_hover_bg_color":"","osh_links_active_bg_color":"","osh_menu_social_links_color":"","osh_menu_social_hover_links_color":""},"product_brand":[],"product_cat":[42,41],"product_tag":[321,112,76,196,221],"class_list":{"0":"post-3987","1":"product","2":"type-product","3":"status-publish","4":"has-post-thumbnail","6":"product_cat-electric-progressive-pumps","7":"product_cat-progressive-grease-systems","8":"product_tag-automatic-lubrication-system","9":"product_tag-centralized-lubrication-system","10":"product_tag-electric-lubrication-system","11":"product_tag-grease-lubrication-system","12":"product_tag-progressive-lubrication-system","14":"entry","15":"has-media","17":"first","18":"instock","19":"shipping-taxable","20":"product-type-external","21":"col","22":"span_1_of_3","23":"owp-content-center","24":"owp-thumbs-layout-horizontal","25":"owp-btn-very-big","26":"owp-tabs-layout-horizontal"},"_links":{"self":[{"href":"https:\/\/www.jinpinlub.com\/hu\/wp-json\/wp\/v2\/product\/3987","targetHints":{"allow":["GET"]}}],"collection":[{"href":"https:\/\/www.jinpinlub.com\/hu\/wp-json\/wp\/v2\/product"}],"about":[{"href":"https:\/\/www.jinpinlub.com\/hu\/wp-json\/wp\/v2\/types\/product"}],"wp:featuredmedia":[{"embeddable":true,"href":"https:\/\/www.jinpinlub.com\/hu\/wp-json\/wp\/v2\/media\/3988"}],"wp:attachment":[{"href":"https:\/\/www.jinpinlub.com\/hu\/wp-json\/wp\/v2\/media?parent=3987"}],"wp:term":[{"taxonomy":"product_brand","embeddable":true,"href":"https:\/\/www.jinpinlub.com\/hu\/wp-json\/wp\/v2\/product_brand?post=3987"},{"taxonomy":"product_cat","embeddable":true,"href":"https:\/\/www.jinpinlub.com\/hu\/wp-json\/wp\/v2\/product_cat?post=3987"},{"taxonomy":"product_tag","embeddable":true,"href":"https:\/\/www.jinpinlub.com\/hu\/wp-json\/wp\/v2\/product_tag?post=3987"}],"curies":[{"name":"wp","href":"https:\/\/api.w.org\/{rel}","templated":true}]}}