{"id":3992,"date":"2024-12-12T03:47:40","date_gmt":"2024-12-11T19:47:40","guid":{"rendered":"https:\/\/www.jinpinlub.com\/?post_type=product&#038;p=3992"},"modified":"2024-12-12T04:01:46","modified_gmt":"2024-12-11T20:01:46","slug":"j100-7c-automata-cnc-progressziv-zsiros-kenoszivattyuk","status":"publish","type":"product","link":"https:\/\/www.jinpinlub.com\/hu\/product\/j100-7c-automatic-cnc-progressive-graese-lubrication-pumps\/","title":{"rendered":"J100-7C automata CNC progressz\u00edv Graese ken\u0151szivatty\u00fak"},"content":{"rendered":"<h2>Jellemz\u0151k<\/h2>\n<p>\u2013 Nagy adagol\u00e1si pontoss\u00e1g, a J100 ken\u0151szivatty\u00fa ak\u00e1r 15 ml\/perc sebess\u00e9ggel is k\u00e9pes m\u00e9rni a foly\u00e9kony zs\u00edr mennyis\u00e9g\u00e9t, ami pontosan tudja szab\u00e1lyozni a ken\u0151anyag-kibocs\u00e1t\u00e1st, \u00e9s stabil \u00e9s megb\u00edzhat\u00f3 ken\u00e9si hat\u00e1st biztos\u00edt.<br \/>\n\u2013 A J100 ken\u0151szivatty\u00fa \u00fczemi nyom\u00e1sa maximum 80 bar-t \u00e9rhet el, ami megfelel a legt\u00f6bb ken\u0151rendszer nyom\u00e1sig\u00e9ny\u00e9nek, \u00e9s biztos\u00edtja a ken\u0151anyag hat\u00e9kony eljuttat\u00e1s\u00e1t a ken\u00e9si pontra.<br \/>\n\u2013 A J100 folyad\u00e9kszint-figyel\u0151 \u00e9s korai figyelmeztet\u0151 funkci\u00f3val rendelkezik, amely val\u00f3s id\u0151ben tudja figyelni az olajtart\u00e1ly vagy a patron szintj\u00e9t, korai figyelmeztet\u00e9st k\u00fcld, \u00e9s megakad\u00e1lyozza a berendez\u00e9s meghib\u00e1sod\u00e1s\u00e1t az el\u00e9gtelen ken\u0151anyag miatt.<br \/>\n\u2013 A J100 alacsony energiafogyaszt\u00e1s\u00fa 24V DC \u00fczemi fesz\u00fclts\u00e9get haszn\u00e1l, amely megfelel a modern berendez\u00e9sek energiatakar\u00e9koss\u00e1gi k\u00f6vetelm\u00e9nyeinek, cs\u00f6kkenti az \u00fczemeltet\u00e9si k\u00f6lts\u00e9geket, \u00e9s cs\u00f6kkenti az elektromos h\u00e1l\u00f3zatra gyakorolt hat\u00e1st, hogy biztos\u00edtsa a rendszer stabil \u00e1ramell\u00e1t\u00e1s\u00e1t.<br \/>\n\u2013 T\u00f6bbf\u00e9le be\u00e9p\u00edt\u00e9si m\u00f3d, a J100 szivatty\u00fa maxim\u00e1lis beszerel\u00e9si rugalmass\u00e1got biztos\u00edt a 4 opcion\u00e1lis r\u00f6gz\u00edt\u0151furattal rendelkez\u0151 szerel\u0151lap r\u00e9v\u00e9n.<br \/>\n- K\u00f6nny\u0171 kezelhet\u0151s\u00e9g, a k\u00e9zi ken\u0151gomb a ken\u0151rendszer ind\u00edt\u00e1s\u00e1ra vagy ki\u00fcr\u00edt\u00e9s\u00e9re szolg\u00e1l, a kipufog\u00f3csavar pedig egyszer\u0171v\u00e9 \u00e9s k\u00f6nny\u0171v\u00e9 teszi a kipufog\u00f3 folyamatot a rendszer ind\u00edt\u00e1sa vagy a patroncsere ut\u00e1n, k\u00f6nnyen kezelhet\u0151 a karbantart\u00f3 szem\u00e9lyzet \u00e9s a berendez\u00e9s hibakeres\u00e9se.<\/p>\n<h2>Specifik\u00e1ci\u00f3<\/h2>\n<table>\n<tbody>\n<tr>\n<td>Modell<\/td>\n<td>J100-7C<\/td>\n<\/tr>\n<tr>\n<td>Ken\u00e9si id\u0151<\/td>\n<td>PLC vagy k\u00fcls\u0151 vez\u00e9rl\u0151<\/td>\n<\/tr>\n<tr>\n<td>Intervallum id\u0151<\/td>\n<td>PLC vagy k\u00fcls\u0151 vez\u00e9rl\u0151<\/td>\n<\/tr>\n<tr>\n<td>\u00dczemi h\u0151m\u00e9rs\u00e9klet<\/td>\n<td>0\u2103~ +50\u00b0C (alacsony h\u0151m\u00e9rs\u00e9kleti k\u00f6r\u00fclm\u00e9nyek k\u00f6z\u00f6tt fagy\u00e1ll\u00f3 zs\u00edr sz\u00fcks\u00e9ges)<\/td>\n<\/tr>\n<tr>\n<td>Az \u00fczletek sz\u00e1ma<\/td>\n<td>1 vagy 2<\/td>\n<\/tr>\n<tr>\n<td>A t\u00e1roz\u00f3 kapacit\u00e1sa<\/td>\n<td>0,3L, 0,5L, 0,7L, 1,5L<\/td>\n<\/tr>\n<tr>\n<td>\u00dajrat\u00f6lt\u00e9s<\/td>\n<td>T\u00f6lt\u0151ny\u00edl\u00e1s\/kivehet\u0151\/patron<\/td>\n<\/tr>\n<tr>\n<td>Ken\u0151anyag<\/td>\n<td>NLGI 000#~2#<\/td>\n<\/tr>\n<tr>\n<td>Nyom\u00e1scs\u00f6kkent\u0151 szelep<\/td>\n<td>V\u00e1laszthat\u00f3<\/td>\n<\/tr>\n<tr>\n<td>Kis\u00fcl\u00e9s<\/td>\n<td>15 ml\/perc<\/td>\n<\/tr>\n<tr>\n<td>Max. \u00fczemi nyom\u00e1s<\/td>\n<td>8,0 MPa<\/td>\n<\/tr>\n<tr>\n<td>Csatlakoz\u00f3 menet<\/td>\n<td>Kimenet \u03a66<\/td>\n<\/tr>\n<tr>\n<td>\u00dczemi fesz\u00fclts\u00e9g<\/td>\n<td>24VDC<\/td>\n<\/tr>\n<tr>\n<td>Tan\u00fas\u00edtv\u00e1ny<\/td>\n<td>CE<\/td>\n<\/tr>\n<tr>\n<td>Alacsony szint kapcsol\u00f3<\/td>\n<td>NC \u00e9rintkez\u0151<\/td>\n<\/tr>\n<\/tbody>\n<\/table>\n<h2>\u00d3vint\u00e9zked\u00e9sek<\/h2>\n<p>\u2013 A nem haszn\u00e1lt zs\u00edrkazetta elt\u00e1vol\u00edt\u00e1sa \u00e9s a ken\u0151szivatty\u00fahoz val\u00f3 csatlakoztat\u00e1sa meghib\u00e1sod\u00e1st okozhat a patronban l\u00e9v\u0151 marad\u00e9k leveg\u0151 miatt. Csere el\u0151tt gy\u0151z\u0151dj\u00f6n meg arr\u00f3l, hogy a ken\u0151anyag teljesen elfogyott.<br \/>\n\u2013 Ne kapcsolja be az \u00e1ramell\u00e1t\u00e1st \u00fcres patronnal, k\u00fcl\u00f6nben a J100 ken\u0151szivatty\u00fa leveg\u0151t vagy idegen anyagot sz\u00edv be, ami meghib\u00e1sod\u00e1st okoz.<br \/>\n\u2013 A patron cser\u00e9jekor ne t\u00f6r\u00f6lje le a ken\u0151szivatty\u00fa bemeneti ny\u00edl\u00e1s\u00e1t piszkos ruh\u00e1val, mert a ken\u0151szivatty\u00fa besz\u00edvja az idegen anyagokat \u00e9s meghib\u00e1sodhat.<br \/>\n\u2013 Csak a szabv\u00e1nyos kazett\u00e1k t\u00e1mogatottak. M\u00e1s zs\u00edr haszn\u00e1lata a rendszer hib\u00e1s m\u0171k\u00f6d\u00e9s\u00e9t okozhatja.<br \/>\n\u2013 Soha ne fecskendezzen be zs\u00edrt egy haszn\u00e1lt \u00fcres patronba, \u00e9s ne haszn\u00e1lja \u00fajra, mert ez a patron megreped\u00e9s\u00e9t vagy a ken\u0151szivatty\u00fa hib\u00e1s m\u0171k\u00f6d\u00e9s\u00e9t okozhatja leveg\u0151 vagy idegen anyag bejut\u00e1sa miatt.<\/p>\n<h2>K\u00e9zik\u00f6nyvek<\/h2>\n<div class=\"sdm_download_button_box_default\"><div class=\"sdm_download_link\"><a href=\"https:\/\/www.jinpinlub.com\/hu\/?sdm_process_download=1&download_id=3960\" class=\"sdm_download white\" title=\"Mag\u00e1n: J100 Electric Grease Pump\" target=\"&quot;_blank&quot;\">Adatlap megtekint\u00e9se - J100 zs\u00edrszivatty\u00fa<\/a><\/div><\/div>","protected":false},"excerpt":{"rendered":"<p>A J100 24 V-on, 80 bar-on \u00e9s sz\u00e9les h\u0151m\u00e9rs\u00e9klet-tartom\u00e1nyban m\u0171k\u00f6dik. Olyan funkci\u00f3kkal rendelkezik, mint a szintfigyel\u00e9s \u00e9s a k\u00e9zi ken\u00e9s az \u00e1ll\u00e1sid\u0151 cs\u00f6kkent\u00e9se \u00e9rdek\u00e9ben. K\u00fcl\u00f6nf\u00e9le tart\u00e1lyspecifik\u00e1ci\u00f3kkal \u00e9s csatlakoz\u00e1si m\u00f3dokkal rendelkezik, rugalmasan telep\u00edthet\u0151, \u00e9s sz\u00e1mos ter\u00fcleten sz\u00e9les k\u00f6rben haszn\u00e1lj\u00e1k.<\/p>","protected":false},"featured_media":3993,"template":"","meta":{"ocean_post_layout":"","ocean_both_sidebars_style":"","ocean_both_sidebars_content_width":0,"ocean_both_sidebars_sidebars_width":0,"ocean_sidebar":"0","ocean_second_sidebar":"0","ocean_disable_margins":"enable","ocean_add_body_class":"","ocean_shortcode_before_top_bar":"","ocean_shortcode_after_top_bar":"","ocean_shortcode_before_header":"","ocean_shortcode_after_header":"","ocean_has_shortcode":"","ocean_shortcode_after_title":"","ocean_shortcode_before_footer_widgets":"","ocean_shortcode_after_footer_widgets":"","ocean_shortcode_before_footer_bottom":"","ocean_shortcode_after_footer_bottom":"","ocean_display_top_bar":"default","ocean_display_header":"default","ocean_header_style":"","ocean_center_header_left_menu":"0","ocean_custom_header_template":"0","ocean_custom_logo":0,"ocean_custom_retina_logo":0,"ocean_custom_logo_max_width":0,"ocean_custom_logo_tablet_max_width":0,"ocean_custom_logo_mobile_max_width":0,"ocean_custom_logo_max_height":0,"ocean_custom_logo_tablet_max_height":0,"ocean_custom_logo_mobile_max_height":0,"ocean_header_custom_menu":"0","ocean_menu_typo_font_family":"0","ocean_menu_typo_font_subset":"","ocean_menu_typo_font_size":0,"ocean_menu_typo_font_size_tablet":0,"ocean_menu_typo_font_size_mobile":0,"ocean_menu_typo_font_size_unit":"px","ocean_menu_typo_font_weight":"","ocean_menu_typo_font_weight_tablet":"","ocean_menu_typo_font_weight_mobile":"","ocean_menu_typo_transform":"","ocean_menu_typo_transform_tablet":"","ocean_menu_typo_transform_mobile":"","ocean_menu_typo_line_height":0,"ocean_menu_typo_line_height_tablet":0,"ocean_menu_typo_line_height_mobile":0,"ocean_menu_typo_line_height_unit":"","ocean_menu_typo_spacing":0,"ocean_menu_typo_spacing_tablet":0,"ocean_menu_typo_spacing_mobile":0,"ocean_menu_typo_spacing_unit":"","ocean_menu_link_color":"","ocean_menu_link_color_hover":"","ocean_menu_link_color_active":"","ocean_menu_link_background":"","ocean_menu_link_hover_background":"","ocean_menu_link_active_background":"","ocean_menu_social_links_bg":"","ocean_menu_social_hover_links_bg":"","ocean_menu_social_links_color":"","ocean_menu_social_hover_links_color":"","ocean_disable_title":"default","ocean_disable_heading":"default","ocean_post_title":"","ocean_post_subheading":"","ocean_post_title_style":"","ocean_post_title_background_color":"","ocean_post_title_background":0,"ocean_post_title_bg_image_position":"","ocean_post_title_bg_image_attachment":"","ocean_post_title_bg_image_repeat":"","ocean_post_title_bg_image_size":"","ocean_post_title_height":0,"ocean_post_title_bg_overlay":0.5,"ocean_post_title_bg_overlay_color":"","ocean_disable_breadcrumbs":"default","ocean_breadcrumbs_color":"","ocean_breadcrumbs_separator_color":"","ocean_breadcrumbs_links_color":"","ocean_breadcrumbs_links_hover_color":"","ocean_display_footer_widgets":"default","ocean_display_footer_bottom":"default","ocean_custom_footer_template":"0","osh_disable_topbar_sticky":"default","osh_disable_header_sticky":"default","osh_sticky_header_style":"default","osh_sticky_header_effect":"","osh_custom_sticky_logo":0,"osh_custom_retina_sticky_logo":0,"osh_custom_sticky_logo_height":0,"osh_background_color":"","osh_links_color":"","osh_links_hover_color":"","osh_links_active_color":"","osh_links_bg_color":"","osh_links_hover_bg_color":"","osh_links_active_bg_color":"","osh_menu_social_links_color":"","osh_menu_social_hover_links_color":""},"product_brand":[],"product_cat":[42,41],"product_tag":[321,112,76,196,221],"class_list":{"0":"post-3992","1":"product","2":"type-product","3":"status-publish","4":"has-post-thumbnail","6":"product_cat-electric-progressive-pumps","7":"product_cat-progressive-grease-systems","8":"product_tag-automatic-lubrication-system","9":"product_tag-centralized-lubrication-system","10":"product_tag-electric-lubrication-system","11":"product_tag-grease-lubrication-system","12":"product_tag-progressive-lubrication-system","14":"entry","15":"has-media","17":"first","18":"instock","19":"shipping-taxable","20":"product-type-external","21":"col","22":"span_1_of_3","23":"owp-content-center","24":"owp-thumbs-layout-horizontal","25":"owp-btn-very-big","26":"owp-tabs-layout-horizontal"},"_links":{"self":[{"href":"https:\/\/www.jinpinlub.com\/hu\/wp-json\/wp\/v2\/product\/3992","targetHints":{"allow":["GET"]}}],"collection":[{"href":"https:\/\/www.jinpinlub.com\/hu\/wp-json\/wp\/v2\/product"}],"about":[{"href":"https:\/\/www.jinpinlub.com\/hu\/wp-json\/wp\/v2\/types\/product"}],"wp:featuredmedia":[{"embeddable":true,"href":"https:\/\/www.jinpinlub.com\/hu\/wp-json\/wp\/v2\/media\/3993"}],"wp:attachment":[{"href":"https:\/\/www.jinpinlub.com\/hu\/wp-json\/wp\/v2\/media?parent=3992"}],"wp:term":[{"taxonomy":"product_brand","embeddable":true,"href":"https:\/\/www.jinpinlub.com\/hu\/wp-json\/wp\/v2\/product_brand?post=3992"},{"taxonomy":"product_cat","embeddable":true,"href":"https:\/\/www.jinpinlub.com\/hu\/wp-json\/wp\/v2\/product_cat?post=3992"},{"taxonomy":"product_tag","embeddable":true,"href":"https:\/\/www.jinpinlub.com\/hu\/wp-json\/wp\/v2\/product_tag?post=3992"}],"curies":[{"name":"wp","href":"https:\/\/api.w.org\/{rel}","templated":true}]}}