{"id":3997,"date":"2024-12-12T04:17:42","date_gmt":"2024-12-11T20:17:42","guid":{"rendered":"https:\/\/www.jinpinlub.com\/?post_type=product&#038;p=3997"},"modified":"2024-12-12T04:29:59","modified_gmt":"2024-12-11T20:29:59","slug":"j100-24vdc-elektromos-kenozsirozo-dugattyus-szivattyu","status":"publish","type":"product","link":"https:\/\/www.jinpinlub.com\/hu\/product\/j100-24vdc-electric-lubrication-greasing-plunger-piston-pump\/","title":{"rendered":"J100 24VDC elektromos ken\u0151zs\u00edr dugatty\u00fas szivatty\u00fa"},"content":{"rendered":"<h2>Jellemz\u0151k<\/h2>\n<p>\u2013 Kompakt kialak\u00edt\u00e1s: A J100 ken\u0151szivatty\u00fa kis m\u00e9ret\u0171, \u00e9s sz\u0171k\u00f6s helyekre is alkalmas.<br \/>\n\u2013 H\u0151m\u00e9rs\u00e9klet-alkalmazkod\u00f3k\u00e9pess\u00e9g: Stabilan tud m\u0171k\u00f6dni 0 \u00e9s 50\u00b0C k\u00f6z\u00f6tti h\u0151m\u00e9rs\u00e9kleti tartom\u00e1nyban, alkalmazkodva a k\u00fcl\u00f6nb\u00f6z\u0151 belt\u00e9ri k\u00f6rnyezeti felt\u00e9telekhez.<br \/>\n\u2013 Kett\u0151s kimeneti konfigur\u00e1ci\u00f3: A J100 k\u00e9t kimenettel rendelkezik, amelyek egyidej\u0171leg k\u00e9t ken\u00e9si rendszer f\u0151vezet\u00e9k\u00e9nek ken\u00e9s\u00e9t biztos\u00edtj\u00e1k, jav\u00edtva a rendszer hat\u00e9konys\u00e1g\u00e1t.<br \/>\n\u2013 Folyad\u00e9kszint figyel\u00e9s \u00e9s korai figyelmeztet\u00e9s: A J100 ken\u0151szivatty\u00fa be\u00e9p\u00edtett folyad\u00e9kszint-figyel\u0151 funkci\u00f3val rendelkezik, amely korai figyelmeztet\u00e9st tud adni, ha a tart\u00e1lyban \u00e9s a patronban alacsony a ken\u0151anyag szintje.<br \/>\n\u2013 Rugalmas telep\u00edt\u00e9s: A J100 ken\u0151szivatty\u00fa sz\u00e1mos r\u00f6gz\u00edt\u00e9si lehet\u0151s\u00e9get k\u00edn\u00e1l, bele\u00e9rtve a szabv\u00e1nyos konzolokat \u00e9s t\u00f6bb r\u00f6gz\u00edt\u00e9si furatot, hogy megfeleljen a k\u00fcl\u00f6nb\u00f6z\u0151 telep\u00edt\u00e9si k\u00f6vetelm\u00e9nyeknek.<br \/>\n\u2013 K\u00f6nny\u0171 karbantart\u00e1s: K\u00f6nnyen hozz\u00e1f\u00e9rhet\u0151 l\u00e9gtelen\u00edt\u0151 csavarral a ken\u0151szivatty\u00fa tart\u00e1lya t\u00f6bbf\u00e9le kapacit\u00e1ssal el\u00e9rhet\u0151, megk\u00f6nny\u00edtve a telep\u00edt\u00e9st, az \u00fczemeltet\u00e9st \u00e9s a karbantart\u00e1st.<\/p>\n<h2>Specifik\u00e1ci\u00f3<\/h2>\n<table>\n<tbody>\n<tr>\n<td>Modell<\/td>\n<td>J100-3R<\/td>\n<\/tr>\n<tr>\n<td>Ken\u00e9si id\u0151<\/td>\n<td>PLC vagy k\u00fcls\u0151 vez\u00e9rl\u0151<\/td>\n<\/tr>\n<tr>\n<td>Intervallum id\u0151<\/td>\n<td>PLC vagy k\u00fcls\u0151 vez\u00e9rl\u0151<\/td>\n<\/tr>\n<tr>\n<td>\u00dczemi h\u0151m\u00e9rs\u00e9klet<\/td>\n<td>0\u2103~ +50\u00b0C (alacsony h\u0151m\u00e9rs\u00e9kleti k\u00f6r\u00fclm\u00e9nyek k\u00f6z\u00f6tt fagy\u00e1ll\u00f3 zs\u00edr sz\u00fcks\u00e9ges)<\/td>\n<\/tr>\n<tr>\n<td>Az \u00fczletek sz\u00e1ma<\/td>\n<td>1 vagy 2<\/td>\n<\/tr>\n<tr>\n<td>A t\u00e1roz\u00f3 kapacit\u00e1sa<\/td>\n<td>0,3L, 0,5L, 0,7L, 1,5L<\/td>\n<\/tr>\n<tr>\n<td>\u00dajrat\u00f6lt\u00e9s<\/td>\n<td>T\u00f6lt\u0151ny\u00edl\u00e1s\/kivehet\u0151\/patron<\/td>\n<\/tr>\n<tr>\n<td>Ken\u0151anyag<\/td>\n<td>NLGI 000#~2#<\/td>\n<\/tr>\n<tr>\n<td>Nyom\u00e1scs\u00f6kkent\u0151 szelep<\/td>\n<td>V\u00e1laszthat\u00f3<\/td>\n<\/tr>\n<tr>\n<td>Kis\u00fcl\u00e9s<\/td>\n<td>15 ml\/perc<\/td>\n<\/tr>\n<tr>\n<td>Max. \u00fczemi nyom\u00e1s<\/td>\n<td>8,0 MPa<\/td>\n<\/tr>\n<tr>\n<td>Csatlakoz\u00f3 menet<\/td>\n<td>Kimenet \u03a66<\/td>\n<\/tr>\n<tr>\n<td>\u00dczemi fesz\u00fclts\u00e9g<\/td>\n<td>24VDC<\/td>\n<\/tr>\n<tr>\n<td>Tan\u00fas\u00edtv\u00e1ny<\/td>\n<td>CE<\/td>\n<\/tr>\n<tr>\n<td>Alacsony szint kapcsol\u00f3<\/td>\n<td>NC \u00e9rintkez\u0151<\/td>\n<\/tr>\n<\/tbody>\n<\/table>\n<h2>\u00d3vint\u00e9zked\u00e9sek<\/h2>\n<p>Fr\u00f6ccs\u00f6nt\u0151 g\u00e9p: A J100 ken\u0151szivatty\u00fat a fr\u00f6ccs\u00f6nt\u0151 g\u00e9pek csap\u00e1gyainak \u00e9s line\u00e1ris vezet\u0151inek ken\u00e9s\u00e9re haszn\u00e1lj\u00e1k, jav\u00edtva a g\u00e9p m\u0171k\u00f6d\u00e9si hat\u00e9konys\u00e1g\u00e1t \u00e9s meghosszabb\u00edtva az alkatr\u00e9szek \u00e9lettartam\u00e1t.<br \/>\nEmel\u0151- \u00e9s emel\u0151rendszer: Az emel\u0151- \u00e9s emel\u0151rendszerek fogaskerekeinek, t\u00e1rcs\u00e1inak \u00e9s egy\u00e9b mozg\u00f3 alkatr\u00e9szeinek ken\u00e9se a biztons\u00e1gos m\u0171k\u00f6d\u00e9s biztos\u00edt\u00e1sa \u00e9s a berendez\u00e9s \u00e9lettartam\u00e1nak meghosszabb\u00edt\u00e1sa \u00e9rdek\u00e9ben.<br \/>\nAnyagmozgat\u00e1s: Az anyagmozgat\u00f3 berendez\u00e9sekben, mint a sz\u00e1ll\u00edt\u00f3szalagok \u00e9s targonc\u00e1k, a J100 ken\u0151szivatty\u00fa biztos\u00edtja a csap\u00e1gyak \u00e9s csukl\u00f3k ken\u00e9s\u00e9t, jav\u00edtva a m\u0171k\u00f6d\u00e9s hat\u00e9konys\u00e1g\u00e1t \u00e9s biztons\u00e1g\u00e1t.<br \/>\nSzersz\u00e1mg\u00e9pek: K\u00fcl\u00f6nf\u00e9le szersz\u00e1mg\u00e9pekben a J100 ken\u0151szivatty\u00fa biztos\u00edtja a kulcsfontoss\u00e1g\u00fa alkatr\u00e9szek, p\u00e9ld\u00e1ul a vezet\u0151k, csap\u00e1gyak \u00e9s fogaskerekek ken\u00e9s\u00e9t, cs\u00f6kkentve a kop\u00e1st \u00e9s jav\u00edtva a feldolgoz\u00e1si pontoss\u00e1got \u00e9s a gy\u00e1rt\u00e1si hat\u00e9konys\u00e1got.<\/p>\n<h2>K\u00e9zik\u00f6nyvek<\/h2>\n<div class=\"sdm_download_button_box_default\"><div class=\"sdm_download_link\"><a href=\"https:\/\/www.jinpinlub.com\/hu\/?sdm_process_download=1&download_id=3960\" class=\"sdm_download white\" title=\"Mag\u00e1n: J100 Electric Grease Pump\" target=\"&quot;_blank&quot;\">Adatlap megtekint\u00e9se - J100 zs\u00edrszivatty\u00fa<\/a><\/div><\/div>","protected":false},"excerpt":{"rendered":"<p>A J100 egy hat\u00e9kony \u00e9s megb\u00edzhat\u00f3 elektromos meghajt\u00e1s\u00fa kompakt szivatty\u00fa, amelyet egysoros ken\u00e9si rendszerekhez terveztek. 24 V DC \u00fczemi fesz\u00fclts\u00e9ggel \u00e9s kett\u0151s kimeneti konfigur\u00e1ci\u00f3val rendelkezik, amely egyszerre k\u00e9t ken\u0151vezet\u00e9ket k\u00e9pes kiszolg\u00e1lni, meghosszabb\u00edtva a karbantart\u00e1si intervallumokat.<\/p>","protected":false},"featured_media":3998,"template":"","meta":{"ocean_post_layout":"","ocean_both_sidebars_style":"","ocean_both_sidebars_content_width":0,"ocean_both_sidebars_sidebars_width":0,"ocean_sidebar":"0","ocean_second_sidebar":"0","ocean_disable_margins":"enable","ocean_add_body_class":"","ocean_shortcode_before_top_bar":"","ocean_shortcode_after_top_bar":"","ocean_shortcode_before_header":"","ocean_shortcode_after_header":"","ocean_has_shortcode":"","ocean_shortcode_after_title":"","ocean_shortcode_before_footer_widgets":"","ocean_shortcode_after_footer_widgets":"","ocean_shortcode_before_footer_bottom":"","ocean_shortcode_after_footer_bottom":"","ocean_display_top_bar":"default","ocean_display_header":"default","ocean_header_style":"","ocean_center_header_left_menu":"0","ocean_custom_header_template":"0","ocean_custom_logo":0,"ocean_custom_retina_logo":0,"ocean_custom_logo_max_width":0,"ocean_custom_logo_tablet_max_width":0,"ocean_custom_logo_mobile_max_width":0,"ocean_custom_logo_max_height":0,"ocean_custom_logo_tablet_max_height":0,"ocean_custom_logo_mobile_max_height":0,"ocean_header_custom_menu":"0","ocean_menu_typo_font_family":"0","ocean_menu_typo_font_subset":"","ocean_menu_typo_font_size":0,"ocean_menu_typo_font_size_tablet":0,"ocean_menu_typo_font_size_mobile":0,"ocean_menu_typo_font_size_unit":"px","ocean_menu_typo_font_weight":"","ocean_menu_typo_font_weight_tablet":"","ocean_menu_typo_font_weight_mobile":"","ocean_menu_typo_transform":"","ocean_menu_typo_transform_tablet":"","ocean_menu_typo_transform_mobile":"","ocean_menu_typo_line_height":0,"ocean_menu_typo_line_height_tablet":0,"ocean_menu_typo_line_height_mobile":0,"ocean_menu_typo_line_height_unit":"","ocean_menu_typo_spacing":0,"ocean_menu_typo_spacing_tablet":0,"ocean_menu_typo_spacing_mobile":0,"ocean_menu_typo_spacing_unit":"","ocean_menu_link_color":"","ocean_menu_link_color_hover":"","ocean_menu_link_color_active":"","ocean_menu_link_background":"","ocean_menu_link_hover_background":"","ocean_menu_link_active_background":"","ocean_menu_social_links_bg":"","ocean_menu_social_hover_links_bg":"","ocean_menu_social_links_color":"","ocean_menu_social_hover_links_color":"","ocean_disable_title":"default","ocean_disable_heading":"default","ocean_post_title":"","ocean_post_subheading":"","ocean_post_title_style":"","ocean_post_title_background_color":"","ocean_post_title_background":0,"ocean_post_title_bg_image_position":"","ocean_post_title_bg_image_attachment":"","ocean_post_title_bg_image_repeat":"","ocean_post_title_bg_image_size":"","ocean_post_title_height":0,"ocean_post_title_bg_overlay":0.5,"ocean_post_title_bg_overlay_color":"","ocean_disable_breadcrumbs":"default","ocean_breadcrumbs_color":"","ocean_breadcrumbs_separator_color":"","ocean_breadcrumbs_links_color":"","ocean_breadcrumbs_links_hover_color":"","ocean_display_footer_widgets":"default","ocean_display_footer_bottom":"default","ocean_custom_footer_template":"0","osh_disable_topbar_sticky":"default","osh_disable_header_sticky":"default","osh_sticky_header_style":"default","osh_sticky_header_effect":"","osh_custom_sticky_logo":0,"osh_custom_retina_sticky_logo":0,"osh_custom_sticky_logo_height":0,"osh_background_color":"","osh_links_color":"","osh_links_hover_color":"","osh_links_active_color":"","osh_links_bg_color":"","osh_links_hover_bg_color":"","osh_links_active_bg_color":"","osh_menu_social_links_color":"","osh_menu_social_hover_links_color":""},"product_brand":[],"product_cat":[38,37],"product_tag":[185,76,93,320,92],"class_list":{"0":"post-3997","1":"product","2":"type-product","3":"status-publish","4":"has-post-thumbnail","6":"product_cat-electric-pressure-relief-pumps","7":"product_cat-single-line-grease-systems","8":"product_tag-electric-grease-pump","9":"product_tag-electric-lubrication-system","10":"product_tag-pressure-relief-lubrication-pump","11":"product_tag-single-line-grease-pump","12":"product_tag-single-line-lubrication-pump","14":"entry","15":"has-media","17":"first","18":"instock","19":"shipping-taxable","20":"product-type-external","21":"col","22":"span_1_of_3","23":"owp-content-center","24":"owp-thumbs-layout-horizontal","25":"owp-btn-very-big","26":"owp-tabs-layout-horizontal"},"_links":{"self":[{"href":"https:\/\/www.jinpinlub.com\/hu\/wp-json\/wp\/v2\/product\/3997","targetHints":{"allow":["GET"]}}],"collection":[{"href":"https:\/\/www.jinpinlub.com\/hu\/wp-json\/wp\/v2\/product"}],"about":[{"href":"https:\/\/www.jinpinlub.com\/hu\/wp-json\/wp\/v2\/types\/product"}],"wp:featuredmedia":[{"embeddable":true,"href":"https:\/\/www.jinpinlub.com\/hu\/wp-json\/wp\/v2\/media\/3998"}],"wp:attachment":[{"href":"https:\/\/www.jinpinlub.com\/hu\/wp-json\/wp\/v2\/media?parent=3997"}],"wp:term":[{"taxonomy":"product_brand","embeddable":true,"href":"https:\/\/www.jinpinlub.com\/hu\/wp-json\/wp\/v2\/product_brand?post=3997"},{"taxonomy":"product_cat","embeddable":true,"href":"https:\/\/www.jinpinlub.com\/hu\/wp-json\/wp\/v2\/product_cat?post=3997"},{"taxonomy":"product_tag","embeddable":true,"href":"https:\/\/www.jinpinlub.com\/hu\/wp-json\/wp\/v2\/product_tag?post=3997"}],"curies":[{"name":"wp","href":"https:\/\/api.w.org\/{rel}","templated":true}]}}