{"id":4013,"date":"2024-12-12T17:45:07","date_gmt":"2024-12-12T09:45:07","guid":{"rendered":"https:\/\/www.jinpinlub.com\/?post_type=product&#038;p=4013"},"modified":"2024-12-13T05:49:02","modified_gmt":"2024-12-12T21:49:02","slug":"j200-3r-egysoros-kenoszivattyu-a-preciz-keneshez","status":"publish","type":"product","link":"https:\/\/www.jinpinlub.com\/hu\/product\/j200-3r-single-line-lubrication-pump-for-precise-lubrication\/","title":{"rendered":"J200-3R egysoros ken\u0151szivatty\u00fa a prec\u00edz ken\u00e9shez"},"content":{"rendered":"<h2>Jellemz\u0151k<\/h2>\n<p>\u2013 Prec\u00edz ken\u00e9s-lead\u00e1s: kis mennyis\u00e9g\u0171 ken\u0151anyag prec\u00edz kijuttat\u00e1sa az adagol\u00f3szelepeken kereszt\u00fcl t\u00f6rt\u00e9nik, \u00edgy biztos\u00edtva a g\u00e9p minden ken\u00e9si pontj\u00e1nak pontos ken\u00e9s\u00e9t.<br \/>\n\u2013 Folyad\u00e9kszint kapcsol\u00f3: a patronadapterbe integr\u00e1lva, id\u0151ben le\u00e1ll\u00edthatja a szivatty\u00fat, ha a patronb\u00f3l kifogyott az olaj, hat\u00e9konyan megakad\u00e1lyozza a leveg\u0151 bekevered\u00e9s\u00e9t a ken\u0151rendszerbe \u00e9s biztos\u00edtja a ken\u00e9si hat\u00e1st.<br \/>\n\u2013 Egyszer\u0171 patroncsere: a l\u00e9p\u00e9sek szerint kell v\u00e9grehajtani, p\u00e9ld\u00e1ul a r\u00e9gi patron elt\u00e1vol\u00edt\u00e1s\u00e1hoz forgassa el, helyezze be az \u00faj patront \u00e9s r\u00f6gz\u00edtse a fedelet.<br \/>\n\u2013 Kivehet\u0151 tart\u00e1ly: opcion\u00e1lis kivehet\u0151 tart\u00e1lyos v\u00e1ltozat, nem kell cser\u00e9lni a patront az egyszer\u0171, ism\u00e9telt zs\u00edrfelt\u00f6lt\u00e9s \u00e9rdek\u00e9ben.<br \/>\n\u2013 Er\u0151s k\u00f6rnyezeti alkalmazkod\u00f3k\u00e9pess\u00e9g: 0 \u2013 50\u00b0C k\u00f6rnyezeti h\u0151m\u00e9rs\u00e9kleten \u00e9s 35 \u2013 85%RH p\u00e1ratartalom mellett is m\u0171k\u00f6dik, a rezg\u00e9sig\u00e9nye pedig 9G (88m\/s\u00b2) alatt van, ami ellen\u00e1ll a k\u00e1ros k\u00f6rnyezeti t\u00e9nyez\u0151k hat\u00e1s\u00e1nak, mint a v\u00edz, olaj, t\u00f6rmel\u00e9k, por stb. bizonyos m\u00e9rt\u00e9kig.<\/p>\n<h2>Specifik\u00e1ci\u00f3<\/h2>\n<table>\n<tbody>\n<tr>\n<td>Modell<\/td>\n<td>J200-3D<\/td>\n<\/tr>\n<tr>\n<td>Ken\u00e9si id\u0151<\/td>\n<td>PLC vagy k\u00fcls\u0151 vez\u00e9rl\u0151<\/td>\n<\/tr>\n<tr>\n<td>Intervallum id\u0151<\/td>\n<td>PLC vagy k\u00fcls\u0151 vez\u00e9rl\u0151<\/td>\n<\/tr>\n<tr>\n<td>\u00dczemi h\u0151m\u00e9rs\u00e9klet<\/td>\n<td>0\u2103~ +50\u00b0C (alacsony h\u0151m\u00e9rs\u00e9kleti k\u00f6r\u00fclm\u00e9nyek k\u00f6z\u00f6tt fagy\u00e1ll\u00f3 zs\u00edr sz\u00fcks\u00e9ges)<\/td>\n<\/tr>\n<tr>\n<td>Az \u00fczletek sz\u00e1ma<\/td>\n<td>1 vagy 2<\/td>\n<\/tr>\n<tr>\n<td>A t\u00e1roz\u00f3 kapacit\u00e1sa<\/td>\n<td>0,3L, 0,5L, 0,7L<\/td>\n<\/tr>\n<tr>\n<td>\u00dajrat\u00f6lt\u00e9s<\/td>\n<td>Kivehet\u0151 tart\u00e1ly\/patron<\/td>\n<\/tr>\n<tr>\n<td>Ken\u0151anyag<\/td>\n<td>Ken\u0151zs\u00edrok NLGI 000~2# fokozat\u00fa<\/td>\n<\/tr>\n<tr>\n<td>Nyom\u00e1scs\u00f6kkent\u0151 szelep<\/td>\n<td>\u00d6sszeszerelve<\/td>\n<\/tr>\n<tr>\n<td>Kis\u00fcl\u00e9s<\/td>\n<td>7 ml\/perc<\/td>\n<\/tr>\n<tr>\n<td>Max. \u00fczemi nyom\u00e1s<\/td>\n<td>5,0 vagy 8,0 MPa<\/td>\n<\/tr>\n<tr>\n<td>Csatlakoz\u00f3 menet<\/td>\n<td>Kimenet \u03a66<\/td>\n<\/tr>\n<tr>\n<td>\u00dczemi fesz\u00fclts\u00e9g<\/td>\n<td>24VDC<\/td>\n<\/tr>\n<tr>\n<td>Tan\u00fas\u00edtv\u00e1ny<\/td>\n<td>CE<\/td>\n<\/tr>\n<tr>\n<td>Alacsony szint kapcsol\u00f3<\/td>\n<td>NC \u00e9rintkez\u0151<\/td>\n<\/tr>\n<\/tbody>\n<\/table>\n<h2>Vezet\u00e9k<\/h2>\n<p><span id=\"input-sentence~0\">\u2013 A szem\u00e9lyzet k\u00e9pes\u00edt\u00e9se: A ken\u0151szivatty\u00fa vezet\u00e9kez\u00e9s\u00e9t elektromos munk\u00e1k elv\u00e9gz\u00e9s\u00e9re k\u00e9pzett szem\u00e9lyzetnek kell elv\u00e9geznie, hogy a vezet\u00e9kek megfelel\u0151ek \u00e9s biztons\u00e1gosak legyenek.<br \/>\n\u2013 Polarit\u00e1s meger\u0151s\u00edt\u00e9se: A motornak polarit\u00e1sa van. A (+) \u00e9s (-) vezet\u00e9kek csatlakoztat\u00e1sakor gondosan ellen\u0151rizni kell a diagramot, hogy elker\u00fclje a helytelen polarit\u00e1s miatti meghib\u00e1sod\u00e1st.<\/span><span id=\"input-sentence~1\"><br \/>\n\u2013 Szigetel\u00e9si int\u00e9zked\u00e9sek: Ha a 24 VDC t\u00e1pegys\u00e9g vezet\u00e9kei hozz\u00e1\u00e9rhetnek a ken\u0151szivatty\u00fa test\u00e9hez, emberi testhez vagy k\u00f6rnyez\u0151 t\u00e1rgyakhoz, szigetelt vezet\u00e9keket kell haszn\u00e1lni a sziv\u00e1rg\u00e1s \u00e9s az \u00e1ram\u00fct\u00e9ses balesetek elker\u00fcl\u00e9se \u00e9rdek\u00e9ben.<br \/>\n\u2013 F\u00f6ldel\u00e9s: A sziv\u00e1rg\u00e1s \u00e9s az \u00e1ram\u00fct\u00e9s elker\u00fcl\u00e9se \u00e9rdek\u00e9ben csatlakoztassa a f\u00f6ldel\u0151 vezet\u00e9ket a kijel\u00f6lt alkatr\u00e9szhez. Ugyanakkor a t\u00fal\u00e1ram okozta t\u0171z megel\u0151z\u00e9se \u00e9rdek\u00e9ben \u00fcgyeljen az \u00e1ramkorl\u00e1tra. Ha az \u00e1ram meghaladja az 1,2 A-t, a ken\u0151szivatty\u00fa bels\u0151 hajt\u00f3mechanizmusa visszat\u00e9r a kiindul\u00e1si helyzetbe.<\/span><\/p>\n<h2>K\u00e9zik\u00f6nyvek<\/h2>\n<div class=\"sdm_download_button_box_default\"><div class=\"sdm_download_link\"><a href=\"https:\/\/www.jinpinlub.com\/hu\/?sdm_process_download=1&download_id=3962\" class=\"sdm_download white\" title=\"Mag\u00e1n: J200 Electric Pump\" target=\"&quot;_blank&quot;\">Adatlap megtekint\u00e9se - J200 zs\u00edrszivatty\u00fa<\/a><\/div><\/div>","protected":false},"excerpt":{"rendered":"<p>A J200 egy rendk\u00edv\u00fcl hat\u00e9kony ken\u0151eszk\u00f6z, melynek jellemz\u0151i: DC24V t\u00e1pegys\u00e9g, 7 ml\/perc kis\u00fcl\u00e9si t\u00e9rfogat \u00e9s 5-8 MPa nyom\u00f3nyom\u00e1s. K\u00fcl\u00f6nf\u00e9le ipari alkalmaz\u00e1sokhoz alkalmas, hogy biztos\u00edtsa a berendez\u00e9s hossz\u00fa t\u00e1v\u00fa stabil m\u0171k\u00f6d\u00e9s\u00e9t.<\/p>","protected":false},"featured_media":4014,"template":"","meta":{"ocean_post_layout":"","ocean_both_sidebars_style":"","ocean_both_sidebars_content_width":0,"ocean_both_sidebars_sidebars_width":0,"ocean_sidebar":"0","ocean_second_sidebar":"0","ocean_disable_margins":"enable","ocean_add_body_class":"","ocean_shortcode_before_top_bar":"","ocean_shortcode_after_top_bar":"","ocean_shortcode_before_header":"","ocean_shortcode_after_header":"","ocean_has_shortcode":"","ocean_shortcode_after_title":"","ocean_shortcode_before_footer_widgets":"","ocean_shortcode_after_footer_widgets":"","ocean_shortcode_before_footer_bottom":"","ocean_shortcode_after_footer_bottom":"","ocean_display_top_bar":"default","ocean_display_header":"default","ocean_header_style":"","ocean_center_header_left_menu":"0","ocean_custom_header_template":"0","ocean_custom_logo":0,"ocean_custom_retina_logo":0,"ocean_custom_logo_max_width":0,"ocean_custom_logo_tablet_max_width":0,"ocean_custom_logo_mobile_max_width":0,"ocean_custom_logo_max_height":0,"ocean_custom_logo_tablet_max_height":0,"ocean_custom_logo_mobile_max_height":0,"ocean_header_custom_menu":"0","ocean_menu_typo_font_family":"0","ocean_menu_typo_font_subset":"","ocean_menu_typo_font_size":0,"ocean_menu_typo_font_size_tablet":0,"ocean_menu_typo_font_size_mobile":0,"ocean_menu_typo_font_size_unit":"px","ocean_menu_typo_font_weight":"","ocean_menu_typo_font_weight_tablet":"","ocean_menu_typo_font_weight_mobile":"","ocean_menu_typo_transform":"","ocean_menu_typo_transform_tablet":"","ocean_menu_typo_transform_mobile":"","ocean_menu_typo_line_height":0,"ocean_menu_typo_line_height_tablet":0,"ocean_menu_typo_line_height_mobile":0,"ocean_menu_typo_line_height_unit":"","ocean_menu_typo_spacing":0,"ocean_menu_typo_spacing_tablet":0,"ocean_menu_typo_spacing_mobile":0,"ocean_menu_typo_spacing_unit":"","ocean_menu_link_color":"","ocean_menu_link_color_hover":"","ocean_menu_link_color_active":"","ocean_menu_link_background":"","ocean_menu_link_hover_background":"","ocean_menu_link_active_background":"","ocean_menu_social_links_bg":"","ocean_menu_social_hover_links_bg":"","ocean_menu_social_links_color":"","ocean_menu_social_hover_links_color":"","ocean_disable_title":"default","ocean_disable_heading":"default","ocean_post_title":"","ocean_post_subheading":"","ocean_post_title_style":"","ocean_post_title_background_color":"","ocean_post_title_background":0,"ocean_post_title_bg_image_position":"","ocean_post_title_bg_image_attachment":"","ocean_post_title_bg_image_repeat":"","ocean_post_title_bg_image_size":"","ocean_post_title_height":0,"ocean_post_title_bg_overlay":0.5,"ocean_post_title_bg_overlay_color":"","ocean_disable_breadcrumbs":"default","ocean_breadcrumbs_color":"","ocean_breadcrumbs_separator_color":"","ocean_breadcrumbs_links_color":"","ocean_breadcrumbs_links_hover_color":"","ocean_display_footer_widgets":"default","ocean_display_footer_bottom":"default","ocean_custom_footer_template":"0","osh_disable_topbar_sticky":"default","osh_disable_header_sticky":"default","osh_sticky_header_style":"default","osh_sticky_header_effect":"","osh_custom_sticky_logo":0,"osh_custom_retina_sticky_logo":0,"osh_custom_sticky_logo_height":0,"osh_background_color":"","osh_links_color":"","osh_links_hover_color":"","osh_links_active_color":"","osh_links_bg_color":"","osh_links_hover_bg_color":"","osh_links_active_bg_color":"","osh_menu_social_links_color":"","osh_menu_social_hover_links_color":""},"product_brand":[],"product_cat":[38,37],"product_tag":[191,73,378,379,92],"class_list":{"0":"post-4013","1":"product","2":"type-product","3":"status-publish","4":"has-post-thumbnail","6":"product_cat-electric-pressure-relief-pumps","7":"product_cat-single-line-grease-systems","8":"product_tag-cnc-lubrication-pump","9":"product_tag-electric-lubrication-pump","10":"product_tag-lhl-lubrication-pump","11":"product_tag-machine-tool-lubrication-pump","12":"product_tag-single-line-lubrication-pump","14":"entry","15":"has-media","17":"first","18":"instock","19":"shipping-taxable","20":"product-type-external","21":"col","22":"span_1_of_3","23":"owp-content-center","24":"owp-thumbs-layout-horizontal","25":"owp-btn-very-big","26":"owp-tabs-layout-horizontal"},"_links":{"self":[{"href":"https:\/\/www.jinpinlub.com\/hu\/wp-json\/wp\/v2\/product\/4013","targetHints":{"allow":["GET"]}}],"collection":[{"href":"https:\/\/www.jinpinlub.com\/hu\/wp-json\/wp\/v2\/product"}],"about":[{"href":"https:\/\/www.jinpinlub.com\/hu\/wp-json\/wp\/v2\/types\/product"}],"wp:featuredmedia":[{"embeddable":true,"href":"https:\/\/www.jinpinlub.com\/hu\/wp-json\/wp\/v2\/media\/4014"}],"wp:attachment":[{"href":"https:\/\/www.jinpinlub.com\/hu\/wp-json\/wp\/v2\/media?parent=4013"}],"wp:term":[{"taxonomy":"product_brand","embeddable":true,"href":"https:\/\/www.jinpinlub.com\/hu\/wp-json\/wp\/v2\/product_brand?post=4013"},{"taxonomy":"product_cat","embeddable":true,"href":"https:\/\/www.jinpinlub.com\/hu\/wp-json\/wp\/v2\/product_cat?post=4013"},{"taxonomy":"product_tag","embeddable":true,"href":"https:\/\/www.jinpinlub.com\/hu\/wp-json\/wp\/v2\/product_tag?post=4013"}],"curies":[{"name":"wp","href":"https:\/\/api.w.org\/{rel}","templated":true}]}}