{"id":4018,"date":"2024-12-12T23:27:32","date_gmt":"2024-12-12T15:27:32","guid":{"rendered":"https:\/\/www.jinpinlub.com\/?post_type=product&#038;p=4018"},"modified":"2024-12-13T05:49:09","modified_gmt":"2024-12-12T21:49:09","slug":"j200-5d-electric-lubrication-pump-with-detachable-reservoir","status":"publish","type":"product","link":"https:\/\/www.jinpinlub.com\/hu\/product\/j200-5d-electric-lubrication-pump-with-detachable-reservoir\/","title":{"rendered":"J200-5D elektromos ken\u0151szivatty\u00fa levehet\u0151 tart\u00e1llyal"},"content":{"rendered":"<h2>Jellemz\u0151k<\/h2>\n<p><span id=\"input-sentence~0\">1. Power supply and start-up<br \/>\nThe lubrication pump is powered by a 24V DC power supply. When the power is turned on, the motor starts. The rated current of the motor is 0.8A. Within the normal power supply range, the motor can run stably and provide power for the pump.<\/span><span id=\"input-sentence~1\"><br \/>\n2. Lubricant delivery<br \/>\nThe motor drives the lubrication pump to work. The lubricant is extracted from the storage container or cartridge through the internal structure including the plunger, gears, etc., and is delivered to each lubrication point of the machine through the pipeline at a displacement of 7ml\/min.<\/span><span id=\"input-sentence~2\"> During the delivery process, the discharge pressure can reach 8MPa.<br \/>\n3. Metering and control<br \/>\nIn the lubrication system, the positive displacement distributor is used for precise control over the amount of lubricant to be delivered. This enables each lubrication point to acquire an appropriate amount of lubricant in order to achieve an optimized lubrication effect, rather than wasting lubricants. The running time and interval cycle of the lubrication pump are set by the timer installed on the machine and work under program setup.<\/span><\/p>\n<h2>Specifik\u00e1ci\u00f3<\/h2>\n<table>\n<tbody>\n<tr>\n<td>Modell<\/td>\n<td>J200-5D<\/td>\n<\/tr>\n<tr>\n<td>Ken\u00e9si id\u0151<\/td>\n<td>PLC vagy k\u00fcls\u0151 vez\u00e9rl\u0151<\/td>\n<\/tr>\n<tr>\n<td>Intervallum id\u0151<\/td>\n<td>PLC vagy k\u00fcls\u0151 vez\u00e9rl\u0151<\/td>\n<\/tr>\n<tr>\n<td>\u00dczemi h\u0151m\u00e9rs\u00e9klet<\/td>\n<td>0\u2103~ +50\u00b0C (alacsony h\u0151m\u00e9rs\u00e9kleti k\u00f6r\u00fclm\u00e9nyek k\u00f6z\u00f6tt fagy\u00e1ll\u00f3 zs\u00edr sz\u00fcks\u00e9ges)<\/td>\n<\/tr>\n<tr>\n<td>Az \u00fczletek sz\u00e1ma<\/td>\n<td>1 vagy 2<\/td>\n<\/tr>\n<tr>\n<td>A t\u00e1roz\u00f3 kapacit\u00e1sa<\/td>\n<td>0,3L, 0,5L, 0,7L<\/td>\n<\/tr>\n<tr>\n<td>\u00dajrat\u00f6lt\u00e9s<\/td>\n<td>Kivehet\u0151 tart\u00e1ly\/patron<\/td>\n<\/tr>\n<tr>\n<td>Ken\u0151anyag<\/td>\n<td>Ken\u0151zs\u00edrok NLGI 000~2# fokozat\u00fa<\/td>\n<\/tr>\n<tr>\n<td>Nyom\u00e1scs\u00f6kkent\u0151 szelep<\/td>\n<td>\u00d6sszeszerelve<\/td>\n<\/tr>\n<tr>\n<td>Kis\u00fcl\u00e9s<\/td>\n<td>7 ml\/perc<\/td>\n<\/tr>\n<tr>\n<td>Max. \u00fczemi nyom\u00e1s<\/td>\n<td>5,0 vagy 8,0 MPa<\/td>\n<\/tr>\n<tr>\n<td>Csatlakoz\u00f3 menet<\/td>\n<td>Kimenet \u03a66<\/td>\n<\/tr>\n<tr>\n<td>\u00dczemi fesz\u00fclts\u00e9g<\/td>\n<td>24VDC<\/td>\n<\/tr>\n<tr>\n<td>Tan\u00fas\u00edtv\u00e1ny<\/td>\n<td>CE<\/td>\n<\/tr>\n<tr>\n<td>Alacsony szint kapcsol\u00f3<\/td>\n<td>NC \u00e9rintkez\u0151<\/td>\n<\/tr>\n<\/tbody>\n<\/table>\n<h2>\u00dajrat\u00f6lt\u00e9s<\/h2>\n<p><span id=\"input-sentence~0\">&#8211; Replace the cartridge after the LHL in the cartridge is completely exhausted to avoid air entering the cartridge due to residual grease, which may cause malfunctioning of the lubrication pump.<br \/>\n&#8211; During the process of replacement of the cartridge, make sure that the surroundings are clean to avoid foreign objects like dust and impurities entering the lubrication pump body or cartridge.<\/span><span id=\"input-sentence~1\"><br \/>\n&#8211; It is strictly forbidden to turn on the power when the cartridge is not installed in place or removed, otherwise the lubrication pump may inhale air or foreign objects.<br \/>\n&#8211; When replacing the cartridge, if you need to wipe around the oil suction port of the pump, you must use a clean cloth to prevent foreign objects from being sucked into the lubrication pump.<br \/>\n&#8211; Only use the specified LHL grease cartridge. Using other non-specified lubricants may cause lubrication system failure.<br \/>\n&#8211; Never fill the used empty grease cartridge with lubricant and use it again.<\/span><\/p>\n<h2>K\u00e9zik\u00f6nyvek<\/h2>\n<div class=\"sdm_download_button_box_default\"><div class=\"sdm_download_link\"><a href=\"https:\/\/www.jinpinlub.com\/hu\/?sdm_process_download=1&download_id=3962\" class=\"sdm_download white\" title=\"Mag\u00e1n: J200 Electric Pump\" target=\"&quot;_blank&quot;\">Adatlap megtekint\u00e9se - J200 zs\u00edrszivatty\u00fa<\/a><\/div><\/div>","protected":false},"excerpt":{"rendered":"<p>J200 is an electric lubrication pump, a single-line lubrication system pump unit. Its key features include: power supply is DC24V, discharge volume is 7ml per minute, discharge pressure is 5MPa to 8MPa, suitable for lithium-based grease, IP54 protection grade.<\/p>","protected":false},"featured_media":4019,"template":"","meta":{"ocean_post_layout":"","ocean_both_sidebars_style":"","ocean_both_sidebars_content_width":0,"ocean_both_sidebars_sidebars_width":0,"ocean_sidebar":"0","ocean_second_sidebar":"0","ocean_disable_margins":"enable","ocean_add_body_class":"","ocean_shortcode_before_top_bar":"","ocean_shortcode_after_top_bar":"","ocean_shortcode_before_header":"","ocean_shortcode_after_header":"","ocean_has_shortcode":"","ocean_shortcode_after_title":"","ocean_shortcode_before_footer_widgets":"","ocean_shortcode_after_footer_widgets":"","ocean_shortcode_before_footer_bottom":"","ocean_shortcode_after_footer_bottom":"","ocean_display_top_bar":"default","ocean_display_header":"default","ocean_header_style":"","ocean_center_header_left_menu":"0","ocean_custom_header_template":"0","ocean_custom_logo":0,"ocean_custom_retina_logo":0,"ocean_custom_logo_max_width":0,"ocean_custom_logo_tablet_max_width":0,"ocean_custom_logo_mobile_max_width":0,"ocean_custom_logo_max_height":0,"ocean_custom_logo_tablet_max_height":0,"ocean_custom_logo_mobile_max_height":0,"ocean_header_custom_menu":"0","ocean_menu_typo_font_family":"0","ocean_menu_typo_font_subset":"","ocean_menu_typo_font_size":0,"ocean_menu_typo_font_size_tablet":0,"ocean_menu_typo_font_size_mobile":0,"ocean_menu_typo_font_size_unit":"px","ocean_menu_typo_font_weight":"","ocean_menu_typo_font_weight_tablet":"","ocean_menu_typo_font_weight_mobile":"","ocean_menu_typo_transform":"","ocean_menu_typo_transform_tablet":"","ocean_menu_typo_transform_mobile":"","ocean_menu_typo_line_height":0,"ocean_menu_typo_line_height_tablet":0,"ocean_menu_typo_line_height_mobile":0,"ocean_menu_typo_line_height_unit":"","ocean_menu_typo_spacing":0,"ocean_menu_typo_spacing_tablet":0,"ocean_menu_typo_spacing_mobile":0,"ocean_menu_typo_spacing_unit":"","ocean_menu_link_color":"","ocean_menu_link_color_hover":"","ocean_menu_link_color_active":"","ocean_menu_link_background":"","ocean_menu_link_hover_background":"","ocean_menu_link_active_background":"","ocean_menu_social_links_bg":"","ocean_menu_social_hover_links_bg":"","ocean_menu_social_links_color":"","ocean_menu_social_hover_links_color":"","ocean_disable_title":"default","ocean_disable_heading":"default","ocean_post_title":"","ocean_post_subheading":"","ocean_post_title_style":"","ocean_post_title_background_color":"","ocean_post_title_background":0,"ocean_post_title_bg_image_position":"","ocean_post_title_bg_image_attachment":"","ocean_post_title_bg_image_repeat":"","ocean_post_title_bg_image_size":"","ocean_post_title_height":0,"ocean_post_title_bg_overlay":0.5,"ocean_post_title_bg_overlay_color":"","ocean_disable_breadcrumbs":"default","ocean_breadcrumbs_color":"","ocean_breadcrumbs_separator_color":"","ocean_breadcrumbs_links_color":"","ocean_breadcrumbs_links_hover_color":"","ocean_display_footer_widgets":"default","ocean_display_footer_bottom":"default","ocean_custom_footer_template":"0","osh_disable_topbar_sticky":"default","osh_disable_header_sticky":"default","osh_sticky_header_style":"default","osh_sticky_header_effect":"","osh_custom_sticky_logo":0,"osh_custom_retina_sticky_logo":0,"osh_custom_sticky_logo_height":0,"osh_background_color":"","osh_links_color":"","osh_links_hover_color":"","osh_links_active_color":"","osh_links_bg_color":"","osh_links_hover_bg_color":"","osh_links_active_bg_color":"","osh_menu_social_links_color":"","osh_menu_social_hover_links_color":""},"product_brand":[],"product_cat":[38,37],"product_tag":[191,73,378,379,92],"class_list":{"0":"post-4018","1":"product","2":"type-product","3":"status-publish","4":"has-post-thumbnail","6":"product_cat-electric-pressure-relief-pumps","7":"product_cat-single-line-grease-systems","8":"product_tag-cnc-lubrication-pump","9":"product_tag-electric-lubrication-pump","10":"product_tag-lhl-lubrication-pump","11":"product_tag-machine-tool-lubrication-pump","12":"product_tag-single-line-lubrication-pump","14":"entry","15":"has-media","17":"first","18":"instock","19":"shipping-taxable","20":"product-type-external","21":"col","22":"span_1_of_3","23":"owp-content-center","24":"owp-thumbs-layout-horizontal","25":"owp-btn-very-big","26":"owp-tabs-layout-horizontal"},"_links":{"self":[{"href":"https:\/\/www.jinpinlub.com\/hu\/wp-json\/wp\/v2\/product\/4018","targetHints":{"allow":["GET"]}}],"collection":[{"href":"https:\/\/www.jinpinlub.com\/hu\/wp-json\/wp\/v2\/product"}],"about":[{"href":"https:\/\/www.jinpinlub.com\/hu\/wp-json\/wp\/v2\/types\/product"}],"wp:featuredmedia":[{"embeddable":true,"href":"https:\/\/www.jinpinlub.com\/hu\/wp-json\/wp\/v2\/media\/4019"}],"wp:attachment":[{"href":"https:\/\/www.jinpinlub.com\/hu\/wp-json\/wp\/v2\/media?parent=4018"}],"wp:term":[{"taxonomy":"product_brand","embeddable":true,"href":"https:\/\/www.jinpinlub.com\/hu\/wp-json\/wp\/v2\/product_brand?post=4018"},{"taxonomy":"product_cat","embeddable":true,"href":"https:\/\/www.jinpinlub.com\/hu\/wp-json\/wp\/v2\/product_cat?post=4018"},{"taxonomy":"product_tag","embeddable":true,"href":"https:\/\/www.jinpinlub.com\/hu\/wp-json\/wp\/v2\/product_tag?post=4018"}],"curies":[{"name":"wp","href":"https:\/\/api.w.org\/{rel}","templated":true}]}}