{"id":4023,"date":"2024-12-13T04:49:24","date_gmt":"2024-12-12T20:49:24","guid":{"rendered":"https:\/\/www.jinpinlub.com\/?post_type=product&#038;p=4023"},"modified":"2024-12-13T05:49:16","modified_gmt":"2024-12-12T21:49:16","slug":"jinpinlub-j200-cnc-kenoszivattyu-lhl-zsirpatronhoz","status":"publish","type":"product","link":"https:\/\/www.jinpinlub.com\/hu\/product\/jinpinlub-j200-cnc-lubrication-pump-for-lhl-grease-cartridge\/","title":{"rendered":"Jinpinlub J200 CNC ken\u0151szivatty\u00fa LHL zs\u00edrpatronhoz"},"content":{"rendered":"<h2>Jellemz\u0151k<\/h2>\n<p><span id=\"input-sentence~0\">\u2013 Ennek a J200 ken\u0151szivatty\u00fanak az \u00fczemi nyom\u00e1sa 5 MPa \u00e9s 8 MPa k\u00f6z\u00f6tt van, ami stabil, nagynyom\u00e1s\u00fa ken\u0151anyag-adagol\u00e1st biztos\u00edt.<br \/>\n\u2013 A ken\u0151szivatty\u00fa percenk\u00e9nt 7 ml ken\u0151anyag-kibocs\u00e1t\u00e1st biztos\u00edt. Ez a stabil kibocs\u00e1t\u00e1s el\u0151seg\u00edti a ken\u0151rendszer hat\u00e9kony m\u0171k\u00f6d\u00e9s\u00e9t.<\/span><span id=\"input-sentence~1\"><br \/>\n\u2013 A J20 ken\u0151szivatty\u00fa IP54-es v\u00e9detts\u00e9ggel rendelkezik, ami azt jelenti, hogy j\u00f3 por- \u00e9s v\u00edz\u00e1ll\u00f3s\u00e1ggal rendelkezik, \u00e9s megb\u00edzhat\u00f3an m\u0171k\u00f6dik poros \u00e9s p\u00e1r\u00e1s k\u00f6rnyezetben.<br \/>\n\u2013 A ken\u0151szivatty\u00fa DC 24V t\u00e1pegys\u00e9ggel m\u0171k\u00f6dik. Ez a kialak\u00edt\u00e1s nemcsak a szivatty\u00fa hat\u00e9kony m\u0171k\u00f6d\u00e9s\u00e9t biztos\u00edtja, hanem energi\u00e1t is takar\u00edt meg.<br \/>\n\u2013 A ken\u0151szivatty\u00fa opcion\u00e1lis adagol\u00f3kapcsol\u00f3val \u00e9s ken\u0151anyag-szintkapcsol\u00f3val van felszerelve a felhaszn\u00e1l\u00f3 \u00e1ltali fel\u00fcgyelet \u00e9s kezel\u00e9s \u00e9rdek\u00e9ben. Ezenk\u00edv\u00fcl egy speci\u00e1lis, kivehet\u0151 zs\u00edrz\u00f3patront is haszn\u00e1lnak.<\/span><\/p>\n<h2>Specifik\u00e1ci\u00f3<\/h2>\n<table>\n<tbody>\n<tr>\n<td>Modell<\/td>\n<td>J200-3D<\/td>\n<\/tr>\n<tr>\n<td>Ken\u00e9si id\u0151<\/td>\n<td>PLC vagy k\u00fcls\u0151 vez\u00e9rl\u0151<\/td>\n<\/tr>\n<tr>\n<td>Intervallum id\u0151<\/td>\n<td>PLC vagy k\u00fcls\u0151 vez\u00e9rl\u0151<\/td>\n<\/tr>\n<tr>\n<td>\u00dczemi h\u0151m\u00e9rs\u00e9klet<\/td>\n<td>0\u2103~ +50\u00b0C (alacsony h\u0151m\u00e9rs\u00e9kleti k\u00f6r\u00fclm\u00e9nyek k\u00f6z\u00f6tt fagy\u00e1ll\u00f3 zs\u00edr sz\u00fcks\u00e9ges)<\/td>\n<\/tr>\n<tr>\n<td>Az \u00fczletek sz\u00e1ma<\/td>\n<td>1 vagy 2<\/td>\n<\/tr>\n<tr>\n<td>A t\u00e1roz\u00f3 kapacit\u00e1sa<\/td>\n<td>0,3L, 0,5L, 0,7L<\/td>\n<\/tr>\n<tr>\n<td>\u00dajrat\u00f6lt\u00e9s<\/td>\n<td>Kivehet\u0151 tart\u00e1ly\/patron<\/td>\n<\/tr>\n<tr>\n<td>Ken\u0151anyag<\/td>\n<td>Ken\u0151zs\u00edrok NLGI 000~2# fokozat\u00fa<\/td>\n<\/tr>\n<tr>\n<td>Nyom\u00e1scs\u00f6kkent\u0151 szelep<\/td>\n<td>\u00d6sszeszerelve<\/td>\n<\/tr>\n<tr>\n<td>Kis\u00fcl\u00e9s<\/td>\n<td>7 ml\/perc<\/td>\n<\/tr>\n<tr>\n<td>Max. \u00fczemi nyom\u00e1s<\/td>\n<td>5,0 vagy 8,0 MPa<\/td>\n<\/tr>\n<tr>\n<td>Csatlakoz\u00f3 menet<\/td>\n<td>Kimenet \u03a66<\/td>\n<\/tr>\n<tr>\n<td>\u00dczemi fesz\u00fclts\u00e9g<\/td>\n<td>24VDC<\/td>\n<\/tr>\n<tr>\n<td>Tan\u00fas\u00edtv\u00e1ny<\/td>\n<td>CE<\/td>\n<\/tr>\n<tr>\n<td>Alacsony szint kapcsol\u00f3<\/td>\n<td>NC \u00e9rintkez\u0151<\/td>\n<\/tr>\n<\/tbody>\n<\/table>\n<h2>\u00dajrat\u00f6lt\u00e9s<\/h2>\n<p>\u2013 Ha a ken\u0151szivatty\u00fa nem adagol zs\u00edrt, el\u0151fordulhat, hogy kevesebb zs\u00edr maradt a tart\u00e1lyban. Ha a szelep nem adagol zs\u00edrt, el\u0151fordulhat, hogy elt\u00f6m\u0151d\u00f6tt.<br \/>\n\u2013 Ha leveg\u0151 van a ken\u0151szivatty\u00faban, a felhaszn\u00e1l\u00f3i k\u00e9zik\u00f6nyvben tal\u00e1lhat\u00f3 utas\u00edt\u00e1soknak megfelel\u0151en eressze ki. Ha leveg\u0151 van a f\u0151vezet\u00e9kben, vegye ki a v\u00e9gdug\u00f3t, \u00e9s m\u0171k\u00f6dtesse a szivatty\u00fat a kiereszt\u00e9shez.<br \/>\n\u2013 Ha a ken\u0151szivatty\u00fa nem m\u0171k\u00f6dik, ellen\u0151rizze a 24 VDC t\u00e1pcsatlakoz\u00e1st, \u00e9s gy\u0151z\u0151dj\u00f6n meg arr\u00f3l, hogy a vezet\u00e9kek pozit\u00edv \u00e9s negat\u00edv p\u00f3lusai megfelel\u0151en vannak-e csatlakoztatva. M\u00e9g ha a polarit\u00e1s helytelen is, a szivatty\u00fa nem k\u00e1rosodik, de a hib\u00e1t ki kell jav\u00edtani.<br \/>\n\u2013 Ha a ken\u0151szivatty\u00fa alacsony nyom\u00e1st ad le, sziv\u00e1rg\u00e1s lehet a szivatty\u00fa kimenet\u00e9n\u00e9l vagy a g\u00e9p cs\u0151vezet\u00e9k\u00e9nek csatlakoz\u00f3 r\u00e9szein\u00e9l. Ha a cs\u0151vezet\u00e9k s\u00e9r\u00fclt, ki kell cser\u00e9lni.<br \/>\n\u2013 Ha a f\u0151 cs\u0151vezet\u00e9k nyom\u00e1sa nem \u00e1ll fenn, akkor a ken\u0151szivatty\u00fa nem \u00fcr\u00edt\u0151 zs\u00edrj\u00e1nak kezel\u00e9s\u00e9vel kell foglalkozni. A probl\u00e9ma oka lehet \u00e1ramkimarad\u00e1s, cs\u0151vezet\u00e9k-s\u00e9r\u00fcl\u00e9s vagy a rendszerben l\u00e9v\u0151 leveg\u0151 is.<\/p>\n<h2>K\u00e9zik\u00f6nyvek<\/h2>\n<div class=\"sdm_download_button_box_default\"><div class=\"sdm_download_link\"><a href=\"https:\/\/www.jinpinlub.com\/hu\/?sdm_process_download=1&download_id=3962\" class=\"sdm_download white\" title=\"Mag\u00e1n: J200 Electric Pump\" target=\"&quot;_blank&quot;\">Adatlap megtekint\u00e9se - J200 zs\u00edrszivatty\u00fa<\/a><\/div><\/div>","protected":false},"excerpt":{"rendered":"<p>A Jinpinlub J200 ken\u0151szivatty\u00fa egy kism\u00e9ret\u0171 elektromos zs\u00edrz\u00f3szivatty\u00fa, amely k\u00e9nyelmes ut\u00e1nt\u00f6lt\u00e9ssel, a rendszernyom\u00e1s automatikus \u00e9rz\u00e9kel\u00e9s\u00e9vel, a fut\u00e1si id\u0151 \u00e9s az intervallumid\u0151 automatikus szab\u00e1lyoz\u00e1s\u00e1val, valamint automatikus nyom\u00e1scs\u00f6kkent\u00e9ssel rendelkezik. Kis m\u00e9ret\u0171 \u00e9s megb\u00edzhat\u00f3 m\u0171k\u00f6d\u00e9s\u0171.<\/p>","protected":false},"featured_media":4024,"template":"","meta":{"ocean_post_layout":"","ocean_both_sidebars_style":"","ocean_both_sidebars_content_width":0,"ocean_both_sidebars_sidebars_width":0,"ocean_sidebar":"0","ocean_second_sidebar":"0","ocean_disable_margins":"enable","ocean_add_body_class":"","ocean_shortcode_before_top_bar":"","ocean_shortcode_after_top_bar":"","ocean_shortcode_before_header":"","ocean_shortcode_after_header":"","ocean_has_shortcode":"","ocean_shortcode_after_title":"","ocean_shortcode_before_footer_widgets":"","ocean_shortcode_after_footer_widgets":"","ocean_shortcode_before_footer_bottom":"","ocean_shortcode_after_footer_bottom":"","ocean_display_top_bar":"default","ocean_display_header":"default","ocean_header_style":"","ocean_center_header_left_menu":"0","ocean_custom_header_template":"0","ocean_custom_logo":0,"ocean_custom_retina_logo":0,"ocean_custom_logo_max_width":0,"ocean_custom_logo_tablet_max_width":0,"ocean_custom_logo_mobile_max_width":0,"ocean_custom_logo_max_height":0,"ocean_custom_logo_tablet_max_height":0,"ocean_custom_logo_mobile_max_height":0,"ocean_header_custom_menu":"0","ocean_menu_typo_font_family":"0","ocean_menu_typo_font_subset":"","ocean_menu_typo_font_size":0,"ocean_menu_typo_font_size_tablet":0,"ocean_menu_typo_font_size_mobile":0,"ocean_menu_typo_font_size_unit":"px","ocean_menu_typo_font_weight":"","ocean_menu_typo_font_weight_tablet":"","ocean_menu_typo_font_weight_mobile":"","ocean_menu_typo_transform":"","ocean_menu_typo_transform_tablet":"","ocean_menu_typo_transform_mobile":"","ocean_menu_typo_line_height":0,"ocean_menu_typo_line_height_tablet":0,"ocean_menu_typo_line_height_mobile":0,"ocean_menu_typo_line_height_unit":"","ocean_menu_typo_spacing":0,"ocean_menu_typo_spacing_tablet":0,"ocean_menu_typo_spacing_mobile":0,"ocean_menu_typo_spacing_unit":"","ocean_menu_link_color":"","ocean_menu_link_color_hover":"","ocean_menu_link_color_active":"","ocean_menu_link_background":"","ocean_menu_link_hover_background":"","ocean_menu_link_active_background":"","ocean_menu_social_links_bg":"","ocean_menu_social_hover_links_bg":"","ocean_menu_social_links_color":"","ocean_menu_social_hover_links_color":"","ocean_disable_title":"default","ocean_disable_heading":"default","ocean_post_title":"","ocean_post_subheading":"","ocean_post_title_style":"","ocean_post_title_background_color":"","ocean_post_title_background":0,"ocean_post_title_bg_image_position":"","ocean_post_title_bg_image_attachment":"","ocean_post_title_bg_image_repeat":"","ocean_post_title_bg_image_size":"","ocean_post_title_height":0,"ocean_post_title_bg_overlay":0.5,"ocean_post_title_bg_overlay_color":"","ocean_disable_breadcrumbs":"default","ocean_breadcrumbs_color":"","ocean_breadcrumbs_separator_color":"","ocean_breadcrumbs_links_color":"","ocean_breadcrumbs_links_hover_color":"","ocean_display_footer_widgets":"default","ocean_display_footer_bottom":"default","ocean_custom_footer_template":"0","osh_disable_topbar_sticky":"default","osh_disable_header_sticky":"default","osh_sticky_header_style":"default","osh_sticky_header_effect":"","osh_custom_sticky_logo":0,"osh_custom_retina_sticky_logo":0,"osh_custom_sticky_logo_height":0,"osh_background_color":"","osh_links_color":"","osh_links_hover_color":"","osh_links_active_color":"","osh_links_bg_color":"","osh_links_hover_bg_color":"","osh_links_active_bg_color":"","osh_menu_social_links_color":"","osh_menu_social_hover_links_color":""},"product_brand":[],"product_cat":[38,37],"product_tag":[73,380,378,111,92],"class_list":{"0":"post-4023","1":"product","2":"type-product","3":"status-publish","4":"has-post-thumbnail","6":"product_cat-electric-pressure-relief-pumps","7":"product_cat-single-line-grease-systems","8":"product_tag-electric-lubrication-pump","9":"product_tag-jinpuinlub-lubrication-pump","10":"product_tag-lhl-lubrication-pump","11":"product_tag-oil-lubrication-pump","12":"product_tag-single-line-lubrication-pump","14":"entry","15":"has-media","17":"first","18":"instock","19":"shipping-taxable","20":"product-type-external","21":"col","22":"span_1_of_3","23":"owp-content-center","24":"owp-thumbs-layout-horizontal","25":"owp-btn-very-big","26":"owp-tabs-layout-horizontal"},"_links":{"self":[{"href":"https:\/\/www.jinpinlub.com\/hu\/wp-json\/wp\/v2\/product\/4023","targetHints":{"allow":["GET"]}}],"collection":[{"href":"https:\/\/www.jinpinlub.com\/hu\/wp-json\/wp\/v2\/product"}],"about":[{"href":"https:\/\/www.jinpinlub.com\/hu\/wp-json\/wp\/v2\/types\/product"}],"wp:featuredmedia":[{"embeddable":true,"href":"https:\/\/www.jinpinlub.com\/hu\/wp-json\/wp\/v2\/media\/4024"}],"wp:attachment":[{"href":"https:\/\/www.jinpinlub.com\/hu\/wp-json\/wp\/v2\/media?parent=4023"}],"wp:term":[{"taxonomy":"product_brand","embeddable":true,"href":"https:\/\/www.jinpinlub.com\/hu\/wp-json\/wp\/v2\/product_brand?post=4023"},{"taxonomy":"product_cat","embeddable":true,"href":"https:\/\/www.jinpinlub.com\/hu\/wp-json\/wp\/v2\/product_cat?post=4023"},{"taxonomy":"product_tag","embeddable":true,"href":"https:\/\/www.jinpinlub.com\/hu\/wp-json\/wp\/v2\/product_tag?post=4023"}],"curies":[{"name":"wp","href":"https:\/\/api.w.org\/{rel}","templated":true}]}}