{"id":4028,"date":"2024-12-13T05:32:23","date_gmt":"2024-12-12T21:32:23","guid":{"rendered":"https:\/\/www.jinpinlub.com\/?post_type=product&#038;p=4028"},"modified":"2024-12-13T05:48:01","modified_gmt":"2024-12-12T21:48:01","slug":"j200-leveheto-precizios-kenoszivattyu-cnc-csiszolashoz","status":"publish","type":"product","link":"https:\/\/www.jinpinlub.com\/hu\/product\/j200-detachable-precision-lubrication-pump-for-grinding-cnc\/","title":{"rendered":"J200 levehet\u0151 prec\u00edzi\u00f3s ken\u0151szivatty\u00fa CNC csiszol\u00e1shoz"},"content":{"rendered":"<h2>Jellemz\u0151k<\/h2>\n<p>Szintkapcsol\u00f3 funkci\u00f3<br \/>\nA szintkapcsol\u00f3 a J200 ken\u0151szivatty\u00faba van be\u00e9p\u00edtve. A szintkapcsol\u00f3 aktiv\u00e1l\u00e1sakor a szivatty\u00fa le\u00e1ll\u00edthat\u00f3, miel\u0151tt a zs\u00edr teljesen ki\u00fcr\u00fclne, hat\u00e9konyan megakad\u00e1lyozva a leveg\u0151 bekevered\u00e9s\u00e9t a zs\u00edrba \u00e9s biztos\u00edtva a ken\u0151rendszer norm\u00e1l m\u0171k\u00f6d\u00e9s\u00e9t.<br \/>\nA munkak\u00f6r\u00fclm\u00e9nyek korl\u00e1toz\u00e1sa<br \/>\nA szintkapcsol\u00f3 csak akkor ad ki jelet, ha a J200 ken\u0151szivatty\u00fa be van kapcsolva. Mivel a szivatty\u00fa le\u00e1ll, amikor a szintkapcsol\u00f3t aktiv\u00e1lj\u00e1k, ez\u00e9rt el\u0151fordulhat, hogy a nyom\u00e1skapcsol\u00f3 nem m\u0171k\u00f6dik megfelel\u0151en, \u00e9s rendellenes nyom\u00e1sjelet ad ki.<br \/>\n\u00dczemeltet\u00e9si \u00f3vint\u00e9zked\u00e9sek<br \/>\nA szintkapcsol\u00f3 \u00e9s a sz\u0171r\u0151adapter egy egys\u00e9get alkot. Ha az \u00fcres patront elt\u00e1vol\u00edtja, a rendellenes kimenet a k\u00e9sz\u00fcl\u00e9k oldal\u00e1n megmarad. Ha ebben az esetben az \u00e1ramell\u00e1t\u00e1s be van kapcsolva, a J200 ken\u0151szivatty\u00fa leveg\u0151t sz\u00edv be. Ez\u00e9rt a t\u00e1pfesz\u00fclts\u00e9g visszakapcsol\u00e1sa el\u0151tt felt\u00e9tlen\u00fcl helyezzen be egy \u00faj kazett\u00e1t, \u00e9s engedje el a rendellenes kimenetet.<\/p>\n<h2>Specifik\u00e1ci\u00f3<\/h2>\n<table>\n<tbody>\n<tr>\n<td>Modell<\/td>\n<td>J200-5D<\/td>\n<\/tr>\n<tr>\n<td>Ken\u00e9si id\u0151<\/td>\n<td>PLC vagy k\u00fcls\u0151 vez\u00e9rl\u0151<\/td>\n<\/tr>\n<tr>\n<td>Intervallum id\u0151<\/td>\n<td>PLC vagy k\u00fcls\u0151 vez\u00e9rl\u0151<\/td>\n<\/tr>\n<tr>\n<td>\u00dczemi h\u0151m\u00e9rs\u00e9klet<\/td>\n<td>0\u2103~ +50\u00b0C (alacsony h\u0151m\u00e9rs\u00e9kleti k\u00f6r\u00fclm\u00e9nyek k\u00f6z\u00f6tt fagy\u00e1ll\u00f3 zs\u00edr sz\u00fcks\u00e9ges)<\/td>\n<\/tr>\n<tr>\n<td>Az \u00fczletek sz\u00e1ma<\/td>\n<td>1 vagy 2<\/td>\n<\/tr>\n<tr>\n<td>A t\u00e1roz\u00f3 kapacit\u00e1sa<\/td>\n<td>0,3L, 0,5L, 0,7L<\/td>\n<\/tr>\n<tr>\n<td>\u00dajrat\u00f6lt\u00e9s<\/td>\n<td>Kivehet\u0151 tart\u00e1ly\/patron<\/td>\n<\/tr>\n<tr>\n<td>Ken\u0151anyag<\/td>\n<td>Ken\u0151zs\u00edrok NLGI 000~2# fokozat\u00fa<\/td>\n<\/tr>\n<tr>\n<td>Nyom\u00e1scs\u00f6kkent\u0151 szelep<\/td>\n<td>\u00d6sszeszerelve<\/td>\n<\/tr>\n<tr>\n<td>Kis\u00fcl\u00e9s<\/td>\n<td>7 ml\/perc<\/td>\n<\/tr>\n<tr>\n<td>Max. \u00fczemi nyom\u00e1s<\/td>\n<td>5,0 vagy 8,0 MPa<\/td>\n<\/tr>\n<tr>\n<td>Csatlakoz\u00f3 menet<\/td>\n<td>Kimenet \u03a66<\/td>\n<\/tr>\n<tr>\n<td>\u00dczemi fesz\u00fclts\u00e9g<\/td>\n<td>24VDC<\/td>\n<\/tr>\n<tr>\n<td>Tan\u00fas\u00edtv\u00e1ny<\/td>\n<td>CE<\/td>\n<\/tr>\n<tr>\n<td>Alacsony szint kapcsol\u00f3<\/td>\n<td>NC \u00e9rintkez\u0151<\/td>\n<\/tr>\n<\/tbody>\n<\/table>\n<h2>Cs\u0151vezet\u00e9k<\/h2>\n<p>1. Csatlakoz\u00e1si l\u00e9p\u00e9sek<br \/>\nCsatlakoztassa a cs\u00f6vet a ken\u0151szivatty\u00fa kimenet\u00e9hez. 10 MPa vagy nagyobb nyom\u00e1s\u00e1ll\u00f3s\u00e1g\u00fa cs\u00f6vet haszn\u00e1ljon. El\u0151sz\u00f6r k\u00e9zzel r\u00f6gz\u00edtse a csatlakoz\u00e1st, hogy biztos\u00edtsa a csatlakoz\u00e1s kezdeti stabilit\u00e1s\u00e1t. Ezut\u00e1n csavarkulccsal h\u00fazza meg. \u00dcgyeljen ennek a m\u0171veletnek a m\u00e9rs\u00e9kelt erej\u00e9re. A megfelel\u0151 nyomat\u00e9k 7,1 N\uff65m.<br \/>\n2. Csatlakoztat\u00e1s ut\u00e1n ellen\u0151rizze<br \/>\nA csatlakoztat\u00e1s befejez\u00e9se ut\u00e1n gondosan ellen\u0151rizze, hogy nincs-e zs\u00edrsziv\u00e1rg\u00e1s a csatlakoz\u00e1sn\u00e1l, hogy biztos\u00edtsa a csatlakoz\u00e1s t\u00f6m\u00edtetts\u00e9g\u00e9t. Ezut\u00e1n f\u00fajja ki a leveg\u0151t, hogy elt\u00e1vol\u00edtsa a cs\u0151ben \u00e9s a ken\u0151szivatty\u00faban esetleg el\u0151fordul\u00f3 leveg\u0151t.<br \/>\n3. Nyom\u00e1shelyzet le\u00edr\u00e1sa<br \/>\nB\u00e1r 8 MPa vagy magasabb nyom\u00e1s el\u0151fordulhat, ha a f\u0151 cs\u0151vezet\u00e9k r\u00f6vid, norm\u00e1l haszn\u00e1lat eset\u00e9n ez nem okoz probl\u00e9m\u00e1t, de tov\u00e1bbra is figyelni kell a ken\u0151rendszer nyom\u00e1sv\u00e1ltoz\u00e1saira, hogy az a norm\u00e1l m\u0171k\u00f6d\u00e9si tartom\u00e1nyon bel\u00fcl legyen.<\/p>\n<h2>K\u00e9zik\u00f6nyvek<\/h2>\n<div class=\"sdm_download_button_box_default\"><div class=\"sdm_download_link\"><a href=\"https:\/\/www.jinpinlub.com\/hu\/?sdm_process_download=1&download_id=3962\" class=\"sdm_download white\" title=\"Mag\u00e1n: J200 Electric Pump\" target=\"&quot;_blank&quot;\">Adatlap megtekint\u00e9se - J200 zs\u00edrszivatty\u00fa<\/a><\/div><\/div>","protected":false},"excerpt":{"rendered":"<p>A Jinpinlub J200 egy nagy teljes\u00edtm\u00e9ny\u0171 ken\u0151szivatty\u00fa. Lefoly\u00e1sa prec\u00edz, szerkezeti kialak\u00edt\u00e1sa ig\u00e9nyes \u00e9s kompakt, be\u00e9p\u00edt\u00e9se k\u00e9nyelmes, k\u00fcl\u00f6nf\u00e9le eszk\u00f6zterekhez alkalmas. Rendk\u00edv\u00fcl alacsony zajszint m\u0171k\u00f6d\u00e9s k\u00f6zben, csendes munkak\u00f6rnyezetet teremtve.<\/p>","protected":false},"featured_media":4029,"template":"","meta":{"ocean_post_layout":"","ocean_both_sidebars_style":"","ocean_both_sidebars_content_width":0,"ocean_both_sidebars_sidebars_width":0,"ocean_sidebar":"0","ocean_second_sidebar":"0","ocean_disable_margins":"enable","ocean_add_body_class":"","ocean_shortcode_before_top_bar":"","ocean_shortcode_after_top_bar":"","ocean_shortcode_before_header":"","ocean_shortcode_after_header":"","ocean_has_shortcode":"","ocean_shortcode_after_title":"","ocean_shortcode_before_footer_widgets":"","ocean_shortcode_after_footer_widgets":"","ocean_shortcode_before_footer_bottom":"","ocean_shortcode_after_footer_bottom":"","ocean_display_top_bar":"default","ocean_display_header":"default","ocean_header_style":"","ocean_center_header_left_menu":"0","ocean_custom_header_template":"0","ocean_custom_logo":0,"ocean_custom_retina_logo":0,"ocean_custom_logo_max_width":0,"ocean_custom_logo_tablet_max_width":0,"ocean_custom_logo_mobile_max_width":0,"ocean_custom_logo_max_height":0,"ocean_custom_logo_tablet_max_height":0,"ocean_custom_logo_mobile_max_height":0,"ocean_header_custom_menu":"0","ocean_menu_typo_font_family":"0","ocean_menu_typo_font_subset":"","ocean_menu_typo_font_size":0,"ocean_menu_typo_font_size_tablet":0,"ocean_menu_typo_font_size_mobile":0,"ocean_menu_typo_font_size_unit":"px","ocean_menu_typo_font_weight":"","ocean_menu_typo_font_weight_tablet":"","ocean_menu_typo_font_weight_mobile":"","ocean_menu_typo_transform":"","ocean_menu_typo_transform_tablet":"","ocean_menu_typo_transform_mobile":"","ocean_menu_typo_line_height":0,"ocean_menu_typo_line_height_tablet":0,"ocean_menu_typo_line_height_mobile":0,"ocean_menu_typo_line_height_unit":"","ocean_menu_typo_spacing":0,"ocean_menu_typo_spacing_tablet":0,"ocean_menu_typo_spacing_mobile":0,"ocean_menu_typo_spacing_unit":"","ocean_menu_link_color":"","ocean_menu_link_color_hover":"","ocean_menu_link_color_active":"","ocean_menu_link_background":"","ocean_menu_link_hover_background":"","ocean_menu_link_active_background":"","ocean_menu_social_links_bg":"","ocean_menu_social_hover_links_bg":"","ocean_menu_social_links_color":"","ocean_menu_social_hover_links_color":"","ocean_disable_title":"default","ocean_disable_heading":"default","ocean_post_title":"","ocean_post_subheading":"","ocean_post_title_style":"","ocean_post_title_background_color":"","ocean_post_title_background":0,"ocean_post_title_bg_image_position":"","ocean_post_title_bg_image_attachment":"","ocean_post_title_bg_image_repeat":"","ocean_post_title_bg_image_size":"","ocean_post_title_height":0,"ocean_post_title_bg_overlay":0.5,"ocean_post_title_bg_overlay_color":"","ocean_disable_breadcrumbs":"default","ocean_breadcrumbs_color":"","ocean_breadcrumbs_separator_color":"","ocean_breadcrumbs_links_color":"","ocean_breadcrumbs_links_hover_color":"","ocean_display_footer_widgets":"default","ocean_display_footer_bottom":"default","ocean_custom_footer_template":"0","osh_disable_topbar_sticky":"default","osh_disable_header_sticky":"default","osh_sticky_header_style":"default","osh_sticky_header_effect":"","osh_custom_sticky_logo":0,"osh_custom_retina_sticky_logo":0,"osh_custom_sticky_logo_height":0,"osh_background_color":"","osh_links_color":"","osh_links_hover_color":"","osh_links_active_color":"","osh_links_bg_color":"","osh_links_hover_bg_color":"","osh_links_active_bg_color":"","osh_menu_social_links_color":"","osh_menu_social_hover_links_color":""},"product_brand":[],"product_cat":[38,37],"product_tag":[73,380,378,111,92],"class_list":{"0":"post-4028","1":"product","2":"type-product","3":"status-publish","4":"has-post-thumbnail","6":"product_cat-electric-pressure-relief-pumps","7":"product_cat-single-line-grease-systems","8":"product_tag-electric-lubrication-pump","9":"product_tag-jinpuinlub-lubrication-pump","10":"product_tag-lhl-lubrication-pump","11":"product_tag-oil-lubrication-pump","12":"product_tag-single-line-lubrication-pump","14":"entry","15":"has-media","17":"first","18":"instock","19":"shipping-taxable","20":"product-type-external","21":"col","22":"span_1_of_3","23":"owp-content-center","24":"owp-thumbs-layout-horizontal","25":"owp-btn-very-big","26":"owp-tabs-layout-horizontal"},"_links":{"self":[{"href":"https:\/\/www.jinpinlub.com\/hu\/wp-json\/wp\/v2\/product\/4028","targetHints":{"allow":["GET"]}}],"collection":[{"href":"https:\/\/www.jinpinlub.com\/hu\/wp-json\/wp\/v2\/product"}],"about":[{"href":"https:\/\/www.jinpinlub.com\/hu\/wp-json\/wp\/v2\/types\/product"}],"wp:featuredmedia":[{"embeddable":true,"href":"https:\/\/www.jinpinlub.com\/hu\/wp-json\/wp\/v2\/media\/4029"}],"wp:attachment":[{"href":"https:\/\/www.jinpinlub.com\/hu\/wp-json\/wp\/v2\/media?parent=4028"}],"wp:term":[{"taxonomy":"product_brand","embeddable":true,"href":"https:\/\/www.jinpinlub.com\/hu\/wp-json\/wp\/v2\/product_brand?post=4028"},{"taxonomy":"product_cat","embeddable":true,"href":"https:\/\/www.jinpinlub.com\/hu\/wp-json\/wp\/v2\/product_cat?post=4028"},{"taxonomy":"product_tag","embeddable":true,"href":"https:\/\/www.jinpinlub.com\/hu\/wp-json\/wp\/v2\/product_tag?post=4028"}],"curies":[{"name":"wp","href":"https:\/\/api.w.org\/{rel}","templated":true}]}}