{"id":4045,"date":"2024-12-17T01:12:55","date_gmt":"2024-12-16T17:12:55","guid":{"rendered":"https:\/\/www.jinpinlub.com\/?post_type=product&#038;p=4045"},"modified":"2024-12-17T01:54:14","modified_gmt":"2024-12-16T17:54:14","slug":"jinpinlub-kozponti-kenorendszer-elektromos-zsirszivattyu","status":"publish","type":"product","link":"https:\/\/www.jinpinlub.com\/hu\/product\/jinpinlub-central-lubrication-system-electric-grease-pump\/","title":{"rendered":"Jinpinlub k\u00f6zponti ken\u0151rendszer elektromos zs\u00edrszivatty\u00fa"},"content":{"rendered":"<h2>Jellemz\u0151k<\/h2>\n<p>1. J203 ken\u0151szivatty\u00fa k\u00f6vet\u0151lemez n\u00e9lk\u00fcl<br \/>\nA tart\u00e1ly \u00e9s a kever\u0151lap\u00e1t funkci\u00f3ja: Az olajtart\u00e1ly ken\u0151anyagot t\u00e1rol, a burkolat szennyez\u0151d\u00e9smentes \u00e9s k\u00e9nyelmes az \u00fczemanyag-felt\u00f6lt\u00e9shez, a szell\u0151ztet\u0151 berendez\u00e9s biztos\u00edtja a leveg\u0151 kering\u00e9s\u00e9t az olajtart\u00e1lyban, amikor a szivatty\u00fa m\u0171k\u00f6dik. A kever\u0151lap\u00e1t homogeniz\u00e1lja a ken\u0151anyagot, \u00e9s seg\u00edti a szivatty\u00fat az olajsz\u00edv\u00e1sban.<br \/>\nSzivatty\u00fatalp \u00e9s bels\u0151 csatlakoz\u00e1s: A talpon a motor, az elektromos csatlakoz\u00e1sok, az ut\u00e1nt\u00f6lt\u0151 tartoz\u00e9kok \u00e9s legfeljebb 3 szivatty\u00faelem tal\u00e1lhat\u00f3, \u00e9s a k\u00fcl\u00f6nb\u00f6z\u0151 elemek teljes\u00edtm\u00e9nye v\u00e1ltoz\u00f3.<br \/>\n2. J203 ken\u0151szivatty\u00fa k\u00f6vet\u0151lemezzel<br \/>\nTart\u00e1ly \u00e9s speci\u00e1lis alkatr\u00e9szek: A tart\u00e1ly funkci\u00f3ja hasonl\u00f3 a k\u00f6vet\u0151lemez n\u00e9lk\u00fcli szivatty\u00fa\u00e9hoz, a szell\u0151ztet\u0151 berendez\u00e9s az \u00fczemeltet\u00e9s \u00e9s a t\u00f6lt\u00e9s sor\u00e1n j\u00e1tszik szerepet. Az \u00fajonnan hozz\u00e1adott k\u00f6vet\u0151lemez rug\u00f3val pr\u00e9seli az olajat, az \u00e9rintkez\u0151r\u00fad pedig alacsony folyad\u00e9kszint \u00e9rz\u00e9kel\u00e9st \u00e9s jelz\u00e9st val\u00f3s\u00edt meg a reed \u00e9rintkez\u0151n kereszt\u00fcl.<br \/>\nCsatlakoz\u00e1s \u00e9s funkci\u00f3b\u0151v\u00edt\u00e9s: A szivatty\u00fah\u00e1z funkci\u00f3ja v\u00e1ltozatlan marad, az elektromos csatlakoz\u00e1s pedig hozz\u00e1adja a folyad\u00e9kszint jelz\u0151 funkci\u00f3t. A csatlakoz\u00e1si t\u00edpusok n\u00e9gysz\u00f6gletes dug\u00f3s vagy M12-es dug\u00f3s.<\/p>\n<h2>Specifik\u00e1ci\u00f3<\/h2>\n<table>\n<tbody>\n<tr>\n<td>\u00dczemi h\u0151m\u00e9rs\u00e9klet<\/td>\n<td>(-40\u00b0C \u00e9s +70\u00b0C k\u00f6z\u00f6tt)<\/td>\n<\/tr>\n<tr>\n<td>Az \u00fczletek sz\u00e1ma<\/td>\n<td>1, 2 vagy 3<\/td>\n<\/tr>\n<tr>\n<td>A t\u00e1roz\u00f3 kapacit\u00e1sa<\/td>\n<td>2L, 4L, 8L, 15L<\/td>\n<\/tr>\n<tr>\n<td>\u00dajrat\u00f6lt\u00e9s<\/td>\n<td>Hidraulikus ken\u0151szerelv\u00e9ny vagy fel\u00fclr\u0151l<\/td>\n<\/tr>\n<tr>\n<td>Ken\u0151anyag<\/td>\n<td>Legal\u00e1bb NLGI 2. fokozat\u00fa zs\u00edrok, olajok 40 mm\u00b2\/s-ig (cSt) 40\u00b0C-on<\/td>\n<\/tr>\n<tr>\n<td>V\u00e9delmi oszt\u00e1ly<\/td>\n<td>IP6K 9K<\/td>\n<\/tr>\n<tr>\n<td>Dugatty\u00fa \u00e1tm\u00e9r\u0151, K5<\/td>\n<td>5 mm, kb. 2 cm\u00b3\/perc<\/td>\n<\/tr>\n<tr>\n<td>Dugatty\u00fa \u00e1tm\u00e9r\u0151, (standard) K6<\/td>\n<td>6 mm, kb. 2,8 cm\u00b3\/perc<\/td>\n<\/tr>\n<tr>\n<td>Dugatty\u00fa \u00e1tm\u00e9r\u0151, K7<\/td>\n<td>7 mm, kb. 4 cm\u00b3\/perc<\/td>\n<\/tr>\n<tr>\n<td>Max. \u00fczemi nyom\u00e1s<\/td>\n<td>350 bar<\/td>\n<\/tr>\n<tr>\n<td>Csatlakoz\u00f3 menet<\/td>\n<td>G 1\/4<\/td>\n<\/tr>\n<tr>\n<td>\u00dczemi fesz\u00fclts\u00e9g<\/td>\n<td>12VDC, 24VDC, 110-240 VAC<\/td>\n<\/tr>\n<\/tbody>\n<\/table>\n<h2><span data-slate-fragment=\"JTVCJTdCJTIydHlwZSUyMiUzQSUyMnBhcmFncmFwaCUyMiUyQyUyMmNoaWxkcmVuJTIyJTNBJTVCJTdCJTIyaWQlMjIlM0ElMjJXUDU4YUw0Snc3JTIyJTJDJTIycGFyYUlkeCUyMiUzQTAlMkMlMjJzcmMlMjIlM0ElMjJtYWludGVuYW5jZSUyMiUyQyUyMmRzdCUyMiUzQSUyMiVFNyVCQiVCNCVFNCVCRiVBRSUyMiUyQyUyMm1ldGFkYXRhJTIyJTNBJTIyJTIyJTJDJTIybWV0YURhdGElMjIlM0ElNUIlNUQlMkMlMjJ0ZXh0JTIyJTNBJTIybWFpbnRlbmFuY2UlMjIlN0QlNUQlN0QlNUQ=\">Karbantart\u00e1s<\/span><\/h2>\n<p>1. A ken\u0151szivatty\u00fa nem m\u0171k\u00f6dik<br \/>\n\u2013 \u00c1ramkimarad\u00e1s: a fels\u0151 g\u00e9p kikapcsolt, a csatlakoz\u00f3 k\u00e1bel meglazult vagy s\u00e9r\u00fclt, a k\u00fcls\u0151 biztos\u00edt\u00e9k ki\u00e9gett, ellen\u0151rizze \u00e9s jav\u00edtsa.<br \/>\n\u2013 \u00dczemm\u00f3d-probl\u00e9ma: sz\u00fcnetid\u0151 \u00fczemm\u00f3dban \u00e1ll\u00edtsa be az \u00fczemm\u00f3dot.<br \/>\n\u2013 Bels\u0151 hiba: a motor, a t\u00e1pegys\u00e9g megs\u00e9r\u00fclt vagy a bels\u0151 k\u00e1bel elszakadt, szakszer\u0171 ellen\u0151rz\u00e9s \u00e9s jav\u00edt\u00e1s vagy alkatr\u00e9szcsere.<br \/>\n2. A ken\u0151szivatty\u00fa m\u0171k\u00f6dik, de az olajell\u00e1t\u00e1s kicsi vagy nincs<br \/>\n\u2013 Rendszerelem meghib\u00e1sod\u00e1s: az elektromos ken\u0151rendszer elt\u00f6m\u0151d\u00f6tt, az egyir\u00e1ny\u00fa szelep vagy a nyom\u00e1shat\u00e1rol\u00f3 szelep s\u00e9r\u00fclt, cser\u00e9lje ki a hib\u00e1s alkatr\u00e9szeket.<br \/>\n\u2013 Ken\u0151szivatty\u00fa alkatr\u00e9szprobl\u00e9ma: az olajsz\u00edv\u00f3 furat elt\u00f6m\u0151d\u00f6tt, az alkatr\u00e9sz z\u00e1rva van, a ken\u0151anyagban bubor\u00e9kok vannak vagy rendellenes a viszkozit\u00e1sa, ellen\u0151rizze \u00e9s kezelje a szivatty\u00fa alkatr\u00e9szeit \u00e9s a ken\u0151anyagot.<br \/>\n\u2013 Probl\u00e9ma a m\u00e9r\u0151eszk\u00f6zzel: a m\u00e9r\u0151eszk\u00f6z hib\u00e1san van be\u00e1ll\u00edtva, konfigur\u00e1lja \u00fajra megfelel\u0151en. A karbantart\u00e1s el\u0151tt gy\u0151z\u0151dj\u00f6n meg arr\u00f3l, hogy a biztons\u00e1gi int\u00e9zked\u00e9sek megvannak, \u00e9s az el\u0151\u00edr\u00e1soknak megfelel\u0151en m\u0171k\u00f6dnek.<\/p>\n<h2>K\u00e9zik\u00f6nyvek<\/h2>\n<div class=\"sdm_download_button_box_default\"><div class=\"sdm_download_link\"><a href=\"https:\/\/www.jinpinlub.com\/hu\/?sdm_process_download=1&download_id=2429\" class=\"sdm_download white\" title=\"Mag\u00e1n: J203 Grease Pump\" target=\"&quot;_blank&quot;\">Adatlap megtekint\u00e9se - J203 zs\u00edrszivatty\u00fa<\/a><\/div><\/div>","protected":false},"excerpt":{"rendered":"<p>A J203 egy automatikus k\u00f6zponti ken\u0151szivatty\u00fa, amely ak\u00e1r 3 szivatty\u00faelemet t\u00e1mogat, \u00e9s ak\u00e1r 150 ken\u00e9si pontot biztos\u00edt, \u00e9s alkalmas olyan forgat\u00f3k\u00f6nyvekre, mint az \u00e9p\u00edt\u0151ipari g\u00e9pek, busz alv\u00e1z, kis- \u00e9s k\u00f6zepes m\u00e9ret\u0171 g\u00e9pek \u00e9s hagyom\u00e1nyos ipar\u00e1gak.<\/p>","protected":false},"featured_media":4046,"template":"","meta":{"ocean_post_layout":"","ocean_both_sidebars_style":"","ocean_both_sidebars_content_width":0,"ocean_both_sidebars_sidebars_width":0,"ocean_sidebar":"0","ocean_second_sidebar":"0","ocean_disable_margins":"enable","ocean_add_body_class":"","ocean_shortcode_before_top_bar":"","ocean_shortcode_after_top_bar":"","ocean_shortcode_before_header":"","ocean_shortcode_after_header":"","ocean_has_shortcode":"","ocean_shortcode_after_title":"","ocean_shortcode_before_footer_widgets":"","ocean_shortcode_after_footer_widgets":"","ocean_shortcode_before_footer_bottom":"","ocean_shortcode_after_footer_bottom":"","ocean_display_top_bar":"default","ocean_display_header":"default","ocean_header_style":"","ocean_center_header_left_menu":"0","ocean_custom_header_template":"0","ocean_custom_logo":0,"ocean_custom_retina_logo":0,"ocean_custom_logo_max_width":0,"ocean_custom_logo_tablet_max_width":0,"ocean_custom_logo_mobile_max_width":0,"ocean_custom_logo_max_height":0,"ocean_custom_logo_tablet_max_height":0,"ocean_custom_logo_mobile_max_height":0,"ocean_header_custom_menu":"0","ocean_menu_typo_font_family":"0","ocean_menu_typo_font_subset":"","ocean_menu_typo_font_size":0,"ocean_menu_typo_font_size_tablet":0,"ocean_menu_typo_font_size_mobile":0,"ocean_menu_typo_font_size_unit":"px","ocean_menu_typo_font_weight":"","ocean_menu_typo_font_weight_tablet":"","ocean_menu_typo_font_weight_mobile":"","ocean_menu_typo_transform":"","ocean_menu_typo_transform_tablet":"","ocean_menu_typo_transform_mobile":"","ocean_menu_typo_line_height":0,"ocean_menu_typo_line_height_tablet":0,"ocean_menu_typo_line_height_mobile":0,"ocean_menu_typo_line_height_unit":"","ocean_menu_typo_spacing":0,"ocean_menu_typo_spacing_tablet":0,"ocean_menu_typo_spacing_mobile":0,"ocean_menu_typo_spacing_unit":"","ocean_menu_link_color":"","ocean_menu_link_color_hover":"","ocean_menu_link_color_active":"","ocean_menu_link_background":"","ocean_menu_link_hover_background":"","ocean_menu_link_active_background":"","ocean_menu_social_links_bg":"","ocean_menu_social_hover_links_bg":"","ocean_menu_social_links_color":"","ocean_menu_social_hover_links_color":"","ocean_disable_title":"default","ocean_disable_heading":"default","ocean_post_title":"","ocean_post_subheading":"","ocean_post_title_style":"","ocean_post_title_background_color":"","ocean_post_title_background":0,"ocean_post_title_bg_image_position":"","ocean_post_title_bg_image_attachment":"","ocean_post_title_bg_image_repeat":"","ocean_post_title_bg_image_size":"","ocean_post_title_height":0,"ocean_post_title_bg_overlay":0.5,"ocean_post_title_bg_overlay_color":"","ocean_disable_breadcrumbs":"default","ocean_breadcrumbs_color":"","ocean_breadcrumbs_separator_color":"","ocean_breadcrumbs_links_color":"","ocean_breadcrumbs_links_hover_color":"","ocean_display_footer_widgets":"default","ocean_display_footer_bottom":"default","ocean_custom_footer_template":"0","osh_disable_topbar_sticky":"default","osh_disable_header_sticky":"default","osh_sticky_header_style":"default","osh_sticky_header_effect":"","osh_custom_sticky_logo":0,"osh_custom_retina_sticky_logo":0,"osh_custom_sticky_logo_height":0,"osh_background_color":"","osh_links_color":"","osh_links_hover_color":"","osh_links_active_color":"","osh_links_bg_color":"","osh_links_hover_bg_color":"","osh_links_active_bg_color":"","osh_menu_social_links_color":"","osh_menu_social_hover_links_color":""},"product_brand":[],"product_cat":[42,41],"product_tag":[321,73,76,77,91],"class_list":{"0":"post-4045","1":"product","2":"type-product","3":"status-publish","4":"has-post-thumbnail","6":"product_cat-electric-progressive-pumps","7":"product_cat-progressive-grease-systems","8":"product_tag-automatic-lubrication-system","9":"product_tag-electric-lubrication-pump","10":"product_tag-electric-lubrication-system","11":"product_tag-grease-lubrication-pump","12":"product_tag-progressive-lubrication-pump","14":"entry","15":"has-media","17":"first","18":"instock","19":"shipping-taxable","20":"product-type-external","21":"col","22":"span_1_of_3","23":"owp-content-center","24":"owp-thumbs-layout-horizontal","25":"owp-btn-very-big","26":"owp-tabs-layout-horizontal"},"_links":{"self":[{"href":"https:\/\/www.jinpinlub.com\/hu\/wp-json\/wp\/v2\/product\/4045","targetHints":{"allow":["GET"]}}],"collection":[{"href":"https:\/\/www.jinpinlub.com\/hu\/wp-json\/wp\/v2\/product"}],"about":[{"href":"https:\/\/www.jinpinlub.com\/hu\/wp-json\/wp\/v2\/types\/product"}],"wp:featuredmedia":[{"embeddable":true,"href":"https:\/\/www.jinpinlub.com\/hu\/wp-json\/wp\/v2\/media\/4046"}],"wp:attachment":[{"href":"https:\/\/www.jinpinlub.com\/hu\/wp-json\/wp\/v2\/media?parent=4045"}],"wp:term":[{"taxonomy":"product_brand","embeddable":true,"href":"https:\/\/www.jinpinlub.com\/hu\/wp-json\/wp\/v2\/product_brand?post=4045"},{"taxonomy":"product_cat","embeddable":true,"href":"https:\/\/www.jinpinlub.com\/hu\/wp-json\/wp\/v2\/product_cat?post=4045"},{"taxonomy":"product_tag","embeddable":true,"href":"https:\/\/www.jinpinlub.com\/hu\/wp-json\/wp\/v2\/product_tag?post=4045"}],"curies":[{"name":"wp","href":"https:\/\/api.w.org\/{rel}","templated":true}]}}