{"id":4052,"date":"2025-01-01T21:06:51","date_gmt":"2025-01-01T13:06:51","guid":{"rendered":"https:\/\/www.jinpinlub.com\/?post_type=product&#038;p=4052"},"modified":"2025-01-02T00:29:16","modified_gmt":"2025-01-01T16:29:16","slug":"mls-0-5l-minimalis-kenesi-vezerloegyseg-fureszgephez","status":"publish","type":"product","link":"https:\/\/www.jinpinlub.com\/hu\/product\/mls-0-5l-minimal-lubrication-control-unit-for-sawing-machine\/","title":{"rendered":"MLS 4L minim\u00e1lis ken\u00e9st biztos\u00edt\u00f3 vez\u00e9rl\u0151egys\u00e9g f\u0171r\u00e9szg\u00e9phez"},"content":{"rendered":"<h2>Funkci\u00f3<\/h2>\n<p>1. Prec\u00edzi\u00f3s ken\u00e9s: a mikroken\u0151 szivatty\u00fa j\u00f3 \u00e1ll\u00edthat\u00f3s\u00e1ggal, leveg\u0151adagol\u00f3 csavarral \u00e9s szivatty\u00fal\u00f6ket-\u00e1ll\u00edt\u00f3 gombbal rendelkezik, amelyek pontosan szab\u00e1lyozz\u00e1k a porlaszt\u00f3szivatty\u00fa permetez\u00e9si mennyis\u00e9g\u00e9t; a szivatty\u00fa ciklussebess\u00e9g\u00e9t szab\u00e1lyoz\u00f3 impulzusgener\u00e1tor t\u00f6bbf\u00e9le prec\u00edz be\u00e1ll\u00edt\u00e1si m\u00f3don v\u00e9gezhet\u0151 el.<br \/>\n2. Rugalmas konfigur\u00e1ci\u00f3: Modul\u00e1ris fel\u00e9p\u00edt\u00e9s\u0171, amelyet az \u00fcgyfelek ig\u00e9nyeik szerint konfigur\u00e1lhatnak. A rendszer mindenf\u00e9le szivatty\u00fab\u00f3l, szab\u00e1lyoz\u00f3szelepb\u0151l, folyad\u00e9kt\u00e1rol\u00f3 tart\u00e1lyb\u00f3l stb. \u00e1ll. K\u00fcl\u00f6nb\u00f6z\u0151 alkalmaz\u00e1si jelenetekhez k\u00fcl\u00f6nb\u00f6z\u0151 rendszerstrukt\u00far\u00e1k \u00e9s komponenselrendez\u00e9sek \u00e1llnak rendelkez\u00e9sre.<br \/>\n3. Meghat\u00e1rozz\u00e1k a param\u00e9tereket: a leveg\u0151ell\u00e1t\u00e1s nyom\u00e1sa, a mikroken\u0151 szivatty\u00fa param\u00e9tere, a l\u00e9g\u00e1raml\u00e1s, az impulzusgener\u00e1tor frekvenci\u00e1ja, az \u00fczemi \u00e9s t\u00e1rol\u00e1si h\u0151m\u00e9rs\u00e9kleti tartom\u00e1ny stb.<\/p>\n<h2>Specifik\u00e1ci\u00f3<\/h2>\n<table>\n<tbody>\n<tr>\n<td>Bef\u00favott leveg\u0151 nyom\u00e1sa<\/td>\n<td>Tiszta, sz\u00e1raz s\u0171r\u00edtett leveg\u0151, 4-7 bar, minimum 708 LPM<\/td>\n<\/tr>\n<tr>\n<td>Szivatty\u00fa viszkozit\u00e1sa<\/td>\n<td>50-1000 SUS<\/td>\n<\/tr>\n<tr>\n<td>A szivatty\u00fa teljes\u00edtm\u00e9nye teljes l\u00f6kettel<\/td>\n<td>0,033 ml (1 csepp standard), 0,100 ml (3 csepp standard)<\/td>\n<\/tr>\n<tr>\n<td>A szivatty\u00fa teljes\u00edtm\u00e9nye<\/td>\n<td>0-396 ml\/\u00f3ra (1 csepp standard), 0-1200 ml\/\u00f3ra (3 csepp standard)<\/td>\n<\/tr>\n<tr>\n<td>L\u00e9g\u00e1raml\u00e1si sebess\u00e9g<\/td>\n<td>0-4 SCFM minden leveg\u0151- \u00e9s olajkibocs\u00e1t\u00e1shoz, 1-2 SCFM jellemz\u0151<\/td>\n<\/tr>\n<tr>\n<td>Impulzus gener\u00e1tor<\/td>\n<td>5-50 impulzus\/perc, maximum 200 impulzus\/perc (nem aj\u00e1nlott)<\/td>\n<\/tr>\n<tr>\n<td>\u00dczemi h\u0151m\u00e9rs\u00e9klet<\/td>\n<td>0\u2103 ~ +50\u02daC<\/td>\n<\/tr>\n<tr>\n<td>T\u00e1rol\u00e1si h\u0151m\u00e9rs\u00e9klet<\/td>\n<td>(-16\u2103 ~ +70\u02daC)<\/td>\n<\/tr>\n<tr>\n<td>Folyad\u00e9ktart\u00e1ly<\/td>\n<td>Testreszabhat\u00f3, standard 0,5L, 1,0L, 2L, 4L<\/td>\n<\/tr>\n<\/tbody>\n<\/table>\n<h2><span data-slate-fragment=\"JTVCJTdCJTIydHlwZSUyMiUzQSUyMnBhcmFncmFwaCUyMiUyQyUyMmNoaWxkcmVuJTIyJTNBJTVCJTdCJTIyaWQlMjIlM0ElMjJXUDU4YUw0Snc3JTIyJTJDJTIycGFyYUlkeCUyMiUzQTAlMkMlMjJzcmMlMjIlM0ElMjJtYWludGVuYW5jZSUyMiUyQyUyMmRzdCUyMiUzQSUyMiVFNyVCQiVCNCVFNCVCRiVBRSUyMiUyQyUyMm1ldGFkYXRhJTIyJTNBJTIyJTIyJTJDJTIybWV0YURhdGElMjIlM0ElNUIlNUQlMkMlMjJ0ZXh0JTIyJTNBJTIybWFpbnRlbmFuY2UlMjIlN0QlNUQlN0QlNUQ=\">Felszerel\u00e9s<\/span><\/h2>\n<p><span id=\"input-sentence~0\">Telep\u00edt\u00e9si hely<br \/>\nA mikroken\u0151rendszer a g\u00e9p k\u00f6zel\u00e9ben van felszerelve, \u00e9s biztos\u00edtja, hogy ne legyenek olyan akad\u00e1lyok, amelyek \u00f6sszenyomhatn\u00e1k vagy elcsavarodhatn\u00e1k a kimeneti vagy g\u00e1zell\u00e1t\u00f3 cs\u0151vezet\u00e9keket. Ek\u00f6zben a k\u00e9sz\u00fcl\u00e9ket \u00fagy kell telep\u00edteni, hogy a t\u00e1rol\u00f3tart\u00e1ly felfel\u00e9 n\u00e9zzen, v\u00edzszintes helyzetben.<\/span><span id=\"input-sentence~1\"><br \/>\nTelep\u00edt\u00e9si m\u00f3dszer<br \/>\nK\u00f6zvetlen telep\u00edt\u00e9s: Szerelje fel a mikroken\u0151rendszert k\u00f6zvetlen\u00fcl a g\u00e9pre, szem\u00e9lyes biztons\u00e1ga \u00e9rdek\u00e9ben \u00fcgyelve a telep\u00edt\u00e9sre. A helyes telep\u00edt\u00e9s \u00e9rdek\u00e9ben minden egyes telep\u00edt\u00e9si poz\u00edci\u00f3ban haszn\u00e1ljon megfelel\u0151 csavarokat.<br \/>\nM\u00e1gneses telep\u00edt\u00e9s: A m\u00e1gneses telep\u00edt\u00e9s opcion\u00e1lisan alkalmazhat\u00f3 a telep\u00edt\u00e9si k\u00f6vetelm\u00e9nyekt\u0151l f\u00fcgg\u0151en. A telep\u00edt\u00e9s sor\u00e1n a biztons\u00e1g betart\u00e1sa biztos\u00edtja a telep\u00edtend\u0151 mikroken\u0151rendszer stabilit\u00e1s\u00e1t is.<\/span><\/p>\n<h2>K\u00e9zik\u00f6nyvek<\/h2>\n<div class=\"sdm_download_button_box_default\"><div class=\"sdm_download_link\"><a href=\"https:\/\/www.jinpinlub.com\/hu\/?sdm_process_download=1&download_id=4054\" class=\"sdm_download white\" title=\"Mag\u00e1n: Minimal Quantity Lubrication\" target=\"&quot;_blank&quot;\">Adatlap megtekint\u00e9se - Minim\u00e1lis mennyis\u00e9g\u0171 ken\u00e9s<\/a><\/div><\/div>","protected":false},"excerpt":{"rendered":"<p>Az MLS mikroken\u0151rendszer s\u0171r\u00edtett leveg\u0151vel m\u0171k\u00f6d\u0151 pozit\u00edv t\u00e9rfogatskiszor\u00edt\u00e1sos szivatty\u00fat haszn\u00e1l, amely pontosan szab\u00e1lyozza az olajk\u00f6d kibocs\u00e1t\u00e1s\u00e1t. Modul\u00e1ris fel\u00e9p\u00edt\u00e9s\u0171, megb\u00edzhat\u00f3 teljes\u00edtm\u00e9ny\u0171, rugalmas konfigur\u00e1ci\u00f3s \u00e9s egyszer\u0171 telep\u00edt\u00e9s\u0171.<\/p>","protected":false},"featured_media":4057,"template":"","meta":{"ocean_post_layout":"","ocean_both_sidebars_style":"","ocean_both_sidebars_content_width":0,"ocean_both_sidebars_sidebars_width":0,"ocean_sidebar":"0","ocean_second_sidebar":"0","ocean_disable_margins":"enable","ocean_add_body_class":"","ocean_shortcode_before_top_bar":"","ocean_shortcode_after_top_bar":"","ocean_shortcode_before_header":"","ocean_shortcode_after_header":"","ocean_has_shortcode":"","ocean_shortcode_after_title":"","ocean_shortcode_before_footer_widgets":"","ocean_shortcode_after_footer_widgets":"","ocean_shortcode_before_footer_bottom":"","ocean_shortcode_after_footer_bottom":"","ocean_display_top_bar":"default","ocean_display_header":"default","ocean_header_style":"","ocean_center_header_left_menu":"0","ocean_custom_header_template":"0","ocean_custom_logo":0,"ocean_custom_retina_logo":0,"ocean_custom_logo_max_width":0,"ocean_custom_logo_tablet_max_width":0,"ocean_custom_logo_mobile_max_width":0,"ocean_custom_logo_max_height":0,"ocean_custom_logo_tablet_max_height":0,"ocean_custom_logo_mobile_max_height":0,"ocean_header_custom_menu":"0","ocean_menu_typo_font_family":"0","ocean_menu_typo_font_subset":"","ocean_menu_typo_font_size":0,"ocean_menu_typo_font_size_tablet":0,"ocean_menu_typo_font_size_mobile":0,"ocean_menu_typo_font_size_unit":"px","ocean_menu_typo_font_weight":"","ocean_menu_typo_font_weight_tablet":"","ocean_menu_typo_font_weight_mobile":"","ocean_menu_typo_transform":"","ocean_menu_typo_transform_tablet":"","ocean_menu_typo_transform_mobile":"","ocean_menu_typo_line_height":0,"ocean_menu_typo_line_height_tablet":0,"ocean_menu_typo_line_height_mobile":0,"ocean_menu_typo_line_height_unit":"","ocean_menu_typo_spacing":0,"ocean_menu_typo_spacing_tablet":0,"ocean_menu_typo_spacing_mobile":0,"ocean_menu_typo_spacing_unit":"","ocean_menu_link_color":"","ocean_menu_link_color_hover":"","ocean_menu_link_color_active":"","ocean_menu_link_background":"","ocean_menu_link_hover_background":"","ocean_menu_link_active_background":"","ocean_menu_social_links_bg":"","ocean_menu_social_hover_links_bg":"","ocean_menu_social_links_color":"","ocean_menu_social_hover_links_color":"","ocean_disable_title":"default","ocean_disable_heading":"default","ocean_post_title":"","ocean_post_subheading":"","ocean_post_title_style":"","ocean_post_title_background_color":"","ocean_post_title_background":0,"ocean_post_title_bg_image_position":"","ocean_post_title_bg_image_attachment":"","ocean_post_title_bg_image_repeat":"","ocean_post_title_bg_image_size":"","ocean_post_title_height":0,"ocean_post_title_bg_overlay":0.5,"ocean_post_title_bg_overlay_color":"","ocean_disable_breadcrumbs":"default","ocean_breadcrumbs_color":"","ocean_breadcrumbs_separator_color":"","ocean_breadcrumbs_links_color":"","ocean_breadcrumbs_links_hover_color":"","ocean_display_footer_widgets":"default","ocean_display_footer_bottom":"default","ocean_custom_footer_template":"0","osh_disable_topbar_sticky":"default","osh_disable_header_sticky":"default","osh_sticky_header_style":"default","osh_sticky_header_effect":"","osh_custom_sticky_logo":0,"osh_custom_retina_sticky_logo":0,"osh_custom_sticky_logo_height":0,"osh_background_color":"","osh_links_color":"","osh_links_hover_color":"","osh_links_active_color":"","osh_links_bg_color":"","osh_links_hover_bg_color":"","osh_links_active_bg_color":"","osh_menu_social_links_color":"","osh_menu_social_hover_links_color":""},"product_brand":[],"product_cat":[46],"product_tag":[386,382,388,381,387],"class_list":{"0":"post-4052","1":"product","2":"type-product","3":"status-publish","4":"has-post-thumbnail","6":"product_cat-oil-mist-lubrication-systems","7":"product_tag-micro-lubrication-system","8":"product_tag-minimal-quantity-lubrication","9":"product_tag-minimum-quantity-lubrication","10":"product_tag-mql-lubrication-pump","11":"product_tag-oil-mist-coolant-pumps","13":"entry","14":"has-media","16":"first","17":"instock","18":"shipping-taxable","19":"product-type-external","20":"col","21":"span_1_of_3","22":"owp-content-center","23":"owp-thumbs-layout-horizontal","24":"owp-btn-very-big","25":"owp-tabs-layout-horizontal"},"_links":{"self":[{"href":"https:\/\/www.jinpinlub.com\/hu\/wp-json\/wp\/v2\/product\/4052","targetHints":{"allow":["GET"]}}],"collection":[{"href":"https:\/\/www.jinpinlub.com\/hu\/wp-json\/wp\/v2\/product"}],"about":[{"href":"https:\/\/www.jinpinlub.com\/hu\/wp-json\/wp\/v2\/types\/product"}],"wp:featuredmedia":[{"embeddable":true,"href":"https:\/\/www.jinpinlub.com\/hu\/wp-json\/wp\/v2\/media\/4057"}],"wp:attachment":[{"href":"https:\/\/www.jinpinlub.com\/hu\/wp-json\/wp\/v2\/media?parent=4052"}],"wp:term":[{"taxonomy":"product_brand","embeddable":true,"href":"https:\/\/www.jinpinlub.com\/hu\/wp-json\/wp\/v2\/product_brand?post=4052"},{"taxonomy":"product_cat","embeddable":true,"href":"https:\/\/www.jinpinlub.com\/hu\/wp-json\/wp\/v2\/product_cat?post=4052"},{"taxonomy":"product_tag","embeddable":true,"href":"https:\/\/www.jinpinlub.com\/hu\/wp-json\/wp\/v2\/product_tag?post=4052"}],"curies":[{"name":"wp","href":"https:\/\/api.w.org\/{rel}","templated":true}]}}