{"id":4064,"date":"2025-01-01T23:46:16","date_gmt":"2025-01-01T15:46:16","guid":{"rendered":"https:\/\/www.jinpinlub.com\/?post_type=product&#038;p=4064"},"modified":"2025-01-02T00:24:58","modified_gmt":"2025-01-01T16:24:58","slug":"mls-minimalis-mennyisegu-kenoegyseg-vagasi-folyamatokhoz","status":"publish","type":"product","link":"https:\/\/www.jinpinlub.com\/hu\/product\/mls-minimal-quantity-lubrication-unit-for-cutting-processes\/","title":{"rendered":"MLS minim\u00e1lis mennyis\u00e9g\u0171 ken\u0151egys\u00e9g v\u00e1g\u00e1si folyamatokhoz"},"content":{"rendered":"<h2>Funkci\u00f3<\/h2>\n<p><span id=\"input-sentence~0\">\u2013 Prec\u00edz ken\u00e9s: Az MLS v\u00e1ltoztathat\u00f3 t\u00e9rfogatkiszor\u00edt\u00e1s\u00fa szivatty\u00fat haszn\u00e1l, amely lehet\u0151v\u00e9 teszi a folyad\u00e9k pontos kijuttat\u00e1s\u00e1t, cs\u00f6kkentve a hullad\u00e9kot \u00e9s n\u00f6velve a hat\u00e9konys\u00e1got.<br \/>\n\u2013 Modul\u00e1ris kialak\u00edt\u00e1s: A modul\u00e1ris kialak\u00edt\u00e1s lehet\u0151v\u00e9 teszi a felhaszn\u00e1l\u00f3k sz\u00e1m\u00e1ra, hogy szivatty\u00fakat adjanak hozz\u00e1 vagy cs\u00f6kkentsenek, \u00e9s az alkalmaz\u00e1sspecifikus k\u00f6vetelm\u00e9nyeknek megfelel\u0151en k\u00fcl\u00f6nb\u00f6z\u0151 kimeneti portokkal rendelkez\u0151 mikroken\u0151rendszert konfigur\u00e1ljanak.<\/span><span id=\"input-sentence~1\"><br \/>\n<span id=\"input-sentence~0\">&#8211; <\/span>Pozit\u00edv t\u00e9rfogatskiszor\u00edt\u00e1sos szivatty\u00fa: A mikroken\u0151rendszerben tal\u00e1lhat\u00f3 pozit\u00edv t\u00e9rfogatkiszor\u00edt\u00e1sos szivatty\u00fa \u00e1lland\u00f3 \u00e1raml\u00e1si teljes\u00edtm\u00e9nyt biztos\u00edt m\u00e9g nyom\u00e1sv\u00e1ltoz\u00e1sok eset\u00e9n is, ami kritikus fontoss\u00e1g\u00fa a pontos ken\u00e9s szempontj\u00e1b\u00f3l.<br \/>\n<span id=\"input-sentence~0\">&#8211; <\/span>S\u0171r\u00edtett leveg\u0151s m\u0171k\u00f6d\u00e9s: A teljes mikrorendszer kiz\u00e1r\u00f3lag s\u0171r\u00edtett leveg\u0151re t\u00e1maszkodik, tov\u00e1bbi \u00e1ramforr\u00e1s n\u00e9lk\u00fcl, ami egyszer\u0171s\u00edti a telep\u00edt\u00e9st \u00e9s az \u00fczemeltet\u00e9st, mik\u00f6zben cs\u00f6kkenti az energiafogyaszt\u00e1st.<\/span><\/p>\n<h2>Specifik\u00e1ci\u00f3<\/h2>\n<table>\n<tbody>\n<tr>\n<td>Bef\u00favott leveg\u0151 nyom\u00e1sa<\/td>\n<td>Tiszta, sz\u00e1raz s\u0171r\u00edtett leveg\u0151, 4-7 bar, minimum 708 LPM<\/td>\n<\/tr>\n<tr>\n<td>Szivatty\u00fa viszkozit\u00e1sa<\/td>\n<td>50-1000 SUS<\/td>\n<\/tr>\n<tr>\n<td>A szivatty\u00fa teljes\u00edtm\u00e9nye teljes l\u00f6kettel<\/td>\n<td>0,033 ml (1 csepp standard), 0,100 ml (3 csepp standard)<\/td>\n<\/tr>\n<tr>\n<td>A szivatty\u00fa teljes\u00edtm\u00e9nye<\/td>\n<td>0-396 ml\/\u00f3ra (1 csepp standard), 0-1200 ml\/\u00f3ra (3 csepp standard)<\/td>\n<\/tr>\n<tr>\n<td>L\u00e9g\u00e1raml\u00e1si sebess\u00e9g<\/td>\n<td>0-4 SCFM minden leveg\u0151- \u00e9s olajkibocs\u00e1t\u00e1shoz, 1-2 SCFM jellemz\u0151<\/td>\n<\/tr>\n<tr>\n<td>Impulzus gener\u00e1tor<\/td>\n<td>5-50 impulzus\/perc, maximum 200 impulzus\/perc (nem aj\u00e1nlott)<\/td>\n<\/tr>\n<tr>\n<td>\u00dczemi h\u0151m\u00e9rs\u00e9klet<\/td>\n<td>0\u2103 ~ +50\u02daC<\/td>\n<\/tr>\n<tr>\n<td>T\u00e1rol\u00e1si h\u0151m\u00e9rs\u00e9klet<\/td>\n<td>(-16\u2103 ~ +70\u02daC)<\/td>\n<\/tr>\n<tr>\n<td>Folyad\u00e9ktart\u00e1ly<\/td>\n<td>Testreszabhat\u00f3, standard 0,5L, 1,0L, 2L, 4L<\/td>\n<\/tr>\n<\/tbody>\n<\/table>\n<h2>Be\u00e1ll\u00edt\u00e1s<\/h2>\n<p>A f\u00fav\u00f3ka helyzete kulcsfontoss\u00e1g\u00fa a mikroken\u00e9si hat\u00e1s szempontj\u00e1b\u00f3l, \u00e9s a k\u00fcl\u00f6nb\u00f6z\u0151 feldolgoz\u00e1si m\u00f3dszereknek (p\u00e9ld\u00e1ul homlokmar\u00e1s, perif\u00e9ri\u00e1s mar\u00e1s stb.) megfelel\u0151en optim\u00e1lis poz\u00edci\u00f3ba kell helyezni, biztos\u00edtva, hogy a f\u00fav\u00f3ka csatlakoz\u00f3blokkja v\u00edzszintes vagy lefel\u00e9 mutasson.<br \/>\nHaszn\u00e1lat sor\u00e1n, ha az olajk\u00f6d ken\u00e9si hat\u00e1sa nem megfelel\u0151, vagy a f\u00fav\u00f3ka helyzete megv\u00e1ltozik, azt id\u0151ben be kell \u00e1ll\u00edtani, ami seg\u00edt fenntartani a rendszer j\u00f3 ken\u00e9si teljes\u00edtm\u00e9ny\u00e9t, \u00e9s a karbantart\u00e1si munk\u00e1k r\u00e9sz\u00e9t is k\u00e9pezi.<br \/>\nA minim\u00e1lis mennyis\u00e9g\u0171 ken\u00e9shez haszn\u00e1lt k\u00fcl\u00f6nb\u00f6z\u0151 t\u00edpus\u00fa f\u00fav\u00f3k\u00e1k (flexibilis m\u0171anyag, f\u00e9lkem\u00e9ny r\u00e9z, rozsdamentes ac\u00e9l stb.) saj\u00e1t jellemz\u0151kkel rendelkeznek, \u00e9s haszn\u00e1lat k\u00f6zben \u00fcgyelni kell a s\u00e9r\u00fcl\u00e9sek elker\u00fcl\u00e9s\u00e9re. P\u00e9ld\u00e1ul a rugalmas m\u0171anyag f\u00fav\u00f3k\u00e1k hajlamosak az \u00e9rint\u00e9sre \u00e9s az elmozdul\u00e1sra, a f\u00e9lkem\u00e9ny r\u00e9zf\u00fav\u00f3k\u00e1k ism\u00e9telt hajl\u00edt\u00e1ssal edzhet\u0151k, a rozsdamentes ac\u00e9l f\u00fav\u00f3k\u00e1k pedig j\u00f3 merevs\u00e9ggel rendelkeznek, de nem k\u00f6nnyen hajl\u00edthat\u00f3k vagy deform\u00e1l\u00f3dnak.<\/p>\n<h2>K\u00e9zik\u00f6nyvek<\/h2>\n<div class=\"sdm_download_button_box_default\"><div class=\"sdm_download_link\"><a href=\"https:\/\/www.jinpinlub.com\/hu\/?sdm_process_download=1&download_id=4054\" class=\"sdm_download white\" title=\"Mag\u00e1n: Minimal Quantity Lubrication\" target=\"&quot;_blank&quot;\">Adatlap megtekint\u00e9se - Minim\u00e1lis mennyis\u00e9g\u0171 ken\u00e9s<\/a><\/div><\/div>","protected":false},"excerpt":{"rendered":"<p>Az MLS mikroken\u0151rendszer prec\u00edz, egyszer\u0171 \u00e9s modul\u00e1ris kialak\u00edt\u00e1s\u00e1r\u00f3l ismert, porlaszt\u00f3szivatty\u00fak\u00e9nt szolg\u00e1l leveg\u0151-olaj kever\u00e9kekhez. A rendszer egy pozit\u00edv t\u00e9rfogatkiszor\u00edt\u00e1sos szivatty\u00fat haszn\u00e1l a folyamatos \u00e9s pontos befecskendez\u00e9s biztos\u00edt\u00e1s\u00e1ra, s\u0171r\u00edtett leveg\u0151s m\u0171k\u00f6d\u00e9sre t\u00e1maszkodva.<\/p>","protected":false},"featured_media":4061,"template":"","meta":{"ocean_post_layout":"","ocean_both_sidebars_style":"","ocean_both_sidebars_content_width":0,"ocean_both_sidebars_sidebars_width":0,"ocean_sidebar":"0","ocean_second_sidebar":"0","ocean_disable_margins":"enable","ocean_add_body_class":"","ocean_shortcode_before_top_bar":"","ocean_shortcode_after_top_bar":"","ocean_shortcode_before_header":"","ocean_shortcode_after_header":"","ocean_has_shortcode":"","ocean_shortcode_after_title":"","ocean_shortcode_before_footer_widgets":"","ocean_shortcode_after_footer_widgets":"","ocean_shortcode_before_footer_bottom":"","ocean_shortcode_after_footer_bottom":"","ocean_display_top_bar":"default","ocean_display_header":"default","ocean_header_style":"","ocean_center_header_left_menu":"0","ocean_custom_header_template":"0","ocean_custom_logo":0,"ocean_custom_retina_logo":0,"ocean_custom_logo_max_width":0,"ocean_custom_logo_tablet_max_width":0,"ocean_custom_logo_mobile_max_width":0,"ocean_custom_logo_max_height":0,"ocean_custom_logo_tablet_max_height":0,"ocean_custom_logo_mobile_max_height":0,"ocean_header_custom_menu":"0","ocean_menu_typo_font_family":"0","ocean_menu_typo_font_subset":"","ocean_menu_typo_font_size":0,"ocean_menu_typo_font_size_tablet":0,"ocean_menu_typo_font_size_mobile":0,"ocean_menu_typo_font_size_unit":"px","ocean_menu_typo_font_weight":"","ocean_menu_typo_font_weight_tablet":"","ocean_menu_typo_font_weight_mobile":"","ocean_menu_typo_transform":"","ocean_menu_typo_transform_tablet":"","ocean_menu_typo_transform_mobile":"","ocean_menu_typo_line_height":0,"ocean_menu_typo_line_height_tablet":0,"ocean_menu_typo_line_height_mobile":0,"ocean_menu_typo_line_height_unit":"","ocean_menu_typo_spacing":0,"ocean_menu_typo_spacing_tablet":0,"ocean_menu_typo_spacing_mobile":0,"ocean_menu_typo_spacing_unit":"","ocean_menu_link_color":"","ocean_menu_link_color_hover":"","ocean_menu_link_color_active":"","ocean_menu_link_background":"","ocean_menu_link_hover_background":"","ocean_menu_link_active_background":"","ocean_menu_social_links_bg":"","ocean_menu_social_hover_links_bg":"","ocean_menu_social_links_color":"","ocean_menu_social_hover_links_color":"","ocean_disable_title":"default","ocean_disable_heading":"default","ocean_post_title":"","ocean_post_subheading":"","ocean_post_title_style":"","ocean_post_title_background_color":"","ocean_post_title_background":0,"ocean_post_title_bg_image_position":"","ocean_post_title_bg_image_attachment":"","ocean_post_title_bg_image_repeat":"","ocean_post_title_bg_image_size":"","ocean_post_title_height":0,"ocean_post_title_bg_overlay":0.5,"ocean_post_title_bg_overlay_color":"","ocean_disable_breadcrumbs":"default","ocean_breadcrumbs_color":"","ocean_breadcrumbs_separator_color":"","ocean_breadcrumbs_links_color":"","ocean_breadcrumbs_links_hover_color":"","ocean_display_footer_widgets":"default","ocean_display_footer_bottom":"default","ocean_custom_footer_template":"0","osh_disable_topbar_sticky":"default","osh_disable_header_sticky":"default","osh_sticky_header_style":"default","osh_sticky_header_effect":"","osh_custom_sticky_logo":0,"osh_custom_retina_sticky_logo":0,"osh_custom_sticky_logo_height":0,"osh_background_color":"","osh_links_color":"","osh_links_hover_color":"","osh_links_active_color":"","osh_links_bg_color":"","osh_links_hover_bg_color":"","osh_links_active_bg_color":"","osh_menu_social_links_color":"","osh_menu_social_hover_links_color":""},"product_brand":[],"product_cat":[46],"product_tag":[385,383,382,381,384],"class_list":{"0":"post-4064","1":"product","2":"type-product","3":"status-publish","4":"has-post-thumbnail","6":"product_cat-oil-mist-lubrication-systems","7":"product_tag-cooling-lubrication-system","8":"product_tag-micro-lubrication-pump","9":"product_tag-minimal-quantity-lubrication","10":"product_tag-mql-lubrication-pump","11":"product_tag-oil-mist-lubrication-system","13":"entry","14":"has-media","16":"first","17":"instock","18":"shipping-taxable","19":"product-type-external","20":"col","21":"span_1_of_3","22":"owp-content-center","23":"owp-thumbs-layout-horizontal","24":"owp-btn-very-big","25":"owp-tabs-layout-horizontal"},"_links":{"self":[{"href":"https:\/\/www.jinpinlub.com\/hu\/wp-json\/wp\/v2\/product\/4064","targetHints":{"allow":["GET"]}}],"collection":[{"href":"https:\/\/www.jinpinlub.com\/hu\/wp-json\/wp\/v2\/product"}],"about":[{"href":"https:\/\/www.jinpinlub.com\/hu\/wp-json\/wp\/v2\/types\/product"}],"wp:featuredmedia":[{"embeddable":true,"href":"https:\/\/www.jinpinlub.com\/hu\/wp-json\/wp\/v2\/media\/4061"}],"wp:attachment":[{"href":"https:\/\/www.jinpinlub.com\/hu\/wp-json\/wp\/v2\/media?parent=4064"}],"wp:term":[{"taxonomy":"product_brand","embeddable":true,"href":"https:\/\/www.jinpinlub.com\/hu\/wp-json\/wp\/v2\/product_brand?post=4064"},{"taxonomy":"product_cat","embeddable":true,"href":"https:\/\/www.jinpinlub.com\/hu\/wp-json\/wp\/v2\/product_cat?post=4064"},{"taxonomy":"product_tag","embeddable":true,"href":"https:\/\/www.jinpinlub.com\/hu\/wp-json\/wp\/v2\/product_tag?post=4064"}],"curies":[{"name":"wp","href":"https:\/\/api.w.org\/{rel}","templated":true}]}}