{"id":4065,"date":"2025-01-02T01:03:48","date_gmt":"2025-01-01T17:03:48","guid":{"rendered":"https:\/\/www.jinpinlub.com\/?post_type=product&#038;p=4065"},"modified":"2025-01-11T11:48:58","modified_gmt":"2025-01-11T03:48:58","slug":"mikroprecizios-permetezo-kenorendszer-femvagashoz","status":"publish","type":"product","link":"https:\/\/www.jinpinlub.com\/hu\/product\/micro-precision-spray-lubrication-system-for-metal-cutting\/","title":{"rendered":"Micro Precision Spray ken\u0151rendszer f\u00e9mv\u00e1g\u00e1shoz"},"content":{"rendered":"<h2>Funkci\u00f3<\/h2>\n<p><span id=\"input-sentence~0\">\u2013 Leveg\u0151 \u00e9s olaj kever\u00e9k: a minim\u00e1lis mennyis\u00e9g\u0171 ken\u0151szivatty\u00fa leveg\u0151 \u00e9s olaj kever\u00e9k\u00e9t k\u00e9pes biztos\u00edtani, amely k\u00fcl\u00f6nb\u00f6z\u0151, prec\u00edz ken\u00e9st ig\u00e9nyl\u0151 alkalmaz\u00e1si forgat\u00f3k\u00f6nyvekhez haszn\u00e1lhat\u00f3.<br \/>\n\u2013 Be\u00e1ll\u00edt\u00e1si funkci\u00f3: L\u00f6ketszab\u00e1lyz\u00f3 \u00e9s impulzusgener\u00e1tor a minim\u00e1lis mennyis\u00e9g\u0171 ken\u0151szivatty\u00faban lehet\u0151v\u00e9 teszi a felhaszn\u00e1l\u00f3k sz\u00e1m\u00e1ra, hogy a szivatty\u00fa kering\u00e9si sebess\u00e9g\u00e9t \u00e9s l\u00f6ketenk\u00e9nti teljes\u00edtm\u00e9ny\u00e9t ig\u00e9ny szerint szab\u00e1lyozz\u00e1k, \u00edgy a pontos szab\u00e1lyoz\u00e1st.<\/span><span id=\"input-sentence~1\"><br \/>\n<span id=\"input-sentence~0\">&#8211; <\/span>K\u00f6rnyezetbar\u00e1t: A szivatty\u00fa \u00e1ltal aj\u00e1nlott ISO VG 68 szersz\u00e1mg\u00e9p-vezet\u0151 olaj k\u00f6rnyezetbar\u00e1t tulajdons\u00e1gokkal rendelkezik, a prec\u00edz mikroolajk\u00f6d\u00f6s ken\u00e9s pedig tov\u00e1bb cs\u00f6kkentheti a k\u00f6rnyezetre gyakorolt hat\u00e1st.<br \/>\n<span id=\"input-sentence~0\">&#8211; <\/span>Nagy teljes\u00edtm\u00e9ny\u0171 anyagok: A k\u00fcl\u00f6nb\u00f6z\u0151 anyagokb\u00f3l k\u00e9sz\u00fclt f\u00fav\u00f3k\u00e1k k\u00fcl\u00f6nb\u00f6z\u0151 munkak\u00f6rnyezetekhez alkalmasak, p\u00e9ld\u00e1ul a rozsdamentes ac\u00e9l f\u00fav\u00f3k\u00e1k a nagy merevs\u00e9get ig\u00e9nyl\u0151 k\u00f6rnyezetekhez, m\u00edg a flexibilis m\u0171anyag f\u00fav\u00f3k\u00e1k olyan k\u00f6rnyezetekhez, ahol k\u00f6nny\u0171 az ir\u00e1ny\u00e1ll\u00edt\u00e1s.<\/span><\/p>\n<h2>Specifik\u00e1ci\u00f3<\/h2>\n<table>\n<tbody>\n<tr>\n<td>Bef\u00favott leveg\u0151 nyom\u00e1sa<\/td>\n<td>Tiszta, sz\u00e1raz s\u0171r\u00edtett leveg\u0151, 4-7 bar, minimum 708 LPM<\/td>\n<\/tr>\n<tr>\n<td>Szivatty\u00fa viszkozit\u00e1sa<\/td>\n<td>50-1000 SUS<\/td>\n<\/tr>\n<tr>\n<td>A szivatty\u00fa teljes\u00edtm\u00e9nye teljes l\u00f6kettel<\/td>\n<td>0,033 ml (1 csepp standard), 0,100 ml (3 csepp standard)<\/td>\n<\/tr>\n<tr>\n<td>A szivatty\u00fa teljes\u00edtm\u00e9nye<\/td>\n<td>0-396 ml\/\u00f3ra (1 csepp standard), 0-1200 ml\/\u00f3ra (3 csepp standard)<\/td>\n<\/tr>\n<tr>\n<td>L\u00e9g\u00e1raml\u00e1si sebess\u00e9g<\/td>\n<td>0-4 SCFM minden leveg\u0151- \u00e9s olajkibocs\u00e1t\u00e1shoz, 1-2 SCFM jellemz\u0151<\/td>\n<\/tr>\n<tr>\n<td>Impulzus gener\u00e1tor<\/td>\n<td>5-50 impulzus\/perc, maximum 200 impulzus\/perc (nem aj\u00e1nlott)<\/td>\n<\/tr>\n<tr>\n<td>\u00dczemi h\u0151m\u00e9rs\u00e9klet<\/td>\n<td>0\u2103 ~ +50\u02daC<\/td>\n<\/tr>\n<tr>\n<td>T\u00e1rol\u00e1si h\u0151m\u00e9rs\u00e9klet<\/td>\n<td>(-16\u2103 ~ +70\u02daC)<\/td>\n<\/tr>\n<tr>\n<td>Folyad\u00e9ktart\u00e1ly<\/td>\n<td>Testreszabhat\u00f3, standard 0,5L, 1,0L, 2L, 4L<\/td>\n<\/tr>\n<\/tbody>\n<\/table>\n<h2>Felszerel\u00e9s<\/h2>\n<p><span id=\"input-sentence~0\">1. Beszerel\u00e9s el\u0151k\u00e9sz\u00edt\u00e9se: Olvassa el a kezel\u00e9si \u00fatmutat\u00f3t, ismerje meg a minim\u00e1lis mennyis\u00e9g\u0171 ken\u0151rendszer alapelveit, az alkatr\u00e9szek funkci\u00f3it \u00e9s a be\u00e1ll\u00edt\u00e1si m\u00f3dszereket. K\u00e9sz\u00edtsen el\u0151 minden eszk\u00f6zt, amely a felszerel\u00e9shez sz\u00fcks\u00e9ges lehet.<br \/>\n2. Be\u00e9p\u00edt\u00e9si hely: V\u00e1lasszon egy olyan helyet a g\u00e9p k\u00f6zel\u00e9ben, ahol k\u00f6nnyen kezelhet\u0151 \u00e9s karbantarthat\u00f3, \u00fcgyelve arra, hogy a minim\u00e1lis mennyis\u00e9g\u0171 ken\u0151szivatty\u00fa v\u00edzszintesen legyen felszerelve, a folyad\u00e9kt\u00e1rol\u00f3 tart\u00e1llyal felfel\u00e9.<\/span><span id=\"input-sentence~1\"><br \/>\n3. Be\u00e9p\u00edt\u00e9si m\u00f3d: Csavarokkal r\u00f6gz\u00edtve n\u00e9gy be\u00e9p\u00edt\u00e9si helyen minim\u00e1lis mennyis\u00e9g\u0171 ken\u0151rendszer. Ami a m\u00e1gneses be\u00e9p\u00edt\u00e9si m\u00f3dot illeti, azt tiszta \u00e9s s\u00edk beszerel\u00e9si helyre kell felszerelni.<br \/>\n4. Leveg\u0151csatlakoz\u00e1s: Tartsa a leveg\u0151ell\u00e1t\u00e1si nyom\u00e1st 4-7 bar k\u00f6z\u00f6tt, csatlakoztassa a leveg\u0151ell\u00e1t\u00f3 vezet\u00e9ket a l\u00e9gsz\u0171r\u0151n kereszt\u00fcl, \u00e9s z\u00e1rja le az interf\u00e9szt.<br \/>\n5. V\u00e9kony olaj bet\u00f6lt\u00e9s: T\u00f6ltse fel a min\u0151s\u00edtett h\u00edg olajat az olajtart\u00e1ly t\u00e9rfogat\u00e1nak 75%-ig. A t\u00f6lt\u00e9s k\u00f6zben nyomja le a fedelet, hogy extra leveg\u0151t bocs\u00e1sson ki.<\/span><\/p>\n<h2>K\u00e9zik\u00f6nyvek<\/h2>\n<div class=\"sdm_download_button_box_default\"><div class=\"sdm_download_link\"><a href=\"https:\/\/www.jinpinlub.com\/hu\/?sdm_process_download=1&download_id=4054\" class=\"sdm_download white\" title=\"Mag\u00e1n: Minimal Quantity Lubrication\" target=\"&quot;_blank&quot;\">Adatlap megtekint\u00e9se - Minim\u00e1lis mennyis\u00e9g\u0171 ken\u00e9s<\/a><\/div><\/div>","protected":false},"excerpt":{"rendered":"<p>Az MLS mikroken\u0151szivatty\u00fa a hagyom\u00e1nyos v\u00edzoldhat\u00f3 v\u00e1g\u00f3folyad\u00e9k h\u0171t\u0151rendszer helyettes\u00edt\u00e9s\u00e9re szolg\u00e1l\u00f3 eszk\u00f6z. Leveg\u0151 \u00e9s olaj kever\u00e9k\u00e9t permetezi be a feldolgoz\u00e1si ter\u00fcletre nagynyom\u00e1s\u00fa porlaszt\u00e1ssal, \u00edgy kis mennyis\u00e9g\u0171 ken\u0151olaj egyenletesebben oszlik el.<\/p>","protected":false},"featured_media":4066,"template":"","meta":{"ocean_post_layout":"","ocean_both_sidebars_style":"","ocean_both_sidebars_content_width":0,"ocean_both_sidebars_sidebars_width":0,"ocean_sidebar":"0","ocean_second_sidebar":"0","ocean_disable_margins":"enable","ocean_add_body_class":"","ocean_shortcode_before_top_bar":"","ocean_shortcode_after_top_bar":"","ocean_shortcode_before_header":"","ocean_shortcode_after_header":"","ocean_has_shortcode":"","ocean_shortcode_after_title":"","ocean_shortcode_before_footer_widgets":"","ocean_shortcode_after_footer_widgets":"","ocean_shortcode_before_footer_bottom":"","ocean_shortcode_after_footer_bottom":"","ocean_display_top_bar":"default","ocean_display_header":"default","ocean_header_style":"","ocean_center_header_left_menu":"0","ocean_custom_header_template":"0","ocean_custom_logo":0,"ocean_custom_retina_logo":0,"ocean_custom_logo_max_width":0,"ocean_custom_logo_tablet_max_width":0,"ocean_custom_logo_mobile_max_width":0,"ocean_custom_logo_max_height":0,"ocean_custom_logo_tablet_max_height":0,"ocean_custom_logo_mobile_max_height":0,"ocean_header_custom_menu":"0","ocean_menu_typo_font_family":"0","ocean_menu_typo_font_subset":"","ocean_menu_typo_font_size":0,"ocean_menu_typo_font_size_tablet":0,"ocean_menu_typo_font_size_mobile":0,"ocean_menu_typo_font_size_unit":"px","ocean_menu_typo_font_weight":"","ocean_menu_typo_font_weight_tablet":"","ocean_menu_typo_font_weight_mobile":"","ocean_menu_typo_transform":"","ocean_menu_typo_transform_tablet":"","ocean_menu_typo_transform_mobile":"","ocean_menu_typo_line_height":0,"ocean_menu_typo_line_height_tablet":0,"ocean_menu_typo_line_height_mobile":0,"ocean_menu_typo_line_height_unit":"","ocean_menu_typo_spacing":0,"ocean_menu_typo_spacing_tablet":0,"ocean_menu_typo_spacing_mobile":0,"ocean_menu_typo_spacing_unit":"","ocean_menu_link_color":"","ocean_menu_link_color_hover":"","ocean_menu_link_color_active":"","ocean_menu_link_background":"","ocean_menu_link_hover_background":"","ocean_menu_link_active_background":"","ocean_menu_social_links_bg":"","ocean_menu_social_hover_links_bg":"","ocean_menu_social_links_color":"","ocean_menu_social_hover_links_color":"","ocean_disable_title":"default","ocean_disable_heading":"default","ocean_post_title":"","ocean_post_subheading":"","ocean_post_title_style":"","ocean_post_title_background_color":"","ocean_post_title_background":0,"ocean_post_title_bg_image_position":"","ocean_post_title_bg_image_attachment":"","ocean_post_title_bg_image_repeat":"","ocean_post_title_bg_image_size":"","ocean_post_title_height":0,"ocean_post_title_bg_overlay":0.5,"ocean_post_title_bg_overlay_color":"","ocean_disable_breadcrumbs":"default","ocean_breadcrumbs_color":"","ocean_breadcrumbs_separator_color":"","ocean_breadcrumbs_links_color":"","ocean_breadcrumbs_links_hover_color":"","ocean_display_footer_widgets":"default","ocean_display_footer_bottom":"default","ocean_custom_footer_template":"0","osh_disable_topbar_sticky":"default","osh_disable_header_sticky":"default","osh_sticky_header_style":"default","osh_sticky_header_effect":"","osh_custom_sticky_logo":0,"osh_custom_retina_sticky_logo":0,"osh_custom_sticky_logo_height":0,"osh_background_color":"","osh_links_color":"","osh_links_hover_color":"","osh_links_active_color":"","osh_links_bg_color":"","osh_links_hover_bg_color":"","osh_links_active_bg_color":"","osh_menu_social_links_color":"","osh_menu_social_hover_links_color":""},"product_brand":[],"product_cat":[46],"product_tag":[386,382,387,389,390],"class_list":{"0":"post-4065","1":"product","2":"type-product","3":"status-publish","4":"has-post-thumbnail","6":"product_cat-oil-mist-lubrication-systems","7":"product_tag-micro-lubrication-system","8":"product_tag-minimal-quantity-lubrication","9":"product_tag-oil-mist-coolant-pumps","10":"product_tag-pneumatic-oil-mist-pump","11":"product_tag-pneumatic-spray-pump","13":"entry","14":"has-media","16":"first","17":"instock","18":"featured","19":"shipping-taxable","20":"product-type-external","21":"col","22":"span_1_of_3","23":"owp-content-center","24":"owp-thumbs-layout-horizontal","25":"owp-btn-very-big","26":"owp-tabs-layout-horizontal"},"_links":{"self":[{"href":"https:\/\/www.jinpinlub.com\/hu\/wp-json\/wp\/v2\/product\/4065","targetHints":{"allow":["GET"]}}],"collection":[{"href":"https:\/\/www.jinpinlub.com\/hu\/wp-json\/wp\/v2\/product"}],"about":[{"href":"https:\/\/www.jinpinlub.com\/hu\/wp-json\/wp\/v2\/types\/product"}],"wp:featuredmedia":[{"embeddable":true,"href":"https:\/\/www.jinpinlub.com\/hu\/wp-json\/wp\/v2\/media\/4066"}],"wp:attachment":[{"href":"https:\/\/www.jinpinlub.com\/hu\/wp-json\/wp\/v2\/media?parent=4065"}],"wp:term":[{"taxonomy":"product_brand","embeddable":true,"href":"https:\/\/www.jinpinlub.com\/hu\/wp-json\/wp\/v2\/product_brand?post=4065"},{"taxonomy":"product_cat","embeddable":true,"href":"https:\/\/www.jinpinlub.com\/hu\/wp-json\/wp\/v2\/product_cat?post=4065"},{"taxonomy":"product_tag","embeddable":true,"href":"https:\/\/www.jinpinlub.com\/hu\/wp-json\/wp\/v2\/product_tag?post=4065"}],"curies":[{"name":"wp","href":"https:\/\/api.w.org\/{rel}","templated":true}]}}