{"id":4075,"date":"2025-01-02T03:59:02","date_gmt":"2025-01-01T19:59:02","guid":{"rendered":"https:\/\/www.jinpinlub.com\/?post_type=product&#038;p=4075"},"modified":"2025-01-02T04:17:15","modified_gmt":"2025-01-01T20:17:15","slug":"egyedi-minimalis-mennyisegu-kenoszivattyu-furatfurashoz","status":"publish","type":"product","link":"https:\/\/www.jinpinlub.com\/hu\/product\/custom-minimal-quantity-lubrication-pump-for-hole-drilling\/","title":{"rendered":"Egyedi minim\u00e1lis mennyis\u00e9g\u0171 ken\u0151szivatty\u00fa lyukf\u00far\u00e1shoz"},"content":{"rendered":"<h2>Funkci\u00f3<\/h2>\n<p>1. Tart\u00e1lykapacit\u00e1s: Az MLS minim\u00e1lis mennyis\u00e9g\u0171 ken\u0151rendszer k\u00fcl\u00f6nb\u00f6z\u0151 kapacit\u00e1s\u00fa t\u00e1rol\u00f3tart\u00e1lyokat k\u00edn\u00e1l, 0,5 literes, 1 literes, 2 literes \u00e9s 4 literes standard kapacit\u00e1ssal, a felhaszn\u00e1l\u00f3k a t\u00e9nyleges felhaszn\u00e1l\u00e1s alapj\u00e1n v\u00e1laszthatj\u00e1k ki a megfelel\u0151 t\u00e1rol\u00f3tart\u00e1lyt.<br \/>\n2. L\u00e9g\u00e1raml\u00e1s szab\u00e1lyoz\u00e1sa: A porlaszt\u00f3szivatty\u00fa l\u00e9g\u00e1raml\u00e1s\u00e1t a leveg\u0151adagol\u00f3 csavar szab\u00e1lyozza, a permet s\u0171r\u0171s\u00e9g\u00e9t \u00e9s t\u00e1vols\u00e1g\u00e1t pedig a leveg\u0151adagol\u00f3 csavar \u00e9s a szivatty\u00fa l\u00f6ket\u00e9nek be\u00e1ll\u00edt\u00f3 gombja hat\u00e1rozza meg.<br \/>\n3. Impulzusgener\u00e1tor frekvenciaszab\u00e1lyoz\u00e1sa: Az MLS minim\u00e1lis mennyis\u00e9g\u0171 ken\u00e9s impulzusgener\u00e1tora egy speci\u00e1lisan tervezett \u00e9s gy\u00e1rtott v\u00e1ltoztathat\u00f3 pneumatikus id\u0151z\u00edt\u0151, amely a szivatty\u00fa kering\u00e9si sebess\u00e9g\u00e9nek szab\u00e1lyoz\u00e1s\u00e1ra szolg\u00e1l, az aj\u00e1nlott frekvencia percenk\u00e9nt 5-50 impulzus.<br \/>\n4. Elektrom\u00e1gneses szelepvez\u00e9rl\u0151 kimenet: Az MLS minim\u00e1lis mennyis\u00e9g\u0171 ken\u00e9s pneumatikus \u00e1ramk\u00f6re szint\u00e9n elektrom\u00e1gneses szeleppel vez\u00e9relhet\u0151, \u00e9s a leveg\u0151 bemeneti frekvenci\u00e1ja be\u00e1ll\u00edthat\u00f3 a porlaszt\u00f3szivatty\u00fa kimeneti frekvenci\u00e1j\u00e1nak elektrom\u00e1gneses szelepen kereszt\u00fcli pontos vez\u00e9rl\u00e9s\u00e9hez.<\/p>\n<h2>Specifik\u00e1ci\u00f3<\/h2>\n<table>\n<tbody>\n<tr>\n<td>Bef\u00favott leveg\u0151 nyom\u00e1sa<\/td>\n<td>Tiszta, sz\u00e1raz s\u0171r\u00edtett leveg\u0151, 4-7 bar, minimum 708 LPM<\/td>\n<\/tr>\n<tr>\n<td>Szivatty\u00fa viszkozit\u00e1sa<\/td>\n<td>50-1000 SUS<\/td>\n<\/tr>\n<tr>\n<td>A szivatty\u00fa teljes\u00edtm\u00e9nye teljes l\u00f6kettel<\/td>\n<td>0,033 ml (1 csepp standard), 0,100 ml (3 csepp standard)<\/td>\n<\/tr>\n<tr>\n<td>A szivatty\u00fa teljes\u00edtm\u00e9nye<\/td>\n<td>0-396 ml\/\u00f3ra (1 csepp standard), 0-1200 ml\/\u00f3ra (3 csepp standard)<\/td>\n<\/tr>\n<tr>\n<td>L\u00e9g\u00e1raml\u00e1si sebess\u00e9g<\/td>\n<td>0-4 SCFM minden leveg\u0151- \u00e9s olajkibocs\u00e1t\u00e1shoz, 1-2 SCFM jellemz\u0151<\/td>\n<\/tr>\n<tr>\n<td>Impulzus gener\u00e1tor<\/td>\n<td>5-50 impulzus\/perc, maximum 200 impulzus\/perc (nem aj\u00e1nlott)<\/td>\n<\/tr>\n<tr>\n<td>\u00dczemi h\u0151m\u00e9rs\u00e9klet<\/td>\n<td>0\u2103 ~ +50\u02daC<\/td>\n<\/tr>\n<tr>\n<td>T\u00e1rol\u00e1si h\u0151m\u00e9rs\u00e9klet<\/td>\n<td>(-16\u2103 ~ +70\u02daC)<\/td>\n<\/tr>\n<tr>\n<td>Folyad\u00e9ktart\u00e1ly<\/td>\n<td>Testreszabhat\u00f3, standard 0,5L, 1,0L, 2L, 4L<\/td>\n<\/tr>\n<\/tbody>\n<\/table>\n<h2>F\u00fav\u00f3k\u00e1k<\/h2>\n<p>\u2013 Minim\u00e1lkol\u00e1sg\u00e1tl\u00f3 rendszer rugalmas m\u0171anyag f\u00fav\u00f3k\u00e1val<br \/>\nEl\u0151ny\u00f6k: K\u00f6nnyen be\u00e1ll\u00edthat\u00f3 a k\u00edv\u00e1nt poz\u00edci\u00f3, \u00e9s nem kem\u00e9nyedik meg, ha ism\u00e9telten k\u00fcl\u00f6nb\u00f6z\u0151 form\u00e1kra hajl\u00edtj\u00e1k. H\u00e1tr\u00e1nyok: K\u00f6nnyen meg\u00e9rinthet\u0151 \u00e9s elmozd\u00edthat\u00f3. A sz\u00f3r\u00f3fej k\u00fapos, k\u00f6r\u00fclbel\u00fcl 15-20 fokos sz\u00f6ggel.<br \/>\n\u2013 MQL rendszer f\u00e9lmerev r\u00e9zf\u00fav\u00f3k\u00e1val<br \/>\nEl\u0151ny\u00f6k: J\u00f3 egyens\u00falyt \u00e9r el a rugalmass\u00e1g \u00e9s a merevs\u00e9g k\u00f6z\u00f6tt, k\u00f6nnyen hajl\u00edthat\u00f3 \u00e9s form\u00e1zhat\u00f3 egy bizonyos alakra, \u00e9s m\u00e9rs\u00e9kelt er\u0151hat\u00e1snak kit\u00e9ve is megtartja alakj\u00e1t. H\u00e1tr\u00e1nyok: Az ism\u00e9telt hajl\u00edt\u00e1s alakv\u00e1ltoz\u00e1si kem\u00e9nyed\u00e9shez vezet, \u00e9s v\u00e9g\u00fcl a f\u00fav\u00f3katest elt\u00f6rhet. A permetez\u00e9s k\u00fapos, k\u00f6r\u00fclbel\u00fcl 15-20 fokos bez\u00e1r\u00e1si sz\u00f6ggel.<br \/>\n\u2013 Minim\u00e1lkem\u00e9ny\u00edt\u0151-rendszer rozsdamentes ac\u00e9l f\u00fav\u00f3k\u00e1val<br \/>\nEl\u0151ny\u00f6k: J\u00f3 merevs\u00e9g, nem k\u00f6nnyen hajlik vagy deform\u00e1l\u00f3dik, alkalmas r\u00f6gz\u00edtett helyzetbe helyez\u00e9sre \u00e9s v\u00e1rhat\u00f3an nagy er\u0151hat\u00e1soknak is ellen\u00e1ll. H\u00e1tr\u00e1nyok: A permet ki\u00e1raml\u00e1sa k\u00fapos, a bez\u00e1rt sz\u00f6g k\u00f6r\u00fclbel\u00fcl 15-20 fok.<\/p>\n<h2>K\u00e9zik\u00f6nyvek<\/h2>\n<div class=\"sdm_download_button_box_default\"><div class=\"sdm_download_link\"><a href=\"https:\/\/www.jinpinlub.com\/hu\/?sdm_process_download=1&download_id=4054\" class=\"sdm_download white\" title=\"Mag\u00e1n: Minimal Quantity Lubrication\" target=\"&quot;_blank&quot;\">Adatlap megtekint\u00e9se - Minim\u00e1lis mennyis\u00e9g\u0171 ken\u00e9s<\/a><\/div><\/div>","protected":false},"excerpt":{"rendered":"<p>Az MQL minim\u00e1lis mennyis\u00e9g\u0171 ken\u0151rendszer pozit\u00edv t\u00e9rfogatskiszor\u00edt\u00e1sos szivatty\u00fat haszn\u00e1l, amely s\u0171r\u00edtett leveg\u0151vel m\u0171k\u00f6dik. Modul\u00e1ris fel\u00e9p\u00edt\u00e9se lehet\u0151v\u00e9 teszi a testreszab\u00e1st, a prec\u00edz szivatty\u00fateljes\u00edtm\u00e9ny pedig a leveg\u0151adagol\u00f3 csavarok \u00e9s a szivatty\u00fa l\u00f6ket\u00e9nek be\u00e1ll\u00edt\u00f3 gombjai seg\u00edts\u00e9g\u00e9vel \u00e1ll\u00edthat\u00f3.<\/p>","protected":false},"featured_media":4079,"template":"","meta":{"ocean_post_layout":"","ocean_both_sidebars_style":"","ocean_both_sidebars_content_width":0,"ocean_both_sidebars_sidebars_width":0,"ocean_sidebar":"0","ocean_second_sidebar":"0","ocean_disable_margins":"enable","ocean_add_body_class":"","ocean_shortcode_before_top_bar":"","ocean_shortcode_after_top_bar":"","ocean_shortcode_before_header":"","ocean_shortcode_after_header":"","ocean_has_shortcode":"","ocean_shortcode_after_title":"","ocean_shortcode_before_footer_widgets":"","ocean_shortcode_after_footer_widgets":"","ocean_shortcode_before_footer_bottom":"","ocean_shortcode_after_footer_bottom":"","ocean_display_top_bar":"default","ocean_display_header":"default","ocean_header_style":"","ocean_center_header_left_menu":"0","ocean_custom_header_template":"0","ocean_custom_logo":0,"ocean_custom_retina_logo":0,"ocean_custom_logo_max_width":0,"ocean_custom_logo_tablet_max_width":0,"ocean_custom_logo_mobile_max_width":0,"ocean_custom_logo_max_height":0,"ocean_custom_logo_tablet_max_height":0,"ocean_custom_logo_mobile_max_height":0,"ocean_header_custom_menu":"0","ocean_menu_typo_font_family":"0","ocean_menu_typo_font_subset":"","ocean_menu_typo_font_size":0,"ocean_menu_typo_font_size_tablet":0,"ocean_menu_typo_font_size_mobile":0,"ocean_menu_typo_font_size_unit":"px","ocean_menu_typo_font_weight":"","ocean_menu_typo_font_weight_tablet":"","ocean_menu_typo_font_weight_mobile":"","ocean_menu_typo_transform":"","ocean_menu_typo_transform_tablet":"","ocean_menu_typo_transform_mobile":"","ocean_menu_typo_line_height":0,"ocean_menu_typo_line_height_tablet":0,"ocean_menu_typo_line_height_mobile":0,"ocean_menu_typo_line_height_unit":"","ocean_menu_typo_spacing":0,"ocean_menu_typo_spacing_tablet":0,"ocean_menu_typo_spacing_mobile":0,"ocean_menu_typo_spacing_unit":"","ocean_menu_link_color":"","ocean_menu_link_color_hover":"","ocean_menu_link_color_active":"","ocean_menu_link_background":"","ocean_menu_link_hover_background":"","ocean_menu_link_active_background":"","ocean_menu_social_links_bg":"","ocean_menu_social_hover_links_bg":"","ocean_menu_social_links_color":"","ocean_menu_social_hover_links_color":"","ocean_disable_title":"default","ocean_disable_heading":"default","ocean_post_title":"","ocean_post_subheading":"","ocean_post_title_style":"","ocean_post_title_background_color":"","ocean_post_title_background":0,"ocean_post_title_bg_image_position":"","ocean_post_title_bg_image_attachment":"","ocean_post_title_bg_image_repeat":"","ocean_post_title_bg_image_size":"","ocean_post_title_height":0,"ocean_post_title_bg_overlay":0.5,"ocean_post_title_bg_overlay_color":"","ocean_disable_breadcrumbs":"default","ocean_breadcrumbs_color":"","ocean_breadcrumbs_separator_color":"","ocean_breadcrumbs_links_color":"","ocean_breadcrumbs_links_hover_color":"","ocean_display_footer_widgets":"default","ocean_display_footer_bottom":"default","ocean_custom_footer_template":"0","osh_disable_topbar_sticky":"default","osh_disable_header_sticky":"default","osh_sticky_header_style":"default","osh_sticky_header_effect":"","osh_custom_sticky_logo":0,"osh_custom_retina_sticky_logo":0,"osh_custom_sticky_logo_height":0,"osh_background_color":"","osh_links_color":"","osh_links_hover_color":"","osh_links_active_color":"","osh_links_bg_color":"","osh_links_hover_bg_color":"","osh_links_active_bg_color":"","osh_menu_social_links_color":"","osh_menu_social_hover_links_color":""},"product_brand":[],"product_cat":[46],"product_tag":[385,386,382,389,390],"class_list":{"0":"post-4075","1":"product","2":"type-product","3":"status-publish","4":"has-post-thumbnail","6":"product_cat-oil-mist-lubrication-systems","7":"product_tag-cooling-lubrication-system","8":"product_tag-micro-lubrication-system","9":"product_tag-minimal-quantity-lubrication","10":"product_tag-pneumatic-oil-mist-pump","11":"product_tag-pneumatic-spray-pump","13":"entry","14":"has-media","16":"first","17":"instock","18":"shipping-taxable","19":"product-type-external","20":"col","21":"span_1_of_3","22":"owp-content-center","23":"owp-thumbs-layout-horizontal","24":"owp-btn-very-big","25":"owp-tabs-layout-horizontal"},"_links":{"self":[{"href":"https:\/\/www.jinpinlub.com\/hu\/wp-json\/wp\/v2\/product\/4075","targetHints":{"allow":["GET"]}}],"collection":[{"href":"https:\/\/www.jinpinlub.com\/hu\/wp-json\/wp\/v2\/product"}],"about":[{"href":"https:\/\/www.jinpinlub.com\/hu\/wp-json\/wp\/v2\/types\/product"}],"wp:featuredmedia":[{"embeddable":true,"href":"https:\/\/www.jinpinlub.com\/hu\/wp-json\/wp\/v2\/media\/4079"}],"wp:attachment":[{"href":"https:\/\/www.jinpinlub.com\/hu\/wp-json\/wp\/v2\/media?parent=4075"}],"wp:term":[{"taxonomy":"product_brand","embeddable":true,"href":"https:\/\/www.jinpinlub.com\/hu\/wp-json\/wp\/v2\/product_brand?post=4075"},{"taxonomy":"product_cat","embeddable":true,"href":"https:\/\/www.jinpinlub.com\/hu\/wp-json\/wp\/v2\/product_cat?post=4075"},{"taxonomy":"product_tag","embeddable":true,"href":"https:\/\/www.jinpinlub.com\/hu\/wp-json\/wp\/v2\/product_tag?post=4075"}],"curies":[{"name":"wp","href":"https:\/\/api.w.org\/{rel}","templated":true}]}}