{"id":4101,"date":"2025-01-12T03:58:27","date_gmt":"2025-01-11T19:58:27","guid":{"rendered":"https:\/\/www.jinpinlub.com\/?post_type=product&#038;p=4101"},"modified":"2025-01-12T04:24:39","modified_gmt":"2025-01-11T20:24:39","slug":"jhg4-terfogat-kiszoritasos-zsir-kenoszivattyu-cnc-hez","status":"publish","type":"product","link":"https:\/\/www.jinpinlub.com\/hu\/product\/jhg4-positive-displacement-grease-lubrication-pump-for-cnc\/","title":{"rendered":"JHG4 nyom\u00e1skiszor\u00edt\u00e1sos zs\u00edr-ken\u0151szivatty\u00fa CNC-hez"},"content":{"rendered":"<h2>Funkci\u00f3<\/h2>\n<p>1. A JHG4 ken\u0151szivatty\u00fa zs\u00edrok \u00e9s alacsony \u00e1tfoly\u00e1s\u00fa ken\u0151olajok ken\u00e9s\u00e9re alkalmas. Az alkalmazand\u00f3 foly\u00e9kony vaj viszkozit\u00e1sa NLGI 000, 00, 0#.<br \/>\n2. Zs\u00edroz\u00f3pisztoly vagy automata t\u00f6lt\u0151g\u00e9p seg\u00edts\u00e9g\u00e9vel t\u00f6ltse fel a zs\u00edrt a ken\u0151anyag bemenet\u00e9b\u0151l, hogy megakad\u00e1lyozza a leveg\u0151 \u00e9s a t\u00f6rmel\u00e9k bejut\u00e1s\u00e1t.<br \/>\n3. Az elektromos ken\u0151szivatty\u00fat PLC vez\u00e9rli, \u00e9s MU, MG2, MG mennyis\u00e9gi eloszt\u00f3kkal haszn\u00e1lhat\u00f3 az olajell\u00e1t\u00e1s szab\u00e1lyoz\u00e1s\u00e1ra. Az MU, MG2, MG mennyis\u00e9gi eloszt\u00f3k t\u00f6bb \u00e1raml\u00e1si lehet\u0151s\u00e9ggel rendelkeznek, \u00e9s ugyanaz az eloszt\u00f3k\u00e9szlet t\u00f6bb \u00e1raml\u00e1si opci\u00f3val is rendelkezhet.<br \/>\n4. Alacsony folyad\u00e9kszint \u00e9rz\u00e9kel\u0151 v\u00e1laszthat\u00f3, vagyis ha a ken\u0151anyag mennyis\u00e9ge t\u00fal alacsony, akkor automatikusan jelet k\u00fcld.<br \/>\n5. A nyom\u00e1sm\u00e9r\u0151 kiv\u00e1laszthat\u00f3, hogy k\u00f6zvetlen\u00fcl vizu\u00e1lisan megfigyelhesse a nyom\u00e1s \u00e1llapot\u00e1t, amikor az olaj ki\u00fcr\u00fcl.<br \/>\n6. Nyom\u00e1sszab\u00e1lyoz\u00f3 szeleppel a ken\u0151szivatty\u00fa \u00fczemi nyom\u00e1s\u00e1nak be\u00e1ll\u00edt\u00e1s\u00e1ra \u00e9s a munkabiztons\u00e1g v\u00e9delm\u00e9re.<br \/>\n7. Egy elektrom\u00e1gneses nyom\u00e1scs\u00f6kkent\u0151 szelepcsoport eset\u00e9n a ken\u0151szivatty\u00fa le\u00e1ll, \u00e9s a cs\u0151vezet\u00e9kben l\u00e9v\u0151 nyom\u00e1s cs\u00f6kken.<\/p>\n<h2>Specifik\u00e1ci\u00f3<\/h2>\n<table>\n<tbody>\n<tr>\n<td>Modell<\/td>\n<td>JHG4<\/td>\n<\/tr>\n<tr>\n<td>Ken\u00e9si id\u0151<\/td>\n<td>PLC vagy k\u00fcls\u0151 vez\u00e9rl\u0151<\/td>\n<\/tr>\n<tr>\n<td>Intervallum id\u0151<\/td>\n<td>PLC vagy k\u00fcls\u0151 vez\u00e9rl\u0151<\/td>\n<\/tr>\n<tr>\n<td>\u00dczemi h\u0151m\u00e9rs\u00e9klet<\/td>\n<td>0\u2103~ +50\u00b0C (alacsony h\u0151m\u00e9rs\u00e9kleti k\u00f6r\u00fclm\u00e9nyek k\u00f6z\u00f6tt fagy\u00e1ll\u00f3 zs\u00edr sz\u00fcks\u00e9ges)<\/td>\n<\/tr>\n<tr>\n<td>Az \u00fczletek sz\u00e1ma<\/td>\n<td>1<\/td>\n<\/tr>\n<tr>\n<td>A t\u00e1roz\u00f3 kapacit\u00e1sa<\/td>\n<td>1,5 liter<\/td>\n<\/tr>\n<tr>\n<td>\u00dajrat\u00f6lt\u00e9s<\/td>\n<td>Bemenet (tart\u00e1ly)<\/td>\n<\/tr>\n<tr>\n<td>Ken\u0151anyag<\/td>\n<td>Ken\u0151zs\u00edrok NLGI 000-1# fokozat\u00fa<\/td>\n<\/tr>\n<tr>\n<td>Nyom\u00e1scs\u00f6kkent\u0151 szelep<\/td>\n<td>\u00d6sszeszerelve<\/td>\n<\/tr>\n<tr>\n<td>Kis\u00fcl\u00e9s<\/td>\n<td>15 ml\/perc<\/td>\n<\/tr>\n<tr>\n<td>Max. \u00fczemi nyom\u00e1s<\/td>\n<td>8,0 MPa<\/td>\n<\/tr>\n<tr>\n<td>Csatlakoz\u00f3 menet<\/td>\n<td>Kimenet \u03a66 vagy \u03a68<\/td>\n<\/tr>\n<tr>\n<td>\u00dczemi fesz\u00fclts\u00e9g<\/td>\n<td>12\/24VDC, 110\/220VAC, 220\/380 3~380VAC<\/td>\n<\/tr>\n<tr>\n<td>Tan\u00fas\u00edtv\u00e1ny<\/td>\n<td>CE<\/td>\n<\/tr>\n<tr>\n<td>Alacsony szint kapcsol\u00f3<\/td>\n<td>NPN-NO, PNP-NO<\/td>\n<\/tr>\n<\/tbody>\n<\/table>\n<h2>El\u0151vigy\u00e1zatoss\u00e1g<\/h2>\n<p>1. Amikor el\u0151sz\u00f6r haszn\u00e1lnak \u00faj ken\u0151szivatty\u00fat, vagy hosszabb ideig nem haszn\u00e1lj\u00e1k, a benne l\u00e9v\u0151 leveg\u0151t teljesen ki kell \u00fcr\u00edteni. T\u00f6ltse fel a f\u0151vezet\u00e9ket \u00e9s a le\u00e1gaz\u00f3 vezet\u00e9ket zs\u00edrral a ken\u0151szivatty\u00fan vagy zs\u00edrut\u00e1nt\u00f6lt\u0151 g\u00e9pen kereszt\u00fcl, majd csatlakoztassa az eloszt\u00f3t.<br \/>\n2. A ken\u0151szivatty\u00fa nitrilkaucsukot (NBR) \u00e9s fluorgumit (VITON) haszn\u00e1l t\u00f6m\u00edt\u0151alkatr\u00e9szk\u00e9nt. Ne haszn\u00e1ljon olyan ken\u0151anyagot, amely k\u00e1ros\u00edthatja ezeket az anyagokat.<br \/>\n4. Ha a JHG4 tart\u00e1lyban l\u00e9v\u0151 ken\u0151zs\u00edr elfogy, felt\u00e9tlen\u00fcl a zs\u00edrbet\u00f6lt\u0151 ny\u00edl\u00e1son kereszt\u00fcl t\u00f6ltse be.<br \/>\n5. Ha a szivatty\u00fat hosszabb ideig nem \u00fczemeltett\u00e9k, a ken\u0151olaj-film elt\u00f6rhet. A legjobb, ha manu\u00e1lisan m\u0171k\u00f6dteti a ken\u0151szivatty\u00fat, hogy a ken\u00e9si fel\u00fclet megfelel\u0151 mennyis\u00e9g\u0171 zs\u00edrt kapjon, hogy elker\u00fclje az el\u00e9gtelen ken\u00e9s miatti kop\u00e1st vagy \u00e9g\u00e9st.<br \/>\n6. Ha a ken\u0151szivatty\u00fa fesz\u00fclts\u00e9g\u00e9rt\u00e9ke 24 VDC ken\u0151szivatty\u00fa, \u00fcgyeljen a pozit\u00edv \u00e9s negat\u00edv p\u00f3lusokra a motor bek\u00f6t\u00e9sekor.<br \/>\n7. A JHG4 elektromos ken\u0151szivatty\u00fa felszerelhet\u0151 n\u00e1d\u00e9rz\u00e9kel\u0151vel. A reed detektor helyzet\u00e9nek el kell ker\u00fclnie a n\u00e1ddetektor indukci\u00f3j\u00e1val val\u00f3 interferenci\u00e1t a motor m\u00e1gneses ereje vagy m\u00e1s t\u00e9nyez\u0151k miatt, ami a n\u00e1ddetektor indukci\u00f3j\u00e1nak meghib\u00e1sod\u00e1s\u00e1t okozhatja.<\/p>\n<h2>K\u00e9zik\u00f6nyvek<\/h2>\n<div class=\"sdm_download_button_box_default\"><div class=\"sdm_download_link\"><a href=\"https:\/\/www.jinpinlub.com\/hu\/?sdm_process_download=1&download_id=4090\" class=\"sdm_download white\" title=\"Mag\u00e1n: JHG4 Pressure-relief Pump\" target=\"&quot;_blank&quot;\">Adatlap megtekint\u00e9se - JHG4 zs\u00edrszivatty\u00fa<\/a><\/div><\/div>","protected":false},"excerpt":{"rendered":"<p>A JHG4 egy egysoros ken\u0151szivatty\u00fa, amely egyfajta t\u00e9rfogat-kiszor\u00edt\u00e1sos nyom\u00e1scs\u00f6kkent\u0151 ken\u0151szivatty\u00fa. A ken\u0151szivatty\u00fa f\u0151 r\u00e9szei a motor, a nyom\u00e1shat\u00e1rol\u00f3 szelep, a nyom\u00e1sm\u00e9r\u0151, az alacsony folyad\u00e9kszint-\u00e9rz\u00e9kel\u0151, a tart\u00e1lyban pedig nyom\u00f3lap \u00e9s rug\u00f3 tal\u00e1lhat\u00f3.<\/p>","protected":false},"featured_media":4096,"template":"","meta":{"ocean_post_layout":"","ocean_both_sidebars_style":"","ocean_both_sidebars_content_width":0,"ocean_both_sidebars_sidebars_width":0,"ocean_sidebar":"0","ocean_second_sidebar":"0","ocean_disable_margins":"enable","ocean_add_body_class":"","ocean_shortcode_before_top_bar":"","ocean_shortcode_after_top_bar":"","ocean_shortcode_before_header":"","ocean_shortcode_after_header":"","ocean_has_shortcode":"","ocean_shortcode_after_title":"","ocean_shortcode_before_footer_widgets":"","ocean_shortcode_after_footer_widgets":"","ocean_shortcode_before_footer_bottom":"","ocean_shortcode_after_footer_bottom":"","ocean_display_top_bar":"default","ocean_display_header":"default","ocean_header_style":"","ocean_center_header_left_menu":"0","ocean_custom_header_template":"0","ocean_custom_logo":0,"ocean_custom_retina_logo":0,"ocean_custom_logo_max_width":0,"ocean_custom_logo_tablet_max_width":0,"ocean_custom_logo_mobile_max_width":0,"ocean_custom_logo_max_height":0,"ocean_custom_logo_tablet_max_height":0,"ocean_custom_logo_mobile_max_height":0,"ocean_header_custom_menu":"0","ocean_menu_typo_font_family":"0","ocean_menu_typo_font_subset":"","ocean_menu_typo_font_size":0,"ocean_menu_typo_font_size_tablet":0,"ocean_menu_typo_font_size_mobile":0,"ocean_menu_typo_font_size_unit":"px","ocean_menu_typo_font_weight":"","ocean_menu_typo_font_weight_tablet":"","ocean_menu_typo_font_weight_mobile":"","ocean_menu_typo_transform":"","ocean_menu_typo_transform_tablet":"","ocean_menu_typo_transform_mobile":"","ocean_menu_typo_line_height":0,"ocean_menu_typo_line_height_tablet":0,"ocean_menu_typo_line_height_mobile":0,"ocean_menu_typo_line_height_unit":"","ocean_menu_typo_spacing":0,"ocean_menu_typo_spacing_tablet":0,"ocean_menu_typo_spacing_mobile":0,"ocean_menu_typo_spacing_unit":"","ocean_menu_link_color":"","ocean_menu_link_color_hover":"","ocean_menu_link_color_active":"","ocean_menu_link_background":"","ocean_menu_link_hover_background":"","ocean_menu_link_active_background":"","ocean_menu_social_links_bg":"","ocean_menu_social_hover_links_bg":"","ocean_menu_social_links_color":"","ocean_menu_social_hover_links_color":"","ocean_disable_title":"default","ocean_disable_heading":"default","ocean_post_title":"","ocean_post_subheading":"","ocean_post_title_style":"","ocean_post_title_background_color":"","ocean_post_title_background":0,"ocean_post_title_bg_image_position":"","ocean_post_title_bg_image_attachment":"","ocean_post_title_bg_image_repeat":"","ocean_post_title_bg_image_size":"","ocean_post_title_height":0,"ocean_post_title_bg_overlay":0.5,"ocean_post_title_bg_overlay_color":"","ocean_disable_breadcrumbs":"default","ocean_breadcrumbs_color":"","ocean_breadcrumbs_separator_color":"","ocean_breadcrumbs_links_color":"","ocean_breadcrumbs_links_hover_color":"","ocean_display_footer_widgets":"default","ocean_display_footer_bottom":"default","ocean_custom_footer_template":"0","osh_disable_topbar_sticky":"default","osh_disable_header_sticky":"default","osh_sticky_header_style":"default","osh_sticky_header_effect":"","osh_custom_sticky_logo":0,"osh_custom_retina_sticky_logo":0,"osh_custom_sticky_logo_height":0,"osh_background_color":"","osh_links_color":"","osh_links_hover_color":"","osh_links_active_color":"","osh_links_bg_color":"","osh_links_hover_bg_color":"","osh_links_active_bg_color":"","osh_menu_social_links_color":"","osh_menu_social_hover_links_color":""},"product_brand":[],"product_cat":[38,37],"product_tag":[74,321,73,320,92],"class_list":{"0":"post-4101","1":"product","2":"type-product","3":"status-publish","4":"has-post-thumbnail","6":"product_cat-electric-pressure-relief-pumps","7":"product_cat-single-line-grease-systems","8":"product_tag-automatic-lubrication-pump","9":"product_tag-automatic-lubrication-system","10":"product_tag-electric-lubrication-pump","11":"product_tag-single-line-grease-pump","12":"product_tag-single-line-lubrication-pump","14":"entry","15":"has-media","17":"first","18":"instock","19":"shipping-taxable","20":"product-type-external","21":"col","22":"span_1_of_3","23":"owp-content-center","24":"owp-thumbs-layout-horizontal","25":"owp-btn-very-big","26":"owp-tabs-layout-horizontal"},"_links":{"self":[{"href":"https:\/\/www.jinpinlub.com\/hu\/wp-json\/wp\/v2\/product\/4101","targetHints":{"allow":["GET"]}}],"collection":[{"href":"https:\/\/www.jinpinlub.com\/hu\/wp-json\/wp\/v2\/product"}],"about":[{"href":"https:\/\/www.jinpinlub.com\/hu\/wp-json\/wp\/v2\/types\/product"}],"wp:featuredmedia":[{"embeddable":true,"href":"https:\/\/www.jinpinlub.com\/hu\/wp-json\/wp\/v2\/media\/4096"}],"wp:attachment":[{"href":"https:\/\/www.jinpinlub.com\/hu\/wp-json\/wp\/v2\/media?parent=4101"}],"wp:term":[{"taxonomy":"product_brand","embeddable":true,"href":"https:\/\/www.jinpinlub.com\/hu\/wp-json\/wp\/v2\/product_brand?post=4101"},{"taxonomy":"product_cat","embeddable":true,"href":"https:\/\/www.jinpinlub.com\/hu\/wp-json\/wp\/v2\/product_cat?post=4101"},{"taxonomy":"product_tag","embeddable":true,"href":"https:\/\/www.jinpinlub.com\/hu\/wp-json\/wp\/v2\/product_tag?post=4101"}],"curies":[{"name":"wp","href":"https:\/\/api.w.org\/{rel}","templated":true}]}}