{"id":4106,"date":"2025-01-12T04:27:01","date_gmt":"2025-01-11T20:27:01","guid":{"rendered":"https:\/\/www.jinpinlub.com\/?post_type=product&#038;p=4106"},"modified":"2025-01-12T05:38:44","modified_gmt":"2025-01-11T21:38:44","slug":"jhgs4-patronos-nyomascsokkento-elektromos-kenoszivattyuk","status":"publish","type":"product","link":"https:\/\/www.jinpinlub.com\/hu\/product\/jhgs4-cartridge-pressure-relief-electric-lubrication-pumps\/","title":{"rendered":"JHGS4 patronos nyom\u00e1scs\u00f6kkent\u0151 elektromos ken\u0151szivatty\u00fak"},"content":{"rendered":"<h2>M\u0171velet<\/h2>\n<p>1. JHGS4 t\u00edpus eset\u00e9n a zs\u00edr felt\u00f6lt\u00e9s\u00e9hez k\u00e9rj\u00fck, haszn\u00e1lja a patroncser\u00e9s m\u00f3dszert. Mivel a fed\u00e9lbe er\u0151s rug\u00f3 van be\u00e9p\u00edtve, a fed\u00e9l meglaz\u00edt\u00e1sakor \u00fcgyeljen arra, hogy a rug\u00f3er\u0151 miatt ne ugorjon ki.<br \/>\n2. Az alkalmazhat\u00f3 ken\u0151anyag viszkozit\u00e1si tartom\u00e1nya NLGI 000, 00, 0, 1#. Ha a zs\u00edr mennyis\u00e9ge a norm\u00e1l szint al\u00e1 esik, azonnal cser\u00e9lje ki az \u00faj patront.<br \/>\n3. A ken\u0151szivatty\u00fa els\u0151 haszn\u00e1latakor, vagy ha a ken\u0151anyag nem szivatty\u00fazhat\u00f3 ki, illetve a patron cser\u00e9je megt\u00f6rt\u00e9nt, el\u0151sz\u00f6r a felhaszn\u00e1l\u00f3i k\u00e9zik\u00f6nyvnek megfelel\u0151en el kell v\u00e9gezni a kipufog\u00f3g\u00e1z-leereszt\u00e9st a k\u00e9nyszer\u00edtett ken\u00e9si funkci\u00f3n \u00e9s a kipufog\u00f3ny\u00edl\u00e1son kereszt\u00fcl.<br \/>\n4. A ken\u0151szivatty\u00fa els\u0151 haszn\u00e1latakor t\u00f6ltse fel zs\u00edrral a f\u0151vezet\u00e9ket \u00e9s az el\u00e1gaz\u00f3 vezet\u00e9ket a ken\u0151szivatty\u00fan vagy a zs\u00edrut\u00e1nt\u00f6lt\u0151 g\u00e9pen kereszt\u00fcl, majd csatlakoztassa az eloszt\u00f3t.<br \/>\n5. Ha a ken\u0151szivatty\u00fa ken\u0151anyag-mennyis\u00e9ge t\u00fal alacsony, azonnal cser\u00e9lje ki az \u00faj patront, hogy megakad\u00e1lyozza a szivatty\u00fa leveg\u0151be sz\u00edv\u00e1s\u00e1t \u00e9s az olaj kiszivatty\u00faz\u00e1s\u00e1nak elmarad\u00e1s\u00e1t.<br \/>\n6. Ha az elektromos ken\u0151szivatty\u00fa nyom\u00e1s\u00e9rt\u00e9ke nem egyezik meg az alap\u00e9rtelmezett \u00e9rt\u00e9kkel, a felhaszn\u00e1l\u00f3i k\u00e9zik\u00f6nyv szerint \u00e1ll\u00edthatja be a nyom\u00e1sszab\u00e1lyoz\u00f3 szelepet.<\/p>\n<h2>Specifik\u00e1ci\u00f3<\/h2>\n<table>\n<tbody>\n<tr>\n<td>Modell<\/td>\n<td>JHGS4<\/td>\n<\/tr>\n<tr>\n<td>Ken\u00e9si id\u0151<\/td>\n<td>PLC vagy k\u00fcls\u0151 vez\u00e9rl\u0151<\/td>\n<\/tr>\n<tr>\n<td>Intervallum id\u0151<\/td>\n<td>PLC vagy k\u00fcls\u0151 vez\u00e9rl\u0151<\/td>\n<\/tr>\n<tr>\n<td>\u00dczemi h\u0151m\u00e9rs\u00e9klet<\/td>\n<td>0\u2103~ +50\u00b0C (alacsony h\u0151m\u00e9rs\u00e9kleti k\u00f6r\u00fclm\u00e9nyek k\u00f6z\u00f6tt fagy\u00e1ll\u00f3 zs\u00edr sz\u00fcks\u00e9ges)<\/td>\n<\/tr>\n<tr>\n<td>Az \u00fczletek sz\u00e1ma<\/td>\n<td>1<\/td>\n<\/tr>\n<tr>\n<td>A t\u00e1roz\u00f3 kapacit\u00e1sa<\/td>\n<td>0,7 liter<\/td>\n<\/tr>\n<tr>\n<td>\u00dajrat\u00f6lt\u00e9s<\/td>\n<td>Patron<\/td>\n<\/tr>\n<tr>\n<td>Ken\u0151anyag<\/td>\n<td>Ken\u0151zs\u00edrok NLGI 000-1# fokozat\u00fa<\/td>\n<\/tr>\n<tr>\n<td>Nyom\u00e1scs\u00f6kkent\u0151 szelep<\/td>\n<td>\u00d6sszeszerelve<\/td>\n<\/tr>\n<tr>\n<td>Kis\u00fcl\u00e9s<\/td>\n<td>15 ml\/perc<\/td>\n<\/tr>\n<tr>\n<td>Max. \u00fczemi nyom\u00e1s<\/td>\n<td>8,0 MPa<\/td>\n<\/tr>\n<tr>\n<td>Csatlakoz\u00f3 menet<\/td>\n<td>Kimenet \u03a66 vagy \u03a68<\/td>\n<\/tr>\n<tr>\n<td>\u00dczemi fesz\u00fclts\u00e9g<\/td>\n<td>12\/24VDC, 110\/220VAC, 220\/380 3~380VAC<\/td>\n<\/tr>\n<tr>\n<td>Tan\u00fas\u00edtv\u00e1ny<\/td>\n<td>CE<\/td>\n<\/tr>\n<tr>\n<td>Alacsony szint kapcsol\u00f3<\/td>\n<td>NPN-NO, PNP-NO \u00e9rintkez\u0151<\/td>\n<\/tr>\n<\/tbody>\n<\/table>\n<h2>El\u0151vigy\u00e1zatoss\u00e1g<\/h2>\n<p>1. Ez a ken\u0151szivatty\u00fa NBR \u00e9s VITON t\u00f6m\u00edt\u0151anyagokat haszn\u00e1l. Ne haszn\u00e1ljon olyan ken\u0151anyagokat, amelyek k\u00e1ros\u00edthatj\u00e1k ezeket az anyagokat.<br \/>\n2. A leveg\u0151 patronba jut\u00e1s\u00e1nak megakad\u00e1lyoz\u00e1sa \u00e9rdek\u00e9ben a patron cser\u00e9jekor a beszerel\u00e9s el\u0151tt nyomjon ki egy kev\u00e9s ken\u0151anyagot.<br \/>\n3. Ha a JHGS4 patronban l\u00e9v\u0151 ken\u0151zs\u00edr elfogyott, tilos a ken\u0151anyagot \u00fajrat\u00f6lteni \u00e9s \u00fajra felhaszn\u00e1lni. \u00daj patront kell haszn\u00e1lni a cser\u00e9j\u00e9hez.<br \/>\n4. Ha a JHGS4 elektromos ken\u0151szivatty\u00fa hossz\u00fa ideig m\u0171k\u00f6dik, a bels\u0151 motor felmeleged\u00e9s\u00e9hez vezet, ami befoly\u00e1solja mag\u00e1nak a g\u00e9pnek a h\u0151m\u00e9rs\u00e9klet\u00e9t. Ez\u00e9rt a ken\u0151szivatty\u00fa intervallumidej\u00e9t a m\u0171k\u00f6d\u00e9si id\u0151 t\u00f6bb mint t\u00edzszeres\u00e9re kell be\u00e1ll\u00edtani, hogy a motor hat\u00e9konyan el tudja vezetni a h\u0151t. P\u00e9ld\u00e1ul: a m\u0171k\u00f6d\u00e9si id\u0151 60 m\u00e1sodpercre van be\u00e1ll\u00edtva, teh\u00e1t a minim\u00e1lis intervallumid\u0151 be\u00e1ll\u00edt\u00e1si \u00e9rt\u00e9k\u00e9nek 600 m\u00e1sodpercnek kell lennie.<br \/>\n5. Az elektromos ken\u0151szivatty\u00fa id\u0151be\u00e1ll\u00edt\u00e1s\u00e1t illet\u0151en el\u0151fordulhat, hogy a g\u00e9p le\u00e1ll\u00edt\u00e1s ut\u00e1ni m\u00e1snapi bekapcsol\u00e1sa ut\u00e1ni els\u0151 ken\u00e9si m\u0171velet sor\u00e1n nem lesz elegend\u0151 nyom\u00e1s. Ez az\u00e9rt van, mert az olajvezet\u00e9kben l\u00e9v\u0151 marad\u00e9k nyom\u00e1s teljesen kiegyenl\u00edt\u0151d\u00f6tt. Javasoljuk, hogy az els\u0151 ind\u00edt\u00e1si m\u0171velet ideje a norm\u00e1l m\u0171velet 140%-j\u00e1n\u00e1l t\u00f6bb legyen.<\/p>\n<h2>K\u00e9zik\u00f6nyvek<\/h2>\n<div class=\"sdm_download_button_box_default\"><div class=\"sdm_download_link\"><a href=\"https:\/\/www.jinpinlub.com\/hu\/?sdm_process_download=1&download_id=4088\" class=\"sdm_download white\" title=\"Mag\u00e1n: JHGS4 Pressure-relief Pump\" target=\"&quot;_blank&quot;\">Adatlap megtekint\u00e9se - JHGS4 zs\u00edrz\u00f3pumpa<\/a><\/div><\/div>","protected":false},"excerpt":{"rendered":"<p>A JHGS4 egy nyom\u00e1scs\u00f6kkent\u0151, egyvezet\u00e9kes, patronos elektromos ken\u0151szivatty\u00fa, amelyet egy gazda PLC vez\u00e9rel. Amikor a patronban l\u00e9v\u0151 ken\u0151anyag elfogy, a felhaszn\u00e1l\u00f3knak csak egy szabv\u00e1nyos patronra kell cser\u00e9lni\u00fck, ami k\u00e9nyelmes a kezel\u00e9s \u00e9s a karbantart\u00e1s szempontj\u00e1b\u00f3l.<\/p>","protected":false},"featured_media":4102,"template":"","meta":{"ocean_post_layout":"","ocean_both_sidebars_style":"","ocean_both_sidebars_content_width":0,"ocean_both_sidebars_sidebars_width":0,"ocean_sidebar":"0","ocean_second_sidebar":"0","ocean_disable_margins":"enable","ocean_add_body_class":"","ocean_shortcode_before_top_bar":"","ocean_shortcode_after_top_bar":"","ocean_shortcode_before_header":"","ocean_shortcode_after_header":"","ocean_has_shortcode":"","ocean_shortcode_after_title":"","ocean_shortcode_before_footer_widgets":"","ocean_shortcode_after_footer_widgets":"","ocean_shortcode_before_footer_bottom":"","ocean_shortcode_after_footer_bottom":"","ocean_display_top_bar":"default","ocean_display_header":"default","ocean_header_style":"","ocean_center_header_left_menu":"0","ocean_custom_header_template":"0","ocean_custom_logo":0,"ocean_custom_retina_logo":0,"ocean_custom_logo_max_width":0,"ocean_custom_logo_tablet_max_width":0,"ocean_custom_logo_mobile_max_width":0,"ocean_custom_logo_max_height":0,"ocean_custom_logo_tablet_max_height":0,"ocean_custom_logo_mobile_max_height":0,"ocean_header_custom_menu":"0","ocean_menu_typo_font_family":"0","ocean_menu_typo_font_subset":"","ocean_menu_typo_font_size":0,"ocean_menu_typo_font_size_tablet":0,"ocean_menu_typo_font_size_mobile":0,"ocean_menu_typo_font_size_unit":"px","ocean_menu_typo_font_weight":"","ocean_menu_typo_font_weight_tablet":"","ocean_menu_typo_font_weight_mobile":"","ocean_menu_typo_transform":"","ocean_menu_typo_transform_tablet":"","ocean_menu_typo_transform_mobile":"","ocean_menu_typo_line_height":0,"ocean_menu_typo_line_height_tablet":0,"ocean_menu_typo_line_height_mobile":0,"ocean_menu_typo_line_height_unit":"","ocean_menu_typo_spacing":0,"ocean_menu_typo_spacing_tablet":0,"ocean_menu_typo_spacing_mobile":0,"ocean_menu_typo_spacing_unit":"","ocean_menu_link_color":"","ocean_menu_link_color_hover":"","ocean_menu_link_color_active":"","ocean_menu_link_background":"","ocean_menu_link_hover_background":"","ocean_menu_link_active_background":"","ocean_menu_social_links_bg":"","ocean_menu_social_hover_links_bg":"","ocean_menu_social_links_color":"","ocean_menu_social_hover_links_color":"","ocean_disable_title":"default","ocean_disable_heading":"default","ocean_post_title":"","ocean_post_subheading":"","ocean_post_title_style":"","ocean_post_title_background_color":"","ocean_post_title_background":0,"ocean_post_title_bg_image_position":"","ocean_post_title_bg_image_attachment":"","ocean_post_title_bg_image_repeat":"","ocean_post_title_bg_image_size":"","ocean_post_title_height":0,"ocean_post_title_bg_overlay":0.5,"ocean_post_title_bg_overlay_color":"","ocean_disable_breadcrumbs":"default","ocean_breadcrumbs_color":"","ocean_breadcrumbs_separator_color":"","ocean_breadcrumbs_links_color":"","ocean_breadcrumbs_links_hover_color":"","ocean_display_footer_widgets":"default","ocean_display_footer_bottom":"default","ocean_custom_footer_template":"0","osh_disable_topbar_sticky":"default","osh_disable_header_sticky":"default","osh_sticky_header_style":"default","osh_sticky_header_effect":"","osh_custom_sticky_logo":0,"osh_custom_retina_sticky_logo":0,"osh_custom_sticky_logo_height":0,"osh_background_color":"","osh_links_color":"","osh_links_hover_color":"","osh_links_active_color":"","osh_links_bg_color":"","osh_links_hover_bg_color":"","osh_links_active_bg_color":"","osh_menu_social_links_color":"","osh_menu_social_hover_links_color":""},"product_brand":[],"product_cat":[38,37],"product_tag":[393,392,391,73,76],"class_list":{"0":"post-4106","1":"product","2":"type-product","3":"status-publish","4":"has-post-thumbnail","6":"product_cat-electric-pressure-relief-pumps","7":"product_cat-single-line-grease-systems","8":"product_tag-dc-pressure-lubricator","9":"product_tag-electric-lube-system","10":"product_tag-electric-lubricant-pump","11":"product_tag-electric-lubrication-pump","12":"product_tag-electric-lubrication-system","14":"entry","15":"has-media","17":"first","18":"instock","19":"shipping-taxable","20":"product-type-external","21":"col","22":"span_1_of_3","23":"owp-content-center","24":"owp-thumbs-layout-horizontal","25":"owp-btn-very-big","26":"owp-tabs-layout-horizontal"},"_links":{"self":[{"href":"https:\/\/www.jinpinlub.com\/hu\/wp-json\/wp\/v2\/product\/4106","targetHints":{"allow":["GET"]}}],"collection":[{"href":"https:\/\/www.jinpinlub.com\/hu\/wp-json\/wp\/v2\/product"}],"about":[{"href":"https:\/\/www.jinpinlub.com\/hu\/wp-json\/wp\/v2\/types\/product"}],"wp:featuredmedia":[{"embeddable":true,"href":"https:\/\/www.jinpinlub.com\/hu\/wp-json\/wp\/v2\/media\/4102"}],"wp:attachment":[{"href":"https:\/\/www.jinpinlub.com\/hu\/wp-json\/wp\/v2\/media?parent=4106"}],"wp:term":[{"taxonomy":"product_brand","embeddable":true,"href":"https:\/\/www.jinpinlub.com\/hu\/wp-json\/wp\/v2\/product_brand?post=4106"},{"taxonomy":"product_cat","embeddable":true,"href":"https:\/\/www.jinpinlub.com\/hu\/wp-json\/wp\/v2\/product_cat?post=4106"},{"taxonomy":"product_tag","embeddable":true,"href":"https:\/\/www.jinpinlub.com\/hu\/wp-json\/wp\/v2\/product_tag?post=4106"}],"curies":[{"name":"wp","href":"https:\/\/api.w.org\/{rel}","templated":true}]}}