{"id":4107,"date":"2025-01-12T05:29:09","date_gmt":"2025-01-11T21:29:09","guid":{"rendered":"https:\/\/www.jinpinlub.com\/?post_type=product&#038;p=4107"},"modified":"2025-01-12T05:38:24","modified_gmt":"2025-01-11T21:38:24","slug":"jhgs2-patronos-tipusu-progressziv-elektromos-zsirzorendszer","status":"publish","type":"product","link":"https:\/\/www.jinpinlub.com\/hu\/product\/jhgs2-cartridge-type-progressive-electric-grease-lube-system\/","title":{"rendered":"JHGS2 kazett\u00e1s t\u00edpus\u00fa progressz\u00edv elektromos zs\u00edrken\u0151rendszer"},"content":{"rendered":"<h2>Funkci\u00f3<\/h2>\n<p>\u2013 Prec\u00edz vez\u00e9rl\u00e9s: A JHGS2 elektromos ken\u0151szivatty\u00fa ken\u00e9si idej\u00e9t \u00e9s intervallumidej\u00e9t a PLC pontosan szab\u00e1lyozza, a ken\u00e9s gyakoris\u00e1ga \u00e9s id\u0151tartama pedig rugalmasan \u00e1ll\u00edthat\u00f3 a k\u00fcl\u00f6nb\u00f6z\u0151 berendez\u00e9sek \u00fczemi k\u00f6vetelm\u00e9nyeinek megfelel\u0151en.<br \/>\n\u2013 Folyad\u00e9kszint-fel\u00fcgyelet: A ken\u0151szivatty\u00fa felszerelhet\u0151 alacsony folyad\u00e9kszint-\u00e9rz\u00e9kel\u0151vel, amely automatikusan jelet k\u00fcld, ha az olajszint alacsony.<br \/>\nAlkalmazhat\u00f3 ken\u0151anyag: A ken\u0151szivatty\u00fa NLGI 000, 00, 0, 1# ken\u0151anyagokhoz alkalmazhat\u00f3. Sz\u00e9lesk\u00f6r\u0171 alkalmazhat\u00f3s\u00e1ga lehet\u0151v\u00e9 teszi a k\u00fcl\u00f6nb\u00f6z\u0151 munkak\u00f6rnyezetek kiel\u00e9g\u00edt\u00e9s\u00e9t.<br \/>\n\u2013 Stabil kimenet: Az automatikus ken\u0151szivatty\u00fa \u00fczemi nyom\u00e1sa 8,0 MPa, sz\u00e1ll\u00edt\u00e1si kapacit\u00e1sa 15 ml\/perc. Garant\u00e1lja, hogy a ken\u0151anyag stabil \u00e1raml\u00e1ssal \u00e9s nyom\u00e1ssal jut el a berendez\u00e9s minden ken\u00e9si pontj\u00e1hoz.<br \/>\n\u2013 Gazdag tartoz\u00e9kv\u00e1laszt\u00e9k: Ez a progressz\u00edv ken\u0151szivatty\u00fa k\u00fcl\u00f6nf\u00e9le tartoz\u00e9kokkal, p\u00e9ld\u00e1ul JSV progressz\u00edv eloszt\u00f3kkal, PD adapterekkel, PH adapterekkel stb. is haszn\u00e1lhat\u00f3. Emellett rugalmasan kombin\u00e1lhat\u00f3 k\u00fcl\u00f6nb\u00f6z\u0151 t\u00edpus\u00fa berendez\u00e9sekkel \u00e9s rendszerekkel.<br \/>\n\u2013 Rugalmas t\u00e1pegys\u00e9g: A ken\u0151szivatty\u00fa k\u00fcl\u00f6nb\u00f6z\u0151 fesz\u00fclts\u00e9geket biztos\u00edt, p\u00e9ld\u00e1ul 110 VAC, 220 VAC, DC12, DC24V stb. A felhaszn\u00e1l\u00f3k a t\u00e9nyleges felhaszn\u00e1l\u00e1si helyzetnek megfelel\u0151en v\u00e1laszthatnak.<\/p>\n<h2>Specifik\u00e1ci\u00f3<\/h2>\n<table>\n<tbody>\n<tr>\n<td>Modell<\/td>\n<td>JHGS2<\/td>\n<\/tr>\n<tr>\n<td>Ken\u00e9si id\u0151<\/td>\n<td>PLC vagy k\u00fcls\u0151 vez\u00e9rl\u0151<\/td>\n<\/tr>\n<tr>\n<td>Intervallum id\u0151<\/td>\n<td>PLC vagy k\u00fcls\u0151 vez\u00e9rl\u0151<\/td>\n<\/tr>\n<tr>\n<td>\u00dczemi h\u0151m\u00e9rs\u00e9klet<\/td>\n<td>0\u2103~ +50\u00b0C (alacsony h\u0151m\u00e9rs\u00e9kleti k\u00f6r\u00fclm\u00e9nyek k\u00f6z\u00f6tt fagy\u00e1ll\u00f3 zs\u00edr sz\u00fcks\u00e9ges)<\/td>\n<\/tr>\n<tr>\n<td>Az \u00fczletek sz\u00e1ma<\/td>\n<td>1<\/td>\n<\/tr>\n<tr>\n<td>A t\u00e1roz\u00f3 kapacit\u00e1sa<\/td>\n<td>0,7 liter<\/td>\n<\/tr>\n<tr>\n<td>\u00dajrat\u00f6lt\u00e9s<\/td>\n<td>Patron<\/td>\n<\/tr>\n<tr>\n<td>Ken\u0151anyag<\/td>\n<td>Ken\u0151zs\u00edrok NLGI 000-1# fokozat\u00fa<\/td>\n<\/tr>\n<tr>\n<td>Nyom\u00e1scs\u00f6kkent\u0151 szelep<\/td>\n<td>\u00d6sszeszerelve<\/td>\n<\/tr>\n<tr>\n<td>Kis\u00fcl\u00e9s<\/td>\n<td>15 ml\/perc<\/td>\n<\/tr>\n<tr>\n<td>Max. \u00fczemi nyom\u00e1s<\/td>\n<td>8,0 MPa<\/td>\n<\/tr>\n<tr>\n<td>Csatlakoz\u00f3 szerelv\u00e9nyek<\/td>\n<td>Kimenet \u03a66 vagy \u03a68<\/td>\n<\/tr>\n<tr>\n<td>\u00dczemi fesz\u00fclts\u00e9g<\/td>\n<td>12\/24VDC, 110\/220VAC, 220\/380 3~380VAC<\/td>\n<\/tr>\n<tr>\n<td>Tan\u00fas\u00edtv\u00e1ny<\/td>\n<td>CE<\/td>\n<\/tr>\n<tr>\n<td>Alacsony szint kapcsol\u00f3<\/td>\n<td>NINCS \u00e9rintkez\u00e9s<\/td>\n<\/tr>\n<\/tbody>\n<\/table>\n<h2>Hibaelh\u00e1r\u00edt\u00e1s<\/h2>\n<p>\u2013 A ken\u0151szivatty\u00fa nem tud kenni, vagy a mennyis\u00e9ge nem elegend\u0151: az okok lehetnek t\u00f6bbek k\u00f6z\u00f6tt a motor nem fut\u00e1sa, a motor az ellenkez\u0151 ir\u00e1nyba forog, a min\u0151s\u00e9g nem \u00e1lland\u00f3, a kimenet el van dugulva, \u00e9s leveg\u0151 van a patronban. A megold\u00e1sok k\u00f6z\u00e9 tartozik a bemeneti fesz\u00fclts\u00e9g \u00e9rz\u00e9kel\u00e9se, a motor cser\u00e9je, \u00fajrak\u00e1belez\u00e9s, a kimeneti csatlakoz\u00f3 tiszt\u00edt\u00e1sa vagy cser\u00e9je, elsz\u00edv\u00e1s stb.<br \/>\n\u2013 Ken\u0151anyag-sziv\u00e1rg\u00e1s: el\u0151fordulhat, hogy a patron s\u00e9r\u00fclt vagy deform\u00e1l\u00f3dott, a patron nincs r\u00f6gz\u00edtve, \u00e9s a patront \u00f6sszek\u00f6t\u0151 O-gy\u0171r\u0171 hi\u00e1nyzik vagy elhaszn\u00e1l\u00f3dott. A megfelel\u0151 megold\u00e1sok a patron cser\u00e9je, \u00fajrar\u00f6gz\u00edt\u00e9se, az O-gy\u0171r\u0171 hozz\u00e1ad\u00e1sa vagy cser\u00e9je.<br \/>\n\u2013 Rendellenes nyom\u00e1s: a ken\u0151szivatty\u00fa dugatty\u00faj\u00e1ban l\u00e9v\u0151 szennyez\u0151d\u00e9sek, a nem megfelel\u0151 el\u0151re be\u00e1ll\u00edtott nyom\u00e1s\u00e9rt\u00e9k \u00e9s a cs\u0151vezet\u00e9k reped\u00e9se okozhatja ezt a probl\u00e9m\u00e1t. A probl\u00e9ma a dugatty\u00fa tiszt\u00edt\u00e1s\u00e1val, a nyom\u00e1sszab\u00e1lyoz\u00f3 szelep be\u00e1ll\u00edt\u00e1s\u00e1val \u00e9s egy \u00faj cs\u0151 cser\u00e9j\u00e9vel oldhat\u00f3 meg.<br \/>\n\u2013 A nyom\u00e1sm\u00e9r\u0151 mutat\u00f3ja nem t\u00e9r vissza null\u00e1ra, vagy meg\u00e1ll: ennek oka lehet a nyom\u00e1sm\u00e9r\u0151 hib\u00e1ja, vagy leveg\u0151 van a ken\u0151szivatty\u00faban. A megold\u00e1s a nyom\u00e1sm\u00e9r\u0151 cser\u00e9je vagy a kipufog\u00f3g\u00e1z-m\u0171k\u00f6dtet\u00e9s elv\u00e9gz\u00e9se.<\/p>\n<h2>K\u00e9zik\u00f6nyvek<\/h2>\n<div class=\"sdm_download_button_box_default\"><div class=\"sdm_download_link\"><a href=\"https:\/\/www.jinpinlub.com\/hu\/?sdm_process_download=1&download_id=4086\" class=\"sdm_download white\" title=\"Mag\u00e1n: JHGS2 Progressive Pump\" target=\"&quot;_blank&quot;\">Adatlap megtekint\u00e9se - JHGS2 zs\u00edrz\u00f3pumpa<\/a><\/div><\/div>","protected":false},"excerpt":{"rendered":"<p>A JHGS2 egy progressz\u00edv elektromos zs\u00edrken\u0151 szivatty\u00fa, amely t\u00f6bbf\u00e9le zs\u00edrviszkozit\u00e1shoz alkalmas, 8 MPa nyom\u00e1ssal \u00e9s 15 ml\/perc \u00fcr\u00edt\u00e9si sebess\u00e9ggel, opcion\u00e1lisan t\u00f6bb fesz\u00fclts\u00e9ggel. Egyszer\u0171, de tart\u00f3s szerkezettel rendelkezik, \u00e9s a patron cser\u00e9j\u00e9vel k\u00f6nnyen kezelhet\u0151 \u00e9s karbantarthat\u00f3.<\/p>","protected":false},"featured_media":4108,"template":"","meta":{"ocean_post_layout":"","ocean_both_sidebars_style":"","ocean_both_sidebars_content_width":0,"ocean_both_sidebars_sidebars_width":0,"ocean_sidebar":"0","ocean_second_sidebar":"0","ocean_disable_margins":"enable","ocean_add_body_class":"","ocean_shortcode_before_top_bar":"","ocean_shortcode_after_top_bar":"","ocean_shortcode_before_header":"","ocean_shortcode_after_header":"","ocean_has_shortcode":"","ocean_shortcode_after_title":"","ocean_shortcode_before_footer_widgets":"","ocean_shortcode_after_footer_widgets":"","ocean_shortcode_before_footer_bottom":"","ocean_shortcode_after_footer_bottom":"","ocean_display_top_bar":"default","ocean_display_header":"default","ocean_header_style":"","ocean_center_header_left_menu":"0","ocean_custom_header_template":"0","ocean_custom_logo":0,"ocean_custom_retina_logo":0,"ocean_custom_logo_max_width":0,"ocean_custom_logo_tablet_max_width":0,"ocean_custom_logo_mobile_max_width":0,"ocean_custom_logo_max_height":0,"ocean_custom_logo_tablet_max_height":0,"ocean_custom_logo_mobile_max_height":0,"ocean_header_custom_menu":"0","ocean_menu_typo_font_family":"0","ocean_menu_typo_font_subset":"","ocean_menu_typo_font_size":0,"ocean_menu_typo_font_size_tablet":0,"ocean_menu_typo_font_size_mobile":0,"ocean_menu_typo_font_size_unit":"px","ocean_menu_typo_font_weight":"","ocean_menu_typo_font_weight_tablet":"","ocean_menu_typo_font_weight_mobile":"","ocean_menu_typo_transform":"","ocean_menu_typo_transform_tablet":"","ocean_menu_typo_transform_mobile":"","ocean_menu_typo_line_height":0,"ocean_menu_typo_line_height_tablet":0,"ocean_menu_typo_line_height_mobile":0,"ocean_menu_typo_line_height_unit":"","ocean_menu_typo_spacing":0,"ocean_menu_typo_spacing_tablet":0,"ocean_menu_typo_spacing_mobile":0,"ocean_menu_typo_spacing_unit":"","ocean_menu_link_color":"","ocean_menu_link_color_hover":"","ocean_menu_link_color_active":"","ocean_menu_link_background":"","ocean_menu_link_hover_background":"","ocean_menu_link_active_background":"","ocean_menu_social_links_bg":"","ocean_menu_social_hover_links_bg":"","ocean_menu_social_links_color":"","ocean_menu_social_hover_links_color":"","ocean_disable_title":"default","ocean_disable_heading":"default","ocean_post_title":"","ocean_post_subheading":"","ocean_post_title_style":"","ocean_post_title_background_color":"","ocean_post_title_background":0,"ocean_post_title_bg_image_position":"","ocean_post_title_bg_image_attachment":"","ocean_post_title_bg_image_repeat":"","ocean_post_title_bg_image_size":"","ocean_post_title_height":0,"ocean_post_title_bg_overlay":0.5,"ocean_post_title_bg_overlay_color":"","ocean_disable_breadcrumbs":"default","ocean_breadcrumbs_color":"","ocean_breadcrumbs_separator_color":"","ocean_breadcrumbs_links_color":"","ocean_breadcrumbs_links_hover_color":"","ocean_display_footer_widgets":"default","ocean_display_footer_bottom":"default","ocean_custom_footer_template":"0","osh_disable_topbar_sticky":"default","osh_disable_header_sticky":"default","osh_sticky_header_style":"default","osh_sticky_header_effect":"","osh_custom_sticky_logo":0,"osh_custom_retina_sticky_logo":0,"osh_custom_sticky_logo_height":0,"osh_background_color":"","osh_links_color":"","osh_links_hover_color":"","osh_links_active_color":"","osh_links_bg_color":"","osh_links_hover_bg_color":"","osh_links_active_bg_color":"","osh_menu_social_links_color":"","osh_menu_social_hover_links_color":""},"product_brand":[],"product_cat":[42,41],"product_tag":[321,73,196,91,221],"class_list":{"0":"post-4107","1":"product","2":"type-product","3":"status-publish","4":"has-post-thumbnail","6":"product_cat-electric-progressive-pumps","7":"product_cat-progressive-grease-systems","8":"product_tag-automatic-lubrication-system","9":"product_tag-electric-lubrication-pump","10":"product_tag-grease-lubrication-system","11":"product_tag-progressive-lubrication-pump","12":"product_tag-progressive-lubrication-system","14":"entry","15":"has-media","17":"first","18":"instock","19":"shipping-taxable","20":"product-type-external","21":"col","22":"span_1_of_3","23":"owp-content-center","24":"owp-thumbs-layout-horizontal","25":"owp-btn-very-big","26":"owp-tabs-layout-horizontal"},"_links":{"self":[{"href":"https:\/\/www.jinpinlub.com\/hu\/wp-json\/wp\/v2\/product\/4107","targetHints":{"allow":["GET"]}}],"collection":[{"href":"https:\/\/www.jinpinlub.com\/hu\/wp-json\/wp\/v2\/product"}],"about":[{"href":"https:\/\/www.jinpinlub.com\/hu\/wp-json\/wp\/v2\/types\/product"}],"wp:featuredmedia":[{"embeddable":true,"href":"https:\/\/www.jinpinlub.com\/hu\/wp-json\/wp\/v2\/media\/4108"}],"wp:attachment":[{"href":"https:\/\/www.jinpinlub.com\/hu\/wp-json\/wp\/v2\/media?parent=4107"}],"wp:term":[{"taxonomy":"product_brand","embeddable":true,"href":"https:\/\/www.jinpinlub.com\/hu\/wp-json\/wp\/v2\/product_brand?post=4107"},{"taxonomy":"product_cat","embeddable":true,"href":"https:\/\/www.jinpinlub.com\/hu\/wp-json\/wp\/v2\/product_cat?post=4107"},{"taxonomy":"product_tag","embeddable":true,"href":"https:\/\/www.jinpinlub.com\/hu\/wp-json\/wp\/v2\/product_tag?post=4107"}],"curies":[{"name":"wp","href":"https:\/\/api.w.org\/{rel}","templated":true}]}}