{"id":4112,"date":"2025-01-18T03:10:27","date_gmt":"2025-01-17T19:10:27","guid":{"rendered":"https:\/\/www.jinpinlub.com\/?post_type=product&#038;p=4112"},"modified":"2025-01-18T03:35:14","modified_gmt":"2025-01-17T19:35:14","slug":"allithato-rugos-hajtasu-egypontos-automatikus-keno","status":"publish","type":"product","link":"https:\/\/www.jinpinlub.com\/hu\/product\/adjustable-spring-driven-single-point-automatic-lubricator\/","title":{"rendered":"\u00c1ll\u00edthat\u00f3 rug\u00f3s hajt\u00e1s\u00fa egypontos automatikus ken\u0151"},"content":{"rendered":"<h2>Funkci\u00f3<\/h2>\n<p>1. Az \u00e1ll\u00edthat\u00f3 automata ken\u0151anyagok ken\u0151anyagt\u00edpusok szerint vannak felosztva. A GP modellek zs\u00edroz\u00e1sra val\u00f3k. Az OP \u00e9s a CP-36C olajhoz val\u00f3.<br \/>\n2. Minden modell k\u00e9pes automatikusan, folyamatosan, egyetlen ken\u00e9si pontra juttatni a ken\u0151anyagot.<br \/>\n3. A CP-36C ecsettel rendelkezik, de adapterek n\u00e9lk\u00fcl.<br \/>\n4. Minden modell alkalmas line\u00e1ris vezet\u0151k, csap\u00e1gyak \u00e9s motortengelyek ken\u00e9s\u00e9re.<br \/>\n5. Minden modell rendelkezik t\u00e9rfogatszab\u00e1lyoz\u00f3val, amely lehet\u0151v\u00e9 teszi a felhaszn\u00e1l\u00f3k sz\u00e1m\u00e1ra a ken\u0151anyag mennyis\u00e9g\u00e9nek ig\u00e9ny szerinti be\u00e1ll\u00edt\u00e1s\u00e1t. OP modellekhez<br \/>\n\u00e9s CP-36C eset\u00e9n forgassa el a hanger\u0151-szab\u00e1lyoz\u00f3kat az \u00f3ramutat\u00f3 j\u00e1r\u00e1s\u00e1val megegyez\u0151 ir\u00e1nyba a nulla pontig, ha nincsenek haszn\u00e1latban.<br \/>\n6. GP modellek: t\u00f6ltse be a zs\u00edrt a zs\u00edrz\u00f3gombokon kereszt\u00fcl, \u00e9s a zs\u00edr felenged\u00e9se ut\u00e1n z\u00e1rja le a zs\u00edrz\u00f3fej sapk\u00e1j\u00e1t.<br \/>\n7. OP \u00e9s CP-36C modellek: t\u00f6ltse be az olajat az olajbemeneten kereszt\u00fcl, majd a befejez\u00e9s ut\u00e1n tegye vissza az olajfedelet.<br \/>\n8. Ne haszn\u00e1ljon szerves old\u00f3szereket, p\u00e9ld\u00e1ul toluolt vagy sz\u00e9n-tetrakloridot a ken\u0151anyagtart\u00e1ly tiszt\u00edt\u00e1s\u00e1hoz.<\/p>\n<h2>Specifik\u00e1ci\u00f3<\/h2>\n<p>N\u00e9v: GP egypontos ken\u0151anyag<br \/>\nVezet\u00e9si m\u00f3d: Rug\u00f3s<br \/>\n\u00dcr\u00edt\u00e9si id\u0151: 3-5 \u00e9v<br \/>\nKis\u00fct\u00e9s: Ig\u00e9ny szerint \u00e1ll\u00edtsa be<br \/>\n\u00dczemi h\u0151m\u00e9rs\u00e9klet: -20 \u2103 ~ +155 \u2103<br \/>\nKen\u0151anyagok: olaj vagy zs\u00edr \u2264 NLGI#2<br \/>\nV\u00e9detts\u00e9gi szint: IP68<br \/>\nNett\u00f3 t\u00f6meg: 200-250g<br \/>\nTan\u00fas\u00edtv\u00e1ny: CE min\u0151s\u00edt\u00e9s<\/p>\n<h2>Felszerel\u00e9s<\/h2>\n<p>Ahogy a rajzon l\u00e1that\u00f3. V\u00e1lassza ki az adaptermenet h\u00e1rom t\u00edpus\u00e1nak egyik\u00e9t: 1\/4\u2033PT19, 1\/8\u2033PT28 \u00e9s 1\/4\u2033UNF28 a 45\u00b0-os, 90\u00b0-os \u00e9s 180\u00b0-os k\u00f6ny\u00f6kcs\u0151-szerel\u00e9shez.<br \/>\nSzab\u00e1lyoz\u00e1si m\u00f3dszer:<br \/>\nA csap\u00e1gy m\u00e9ret\u00e9t\u0151l \u00e9s a zs\u00edr mennyis\u00e9g\u00e9t\u0151l f\u00fcgg\u0151en \u00e1ll\u00edtsa be a t\u0171szelepet a megfelel\u0151 zs\u00edrkibocs\u00e1t\u00e1si mennyis\u00e9gre.<br \/>\nA cs\u00e9sz\u00e9n tal\u00e1lhat\u00f3 sk\u00e1l\u00e1n forgassa el a t\u0171szelepet a zs\u00edrmennyis\u00e9g szab\u00e1lyoz\u00e1s\u00e1hoz.<br \/>\nHa a t\u0171szelepet 90\u00b0-kal elforgatjuk, az azt jelenti, hogy a kimeneti furat 0,12 mm.<br \/>\nHa a t\u0171szelepet egy teljes k\u00f6rrel elforgatjuk, akkor a kimeneti furat 0,45 mm-t jelent.<br \/>\nA rug\u00f3s huzal n\u00e9metorsz\u00e1gi zongoradr\u00f3tb\u00f3l k\u00e9sz\u00fcl, semmi esetre se cser\u00e9lje ki.<br \/>\nA zs\u00edrkibocs\u00e1t\u00e1si mennyis\u00e9g szab\u00e1lyoz\u00e1s\u00e1ra vonatkoz\u00f3 tippek a k\u00f6vetkez\u0151k:<br \/>\n1. A pontosabb be\u00e1ll\u00edt\u00e1shoz vegye figyelembe a munkak\u00f6rnyezet h\u0151m\u00e9rs\u00e9klet\u00e9t (belt\u00e9ri, k\u00fclt\u00e9ri, alacsony h\u0151m\u00e9rs\u00e9klet, magas h\u0151m\u00e9rs\u00e9klet), a csap\u00e1gym\u00e9retet, a forg\u00e1si sebess\u00e9get \u00e9s a zs\u00edr viszkozit\u00e1s\u00e1t. A javasolt zs\u00edrmennyis\u00e9get az al\u00e1bbiak szerint kell be\u00e1ll\u00edtani:<br \/>\nNLGI 0 eset\u00e9n: k\u00e9rj\u00fck, ford\u00edtsa el a szelepet 1,5 k\u00f6rt. Munka k\u00f6zben tartsa be az 1,0 k\u00f6rt a minimumra.<br \/>\nNLGI 1 eset\u00e9n: k\u00e9rj\u00fck, ford\u00edtsa el a szelepet 3 k\u00f6rt. Munka k\u00f6zben tartson legal\u00e1bb 2 k\u00f6rt.<br \/>\nNLGI 2 eset\u00e9n: k\u00e9rj\u00fck, ford\u00edtsa el a szelepet 3-5 k\u00f6rt. Munka k\u00f6zben tartson legal\u00e1bb 3 k\u00f6rt.<br \/>\nK\u00e9rj\u00fck, ne haszn\u00e1ljon megkem\u00e9nyedett vagy elszappanos\u00edtott zs\u00edrt, majd a m\u0171k\u00f6d\u00e9si felt\u00e9teleknek megfelel\u0151 mennyis\u00e9g\u0171 zs\u00edrt adagoljon.<br \/>\nTov\u00e1bb\u00e1 az adagol\u00f3 \u00fajrat\u00f6lt\u00e9se k\u00f6zben a t\u0171szelepet nyitva kell tartani, hogy kinyomja a r\u00e9gi zs\u00edrt.<\/p>\n<h2>K\u00e9zik\u00f6nyvek<\/h2>\n<div class=\"sdm_download_button_box_default\"><div class=\"sdm_download_link\"><a href=\"https:\/\/www.jinpinlub.com\/hu\/?sdm_process_download=1&download_id=4117\" class=\"sdm_download white\" title=\"Mag\u00e1n: GP single-point lubricator\" target=\"&quot;_blank&quot;\">Adatlap megtekint\u00e9se \u2013 GP Single-point Lubricator<\/a><\/div><\/div>","protected":false},"excerpt":{"rendered":"<p>A JINPINLUB egypontos ken\u0151g\u00e9p egy \u00e1ll\u00edthat\u00f3 automata ken\u0151g\u00e9p, amelyet rug\u00f3er\u0151 hajt. Fel van osztva GP-re a zs\u00edrokn\u00e1l \u00e9s OP-ra az olajokn\u00e1l. Minden modell k\u00e9pes automatikusan \u00e9s stabilan ken\u0151anyagot sz\u00e1ll\u00edtani egyetlen pontra, \u00e9s alkalmas olyan alkatr\u00e9szekhez, mint p\u00e9ld\u00e1ul a line\u00e1ris vezet\u0151k.<\/p>","protected":false},"featured_media":4115,"template":"","meta":{"ocean_post_layout":"","ocean_both_sidebars_style":"","ocean_both_sidebars_content_width":0,"ocean_both_sidebars_sidebars_width":0,"ocean_sidebar":"0","ocean_second_sidebar":"0","ocean_disable_margins":"enable","ocean_add_body_class":"","ocean_shortcode_before_top_bar":"","ocean_shortcode_after_top_bar":"","ocean_shortcode_before_header":"","ocean_shortcode_after_header":"","ocean_has_shortcode":"","ocean_shortcode_after_title":"","ocean_shortcode_before_footer_widgets":"","ocean_shortcode_after_footer_widgets":"","ocean_shortcode_before_footer_bottom":"","ocean_shortcode_after_footer_bottom":"","ocean_display_top_bar":"default","ocean_display_header":"default","ocean_header_style":"","ocean_center_header_left_menu":"0","ocean_custom_header_template":"0","ocean_custom_logo":0,"ocean_custom_retina_logo":0,"ocean_custom_logo_max_width":0,"ocean_custom_logo_tablet_max_width":0,"ocean_custom_logo_mobile_max_width":0,"ocean_custom_logo_max_height":0,"ocean_custom_logo_tablet_max_height":0,"ocean_custom_logo_mobile_max_height":0,"ocean_header_custom_menu":"0","ocean_menu_typo_font_family":"0","ocean_menu_typo_font_subset":"","ocean_menu_typo_font_size":0,"ocean_menu_typo_font_size_tablet":0,"ocean_menu_typo_font_size_mobile":0,"ocean_menu_typo_font_size_unit":"px","ocean_menu_typo_font_weight":"","ocean_menu_typo_font_weight_tablet":"","ocean_menu_typo_font_weight_mobile":"","ocean_menu_typo_transform":"","ocean_menu_typo_transform_tablet":"","ocean_menu_typo_transform_mobile":"","ocean_menu_typo_line_height":0,"ocean_menu_typo_line_height_tablet":0,"ocean_menu_typo_line_height_mobile":0,"ocean_menu_typo_line_height_unit":"","ocean_menu_typo_spacing":0,"ocean_menu_typo_spacing_tablet":0,"ocean_menu_typo_spacing_mobile":0,"ocean_menu_typo_spacing_unit":"","ocean_menu_link_color":"","ocean_menu_link_color_hover":"","ocean_menu_link_color_active":"","ocean_menu_link_background":"","ocean_menu_link_hover_background":"","ocean_menu_link_active_background":"","ocean_menu_social_links_bg":"","ocean_menu_social_hover_links_bg":"","ocean_menu_social_links_color":"","ocean_menu_social_hover_links_color":"","ocean_disable_title":"default","ocean_disable_heading":"default","ocean_post_title":"","ocean_post_subheading":"","ocean_post_title_style":"","ocean_post_title_background_color":"","ocean_post_title_background":0,"ocean_post_title_bg_image_position":"","ocean_post_title_bg_image_attachment":"","ocean_post_title_bg_image_repeat":"","ocean_post_title_bg_image_size":"","ocean_post_title_height":0,"ocean_post_title_bg_overlay":0.5,"ocean_post_title_bg_overlay_color":"","ocean_disable_breadcrumbs":"default","ocean_breadcrumbs_color":"","ocean_breadcrumbs_separator_color":"","ocean_breadcrumbs_links_color":"","ocean_breadcrumbs_links_hover_color":"","ocean_display_footer_widgets":"default","ocean_display_footer_bottom":"default","ocean_custom_footer_template":"0","osh_disable_topbar_sticky":"default","osh_disable_header_sticky":"default","osh_sticky_header_style":"default","osh_sticky_header_effect":"","osh_custom_sticky_logo":0,"osh_custom_retina_sticky_logo":0,"osh_custom_sticky_logo_height":0,"osh_background_color":"","osh_links_color":"","osh_links_hover_color":"","osh_links_active_color":"","osh_links_bg_color":"","osh_links_hover_bg_color":"","osh_links_active_bg_color":"","osh_menu_social_links_color":"","osh_menu_social_hover_links_color":""},"product_brand":[],"product_cat":[33],"product_tag":[396,394,395,102,103],"class_list":{"0":"post-4112","1":"product","2":"type-product","3":"status-publish","4":"has-post-thumbnail","6":"product_cat-single-point-lubricators","7":"product_tag-automatic-lubricator","8":"product_tag-bearing-single-point-lubrication","9":"product_tag-single-point-grease-lubrication","10":"product_tag-single-point-lubrication-pump","11":"product_tag-single-point-lubricator","13":"entry","14":"has-media","16":"first","17":"instock","18":"featured","19":"shipping-taxable","20":"product-type-external","21":"col","22":"span_1_of_3","23":"owp-content-center","24":"owp-thumbs-layout-horizontal","25":"owp-btn-very-big","26":"owp-tabs-layout-horizontal"},"_links":{"self":[{"href":"https:\/\/www.jinpinlub.com\/hu\/wp-json\/wp\/v2\/product\/4112","targetHints":{"allow":["GET"]}}],"collection":[{"href":"https:\/\/www.jinpinlub.com\/hu\/wp-json\/wp\/v2\/product"}],"about":[{"href":"https:\/\/www.jinpinlub.com\/hu\/wp-json\/wp\/v2\/types\/product"}],"wp:featuredmedia":[{"embeddable":true,"href":"https:\/\/www.jinpinlub.com\/hu\/wp-json\/wp\/v2\/media\/4115"}],"wp:attachment":[{"href":"https:\/\/www.jinpinlub.com\/hu\/wp-json\/wp\/v2\/media?parent=4112"}],"wp:term":[{"taxonomy":"product_brand","embeddable":true,"href":"https:\/\/www.jinpinlub.com\/hu\/wp-json\/wp\/v2\/product_brand?post=4112"},{"taxonomy":"product_cat","embeddable":true,"href":"https:\/\/www.jinpinlub.com\/hu\/wp-json\/wp\/v2\/product_cat?post=4112"},{"taxonomy":"product_tag","embeddable":true,"href":"https:\/\/www.jinpinlub.com\/hu\/wp-json\/wp\/v2\/product_tag?post=4112"}],"curies":[{"name":"wp","href":"https:\/\/api.w.org\/{rel}","templated":true}]}}