{"id":4127,"date":"2025-01-19T05:18:35","date_gmt":"2025-01-18T21:18:35","guid":{"rendered":"https:\/\/www.jinpinlub.com\/?post_type=product&#038;p=4127"},"modified":"2025-01-19T05:37:29","modified_gmt":"2025-01-18T21:37:29","slug":"pb-sargarez-dupla-kupos-tomitogyuru-bilincs-nyomohuvely","status":"publish","type":"product","link":"https:\/\/www.jinpinlub.com\/hu\/product\/pb-brass-double-cone-sealing-ring-clamp-compression-sleeve\/","title":{"rendered":"PB s\u00e1rgar\u00e9z kett\u0151s k\u00fapos t\u00f6m\u00edt\u0151gy\u0171r\u0171 bilincs szor\u00edt\u00f3 h\u00fcvely"},"content":{"rendered":"<h2>Funkci\u00f3<\/h2>\n<p>\u2013 Dupla k\u00fapos alak: A kompresszi\u00f3s h\u00fcvely k\u00e9t k\u00fapos t\u00f6m\u00edt\u0151fel\u00fclettel rendelkezik. Ez az alak lehet\u0151v\u00e9 teszi, hogy a h\u00fcvely jobban illeszkedjen a cs\u0151 fel\u00fclet\u00e9nek alakj\u00e1hoz a h\u00fcvely megh\u00faz\u00e1sakor, n\u00f6velje a t\u00f6m\u00edt\u0151 \u00e9rintkez\u00e9si fel\u00fcletet \u00e9s jav\u00edtsa a t\u00f6m\u00edt\u00e9si teljes\u00edtm\u00e9nyt.<br \/>\n\u2013 Anyagjellemz\u0151k: S\u00e1rgar\u00e9z anyagb\u00f3l k\u00e9sz\u00fclt, j\u00f3 sz\u00edv\u00f3ss\u00e1ggal, korr\u00f3zi\u00f3\u00e1ll\u00f3s\u00e1ggal \u00e9s kop\u00e1s\u00e1ll\u00f3s\u00e1ggal rendelkezik. A r\u00e9z kompresszi\u00f3s h\u00fcvely stabil teljes\u00edtm\u00e9nyt ny\u00fajt k\u00fcl\u00f6nb\u00f6z\u0151 munkak\u00f6rnyezetekben, nem korrod\u00e1l k\u00f6nnyen az olaj, a leveg\u0151 \u00e9s m\u00e1s k\u00f6zegek hat\u00e1s\u00e1ra, \u00e9s bizonyos m\u00e9rt\u00e9k\u0171 s\u00farl\u00f3d\u00e1st \u00e9s kipr\u00e9sel\u0151d\u00e9st is k\u00e9pes ellen\u00e1llni.<\/p>\n<h2>Specifik\u00e1ci\u00f3<\/h2>\n<figure id=\"attachment_4133\" aria-describedby=\"caption-attachment-4133\" style=\"width: 800px\" class=\"wp-caption alignnone\"><img loading=\"lazy\" decoding=\"async\" class=\"size-full wp-image-4133\" src=\"https:\/\/www.jinpinlub.com\/wp-content\/uploads\/2025\/01\/PB-compression-Sleeve-5.jpg\" alt=\"PB kompresszi\u00f3s h\u00fcvely (5)\" width=\"800\" height=\"460\" srcset=\"https:\/\/www.jinpinlub.com\/wp-content\/uploads\/2025\/01\/PB-compression-Sleeve-5.jpg 800w, https:\/\/www.jinpinlub.com\/wp-content\/uploads\/2025\/01\/PB-compression-Sleeve-5-300x173.jpg 300w, https:\/\/www.jinpinlub.com\/wp-content\/uploads\/2025\/01\/PB-compression-Sleeve-5-768x442.jpg 768w, https:\/\/www.jinpinlub.com\/wp-content\/uploads\/2025\/01\/PB-compression-Sleeve-5-18x10.jpg 18w\" sizes=\"auto, (max-width: 800px) 100vw, 800px\" \/><figcaption id=\"caption-attachment-4133\" class=\"wp-caption-text\">PB kompresszi\u00f3s h\u00fcvely (5)<\/figcaption><\/figure>\n<h2>Alkalmaz\u00e1s<\/h2>\n<p>Hidraulikus rendszer: A hidraulikus berendez\u00e9sekben kompresszi\u00f3s h\u00fcvelyeket haszn\u00e1lnak a hidraulikaolaj-cs\u00f6vek \u00f6sszekapcsol\u00e1s\u00e1ra, hogy biztos\u00edts\u00e1k a hidraulikaolaj zavartalan \u00e1raml\u00e1s\u00e1t a rendszerben, mik\u00f6zben megakad\u00e1lyozz\u00e1k az olajsziv\u00e1rg\u00e1st.<br \/>\nKen\u0151rendszer: Az olyan berendez\u00e9sekben, mint a ken\u0151szivatty\u00fak, nyom\u00f3h\u00fcvelyeket haszn\u00e1lnak a ken\u0151cs\u00f6vek \u00f6sszekapcsol\u00e1s\u00e1ra, hogy stabil ken\u0151anyag-ell\u00e1t\u00e1st biztos\u00edtsanak a mechanikus berendez\u00e9sek sz\u00e1m\u00e1ra.<br \/>\nEgy\u00e9b folyad\u00e9k\u00e1tvitel: A kompresszi\u00f3s h\u00fcvelyek olyan cs\u0151vezet\u00e9k-rendszerekben haszn\u00e1lhat\u00f3k, amelyek m\u00e1s folyad\u00e9kokat vagy g\u00e1zokat, p\u00e9ld\u00e1ul h\u0171t\u0151folyad\u00e9kokat \u00e9s s\u0171r\u00edtett leveg\u0151t sz\u00e1ll\u00edtanak.<\/p>\n<figure id=\"attachment_4124\" aria-describedby=\"caption-attachment-4124\" style=\"width: 800px\" class=\"wp-caption alignnone\"><img loading=\"lazy\" decoding=\"async\" class=\"size-full wp-image-4124\" src=\"https:\/\/www.jinpinlub.com\/wp-content\/uploads\/2025\/01\/brass-compression-bushing-5.jpg\" alt=\"s\u00e1rgar\u00e9z nyom\u00f3persely (5)\" width=\"800\" height=\"800\" srcset=\"https:\/\/www.jinpinlub.com\/wp-content\/uploads\/2025\/01\/brass-compression-bushing-5.jpg 800w, https:\/\/www.jinpinlub.com\/wp-content\/uploads\/2025\/01\/brass-compression-bushing-5-300x300.jpg 300w, https:\/\/www.jinpinlub.com\/wp-content\/uploads\/2025\/01\/brass-compression-bushing-5-150x150.jpg 150w, https:\/\/www.jinpinlub.com\/wp-content\/uploads\/2025\/01\/brass-compression-bushing-5-768x768.jpg 768w, https:\/\/www.jinpinlub.com\/wp-content\/uploads\/2025\/01\/brass-compression-bushing-5-12x12.jpg 12w, https:\/\/www.jinpinlub.com\/wp-content\/uploads\/2025\/01\/brass-compression-bushing-5-600x600.jpg 600w, https:\/\/www.jinpinlub.com\/wp-content\/uploads\/2025\/01\/brass-compression-bushing-5-100x100.jpg 100w\" sizes=\"auto, (max-width: 800px) 100vw, 800px\" \/><figcaption id=\"caption-attachment-4124\" class=\"wp-caption-text\">s\u00e1rgar\u00e9z nyom\u00f3persely (5)<\/figcaption><\/figure>\n<h2>K\u00e9zik\u00f6nyvek<\/h2>\n<div class=\"sdm_download_button_box_default\"><div class=\"sdm_download_link\"><a href=\"https:\/\/www.jinpinlub.com\/hu\/?sdm_process_download=1&download_id=3172\" class=\"sdm_download white\" title=\"Mag\u00e1n: PA\/PB\/PD\/Connector\" target=\"&quot;_blank&quot;\">Adatlap megtekint\u00e9se - PA\/PB\/PD csatlakoz\u00f3<\/a><\/div><\/div>","protected":false},"excerpt":{"rendered":"<p>A PB kompresszi\u00f3s h\u00fcvelyt f\u0151k\u00e9nt az olajcs\u0151 csatlakoz\u00e1s\u00e1n\u00e1l haszn\u00e1lj\u00e1k, amely egy kett\u0151s k\u00fapos szerkezeten kereszt\u00fcl szorosan illeszkedik a cs\u0151szerelv\u00e9nyekhez, t\u00f6m\u00edt\u00e9st k\u00e9pezve, megakad\u00e1lyozva az olajsziv\u00e1rg\u00e1st, \u00e9s biztos\u00edtva a hidraulikus rendszer vagy ken\u0151rendszer t\u00f6m\u00edt\u00e9s\u00e9t \u00e9s stabilit\u00e1s\u00e1t.<\/p>","protected":false},"featured_media":4128,"template":"","meta":{"ocean_post_layout":"","ocean_both_sidebars_style":"","ocean_both_sidebars_content_width":0,"ocean_both_sidebars_sidebars_width":0,"ocean_sidebar":"0","ocean_second_sidebar":"0","ocean_disable_margins":"enable","ocean_add_body_class":"","ocean_shortcode_before_top_bar":"","ocean_shortcode_after_top_bar":"","ocean_shortcode_before_header":"","ocean_shortcode_after_header":"","ocean_has_shortcode":"","ocean_shortcode_after_title":"","ocean_shortcode_before_footer_widgets":"","ocean_shortcode_after_footer_widgets":"","ocean_shortcode_before_footer_bottom":"","ocean_shortcode_after_footer_bottom":"","ocean_display_top_bar":"default","ocean_display_header":"default","ocean_header_style":"","ocean_center_header_left_menu":"0","ocean_custom_header_template":"0","ocean_custom_logo":0,"ocean_custom_retina_logo":0,"ocean_custom_logo_max_width":0,"ocean_custom_logo_tablet_max_width":0,"ocean_custom_logo_mobile_max_width":0,"ocean_custom_logo_max_height":0,"ocean_custom_logo_tablet_max_height":0,"ocean_custom_logo_mobile_max_height":0,"ocean_header_custom_menu":"0","ocean_menu_typo_font_family":"0","ocean_menu_typo_font_subset":"","ocean_menu_typo_font_size":0,"ocean_menu_typo_font_size_tablet":0,"ocean_menu_typo_font_size_mobile":0,"ocean_menu_typo_font_size_unit":"px","ocean_menu_typo_font_weight":"","ocean_menu_typo_font_weight_tablet":"","ocean_menu_typo_font_weight_mobile":"","ocean_menu_typo_transform":"","ocean_menu_typo_transform_tablet":"","ocean_menu_typo_transform_mobile":"","ocean_menu_typo_line_height":0,"ocean_menu_typo_line_height_tablet":0,"ocean_menu_typo_line_height_mobile":0,"ocean_menu_typo_line_height_unit":"","ocean_menu_typo_spacing":0,"ocean_menu_typo_spacing_tablet":0,"ocean_menu_typo_spacing_mobile":0,"ocean_menu_typo_spacing_unit":"","ocean_menu_link_color":"","ocean_menu_link_color_hover":"","ocean_menu_link_color_active":"","ocean_menu_link_background":"","ocean_menu_link_hover_background":"","ocean_menu_link_active_background":"","ocean_menu_social_links_bg":"","ocean_menu_social_hover_links_bg":"","ocean_menu_social_links_color":"","ocean_menu_social_hover_links_color":"","ocean_disable_title":"default","ocean_disable_heading":"default","ocean_post_title":"","ocean_post_subheading":"","ocean_post_title_style":"","ocean_post_title_background_color":"","ocean_post_title_background":0,"ocean_post_title_bg_image_position":"","ocean_post_title_bg_image_attachment":"","ocean_post_title_bg_image_repeat":"","ocean_post_title_bg_image_size":"","ocean_post_title_height":0,"ocean_post_title_bg_overlay":0.5,"ocean_post_title_bg_overlay_color":"","ocean_disable_breadcrumbs":"default","ocean_breadcrumbs_color":"","ocean_breadcrumbs_separator_color":"","ocean_breadcrumbs_links_color":"","ocean_breadcrumbs_links_hover_color":"","ocean_display_footer_widgets":"default","ocean_display_footer_bottom":"default","ocean_custom_footer_template":"0","osh_disable_topbar_sticky":"default","osh_disable_header_sticky":"default","osh_sticky_header_style":"default","osh_sticky_header_effect":"","osh_custom_sticky_logo":0,"osh_custom_retina_sticky_logo":0,"osh_custom_sticky_logo_height":0,"osh_background_color":"","osh_links_color":"","osh_links_hover_color":"","osh_links_active_color":"","osh_links_bg_color":"","osh_links_hover_bg_color":"","osh_links_active_bg_color":"","osh_menu_social_links_color":"","osh_menu_social_hover_links_color":""},"product_brand":[],"product_cat":[31],"product_tag":[400,403,399,398,402],"class_list":{"0":"post-4127","1":"product","2":"type-product","3":"status-publish","4":"has-post-thumbnail","6":"product_cat-lube-system-accessories","7":"product_tag-brass-connector","8":"product_tag-brass-sealing-ring","9":"product_tag-compression-adapter","10":"product_tag-compression-connector","11":"product_tag-compression-sleeve","13":"entry","14":"has-media","16":"first","17":"instock","18":"shipping-taxable","19":"product-type-external","20":"col","21":"span_1_of_3","22":"owp-content-center","23":"owp-thumbs-layout-horizontal","24":"owp-btn-very-big","25":"owp-tabs-layout-horizontal"},"_links":{"self":[{"href":"https:\/\/www.jinpinlub.com\/hu\/wp-json\/wp\/v2\/product\/4127","targetHints":{"allow":["GET"]}}],"collection":[{"href":"https:\/\/www.jinpinlub.com\/hu\/wp-json\/wp\/v2\/product"}],"about":[{"href":"https:\/\/www.jinpinlub.com\/hu\/wp-json\/wp\/v2\/types\/product"}],"wp:featuredmedia":[{"embeddable":true,"href":"https:\/\/www.jinpinlub.com\/hu\/wp-json\/wp\/v2\/media\/4128"}],"wp:attachment":[{"href":"https:\/\/www.jinpinlub.com\/hu\/wp-json\/wp\/v2\/media?parent=4127"}],"wp:term":[{"taxonomy":"product_brand","embeddable":true,"href":"https:\/\/www.jinpinlub.com\/hu\/wp-json\/wp\/v2\/product_brand?post=4127"},{"taxonomy":"product_cat","embeddable":true,"href":"https:\/\/www.jinpinlub.com\/hu\/wp-json\/wp\/v2\/product_cat?post=4127"},{"taxonomy":"product_tag","embeddable":true,"href":"https:\/\/www.jinpinlub.com\/hu\/wp-json\/wp\/v2\/product_tag?post=4127"}],"curies":[{"name":"wp","href":"https:\/\/api.w.org\/{rel}","templated":true}]}}