{"id":4175,"date":"2025-03-17T17:58:16","date_gmt":"2025-03-17T09:58:16","guid":{"rendered":"https:\/\/www.jinpinlub.com\/?post_type=product&#038;p=4175"},"modified":"2025-03-17T18:19:00","modified_gmt":"2025-03-17T10:19:00","slug":"lhl-x100-gf-00-zsirpatron-700ml-cnc-szerszamgepekhez","status":"publish","type":"product","link":"https:\/\/www.jinpinlub.com\/hu\/product\/lhl-x100-gf-00-grease-cartridge-700ml-for-cnc-machine-tools\/","title":{"rendered":"LHL-X100 GF-00 zs\u00edrpatron 700 ml CNC szersz\u00e1mg\u00e9pekhez"},"content":{"rendered":"<h2>Funkci\u00f3<\/h2>\n<p>1. A patronokat JGHS, EGM, J100 \u00e9s J200 sorozat\u00fa zs\u00edrz\u00f3szivatty\u00fakkal egy\u00fctt haszn\u00e1lj\u00e1k.<br \/>\n2. A zs\u00edr alkalmazhat\u00f3 h\u0151m\u00e9rs\u00e9kleti tartom\u00e1nya -25 \u2103 -130 \u2103.<br \/>\n3. Ez a patron magas cseppen\u00e9si ponttal, er\u0151sen ellen\u00e1ll a sz\u00e9ls\u0151s\u00e9ges nyom\u00e1snak, kiv\u00e1l\u00f3 ken\u0151hat\u00e1ssal, valamint j\u00f3 mechanikai \u00e9s kolloid stabilit\u00e1ssal rendelkezik.<br \/>\n4. K\u00f6zvetlen\u00fcl cser\u00e9lje ki a patronokat, k\u00f6nnyen kezelhet\u0151, k\u00f6rnyezetbar\u00e1t \u00e9s higi\u00e9nikus.<br \/>\n5. Ipar\u00e1gak: k\u00f6zpontos\u00edtott ken\u0151rendszerek mechanikus berendez\u00e9sekhez olyan ipar\u00e1gakban, mint a m\u0171anyagipar, az \u00e9lelmiszeripar, az ipari robotok, a f\u00e9mv\u00e1g\u00f3 g\u00e9pek, a kov\u00e1csol\u00e1s \u00e9s az aut\u00f3alv\u00e1zak.<\/p>\n<h2>El\u0151vigy\u00e1zatoss\u00e1g<\/h2>\n<p>1. A zs\u00edrz\u00f3patronok eldobhat\u00f3 term\u00e9kek, \u00e9s szigor\u00faan tilos \u00fajrat\u00f6lteni \u00e9s \u00fajra felhaszn\u00e1lni \u0151ket.<br \/>\n2. T\u00e1rol\u00e1s \u00e9s haszn\u00e1lat sor\u00e1n meg kell akad\u00e1lyozni a por \u00e9s a szennyez\u0151d\u00e9sek bejut\u00e1s\u00e1t.<br \/>\n3. Ne keverje m\u00e1s ken\u0151zs\u00edrokkal, mivel fizikai vagy k\u00e9miai reakci\u00f3k l\u00e9phetnek fel a k\u00fcl\u00f6nb\u00f6z\u0151 zs\u00edrok k\u00f6z\u00f6tt, ami a teljes\u00edtm\u00e9ny jelent\u0151s cs\u00f6kken\u00e9s\u00e9hez vezethet.<br \/>\n4. T\u00e1rol\u00e1s \u00e9s haszn\u00e1lat k\u00f6zben ker\u00fclje a k\u00f6zvetlen napf\u00e9nyt.<\/p>\n<h2>K\u00e9zik\u00f6nyvek<\/h2>\n<div class=\"sdm_download_button_box_default\"><div class=\"sdm_download_link\"><a href=\"https:\/\/www.jinpinlub.com\/hu\/?sdm_process_download=1&download_id=4164\" class=\"sdm_download white\" title=\"Mag\u00e1n: GF Elastic Cartridge\" target=\"&quot;_blank&quot;\">Adatlap megtekint\u00e9se - GF patron<\/a><\/div><\/div>","protected":false},"excerpt":{"rendered":"<p>Az LHL-X100 patronok alkalmasak nagysebess\u00e9g\u0171 lyukaszt\u00f3g\u00e9pekhez, CNC mar\u00f3g\u00e9pekhez, fr\u00f6ccs\u00f6nt\u0151g\u00e9pekhez stb. Cs\u00f6kkentik a kop\u00e1st, a s\u00farl\u00f3d\u00e1st \u00e9s a kop\u00e1st, valamint meghosszabb\u00edtj\u00e1k a mechanikai \u00e9lettartamot. Haszn\u00e1lat k\u00f6zben figyelmet kell ford\u00edtani a t\u00f6m\u00edt\u00e9sre.<\/p>","protected":false},"featured_media":4167,"template":"","meta":{"ocean_post_layout":"","ocean_both_sidebars_style":"","ocean_both_sidebars_content_width":0,"ocean_both_sidebars_sidebars_width":0,"ocean_sidebar":"0","ocean_second_sidebar":"0","ocean_disable_margins":"enable","ocean_add_body_class":"","ocean_shortcode_before_top_bar":"","ocean_shortcode_after_top_bar":"","ocean_shortcode_before_header":"","ocean_shortcode_after_header":"","ocean_has_shortcode":"","ocean_shortcode_after_title":"","ocean_shortcode_before_footer_widgets":"","ocean_shortcode_after_footer_widgets":"","ocean_shortcode_before_footer_bottom":"","ocean_shortcode_after_footer_bottom":"","ocean_display_top_bar":"default","ocean_display_header":"default","ocean_header_style":"","ocean_center_header_left_menu":"0","ocean_custom_header_template":"0","ocean_custom_logo":0,"ocean_custom_retina_logo":0,"ocean_custom_logo_max_width":0,"ocean_custom_logo_tablet_max_width":0,"ocean_custom_logo_mobile_max_width":0,"ocean_custom_logo_max_height":0,"ocean_custom_logo_tablet_max_height":0,"ocean_custom_logo_mobile_max_height":0,"ocean_header_custom_menu":"0","ocean_menu_typo_font_family":"0","ocean_menu_typo_font_subset":"","ocean_menu_typo_font_size":0,"ocean_menu_typo_font_size_tablet":0,"ocean_menu_typo_font_size_mobile":0,"ocean_menu_typo_font_size_unit":"px","ocean_menu_typo_font_weight":"","ocean_menu_typo_font_weight_tablet":"","ocean_menu_typo_font_weight_mobile":"","ocean_menu_typo_transform":"","ocean_menu_typo_transform_tablet":"","ocean_menu_typo_transform_mobile":"","ocean_menu_typo_line_height":0,"ocean_menu_typo_line_height_tablet":0,"ocean_menu_typo_line_height_mobile":0,"ocean_menu_typo_line_height_unit":"","ocean_menu_typo_spacing":0,"ocean_menu_typo_spacing_tablet":0,"ocean_menu_typo_spacing_mobile":0,"ocean_menu_typo_spacing_unit":"","ocean_menu_link_color":"","ocean_menu_link_color_hover":"","ocean_menu_link_color_active":"","ocean_menu_link_background":"","ocean_menu_link_hover_background":"","ocean_menu_link_active_background":"","ocean_menu_social_links_bg":"","ocean_menu_social_hover_links_bg":"","ocean_menu_social_links_color":"","ocean_menu_social_hover_links_color":"","ocean_disable_title":"default","ocean_disable_heading":"default","ocean_post_title":"","ocean_post_subheading":"","ocean_post_title_style":"","ocean_post_title_background_color":"","ocean_post_title_background":0,"ocean_post_title_bg_image_position":"","ocean_post_title_bg_image_attachment":"","ocean_post_title_bg_image_repeat":"","ocean_post_title_bg_image_size":"","ocean_post_title_height":0,"ocean_post_title_bg_overlay":0.5,"ocean_post_title_bg_overlay_color":"","ocean_disable_breadcrumbs":"default","ocean_breadcrumbs_color":"","ocean_breadcrumbs_separator_color":"","ocean_breadcrumbs_links_color":"","ocean_breadcrumbs_links_hover_color":"","ocean_display_footer_widgets":"default","ocean_display_footer_bottom":"default","ocean_custom_footer_template":"0","osh_disable_topbar_sticky":"default","osh_disable_header_sticky":"default","osh_sticky_header_style":"default","osh_sticky_header_effect":"","osh_custom_sticky_logo":0,"osh_custom_retina_sticky_logo":0,"osh_custom_sticky_logo_height":0,"osh_background_color":"","osh_links_color":"","osh_links_hover_color":"","osh_links_active_color":"","osh_links_bg_color":"","osh_links_hover_bg_color":"","osh_links_active_bg_color":"","osh_menu_social_links_color":"","osh_menu_social_hover_links_color":""},"product_brand":[],"product_cat":[31],"product_tag":[417,418,414,415,416],"class_list":{"0":"post-4175","1":"product","2":"type-product","3":"status-publish","4":"has-post-thumbnail","6":"product_cat-lube-system-accessories","7":"product_tag-700cc-grease-cartridge","8":"product_tag-elastic-grease-cartridge","9":"product_tag-lhl-grease-cartridge","10":"product_tag-p107-grease-cartridge","11":"product_tag-p207-grease-cartridge","13":"entry","14":"has-media","16":"first","17":"instock","18":"shipping-taxable","19":"product-type-external","20":"col","21":"span_1_of_3","22":"owp-content-center","23":"owp-thumbs-layout-horizontal","24":"owp-btn-very-big","25":"owp-tabs-layout-horizontal"},"_links":{"self":[{"href":"https:\/\/www.jinpinlub.com\/hu\/wp-json\/wp\/v2\/product\/4175","targetHints":{"allow":["GET"]}}],"collection":[{"href":"https:\/\/www.jinpinlub.com\/hu\/wp-json\/wp\/v2\/product"}],"about":[{"href":"https:\/\/www.jinpinlub.com\/hu\/wp-json\/wp\/v2\/types\/product"}],"wp:featuredmedia":[{"embeddable":true,"href":"https:\/\/www.jinpinlub.com\/hu\/wp-json\/wp\/v2\/media\/4167"}],"wp:attachment":[{"href":"https:\/\/www.jinpinlub.com\/hu\/wp-json\/wp\/v2\/media?parent=4175"}],"wp:term":[{"taxonomy":"product_brand","embeddable":true,"href":"https:\/\/www.jinpinlub.com\/hu\/wp-json\/wp\/v2\/product_brand?post=4175"},{"taxonomy":"product_cat","embeddable":true,"href":"https:\/\/www.jinpinlub.com\/hu\/wp-json\/wp\/v2\/product_cat?post=4175"},{"taxonomy":"product_tag","embeddable":true,"href":"https:\/\/www.jinpinlub.com\/hu\/wp-json\/wp\/v2\/product_tag?post=4175"}],"curies":[{"name":"wp","href":"https:\/\/api.w.org\/{rel}","templated":true}]}}