{"id":4176,"date":"2025-03-18T02:15:14","date_gmt":"2025-03-17T18:15:14","guid":{"rendered":"https:\/\/www.jinpinlub.com\/?post_type=product&#038;p=4176"},"modified":"2025-03-18T03:20:21","modified_gmt":"2025-03-17T19:20:21","slug":"epoxigyanta-ab-ragaszto-vezetosinhez-turcit-muanyag","status":"publish","type":"product","link":"https:\/\/www.jinpinlub.com\/hu\/product\/epoxy-resin-ab-glue-adhesive-for-guide-rail-turcite-plastic\/","title":{"rendered":"Epoxigyanta AB ragaszt\u00f3ragaszt\u00f3 vezet\u0151s\u00edn Turcite m\u0171anyaghoz"},"content":{"rendered":"<h2>Funkci\u00f3<\/h2>\n<p>1. Kiv\u00e1l\u00f3 min\u0151s\u00e9g\u0171, k\u00f6rnyezetbar\u00e1t alapanyagokb\u00f3l k\u00e9sz\u00fclt, amelyek megfelelnek az ROHS k\u00f6vetelm\u00e9nyeinek, kev\u00e9s szaga van, \u00e9s hossz\u00fa t\u00e1v\u00fa t\u00e1rol\u00e1s ut\u00e1n sem \u00fclepedik le.<br \/>\n2. A term\u00e9k sz\u00edne: Az A (ragaszt\u00f3) komponens tejfeh\u00e9r, viszk\u00f3zus folyad\u00e9k, a B (t\u00e9rh\u00e1l\u00f3s\u00edt\u00f3) komponens barna, viszk\u00f3zus folyad\u00e9k, \u00e9s nem tartalmaz old\u00f3szereket (nem vesz\u00e9lyes \u00e1ru).<br \/>\n3. Ultrastabil h\u00e1l\u00f3s gyantaszerkezet, egyenletes anyag, nagy k\u00f6t\u00e9si szil\u00e1rds\u00e1g, hossz\u00fa t\u00e1v\u00fa olaj\u00e1ll\u00f3s\u00e1g, sav- \u00e9s l\u00fag\u00e1ll\u00f3s\u00e1g, j\u00f3 alacsony h\u0151m\u00e9rs\u00e9kleti sz\u00edv\u00f3ss\u00e1g, nem ridegedik, k\u00f6nny\u0171 \u00e9s egyszer\u0171 kezelhet\u0151s\u00e9g. Tetsz\u00e9s szerint haszn\u00e1lhat\u00f3 -30\u2103~+70\u2103 h\u0151m\u00e9rs\u00e9kleti tartom\u00e1nyban.<br \/>\n4. A menetes m\u0171anyag palackcsomagol\u00e1st f\u00e9nyt\u0151l, h\u0151t\u0151l \u00e9s nedvess\u00e9gt\u0151l v\u00e9dve kell tartani. Hossz\u00fa t\u00e1v\u00fa t\u00e1rol\u00e1s ut\u00e1n sem sz\u00e1rad ki \u00e9s nem kem\u00e9nyedik meg, a t\u00e9nyleges t\u00e1rol\u00e1si id\u0151 1 \u00e9v.<\/p>\n<h2>M\u0171velet<\/h2>\n<p>Ar\u00e1ny: Keverje egyenletesen A:B = 1:1 t\u00e9rfogatar\u00e1nyban. A m\u0171velet meglehet\u0151sen k\u00e9nyelmes, gyors \u00e9s egyszer\u0171. Szigor\u00faan tilos ugyanazt a kever\u0151p\u00e1lc\u00e1t haszn\u00e1lni az A \u00e9s a B komponens kever\u00e9s\u00e9hez. A kikem\u00e9nyed\u00e9si sebess\u00e9g \u00e1ll\u00edthat\u00f3. P\u00e9ld\u00e1ul a B kikem\u00e9ny\u00edt\u0151 komponens ar\u00e1nya t\u00e9len megfelel\u0151en n\u00f6velhet\u0151.<br \/>\nRagaszt\u00e1s: A speci\u00e1lis ragaszt\u00f3t hosszir\u00e1nyban lehet felvinni a f\u00e9m vezet\u0151s\u00ednre, keresztir\u00e1nyban pedig a vezet\u0151s\u00edn puha szalagj\u00e1ra, hogy biztos\u00edtsa a speci\u00e1lis ragaszt\u00f3 egyenletes eloszl\u00e1s\u00e1t. A ragaszt\u00f3r\u00e9teg vastags\u00e1g\u00e1t 0,08 \u00e9s 0,12 mm k\u00f6z\u00f6tt kell szab\u00e1lyozni.<br \/>\nKem\u00e9ny\u00edt\u00e9s: A kikem\u00e9ny\u00edt\u00e9s szobah\u0151m\u00e9rs\u00e9kleten v\u00e9gezhet\u0151. A kezdeti kikem\u00e9nyed\u00e9si id\u0151 24 \u00f3ra, a maxim\u00e1lis k\u00f6t\u00e9si szil\u00e1rds\u00e1g 72 \u00f3ra ut\u00e1n \u00e9rhet\u0151 el. A kikem\u00e9nyed\u00e9si nyom\u00e1snak 0,06-0,1 MPa-nak kell lennie. Ha a kiv\u00e1lasztott vezet\u0151s\u00edn l\u00e1gy heveder vastags\u00e1ga meghaladja a 2,5 mm-t, a kikem\u00e9nyed\u00e9si nyom\u00e1s n\u00f6velhet\u0151.<\/p>\n<h2>K\u00e9zik\u00f6nyvek<\/h2>\n<div class=\"sdm_download_button_box_default\"><div class=\"sdm_download_link\"><a href=\"https:\/\/www.jinpinlub.com\/hu\/?sdm_process_download=1&download_id=4178\" class=\"sdm_download white\" title=\"Mag\u00e1n: Turcite AB Glue\" target=\"&quot;_blank&quot;\">Adatlap megtekint\u00e9se - Turcite AB ragaszt\u00f3<\/a><\/div><\/div>","protected":false},"excerpt":{"rendered":"<p>A k\u00e9tkomponens\u0171 kompozit AB epoxigyanta ragaszt\u00f3 CNC vezet\u0151s\u00edn m\u0171anyag lamin\u00e1l\u00e1s\u00e1hoz lett kifejlesztve. Kiv\u00e1l\u00f3 k\u00f6t\u00e9si szil\u00e1rds\u00e1ggal rendelkezik szersz\u00e1mg\u00e9p vezet\u0151s\u00edn l\u00e1gy sz\u00edjain, \u00f6nt\u00f6ttvason, r\u00e9z\u00f6n, alum\u00edniumon, ac\u00e9lon, rozsdamentes ac\u00e9lon, m\u0171anyagon, gumin, k\u0151n, f\u00e1n \u00e9s \u00fcvegen.<\/p>","protected":false},"featured_media":4171,"template":"","meta":{"ocean_post_layout":"","ocean_both_sidebars_style":"","ocean_both_sidebars_content_width":0,"ocean_both_sidebars_sidebars_width":0,"ocean_sidebar":"0","ocean_second_sidebar":"0","ocean_disable_margins":"enable","ocean_add_body_class":"","ocean_shortcode_before_top_bar":"","ocean_shortcode_after_top_bar":"","ocean_shortcode_before_header":"","ocean_shortcode_after_header":"","ocean_has_shortcode":"","ocean_shortcode_after_title":"","ocean_shortcode_before_footer_widgets":"","ocean_shortcode_after_footer_widgets":"","ocean_shortcode_before_footer_bottom":"","ocean_shortcode_after_footer_bottom":"","ocean_display_top_bar":"default","ocean_display_header":"default","ocean_header_style":"","ocean_center_header_left_menu":"0","ocean_custom_header_template":"0","ocean_custom_logo":0,"ocean_custom_retina_logo":0,"ocean_custom_logo_max_width":0,"ocean_custom_logo_tablet_max_width":0,"ocean_custom_logo_mobile_max_width":0,"ocean_custom_logo_max_height":0,"ocean_custom_logo_tablet_max_height":0,"ocean_custom_logo_mobile_max_height":0,"ocean_header_custom_menu":"0","ocean_menu_typo_font_family":"0","ocean_menu_typo_font_subset":"","ocean_menu_typo_font_size":0,"ocean_menu_typo_font_size_tablet":0,"ocean_menu_typo_font_size_mobile":0,"ocean_menu_typo_font_size_unit":"px","ocean_menu_typo_font_weight":"","ocean_menu_typo_font_weight_tablet":"","ocean_menu_typo_font_weight_mobile":"","ocean_menu_typo_transform":"","ocean_menu_typo_transform_tablet":"","ocean_menu_typo_transform_mobile":"","ocean_menu_typo_line_height":0,"ocean_menu_typo_line_height_tablet":0,"ocean_menu_typo_line_height_mobile":0,"ocean_menu_typo_line_height_unit":"","ocean_menu_typo_spacing":0,"ocean_menu_typo_spacing_tablet":0,"ocean_menu_typo_spacing_mobile":0,"ocean_menu_typo_spacing_unit":"","ocean_menu_link_color":"","ocean_menu_link_color_hover":"","ocean_menu_link_color_active":"","ocean_menu_link_background":"","ocean_menu_link_hover_background":"","ocean_menu_link_active_background":"","ocean_menu_social_links_bg":"","ocean_menu_social_hover_links_bg":"","ocean_menu_social_links_color":"","ocean_menu_social_hover_links_color":"","ocean_disable_title":"default","ocean_disable_heading":"default","ocean_post_title":"","ocean_post_subheading":"","ocean_post_title_style":"","ocean_post_title_background_color":"","ocean_post_title_background":0,"ocean_post_title_bg_image_position":"","ocean_post_title_bg_image_attachment":"","ocean_post_title_bg_image_repeat":"","ocean_post_title_bg_image_size":"","ocean_post_title_height":0,"ocean_post_title_bg_overlay":0.5,"ocean_post_title_bg_overlay_color":"","ocean_disable_breadcrumbs":"default","ocean_breadcrumbs_color":"","ocean_breadcrumbs_separator_color":"","ocean_breadcrumbs_links_color":"","ocean_breadcrumbs_links_hover_color":"","ocean_display_footer_widgets":"default","ocean_display_footer_bottom":"default","ocean_custom_footer_template":"0","osh_disable_topbar_sticky":"default","osh_disable_header_sticky":"default","osh_sticky_header_style":"default","osh_sticky_header_effect":"","osh_custom_sticky_logo":0,"osh_custom_retina_sticky_logo":0,"osh_custom_sticky_logo_height":0,"osh_background_color":"","osh_links_color":"","osh_links_hover_color":"","osh_links_active_color":"","osh_links_bg_color":"","osh_links_hover_bg_color":"","osh_links_active_bg_color":"","osh_menu_social_links_color":"","osh_menu_social_hover_links_color":""},"product_brand":[],"product_cat":[31],"product_tag":[422,420,423,421,419],"class_list":{"0":"post-4176","1":"product","2":"type-product","3":"status-publish","4":"has-post-thumbnail","6":"product_cat-lube-system-accessories","7":"product_tag-ab-adhesive","8":"product_tag-ab-glue","9":"product_tag-epoxy-resin-adhesive","10":"product_tag-epoxy-resin-glue","11":"product_tag-turcite-glue","13":"entry","14":"has-media","16":"first","17":"instock","18":"shipping-taxable","19":"product-type-external","20":"col","21":"span_1_of_3","22":"owp-content-center","23":"owp-thumbs-layout-horizontal","24":"owp-btn-very-big","25":"owp-tabs-layout-horizontal"},"_links":{"self":[{"href":"https:\/\/www.jinpinlub.com\/hu\/wp-json\/wp\/v2\/product\/4176","targetHints":{"allow":["GET"]}}],"collection":[{"href":"https:\/\/www.jinpinlub.com\/hu\/wp-json\/wp\/v2\/product"}],"about":[{"href":"https:\/\/www.jinpinlub.com\/hu\/wp-json\/wp\/v2\/types\/product"}],"wp:featuredmedia":[{"embeddable":true,"href":"https:\/\/www.jinpinlub.com\/hu\/wp-json\/wp\/v2\/media\/4171"}],"wp:attachment":[{"href":"https:\/\/www.jinpinlub.com\/hu\/wp-json\/wp\/v2\/media?parent=4176"}],"wp:term":[{"taxonomy":"product_brand","embeddable":true,"href":"https:\/\/www.jinpinlub.com\/hu\/wp-json\/wp\/v2\/product_brand?post=4176"},{"taxonomy":"product_cat","embeddable":true,"href":"https:\/\/www.jinpinlub.com\/hu\/wp-json\/wp\/v2\/product_cat?post=4176"},{"taxonomy":"product_tag","embeddable":true,"href":"https:\/\/www.jinpinlub.com\/hu\/wp-json\/wp\/v2\/product_tag?post=4176"}],"curies":[{"name":"wp","href":"https:\/\/api.w.org\/{rel}","templated":true}]}}