{"id":1817,"date":"2024-06-26T23:57:12","date_gmt":"2024-06-26T23:57:12","guid":{"rendered":"https:\/\/www.jinpinlub.com\/?page_id=1817"},"modified":"2024-07-28T11:36:08","modified_gmt":"2024-07-28T11:36:08","slug":"domande-frequenti","status":"publish","type":"page","link":"https:\/\/www.jinpinlub.com\/it\/faqs\/","title":{"rendered":"Domande frequenti"},"content":{"rendered":"<div class=\"wp-block-ogb-columns ogb-block ogb-columns ogb-columns-a90745be\"><div class=\"ogb-columns-container\">\n<div class=\"ogb-block ogb-column ogb-column-73727ad4\"><div class=\"ogb-column-container\">\n<ol class=\"wp-block-list\">\n<li><strong>Siete un&#039;azienda commerciale o un produttore?<\/strong><br>\u2014\u2014Siamo un fornitore specializzato nella fornitura di vari sistemi di lubrificazione centralizzata, con fabbriche e team tecnici professionali. I nostri prodotti hanno ottenuto le certificazioni CE e RoHS, le nostre fabbriche hanno la certificazione ISO-9001 e hanno una serie di brevetti di tecnologia di prodotto.<\/li>\n\n\n\n<li><strong>Quali sono i principali prodotti della nostra azienda?<\/strong><br>\u2014\u2014Ci concentriamo su vari sistemi di lubrificazione centralizzata, tra cui sistemi di lubrificazione a grasso, sistemi di lubrificazione a olio sottile, sistemi di lubrificazione a linea singola, sistemi di lubrificazione progressiva, sistemi di lubrificazione a doppia linea, pompe di lubrificazione a punto singolo, sistemi di lubrificazione manuale, ecc. Il nostro team tecnico ha pi\u00f9 di 10 anni di esperienza, un&#039;eccellente qualit\u00e0 del prodotto e una forte competitivit\u00e0.<\/li>\n\n\n\n<li><strong>Perch\u00e9 scegliere noi?<\/strong><br>\u2014\u2014Ci concentriamo sui fornitori di soluzioni di sistemi di lubrificazione centralizzati da oltre 10 anni. Abbiamo servito clienti in oltre 30 paesi. Abbiamo fornito decine di migliaia di stazioni di pompaggio di lubrificazione a clienti in tutto il mondo. Possiamo fornirti una soluzione totale. Se necessario, possiamo fornire prodotti OEM e ODM. Ti forniremo il miglior prezzo e la migliore qualit\u00e0 e servizio. I nostri prodotti sono posizionati nella fascia media e alta del mercato. Tutti i prodotti garantiscono qualit\u00e0 e quantit\u00e0, nonch\u00e9 assistenza post-vendita, e il prezzo ha vantaggi sul mercato.<\/li>\n\n\n\n<li><strong>Come garantiamo la qualit\u00e0?<\/strong><br>\u2014\u2014Durante la produzione, abbiamo un team completo di controllo qualit\u00e0 e processi che soddisfano gli standard internazionali. Abbiamo attrezzature di collaudo professionali e conduciamo test rigorosi sui prodotti, tra cui test di durata, test di temperatura, test di pressione, ecc. Abbiamo la certificazione ISO9001 e la certificazione CE. Ogni lotto di prodotti verr\u00e0 testato prima di lasciare la fabbrica e la checklist verr\u00e0 controllata una per una per garantire che la quantit\u00e0 sia accurata.<\/li>\n\n\n\n<li><strong>Come ottenere un preventivo?<\/strong><br>\u2014\u2014Prima di contattarci, puoi fare riferimento al nostro catalogo prodotti e alla scheda tecnica del prodotto, quindi comunicarci il codice ordine del prodotto desiderato in base a questo. Puoi anche comunicarci alcuni dettagli delle tue esigenze di sistema di lubrificazione, come la capacit\u00e0 della pompa di lubrificazione, il lubrificante utilizzato, la tensione, la pressione, il numero di punti di lubrificazione, la lunghezza del tubo, ecc. I nostri ingegneri professionisti ti forniranno suggerimenti dettagliati su modelli e specifiche.<\/li>\n\n\n\n<li><strong>Quanto tempo ci vuole prima che io riceva un preventivo?<\/strong><br>\u2014\u2014Di solito forniamo un preventivo entro 8 ore dalla ricezione della tua richiesta. Se hai bisogno di un prezzo urgente, chiamaci o lasciaci un messaggio o inviaci un messaggio tramite Whatsapp.<\/li>\n\n\n\n<li><strong>Com&#039;\u00e8 il vostro prezzo?<\/strong><br>\u2014\u2014Forniamo prodotti di alta qualit\u00e0 e competitivi, garantendo una qualit\u00e0 superiore e offrendo prezzi competitivi.<\/li>\n\n\n\n<li><strong>Quali sono i tempi di consegna?<\/strong><br>\u2014\u2014Se si tratta di un ordine di piccole quantit\u00e0, pu\u00f2 essere spedito in 3 giorni. Se si tratta di una grande quantit\u00e0 di prodotti, possiamo anche consegnare in circa quindici giorni. Il tempo specifico dipende dal prodotto e dalla personalizzazione.<\/li>\n\n\n\n<li><strong>Qual \u00e8 la quantit\u00e0 minima ordinabile?<\/strong><br>\u2014\u2014Per i prodotti standard, la quantit\u00e0 minima d&#039;ordine pu\u00f2 essere negoziata. La quantit\u00e0 minima d&#039;ordine di diversi modelli \u00e8 diversa e alcuni non hanno una quantit\u00e0 minima d&#039;ordine. Per gli ordini OEM, possiamo fornire e adattare i nostri prodotti per soddisfare varie esigenze. Pertanto, la quantit\u00e0 minima d&#039;ordine e il prezzo possono variare notevolmente a causa di dimensioni, materiale e altre specifiche, come prodotti costosi o prodotti standard. La quantit\u00e0 minima d&#039;ordine \u00e8 solitamente inferiore.<\/li>\n\n\n\n<li><strong>Potete fornire prodotti OEM o ODM?<\/strong><br>\u2014\u2014S\u00ec, possiamo produrre in base ai vostri campioni o disegni tecnici, e possiamo realizzare stampi e dispositivi. Di solito, le vostre esigenze possono essere modificate nella nostra tecnologia di prodotto per ottenere.<\/li>\n\n\n\n<li><strong>Posso essere il vostro agente nel mio Paese?<\/strong><br>\u2014\u2014Ci aspettiamo una cooperazione a lungo termine, se avete idee possiamo comunicarle in dettaglio, abbiamo bisogno di partner per creare valore insieme.<\/li>\n\n\n\n<li><strong>Quanto dura il periodo di garanzia del prodotto?<\/strong><br>\u2014\u2014Il periodo di garanzia del nostro prodotto \u00e8 di un anno.<\/li>\n\n\n\n<li><strong>Come posso ottenere dei campioni?<\/strong><br>\u2014\u2014Di solito non possiamo fornire campioni gratuiti, ti preghiamo di pagare le spese del campione e del corriere; la spesa del campione potr\u00e0 essere detratta dal tuo primo ordine di grandi dimensioni.<\/li>\n\n\n\n<li><strong>Qual \u00e8 la vostra capacit\u00e0 produttiva competitiva?<\/strong><br>\u2014\u2014Produzione mensile di oltre 5000 set.<\/li>\n\n\n\n<li><strong>Quali metodi di pagamento accetta la vostra azienda?<\/strong><br>\u2014\u2014Accettiamo T\/T (bonifico bancario), Western Union, Paypal, Alipay, WeChat Pay.<\/li>\n\n\n\n<li><strong>Quali sono i termini di consegna?<\/strong><br>\u2014\u2014EXW, FOB, CFR, CIF, DAP, DDP<\/li>\n\n\n\n<li><strong>Che tipo di metodo di spedizione offrite?<\/strong><br>\u2014\u2014Se ordini una piccola quantit\u00e0 di prodotti, ti consigliamo la consegna tramite corriere espresso internazionale come DHL, FedEx, UPS, EMS, ecc. Se la quantit\u00e0 dell&#039;ordine \u00e8 elevata, supportiamo pi\u00f9 metodi di spedizione, come corriere espresso, aereo, marittimo, ferroviario, ecc. Possiamo anche aiutarti a immagazzinare i prodotti di altri fornitori nel nostro magazzino e spedirli insieme.<\/li>\n\n\n\n<li><strong>Com&#039;\u00e8 l&#039;imballaggio?<\/strong><br>\u2014\u2014Scatole standard per l&#039;esportazione, scatole di legno e altri imballaggi idonei alla spedizione via mare. Prima di pagare il saldo, per assicurarci che tutti i prodotti siano quelli di cui hai bisogno, ti mostreremo foto, disegni, video, ecc. prima della spedizione.<\/li>\n\n\n\n<li><strong>Com&#039;\u00e8 il servizio post-vendita?<\/strong><br>\u2014\u2014Dopo che il cliente avr\u00e0 posto una domanda, risponderemo entro 24 ore.<\/li>\n<\/ol>\n<\/div><\/div>\n<\/div><\/div>","protected":false},"excerpt":{"rendered":"","protected":false},"author":1,"featured_media":0,"parent":0,"menu_order":0,"comment_status":"closed","ping_status":"closed","template":"","meta":{"ocean_post_layout":"full-screen","ocean_both_sidebars_style":"","ocean_both_sidebars_content_width":0,"ocean_both_sidebars_sidebars_width":0,"ocean_sidebar":"0","ocean_second_sidebar":"0","ocean_disable_margins":"on","ocean_add_body_class":"","ocean_shortcode_before_top_bar":"","ocean_shortcode_after_top_bar":"","ocean_shortcode_before_header":"","ocean_shortcode_after_header":"","ocean_has_shortcode":"","ocean_shortcode_after_title":"","ocean_shortcode_before_footer_widgets":"","ocean_shortcode_after_footer_widgets":"","ocean_shortcode_before_footer_bottom":"","ocean_shortcode_after_footer_bottom":"","ocean_display_top_bar":"default","ocean_display_header":"default","ocean_header_style":"","ocean_center_header_left_menu":"0","ocean_custom_header_template":"0","ocean_custom_logo":0,"ocean_custom_retina_logo":0,"ocean_custom_logo_max_width":0,"ocean_custom_logo_tablet_max_width":0,"ocean_custom_logo_mobile_max_width":0,"ocean_custom_logo_max_height":0,"ocean_custom_logo_tablet_max_height":0,"ocean_custom_logo_mobile_max_height":0,"ocean_header_custom_menu":"0","ocean_menu_typo_font_family":"0","ocean_menu_typo_font_subset":"","ocean_menu_typo_font_size":0,"ocean_menu_typo_font_size_tablet":0,"ocean_menu_typo_font_size_mobile":0,"ocean_menu_typo_font_size_unit":"px","ocean_menu_typo_font_weight":"","ocean_menu_typo_font_weight_tablet":"","ocean_menu_typo_font_weight_mobile":"","ocean_menu_typo_transform":"","ocean_menu_typo_transform_tablet":"","ocean_menu_typo_transform_mobile":"","ocean_menu_typo_line_height":0,"ocean_menu_typo_line_height_tablet":0,"ocean_menu_typo_line_height_mobile":0,"ocean_menu_typo_line_height_unit":"","ocean_menu_typo_spacing":0,"ocean_menu_typo_spacing_tablet":0,"ocean_menu_typo_spacing_mobile":0,"ocean_menu_typo_spacing_unit":"","ocean_menu_link_color":"","ocean_menu_link_color_hover":"","ocean_menu_link_color_active":"","ocean_menu_link_background":"","ocean_menu_link_hover_background":"","ocean_menu_link_active_background":"","ocean_menu_social_links_bg":"","ocean_menu_social_hover_links_bg":"","ocean_menu_social_links_color":"","ocean_menu_social_hover_links_color":"","ocean_disable_title":"default","ocean_disable_heading":"default","ocean_post_title":"","ocean_post_subheading":"","ocean_post_title_style":"","ocean_post_title_background_color":"","ocean_post_title_background":0,"ocean_post_title_bg_image_position":"","ocean_post_title_bg_image_attachment":"","ocean_post_title_bg_image_repeat":"","ocean_post_title_bg_image_size":"","ocean_post_title_height":0,"ocean_post_title_bg_overlay":0.5,"ocean_post_title_bg_overlay_color":"","ocean_disable_breadcrumbs":"default","ocean_breadcrumbs_color":"","ocean_breadcrumbs_separator_color":"","ocean_breadcrumbs_links_color":"","ocean_breadcrumbs_links_hover_color":"","ocean_display_footer_widgets":"default","ocean_display_footer_bottom":"default","ocean_custom_footer_template":"0","osh_disable_topbar_sticky":"default","osh_disable_header_sticky":"default","osh_sticky_header_style":"default","osh_sticky_header_effect":"","osh_custom_sticky_logo":0,"osh_custom_retina_sticky_logo":0,"osh_custom_sticky_logo_height":0,"osh_background_color":"","osh_links_color":"","osh_links_hover_color":"","osh_links_active_color":"","osh_links_bg_color":"","osh_links_hover_bg_color":"","osh_links_active_bg_color":"","osh_menu_social_links_color":"","osh_menu_social_hover_links_color":"","footnotes":""},"class_list":["post-1817","page","type-page","status-publish","hentry","entry","owp-thumbs-layout-horizontal","owp-btn-very-big","owp-tabs-layout-horizontal","has-no-thumbnails"],"_links":{"self":[{"href":"https:\/\/www.jinpinlub.com\/it\/wp-json\/wp\/v2\/pages\/1817","targetHints":{"allow":["GET"]}}],"collection":[{"href":"https:\/\/www.jinpinlub.com\/it\/wp-json\/wp\/v2\/pages"}],"about":[{"href":"https:\/\/www.jinpinlub.com\/it\/wp-json\/wp\/v2\/types\/page"}],"author":[{"embeddable":true,"href":"https:\/\/www.jinpinlub.com\/it\/wp-json\/wp\/v2\/users\/1"}],"replies":[{"embeddable":true,"href":"https:\/\/www.jinpinlub.com\/it\/wp-json\/wp\/v2\/comments?post=1817"}],"version-history":[{"count":0,"href":"https:\/\/www.jinpinlub.com\/it\/wp-json\/wp\/v2\/pages\/1817\/revisions"}],"wp:attachment":[{"href":"https:\/\/www.jinpinlub.com\/it\/wp-json\/wp\/v2\/media?parent=1817"}],"curies":[{"name":"wp","href":"https:\/\/api.w.org\/{rel}","templated":true}]}}