{"id":2393,"date":"2024-07-16T03:34:27","date_gmt":"2024-07-16T03:34:27","guid":{"rendered":"https:\/\/www.jinpinlub.com\/?post_type=product&#038;p=2393"},"modified":"2024-08-02T09:06:09","modified_gmt":"2024-08-02T09:06:09","slug":"pompa-per-grasso-j203-sistema-di-pompa-di-lubrificazione-centralizzata-elettrica","status":"publish","type":"product","link":"https:\/\/www.jinpinlub.com\/it\/product\/j203-grease-pump-electric-centralized-lubrication-pump-system\/","title":{"rendered":"J203 Pompa per grasso Sistema di pompa di lubrificazione centralizzata elettrica"},"content":{"rendered":"<h2>Caratteristiche<\/h2>\n<p>1. Costruzione compatta: la pompa di lubrificazione J203 \u00e8 progettata in modo molto compatto, il che la rende davvero compatibile per l&#039;installazione in spazi ridotti. Tutto sommato, \u00e8 composta da un alloggiamento con motore integrato, un contenitore con una paletta di miscelazione, un elemento pompa, un ingrassatore e parti di collegamento elettrico.<br \/>\n2. Questa pompa \u00e8 ad alta efficienza: a seconda della lunghezza della linea, serve fino a 150 punti di lubrificazione. Pu\u00f2 azionare fino a tre unit\u00e0 pompa e pu\u00f2 essere dotata di un controller di basso livello dell&#039;olio (con o senza una scheda di controllo) per garantire il funzionamento continuo del sistema di lubrificazione.<br \/>\n3. Regolazioni delle impostazioni multi-operative: in base ai requisiti dell&#039;applicazione, l&#039;utente pu\u00f2 regolare pi\u00f9 impostazioni operative relative alla scheda a circuito stampato di controllo della pompa di lubrificazione J203.<br \/>\n4. Ampio campo di applicazione: alimentazione tramite corrente continua o alternata e diversi tipi di serbatoi dell&#039;olio, con elementi pompa adatti a diversi requisiti di potenza.<br \/>\n5. Durata: con materiali altamente efficaci, J203 funziona a temperature estreme. Pertanto, P203 ha un intervallo di temperatura di esercizio da \u201340 a +70 \u00baC (DC) e da \u201325 a + 70 \u00baC (AC).<\/p>\n<h2>Specificazione<\/h2>\n<table>\n<tbody>\n<tr>\n<td>Temperatura di esercizio<\/td>\n<td>(da -40\u00b0C a +70\u00b0C)<\/td>\n<\/tr>\n<tr>\n<td>Numero di punti vendita<\/td>\n<td>1, 2 o 3<\/td>\n<\/tr>\n<tr>\n<td>Capacit\u00e0 del serbatoio<\/td>\n<td>2L, 4L, 8L<\/td>\n<\/tr>\n<tr>\n<td>Ricarica<\/td>\n<td>Raccordo di lubrificazione idraulica o dall&#039;alto<\/td>\n<\/tr>\n<tr>\n<td>Lubrificante<\/td>\n<td>Grassi di grado almeno NLGI 2, Oli fino a 40mm\u00b2\/s (cSt) a 40\u00b0 C<\/td>\n<\/tr>\n<tr>\n<td>Classe di protezione<\/td>\n<td>IP6K 9K<\/td>\n<\/tr>\n<tr>\n<td>Diametro pistone, K5<\/td>\n<td>5 mm, circa 2 cm\u00b3\/min<\/td>\n<\/tr>\n<tr>\n<td>Diametro pistone, (standard) K6<\/td>\n<td>6 mm, circa 2,8 cm\u00b3\/min<\/td>\n<\/tr>\n<tr>\n<td>Diametro pistone, K7<\/td>\n<td>7 mm, circa 4 cm\u00b3\/min<\/td>\n<\/tr>\n<tr>\n<td>Pressione massima di esercizio<\/td>\n<td>350 bar<\/td>\n<\/tr>\n<tr>\n<td>Filettatura di collegamento<\/td>\n<td>Sol 1\/4<\/td>\n<\/tr>\n<tr>\n<td>Tensione di esercizio<\/td>\n<td>12 V CC, 24 V CC, 110-240 V CA<\/td>\n<\/tr>\n<\/tbody>\n<\/table>\n<h2>Applicazioni<\/h2>\n<p>1. Attrezzature mobili: le pompe J203 sono installate prevalentemente su un&#039;ampia gamma di attrezzature mobili, dalle pale gommate e dagli escavatori fino alle attrezzature di piccole e medie dimensioni. Questo tipo di attrezzatura \u00e8 stato spesso soggetto a condizioni di lavoro estremamente scadenti; pertanto, un sistema di lubrificazione affidabile \u00e8 estremamente necessario per il normale funzionamento.<br \/>\n2. Industria generale: la pompa J203 nelle applicazioni industriali generali lubrifica tutte le attrezzature meccaniche, principalmente mietitrebbie, imballatrici e mietitrici-foratrici.<br \/>\n3. Applicazioni speciali: questa pompa \u00e8 adatta ad alcune applicazioni speciali, come nel settore alimentare e delle bevande. Pertanto, i componenti della pompa sono in acciaio nichelato, mentre i lubrificanti utilizzati in queste pompe sono conformi ai criteri di lubrificazione per uso alimentare.<\/p>\n<h2>Manuali<\/h2>\n<div class=\"sdm_download_button_box_default\"><div class=\"sdm_download_link\"><a href=\"https:\/\/www.jinpinlub.com\/it\/?sdm_process_download=1&download_id=2429\" class=\"sdm_download white\" title=\"Privato: J203 Grease Pump\" target=\"&quot;_blank&quot;\">Visualizza la scheda tecnica - Pompa per grasso J203<\/a><\/div><\/div>","protected":false},"excerpt":{"rendered":"<p>La pompa di lubrificazione J203 \u00e8 un sistema di lubrificazione versatile, compatto e relativamente poco costoso che trova applicazione in un&#039;ampia gamma di apparecchiature industriali e mobili. \u00c8 progettata per fornire soluzioni di lubrificazione efficienti e affidabili per garantire il normale funzionamento e una durata di servizio prolungata delle apparecchiature.<\/p>","protected":false},"featured_media":2394,"template":"","meta":{"ocean_post_layout":"","ocean_both_sidebars_style":"","ocean_both_sidebars_content_width":0,"ocean_both_sidebars_sidebars_width":0,"ocean_sidebar":"0","ocean_second_sidebar":"0","ocean_disable_margins":"enable","ocean_add_body_class":"","ocean_shortcode_before_top_bar":"","ocean_shortcode_after_top_bar":"","ocean_shortcode_before_header":"","ocean_shortcode_after_header":"","ocean_has_shortcode":"","ocean_shortcode_after_title":"","ocean_shortcode_before_footer_widgets":"","ocean_shortcode_after_footer_widgets":"","ocean_shortcode_before_footer_bottom":"","ocean_shortcode_after_footer_bottom":"","ocean_display_top_bar":"default","ocean_display_header":"default","ocean_header_style":"","ocean_center_header_left_menu":"0","ocean_custom_header_template":"0","ocean_custom_logo":0,"ocean_custom_retina_logo":0,"ocean_custom_logo_max_width":0,"ocean_custom_logo_tablet_max_width":0,"ocean_custom_logo_mobile_max_width":0,"ocean_custom_logo_max_height":0,"ocean_custom_logo_tablet_max_height":0,"ocean_custom_logo_mobile_max_height":0,"ocean_header_custom_menu":"0","ocean_menu_typo_font_family":"0","ocean_menu_typo_font_subset":"","ocean_menu_typo_font_size":0,"ocean_menu_typo_font_size_tablet":0,"ocean_menu_typo_font_size_mobile":0,"ocean_menu_typo_font_size_unit":"px","ocean_menu_typo_font_weight":"","ocean_menu_typo_font_weight_tablet":"","ocean_menu_typo_font_weight_mobile":"","ocean_menu_typo_transform":"","ocean_menu_typo_transform_tablet":"","ocean_menu_typo_transform_mobile":"","ocean_menu_typo_line_height":0,"ocean_menu_typo_line_height_tablet":0,"ocean_menu_typo_line_height_mobile":0,"ocean_menu_typo_line_height_unit":"","ocean_menu_typo_spacing":0,"ocean_menu_typo_spacing_tablet":0,"ocean_menu_typo_spacing_mobile":0,"ocean_menu_typo_spacing_unit":"","ocean_menu_link_color":"","ocean_menu_link_color_hover":"","ocean_menu_link_color_active":"","ocean_menu_link_background":"","ocean_menu_link_hover_background":"","ocean_menu_link_active_background":"","ocean_menu_social_links_bg":"","ocean_menu_social_hover_links_bg":"","ocean_menu_social_links_color":"","ocean_menu_social_hover_links_color":"","ocean_disable_title":"default","ocean_disable_heading":"default","ocean_post_title":"","ocean_post_subheading":"","ocean_post_title_style":"","ocean_post_title_background_color":"","ocean_post_title_background":0,"ocean_post_title_bg_image_position":"","ocean_post_title_bg_image_attachment":"","ocean_post_title_bg_image_repeat":"","ocean_post_title_bg_image_size":"","ocean_post_title_height":0,"ocean_post_title_bg_overlay":0.5,"ocean_post_title_bg_overlay_color":"","ocean_disable_breadcrumbs":"default","ocean_breadcrumbs_color":"","ocean_breadcrumbs_separator_color":"","ocean_breadcrumbs_links_color":"","ocean_breadcrumbs_links_hover_color":"","ocean_display_footer_widgets":"default","ocean_display_footer_bottom":"default","ocean_custom_footer_template":"0","osh_disable_topbar_sticky":"default","osh_disable_header_sticky":"default","osh_sticky_header_style":"default","osh_sticky_header_effect":"","osh_custom_sticky_logo":0,"osh_custom_retina_sticky_logo":0,"osh_custom_sticky_logo_height":0,"osh_background_color":"","osh_links_color":"","osh_links_hover_color":"","osh_links_active_color":"","osh_links_bg_color":"","osh_links_hover_bg_color":"","osh_links_active_bg_color":"","osh_menu_social_links_color":"","osh_menu_social_hover_links_color":""},"product_brand":[],"product_cat":[42,41],"product_tag":[73,71,72],"class_list":{"0":"post-2393","1":"product","2":"type-product","3":"status-publish","4":"has-post-thumbnail","6":"product_cat-electric-progressive-pumps","7":"product_cat-progressive-grease-systems","8":"product_tag-electric-lubrication-pump","9":"product_tag-lubrication-pump","10":"product_tag-lubrication-system","12":"entry","13":"has-media","15":"first","16":"instock","17":"featured","18":"shipping-taxable","19":"product-type-external","20":"col","21":"span_1_of_3","22":"owp-content-center","23":"owp-thumbs-layout-horizontal","24":"owp-btn-very-big","25":"owp-tabs-layout-horizontal"},"_links":{"self":[{"href":"https:\/\/www.jinpinlub.com\/it\/wp-json\/wp\/v2\/product\/2393","targetHints":{"allow":["GET"]}}],"collection":[{"href":"https:\/\/www.jinpinlub.com\/it\/wp-json\/wp\/v2\/product"}],"about":[{"href":"https:\/\/www.jinpinlub.com\/it\/wp-json\/wp\/v2\/types\/product"}],"wp:featuredmedia":[{"embeddable":true,"href":"https:\/\/www.jinpinlub.com\/it\/wp-json\/wp\/v2\/media\/2394"}],"wp:attachment":[{"href":"https:\/\/www.jinpinlub.com\/it\/wp-json\/wp\/v2\/media?parent=2393"}],"wp:term":[{"taxonomy":"product_brand","embeddable":true,"href":"https:\/\/www.jinpinlub.com\/it\/wp-json\/wp\/v2\/product_brand?post=2393"},{"taxonomy":"product_cat","embeddable":true,"href":"https:\/\/www.jinpinlub.com\/it\/wp-json\/wp\/v2\/product_cat?post=2393"},{"taxonomy":"product_tag","embeddable":true,"href":"https:\/\/www.jinpinlub.com\/it\/wp-json\/wp\/v2\/product_tag?post=2393"}],"curies":[{"name":"wp","href":"https:\/\/api.w.org\/{rel}","templated":true}]}}