{"id":2485,"date":"2024-07-17T02:49:22","date_gmt":"2024-07-17T02:49:22","guid":{"rendered":"https:\/\/www.jinpinlub.com\/?post_type=product&#038;p=2485"},"modified":"2024-07-17T04:02:47","modified_gmt":"2024-07-17T04:02:47","slug":"iniettore-a-spostamento-positivo-lt-per-sistema-di-lubrificazione-ad-olio","status":"publish","type":"product","link":"https:\/\/www.jinpinlub.com\/it\/product\/lt-positive-displacement-injector-for-oil-lubrication-system\/","title":{"rendered":"Iniettore a spostamento positivo LT per sistema di lubrificazione a olio"},"content":{"rendered":"<h2>Caratteristiche<\/h2>\n<p>1. Deve essere dotato di una pompa di lubrificazione di sicurezza con una quantit\u00e0 di olio precisa, che pu\u00f2 essere selezionata in base alle esigenze.<br \/>\n2. Ogni presa \u00e8 dotata di un&#039;asta indicatrice per il rilevamento visivo e per il rilevamento del segnale \u00e8 possibile selezionare un interruttore di prossimit\u00e0 o un microinterruttore.<br \/>\n3. L&#039;interruttore di prossimit\u00e0 standard \u00e8 un contatto normalmente chiuso, ma \u00e8 possibile selezionare anche un contatto normalmente aperto.<br \/>\n4. Il microinterruttore pu\u00f2 essere installato solo sull&#039;uscita da 0,5 ml e i contatti NO e NC sono opzionali.<br \/>\n5. Il distributore LT standard \u00e8 dotato di un connettore a ghiera, mentre un connettore a innesto rapido \u00e8 opzionale.<\/p>\n<h2>Specificazione<\/h2>\n<table>\n<tbody>\n<tr>\n<td>Principio di funzionamento<\/td>\n<td>Iniettore a spostamento positivo<\/td>\n<\/tr>\n<tr>\n<td>Punti vendita<\/td>\n<td>2, 3, 4, 5, 6, 7<\/td>\n<\/tr>\n<tr>\n<td>Quantit\u00e0 di dosaggio dell&#039;olio<\/td>\n<td>0,1, 0,2, 0,3, 0,4, 0,5, 0,06 mL\/ciclo<\/td>\n<\/tr>\n<tr>\n<td>Lubrificante<\/td>\n<td>32~90 cSt a 40\u00b0C<\/td>\n<\/tr>\n<tr>\n<td>Temperatura di esercizio<\/td>\n<td>da 0 a +80 \u00b0C<\/td>\n<\/tr>\n<tr>\n<td>Pressione di esercizio<\/td>\n<td>8~30bar<\/td>\n<\/tr>\n<tr>\n<td>Materiale<\/td>\n<td>Pressofusione di zinco, ottone<\/td>\n<\/tr>\n<tr>\n<td>Presa di collegamento<\/td>\n<td>Ingresso \u03a66 (M10x1), Uscita \u03a64 (M8x1)<\/td>\n<\/tr>\n<tr>\n<td>Raccordi di scarico<\/td>\n<td>Tipo di manicotto, tipo rapido<\/td>\n<\/tr>\n<tr>\n<td>Posizione di montaggio<\/td>\n<td>Qualunque<\/td>\n<\/tr>\n<\/tbody>\n<\/table>\n<h2>Principio<\/h2>\n<p>LT si basa principalmente sull&#039;azione del pistone di dosaggio e sulla cooperazione della valvola bidirezionale a forma di ombrello. Quando l&#039;olio pompato dalla pompa di lubrificazione viene iniettato dal tubo principale, la valvola bidirezionale a forma di ombrello viene spinta, in modo che l&#039;olio scorra nella camera del pistone e venga premuto attraverso il passaggio. Sotto l&#039;azione dell&#039;olio in pressione, il pistone di dosaggio si sposta verso il basso, accumula olio e comprime la molla. Quando la pressione dell&#039;olio nel tubo principale viene rilasciata (ad esempio, scarico della pressione), la valvola a forma di ombrello si sposta a causa della differenza di pressione e apre l&#039;uscita allo stesso tempo, in modo che l&#039;olio accumulato nella camera di soggiorno venga inviato nel tubo dell&#039;olio attraverso l&#039;uscita.<\/p>\n<h2>Manuali<\/h2>\n<div class=\"sdm_download_button_box_default\"><div class=\"sdm_download_link\"><a href=\"https:\/\/www.jinpinlub.com\/it\/?sdm_process_download=1&download_id=2475\" class=\"sdm_download white\" title=\"Privato: LT Pressure-relief Distributor\" target=\"&quot;_blank&quot;\">Visualizza la scheda tecnica - Distributore LT<\/a><\/div><\/div>","protected":false},"excerpt":{"rendered":"<p>I distributori depressurizzati LT sono ampiamente utilizzati nelle apparecchiature industriali che richiedono una lubrificazione precisa, come apparecchiature per processi di laminazione a freddo, macchine per stampaggio a iniezione, macchine per pressofusione, ecc. Richiedono una fornitura stabile di olio lubrificante per garantire un funzionamento a lungo termine.<\/p>","protected":false},"featured_media":2490,"template":"","meta":{"ocean_post_layout":"","ocean_both_sidebars_style":"","ocean_both_sidebars_content_width":0,"ocean_both_sidebars_sidebars_width":0,"ocean_sidebar":"0","ocean_second_sidebar":"0","ocean_disable_margins":"enable","ocean_add_body_class":"","ocean_shortcode_before_top_bar":"","ocean_shortcode_after_top_bar":"","ocean_shortcode_before_header":"","ocean_shortcode_after_header":"","ocean_has_shortcode":"","ocean_shortcode_after_title":"","ocean_shortcode_before_footer_widgets":"","ocean_shortcode_after_footer_widgets":"","ocean_shortcode_before_footer_bottom":"","ocean_shortcode_after_footer_bottom":"","ocean_display_top_bar":"default","ocean_display_header":"default","ocean_header_style":"","ocean_center_header_left_menu":"0","ocean_custom_header_template":"0","ocean_custom_logo":0,"ocean_custom_retina_logo":0,"ocean_custom_logo_max_width":0,"ocean_custom_logo_tablet_max_width":0,"ocean_custom_logo_mobile_max_width":0,"ocean_custom_logo_max_height":0,"ocean_custom_logo_tablet_max_height":0,"ocean_custom_logo_mobile_max_height":0,"ocean_header_custom_menu":"0","ocean_menu_typo_font_family":"0","ocean_menu_typo_font_subset":"","ocean_menu_typo_font_size":0,"ocean_menu_typo_font_size_tablet":0,"ocean_menu_typo_font_size_mobile":0,"ocean_menu_typo_font_size_unit":"px","ocean_menu_typo_font_weight":"","ocean_menu_typo_font_weight_tablet":"","ocean_menu_typo_font_weight_mobile":"","ocean_menu_typo_transform":"","ocean_menu_typo_transform_tablet":"","ocean_menu_typo_transform_mobile":"","ocean_menu_typo_line_height":0,"ocean_menu_typo_line_height_tablet":0,"ocean_menu_typo_line_height_mobile":0,"ocean_menu_typo_line_height_unit":"","ocean_menu_typo_spacing":0,"ocean_menu_typo_spacing_tablet":0,"ocean_menu_typo_spacing_mobile":0,"ocean_menu_typo_spacing_unit":"","ocean_menu_link_color":"","ocean_menu_link_color_hover":"","ocean_menu_link_color_active":"","ocean_menu_link_background":"","ocean_menu_link_hover_background":"","ocean_menu_link_active_background":"","ocean_menu_social_links_bg":"","ocean_menu_social_hover_links_bg":"","ocean_menu_social_links_color":"","ocean_menu_social_hover_links_color":"","ocean_disable_title":"default","ocean_disable_heading":"default","ocean_post_title":"","ocean_post_subheading":"","ocean_post_title_style":"","ocean_post_title_background_color":"","ocean_post_title_background":0,"ocean_post_title_bg_image_position":"","ocean_post_title_bg_image_attachment":"","ocean_post_title_bg_image_repeat":"","ocean_post_title_bg_image_size":"","ocean_post_title_height":0,"ocean_post_title_bg_overlay":0.5,"ocean_post_title_bg_overlay_color":"","ocean_disable_breadcrumbs":"default","ocean_breadcrumbs_color":"","ocean_breadcrumbs_separator_color":"","ocean_breadcrumbs_links_color":"","ocean_breadcrumbs_links_hover_color":"","ocean_display_footer_widgets":"default","ocean_display_footer_bottom":"default","ocean_custom_footer_template":"0","osh_disable_topbar_sticky":"default","osh_disable_header_sticky":"default","osh_sticky_header_style":"default","osh_sticky_header_effect":"","osh_custom_sticky_logo":0,"osh_custom_retina_sticky_logo":0,"osh_custom_sticky_logo_height":0,"osh_background_color":"","osh_links_color":"","osh_links_hover_color":"","osh_links_active_color":"","osh_links_bg_color":"","osh_links_hover_bg_color":"","osh_links_active_bg_color":"","osh_menu_social_links_color":"","osh_menu_social_hover_links_color":""},"product_brand":[],"product_cat":[49,47],"product_tag":[82,83,84],"class_list":{"0":"post-2485","1":"product","2":"type-product","3":"status-publish","4":"has-post-thumbnail","6":"product_cat-volumetric-oil-injectors","7":"product_cat-volumetric-thin-oil-systems","8":"product_tag-positive-displacement-injector","9":"product_tag-pressure-relief-distributor","10":"product_tag-volumetric-distributor","12":"entry","13":"has-media","15":"first","16":"instock","17":"shipping-taxable","18":"product-type-external","19":"col","20":"span_1_of_3","21":"owp-content-center","22":"owp-thumbs-layout-horizontal","23":"owp-btn-very-big","24":"owp-tabs-layout-horizontal"},"_links":{"self":[{"href":"https:\/\/www.jinpinlub.com\/it\/wp-json\/wp\/v2\/product\/2485","targetHints":{"allow":["GET"]}}],"collection":[{"href":"https:\/\/www.jinpinlub.com\/it\/wp-json\/wp\/v2\/product"}],"about":[{"href":"https:\/\/www.jinpinlub.com\/it\/wp-json\/wp\/v2\/types\/product"}],"wp:featuredmedia":[{"embeddable":true,"href":"https:\/\/www.jinpinlub.com\/it\/wp-json\/wp\/v2\/media\/2490"}],"wp:attachment":[{"href":"https:\/\/www.jinpinlub.com\/it\/wp-json\/wp\/v2\/media?parent=2485"}],"wp:term":[{"taxonomy":"product_brand","embeddable":true,"href":"https:\/\/www.jinpinlub.com\/it\/wp-json\/wp\/v2\/product_brand?post=2485"},{"taxonomy":"product_cat","embeddable":true,"href":"https:\/\/www.jinpinlub.com\/it\/wp-json\/wp\/v2\/product_cat?post=2485"},{"taxonomy":"product_tag","embeddable":true,"href":"https:\/\/www.jinpinlub.com\/it\/wp-json\/wp\/v2\/product_tag?post=2485"}],"curies":[{"name":"wp","href":"https:\/\/api.w.org\/{rel}","templated":true}]}}