{"id":2540,"date":"2024-07-17T13:29:01","date_gmt":"2024-07-17T13:29:01","guid":{"rendered":"https:\/\/www.jinpinlub.com\/?post_type=product&#038;p=2540"},"modified":"2025-06-06T19:31:30","modified_gmt":"2025-06-06T11:31:30","slug":"jsv8-dispositivo-di-dosaggio-del-grasso-per-sistema-di-lubrificazione-progressiva","status":"publish","type":"product","link":"https:\/\/www.jinpinlub.com\/it\/product\/jsv8-grease-metering-device-for-progressive-lubrication-system\/","title":{"rendered":"Dispositivo di dosaggio del grasso JSV8 per sistema di lubrificazione progressiva"},"content":{"rendered":"<h2>Caratteristiche<\/h2>\n<p>1. Distributore progressivo JSV tramite l&#039;azione sequenziale dello stantuffo, progressivo punto per punto per lo scarico.<br \/>\n2. Il volume di dosaggio di ciascuna uscita in ciascun ciclo \u00e8 di 0,17 mL.<br \/>\n3. Un&#039;uscita pu\u00f2 essere bloccata tramite uno speciale tappo di chiusura, che raddoppia il volume di dosaggio dell&#039;uscita successiva.<br \/>\n4. \u00c8 possibile selezionare da 6 a 20 uscite, le uscite sono dotate di valvole unidirezionali per impedire il riflusso del lubrificante.<br \/>\n5. Facile da monitorare, monitoraggio visivo o monitoraggio elettronico. \u00c8 facile da sostituire e non influisce su altre condotte.<br \/>\n6. Lubrificanti applicabili: grasso NLGI 000# ~ 2#, olio 32-220cSt@40\u2103.<br \/>\n7. La temperatura di esercizio \u00e8 -20\u2103~+80\u2103.<\/p>\n<h2>Specificazione<\/h2>\n<table>\n<tbody>\n<tr>\n<td>Principio di funzionamento<\/td>\n<td>Dispositivi di misurazione<\/td>\n<\/tr>\n<tr>\n<td>Numero di punti vendita<\/td>\n<td>6-20<\/td>\n<\/tr>\n<tr>\n<td>Quantit\u00e0 di dosaggio<\/td>\n<td>0,2 ml\/ciclo<\/td>\n<\/tr>\n<tr>\n<td>Lubrificante<\/td>\n<td>Grasso fino a NLGI 2, olio 32-220cSt@40\u2103<\/td>\n<\/tr>\n<tr>\n<td>Temperatura di esercizio<\/td>\n<td>da \u201320 a +80 \u00b0C<\/td>\n<\/tr>\n<tr>\n<td>Pressione di esercizio<\/td>\n<td>Pressione massima 350 bar<\/td>\n<\/tr>\n<tr>\n<td>Materiale<\/td>\n<td>Zincato nero<\/td>\n<\/tr>\n<tr>\n<td>Ingresso di collegamento<\/td>\n<td>\u03a66\/\u03a68 (M10x1)<\/td>\n<\/tr>\n<tr>\n<td>Presa di collegamento<\/td>\n<td>\u03a66\/\u03a68 (M10x1)<\/td>\n<\/tr>\n<tr>\n<td>Posizione di montaggio<\/td>\n<td>Qualunque<\/td>\n<\/tr>\n<\/tbody>\n<\/table>\n<h2>Applicazione<\/h2>\n<p>1. Edilizia e estrazione mineraria: in questi campi, le attrezzature solitamente operano in ambienti operativi difficili e carichi elevati. Ad esempio, sotto l&#039;azione della lubrificazione JSV, il normale funzionamento dell&#039;attrezzatura distribuisce una lubrificazione affidabile.<br \/>\n2. Macchinari agricoli: i macchinari agricoli devono essere lubrificati relativamente spesso per garantire che le macchine funzionino senza problemi. I distributori JSV possono funzionare in varie condizioni di temperatura e pressione per adattarsi a diversi ambienti agricoli.<br \/>\n3. Attrezzature industriali: le industrie manifatturiere e di trasformazione dispongono di attrezzature meccaniche diversificate in cui i JSV svolgono un ruolo di lubrificazione, prolungando la durata delle attrezzature meccaniche e riducendo quindi i costi associati alle riparazioni.<br \/>\n4. Energia rinnovabile: i distributori per JSV vengono utilizzati per lubrificare parti importanti nelle apparecchiature per la generazione di energia eolica e solare, per garantire un funzionamento lungo, efficiente e stabile.<\/p>\n<h2>Manuali<\/h2>\n<div class=\"sdm_download_button_box_default\"><div class=\"sdm_download_link\"><a href=\"https:\/\/www.jinpinlub.com\/it\/?sdm_process_download=1&download_id=2474\" class=\"sdm_download white\" title=\"Privato: JSV Progressive Distributor\" target=\"&quot;_blank&quot;\">Visualizza la scheda tecnica - Distributore JSV<\/a><\/div><\/div>","protected":false},"excerpt":{"rendered":"<p>Il distributore JSV \u00e8 un dispositivo di dosaggio progressivo integrale per sistemi di lubrificazione progressivi. Pu\u00f2 essere utilizzato in condizioni di elevata contropressione ed \u00e8 adatto a diversi intervalli di temperatura. La pressione massima di esercizio \u00e8 di 350 bar e ha da 6 a 22 uscite.<\/p>","protected":false},"featured_media":2544,"template":"","meta":{"ocean_post_layout":"","ocean_both_sidebars_style":"","ocean_both_sidebars_content_width":0,"ocean_both_sidebars_sidebars_width":0,"ocean_sidebar":"0","ocean_second_sidebar":"0","ocean_disable_margins":"enable","ocean_add_body_class":"","ocean_shortcode_before_top_bar":"","ocean_shortcode_after_top_bar":"","ocean_shortcode_before_header":"","ocean_shortcode_after_header":"","ocean_has_shortcode":"","ocean_shortcode_after_title":"","ocean_shortcode_before_footer_widgets":"","ocean_shortcode_after_footer_widgets":"","ocean_shortcode_before_footer_bottom":"","ocean_shortcode_after_footer_bottom":"","ocean_display_top_bar":"default","ocean_display_header":"default","ocean_header_style":"","ocean_center_header_left_menu":"0","ocean_custom_header_template":"0","ocean_custom_logo":0,"ocean_custom_retina_logo":0,"ocean_custom_logo_max_width":0,"ocean_custom_logo_tablet_max_width":0,"ocean_custom_logo_mobile_max_width":0,"ocean_custom_logo_max_height":0,"ocean_custom_logo_tablet_max_height":0,"ocean_custom_logo_mobile_max_height":0,"ocean_header_custom_menu":"0","ocean_menu_typo_font_family":"0","ocean_menu_typo_font_subset":"","ocean_menu_typo_font_size":0,"ocean_menu_typo_font_size_tablet":0,"ocean_menu_typo_font_size_mobile":0,"ocean_menu_typo_font_size_unit":"px","ocean_menu_typo_font_weight":"","ocean_menu_typo_font_weight_tablet":"","ocean_menu_typo_font_weight_mobile":"","ocean_menu_typo_transform":"","ocean_menu_typo_transform_tablet":"","ocean_menu_typo_transform_mobile":"","ocean_menu_typo_line_height":0,"ocean_menu_typo_line_height_tablet":0,"ocean_menu_typo_line_height_mobile":0,"ocean_menu_typo_line_height_unit":"","ocean_menu_typo_spacing":0,"ocean_menu_typo_spacing_tablet":0,"ocean_menu_typo_spacing_mobile":0,"ocean_menu_typo_spacing_unit":"","ocean_menu_link_color":"","ocean_menu_link_color_hover":"","ocean_menu_link_color_active":"","ocean_menu_link_background":"","ocean_menu_link_hover_background":"","ocean_menu_link_active_background":"","ocean_menu_social_links_bg":"","ocean_menu_social_hover_links_bg":"","ocean_menu_social_links_color":"","ocean_menu_social_hover_links_color":"","ocean_disable_title":"default","ocean_disable_heading":"default","ocean_post_title":"","ocean_post_subheading":"","ocean_post_title_style":"","ocean_post_title_background_color":"","ocean_post_title_background":0,"ocean_post_title_bg_image_position":"","ocean_post_title_bg_image_attachment":"","ocean_post_title_bg_image_repeat":"","ocean_post_title_bg_image_size":"","ocean_post_title_height":0,"ocean_post_title_bg_overlay":0.5,"ocean_post_title_bg_overlay_color":"","ocean_disable_breadcrumbs":"default","ocean_breadcrumbs_color":"","ocean_breadcrumbs_separator_color":"","ocean_breadcrumbs_links_color":"","ocean_breadcrumbs_links_hover_color":"","ocean_display_footer_widgets":"default","ocean_display_footer_bottom":"default","ocean_custom_footer_template":"0","osh_disable_topbar_sticky":"default","osh_disable_header_sticky":"default","osh_sticky_header_style":"default","osh_sticky_header_effect":"","osh_custom_sticky_logo":0,"osh_custom_retina_sticky_logo":0,"osh_custom_sticky_logo_height":0,"osh_background_color":"","osh_links_color":"","osh_links_hover_color":"","osh_links_active_color":"","osh_links_bg_color":"","osh_links_hover_bg_color":"","osh_links_active_bg_color":"","osh_menu_social_links_color":"","osh_menu_social_hover_links_color":""},"product_brand":[],"product_cat":[44,41],"product_tag":[101,100,99],"class_list":{"0":"post-2540","1":"product","2":"type-product","3":"status-publish","4":"has-post-thumbnail","6":"product_cat-progressive-grease-dividers","7":"product_cat-progressive-grease-systems","8":"product_tag-grease-distributor-block","9":"product_tag-grease-metering-valve","10":"product_tag-progressive-distributor","12":"entry","13":"has-media","15":"first","16":"instock","17":"shipping-taxable","18":"product-type-external","19":"col","20":"span_1_of_3","21":"owp-content-center","22":"owp-thumbs-layout-horizontal","23":"owp-btn-very-big","24":"owp-tabs-layout-horizontal"},"_links":{"self":[{"href":"https:\/\/www.jinpinlub.com\/it\/wp-json\/wp\/v2\/product\/2540","targetHints":{"allow":["GET"]}}],"collection":[{"href":"https:\/\/www.jinpinlub.com\/it\/wp-json\/wp\/v2\/product"}],"about":[{"href":"https:\/\/www.jinpinlub.com\/it\/wp-json\/wp\/v2\/types\/product"}],"wp:featuredmedia":[{"embeddable":true,"href":"https:\/\/www.jinpinlub.com\/it\/wp-json\/wp\/v2\/media\/2544"}],"wp:attachment":[{"href":"https:\/\/www.jinpinlub.com\/it\/wp-json\/wp\/v2\/media?parent=2540"}],"wp:term":[{"taxonomy":"product_brand","embeddable":true,"href":"https:\/\/www.jinpinlub.com\/it\/wp-json\/wp\/v2\/product_brand?post=2540"},{"taxonomy":"product_cat","embeddable":true,"href":"https:\/\/www.jinpinlub.com\/it\/wp-json\/wp\/v2\/product_cat?post=2540"},{"taxonomy":"product_tag","embeddable":true,"href":"https:\/\/www.jinpinlub.com\/it\/wp-json\/wp\/v2\/product_tag?post=2540"}],"curies":[{"name":"wp","href":"https:\/\/api.w.org\/{rel}","templated":true}]}}