{"id":2547,"date":"2024-07-18T09:49:55","date_gmt":"2024-07-18T09:49:55","guid":{"rendered":"https:\/\/www.jinpinlub.com\/?post_type=product&#038;p=2547"},"modified":"2025-04-30T15:28:50","modified_gmt":"2025-04-30T07:28:50","slug":"lubrificatore-automatico-a-punto-singolo-regolabile-azionato-a-gas-sml-60","status":"publish","type":"product","link":"https:\/\/www.jinpinlub.com\/it\/product\/sml-60-gas-driven-adjustable-automatic-single-point-lubricator\/","title":{"rendered":"Lubrificatore automatico a punto singolo regolabile a gas SML-60"},"content":{"rendered":"<h2>Caratteristiche<\/h2>\n<p>1. Pu\u00f2 essere impostato per scaricare automaticamente, in modo uniforme, puntuale e preciso ogni giorno per 1-12 mesi.<br \/>\n2. Controllare attivamente la lubrificazione, risparmiare sui costi di manutenzione delle apparecchiature ed evitare perdite di olio e inquinamento ambientale.<br \/>\n4. Funzionamento a batteria a secco, non influenzato da fattori esterni.<br \/>\n5. Riutilizzabili e dal prezzo ragionevole.<br \/>\n6. Funzionamento a potenza meccanica, sicurezza antideflagrante.<br \/>\n7. Pu\u00f2 essere interrotto e ripreso in qualsiasi momento, a seconda delle necessit\u00e0.<br \/>\n8. Contenitore trasparente per controllare in qualsiasi momento la capacit\u00e0 residua.<\/p>\n<h2>Specificazione<\/h2>\n<p>Nome: Lubrificatore a gas SML<br \/>\nMetodo di guida: gas elettrochimico<br \/>\nPressione di esercizio: massimo 5 bar<br \/>\nTempo di svuotamento: 1-12 mesi<br \/>\nScarico: 0,17-4,17 ml\/giorno<br \/>\nTemperatura di lavoro: -20 \u2103~+55 \u2103<br \/>\nLubrificanti: olio o grasso \u2264 NLGI#2<br \/>\nLivello di protezione: IP68<br \/>\nDurata di vita: 2 anni<br \/>\nTemperatura di inventario: 20 \u2103\u00b1 5 \u2103<br \/>\nPeso riempito: 115 g (60 ml), 190 g (125 ml)<br \/>\nCertificato: Certificazione CE<\/p>\n<h2>Applicazioni<\/h2>\n<p>Cuscinetti volventi: assicurano che i cuscinetti siano costantemente lubrificati durante il funzionamento, riducendo l&#039;usura e i costi di manutenzione.<br \/>\nCatene: garantire una lubrificazione continua durante il funzionamento della catena per evitare danni prematuri.<br \/>\nGuide e guide scorrevoli: garantiscono il corretto funzionamento delle guide e riducono l&#039;attrito.<br \/>\nPompe e motori: assicurarsi che i componenti principali di questi dispositivi siano adeguatamente lubrificati per prolungarne la durata utile.<br \/>\nIngranaggi e mandrini: garantiscono una lubrificazione precisa per ridurre usura e guasti.<br \/>\nSistemi di ventilazione: utilizzati nelle apparecchiature di ventilazione per garantirne il regolare funzionamento<\/p>\n<h2>Manuali<\/h2>\n<div class=\"sdm_download_button_box_default\"><div class=\"sdm_download_link\"><a href=\"https:\/\/www.jinpinlub.com\/it\/?sdm_process_download=1&download_id=2479\" class=\"sdm_download white\" title=\"Privato: SML Single-point Lubricator\" target=\"&quot;_blank&quot;\">Visualizza la scheda tecnica - Lubrificatore SML<\/a><\/div><\/div>","protected":false},"excerpt":{"rendered":"<p>Il lubrificatore SML pu\u00f2 essere installato in qualsiasi luogo mobile, vibrante, subacqueo, ad alta quota o contaminato, e pu\u00f2 anche essere installato capovolto o orizzontalmente. Questo lubrificatore \u00e8 normalmente un prodotto monouso, ma pu\u00f2 essere riempito fino a tre volte ed \u00e8 facile da smaltire dopo l&#039;uso.<\/p>","protected":false},"featured_media":3182,"template":"","meta":{"ocean_post_layout":"","ocean_both_sidebars_style":"","ocean_both_sidebars_content_width":0,"ocean_both_sidebars_sidebars_width":0,"ocean_sidebar":"0","ocean_second_sidebar":"0","ocean_disable_margins":"enable","ocean_add_body_class":"","ocean_shortcode_before_top_bar":"","ocean_shortcode_after_top_bar":"","ocean_shortcode_before_header":"","ocean_shortcode_after_header":"","ocean_has_shortcode":"","ocean_shortcode_after_title":"","ocean_shortcode_before_footer_widgets":"","ocean_shortcode_after_footer_widgets":"","ocean_shortcode_before_footer_bottom":"","ocean_shortcode_after_footer_bottom":"","ocean_display_top_bar":"default","ocean_display_header":"default","ocean_header_style":"","ocean_center_header_left_menu":"0","ocean_custom_header_template":"0","ocean_custom_logo":0,"ocean_custom_retina_logo":0,"ocean_custom_logo_max_width":0,"ocean_custom_logo_tablet_max_width":0,"ocean_custom_logo_mobile_max_width":0,"ocean_custom_logo_max_height":0,"ocean_custom_logo_tablet_max_height":0,"ocean_custom_logo_mobile_max_height":0,"ocean_header_custom_menu":"0","ocean_menu_typo_font_family":"0","ocean_menu_typo_font_subset":"","ocean_menu_typo_font_size":0,"ocean_menu_typo_font_size_tablet":0,"ocean_menu_typo_font_size_mobile":0,"ocean_menu_typo_font_size_unit":"px","ocean_menu_typo_font_weight":"","ocean_menu_typo_font_weight_tablet":"","ocean_menu_typo_font_weight_mobile":"","ocean_menu_typo_transform":"","ocean_menu_typo_transform_tablet":"","ocean_menu_typo_transform_mobile":"","ocean_menu_typo_line_height":0,"ocean_menu_typo_line_height_tablet":0,"ocean_menu_typo_line_height_mobile":0,"ocean_menu_typo_line_height_unit":"","ocean_menu_typo_spacing":0,"ocean_menu_typo_spacing_tablet":0,"ocean_menu_typo_spacing_mobile":0,"ocean_menu_typo_spacing_unit":"","ocean_menu_link_color":"","ocean_menu_link_color_hover":"","ocean_menu_link_color_active":"","ocean_menu_link_background":"","ocean_menu_link_hover_background":"","ocean_menu_link_active_background":"","ocean_menu_social_links_bg":"","ocean_menu_social_hover_links_bg":"","ocean_menu_social_links_color":"","ocean_menu_social_hover_links_color":"","ocean_disable_title":"default","ocean_disable_heading":"default","ocean_post_title":"","ocean_post_subheading":"","ocean_post_title_style":"","ocean_post_title_background_color":"","ocean_post_title_background":0,"ocean_post_title_bg_image_position":"","ocean_post_title_bg_image_attachment":"","ocean_post_title_bg_image_repeat":"","ocean_post_title_bg_image_size":"","ocean_post_title_height":0,"ocean_post_title_bg_overlay":0.5,"ocean_post_title_bg_overlay_color":"","ocean_disable_breadcrumbs":"default","ocean_breadcrumbs_color":"","ocean_breadcrumbs_separator_color":"","ocean_breadcrumbs_links_color":"","ocean_breadcrumbs_links_hover_color":"","ocean_display_footer_widgets":"default","ocean_display_footer_bottom":"default","ocean_custom_footer_template":"0","osh_disable_topbar_sticky":"default","osh_disable_header_sticky":"default","osh_sticky_header_style":"default","osh_sticky_header_effect":"","osh_custom_sticky_logo":0,"osh_custom_retina_sticky_logo":0,"osh_custom_sticky_logo_height":0,"osh_background_color":"","osh_links_color":"","osh_links_hover_color":"","osh_links_active_color":"","osh_links_bg_color":"","osh_links_hover_bg_color":"","osh_links_active_bg_color":"","osh_menu_social_links_color":"","osh_menu_social_hover_links_color":""},"product_brand":[],"product_cat":[33],"product_tag":[104,102,103],"class_list":{"0":"post-2547","1":"product","2":"type-product","3":"status-publish","4":"has-post-thumbnail","6":"product_cat-single-point-lubricators","7":"product_tag-gas-single-point-lubricator","8":"product_tag-single-point-lubrication-pump","9":"product_tag-single-point-lubricator","11":"entry","12":"has-media","14":"first","15":"instock","16":"featured","17":"shipping-taxable","18":"product-type-external","19":"col","20":"span_1_of_3","21":"owp-content-center","22":"owp-thumbs-layout-horizontal","23":"owp-btn-very-big","24":"owp-tabs-layout-horizontal"},"_links":{"self":[{"href":"https:\/\/www.jinpinlub.com\/it\/wp-json\/wp\/v2\/product\/2547","targetHints":{"allow":["GET"]}}],"collection":[{"href":"https:\/\/www.jinpinlub.com\/it\/wp-json\/wp\/v2\/product"}],"about":[{"href":"https:\/\/www.jinpinlub.com\/it\/wp-json\/wp\/v2\/types\/product"}],"wp:featuredmedia":[{"embeddable":true,"href":"https:\/\/www.jinpinlub.com\/it\/wp-json\/wp\/v2\/media\/3182"}],"wp:attachment":[{"href":"https:\/\/www.jinpinlub.com\/it\/wp-json\/wp\/v2\/media?parent=2547"}],"wp:term":[{"taxonomy":"product_brand","embeddable":true,"href":"https:\/\/www.jinpinlub.com\/it\/wp-json\/wp\/v2\/product_brand?post=2547"},{"taxonomy":"product_cat","embeddable":true,"href":"https:\/\/www.jinpinlub.com\/it\/wp-json\/wp\/v2\/product_cat?post=2547"},{"taxonomy":"product_tag","embeddable":true,"href":"https:\/\/www.jinpinlub.com\/it\/wp-json\/wp\/v2\/product_tag?post=2547"}],"curies":[{"name":"wp","href":"https:\/\/api.w.org\/{rel}","templated":true}]}}