{"id":3071,"date":"2024-08-08T16:22:50","date_gmt":"2024-08-08T16:22:50","guid":{"rendered":"https:\/\/www.jinpinlub.com\/?post_type=product&#038;p=3071"},"modified":"2024-08-08T16:51:35","modified_gmt":"2024-08-08T16:51:35","slug":"valvola-di-dosaggio-del-grasso-muk-per-sistema-di-lubrificazione-a-linea-singola","status":"publish","type":"product","link":"https:\/\/www.jinpinlub.com\/it\/product\/muk-grease-metering-valve-for-single-line-lubrication-system\/","title":{"rendered":"Valvola di dosaggio del grasso MUK per sistema di lubrificazione a linea singola"},"content":{"rendered":"<h2>Caratteristiche<\/h2>\n<p>1. MU \u00e8 una valvola di dosaggio ad azione diretta della pressione pressurizzata.<br \/>\nIl lubrificante a pressione erogato dalla pompa spinge il pistone nella valvola di dosaggio per scaricare forzatamente il lubrificante. Quando la pompa smette di funzionare, il pistone si riprende sotto l&#039;azione della forza della molla e il lubrificante viene immagazzinato.<br \/>\n2. Lo scarico \u00e8 accurato e un ciclo di dosaggio viene scaricato solo una volta. Che il distributore sia lontano, vicino, alto o basso nel sistema di lubrificazione, l&#039;installazione orizzontale o verticale non ha alcun effetto sullo scarico della valvola di dosaggio.<br \/>\n3. Scarico forzato, azione sensibile, ci sono due guarnizioni per impedire il riflusso dello scarico.<br \/>\n4. La valvola di dosaggio e il blocco di collegamento sono indipendenti. In base alla quantit\u00e0 di lubrificazione dei punti di lubrificazione, la valvola di dosaggio pu\u00f2 essere liberamente combinata con i blocchi di collegamento MU e MUJ e pu\u00f2 essere utilizzata in serie o in parallelo.<br \/>\n5. I raccordi di uscita della valvola di dosaggio sono \u03a64, con due tipi.<br \/>\nTipo a vite: composto da PA4 e PB4.<br \/>\nTipo a inserimento: inserire direttamente il tubo \u03a64.<br \/>\n6. Compatibile con lubrificanti NLGI 000 #, 00 #, 0 #<\/p>\n<h2>Specificazione<\/h2>\n<table>\n<tbody>\n<tr>\n<td>Principio di funzionamento<\/td>\n<td>Dispositivi di misurazione<\/td>\n<\/tr>\n<tr>\n<td>Numero di punti vendita<\/td>\n<td>1-12<\/td>\n<\/tr>\n<tr>\n<td>Quantit\u00e0 di dosaggio<\/td>\n<td>0,05, 0,10, 0,20, 0,30, 0,50 mL\/ciclo<\/td>\n<\/tr>\n<tr>\n<td>Lubrificante<\/td>\n<td>NLGI 000 #, 00 #, 0 #<\/td>\n<\/tr>\n<tr>\n<td>Temperatura di esercizio<\/td>\n<td>da 0 a +80 \u00b0C<\/td>\n<\/tr>\n<tr>\n<td>Pressione di esercizio<\/td>\n<td>\u22651,5 MPa<\/td>\n<\/tr>\n<tr>\n<td>Ripristinare la pressione<\/td>\n<td>\u22640,5 MPa<\/td>\n<\/tr>\n<tr>\n<td>Raccordi di collegamento<\/td>\n<td>Tipo a vite, tipo a pressione<\/td>\n<\/tr>\n<tr>\n<td>Materiale<\/td>\n<td>Lega di alluminio + rame<\/td>\n<\/tr>\n<tr>\n<td>Posizione di montaggio<\/td>\n<td>Qualunque<\/td>\n<\/tr>\n<\/tbody>\n<\/table>\n<h2>Applicazione<\/h2>\n<p>Sistema di lubrificazione: soprattutto nei sistemi di macchine utensili, viene utilizzato per controllare con precisione il flusso di olio o grasso lubrificante.<br \/>\nSettore dell&#039;automazione non standard: pu\u00f2 essere utilizzato per varie macchine di automazione non standard che richiedono una lubrificazione a olio precisa.<br \/>\nIndustria chimica e farmaceutica: viene utilizzato per il dosaggio e la distribuzione precisi di prodotti chimici e medicinali.<br \/>\nLaboratori e istituti di ricerca: viene utilizzato nei casi in cui \u00e8 richiesto un controllo preciso del flusso del fluido durante gli esperimenti.<\/p>\n<h2>Manuali<\/h2>\n<div class=\"sdm_download_button_box_default\"><div class=\"sdm_download_link\"><a href=\"https:\/\/www.jinpinlub.com\/it\/?sdm_process_download=1&download_id=3070\" class=\"sdm_download white\" title=\"Privato: MUK Pressure-relief Distributor\" target=\"&quot;_blank&quot;\">Visualizza la scheda tecnica - Distributore MUK<\/a><\/div><\/div>","protected":false},"excerpt":{"rendered":"<p>I dispositivi di misurazione MUK sono utilizzati principalmente per alleviare la pressione nei sistemi di lubrificazione a grasso a linea singola. Sono utilizzati principalmente per apparecchiature meccaniche con requisiti di lubrificazione precisi. Il vantaggio \u00e8 che la portata di ciascun punto di lubrificazione pu\u00f2 essere regolata in base alle esigenze.<\/p>","protected":false},"featured_media":3073,"template":"","meta":{"ocean_post_layout":"","ocean_both_sidebars_style":"","ocean_both_sidebars_content_width":0,"ocean_both_sidebars_sidebars_width":0,"ocean_sidebar":"0","ocean_second_sidebar":"0","ocean_disable_margins":"enable","ocean_add_body_class":"","ocean_shortcode_before_top_bar":"","ocean_shortcode_after_top_bar":"","ocean_shortcode_before_header":"","ocean_shortcode_after_header":"","ocean_has_shortcode":"","ocean_shortcode_after_title":"","ocean_shortcode_before_footer_widgets":"","ocean_shortcode_after_footer_widgets":"","ocean_shortcode_before_footer_bottom":"","ocean_shortcode_after_footer_bottom":"","ocean_display_top_bar":"default","ocean_display_header":"default","ocean_header_style":"","ocean_center_header_left_menu":"0","ocean_custom_header_template":"0","ocean_custom_logo":0,"ocean_custom_retina_logo":0,"ocean_custom_logo_max_width":0,"ocean_custom_logo_tablet_max_width":0,"ocean_custom_logo_mobile_max_width":0,"ocean_custom_logo_max_height":0,"ocean_custom_logo_tablet_max_height":0,"ocean_custom_logo_mobile_max_height":0,"ocean_header_custom_menu":"0","ocean_menu_typo_font_family":"0","ocean_menu_typo_font_subset":"","ocean_menu_typo_font_size":0,"ocean_menu_typo_font_size_tablet":0,"ocean_menu_typo_font_size_mobile":0,"ocean_menu_typo_font_size_unit":"px","ocean_menu_typo_font_weight":"","ocean_menu_typo_font_weight_tablet":"","ocean_menu_typo_font_weight_mobile":"","ocean_menu_typo_transform":"","ocean_menu_typo_transform_tablet":"","ocean_menu_typo_transform_mobile":"","ocean_menu_typo_line_height":0,"ocean_menu_typo_line_height_tablet":0,"ocean_menu_typo_line_height_mobile":0,"ocean_menu_typo_line_height_unit":"","ocean_menu_typo_spacing":0,"ocean_menu_typo_spacing_tablet":0,"ocean_menu_typo_spacing_mobile":0,"ocean_menu_typo_spacing_unit":"","ocean_menu_link_color":"","ocean_menu_link_color_hover":"","ocean_menu_link_color_active":"","ocean_menu_link_background":"","ocean_menu_link_hover_background":"","ocean_menu_link_active_background":"","ocean_menu_social_links_bg":"","ocean_menu_social_hover_links_bg":"","ocean_menu_social_links_color":"","ocean_menu_social_hover_links_color":"","ocean_disable_title":"default","ocean_disable_heading":"default","ocean_post_title":"","ocean_post_subheading":"","ocean_post_title_style":"","ocean_post_title_background_color":"","ocean_post_title_background":0,"ocean_post_title_bg_image_position":"","ocean_post_title_bg_image_attachment":"","ocean_post_title_bg_image_repeat":"","ocean_post_title_bg_image_size":"","ocean_post_title_height":0,"ocean_post_title_bg_overlay":0.5,"ocean_post_title_bg_overlay_color":"","ocean_disable_breadcrumbs":"default","ocean_breadcrumbs_color":"","ocean_breadcrumbs_separator_color":"","ocean_breadcrumbs_links_color":"","ocean_breadcrumbs_links_hover_color":"","ocean_display_footer_widgets":"default","ocean_display_footer_bottom":"default","ocean_custom_footer_template":"0","osh_disable_topbar_sticky":"default","osh_disable_header_sticky":"default","osh_sticky_header_style":"default","osh_sticky_header_effect":"","osh_custom_sticky_logo":0,"osh_custom_retina_sticky_logo":0,"osh_custom_sticky_logo_height":0,"osh_background_color":"","osh_links_color":"","osh_links_hover_color":"","osh_links_active_color":"","osh_links_bg_color":"","osh_links_hover_bg_color":"","osh_links_active_bg_color":"","osh_menu_social_links_color":"","osh_menu_social_hover_links_color":""},"product_brand":[],"product_cat":[40,37],"product_tag":[87,83,136],"class_list":{"0":"post-3071","1":"product","2":"type-product","3":"status-publish","4":"has-post-thumbnail","6":"product_cat-pressure-relief-metering-valves","7":"product_cat-single-line-grease-systems","8":"product_tag-grease-distributor","9":"product_tag-pressure-relief-distributor","10":"product_tag-single-line-system-distributor","12":"entry","13":"has-media","15":"first","16":"instock","17":"shipping-taxable","18":"product-type-external","19":"col","20":"span_1_of_3","21":"owp-content-center","22":"owp-thumbs-layout-horizontal","23":"owp-btn-very-big","24":"owp-tabs-layout-horizontal"},"_links":{"self":[{"href":"https:\/\/www.jinpinlub.com\/it\/wp-json\/wp\/v2\/product\/3071","targetHints":{"allow":["GET"]}}],"collection":[{"href":"https:\/\/www.jinpinlub.com\/it\/wp-json\/wp\/v2\/product"}],"about":[{"href":"https:\/\/www.jinpinlub.com\/it\/wp-json\/wp\/v2\/types\/product"}],"wp:featuredmedia":[{"embeddable":true,"href":"https:\/\/www.jinpinlub.com\/it\/wp-json\/wp\/v2\/media\/3073"}],"wp:attachment":[{"href":"https:\/\/www.jinpinlub.com\/it\/wp-json\/wp\/v2\/media?parent=3071"}],"wp:term":[{"taxonomy":"product_brand","embeddable":true,"href":"https:\/\/www.jinpinlub.com\/it\/wp-json\/wp\/v2\/product_brand?post=3071"},{"taxonomy":"product_cat","embeddable":true,"href":"https:\/\/www.jinpinlub.com\/it\/wp-json\/wp\/v2\/product_cat?post=3071"},{"taxonomy":"product_tag","embeddable":true,"href":"https:\/\/www.jinpinlub.com\/it\/wp-json\/wp\/v2\/product_tag?post=3071"}],"curies":[{"name":"wp","href":"https:\/\/api.w.org\/{rel}","templated":true}]}}