{"id":3186,"date":"2024-08-11T14:59:03","date_gmt":"2024-08-11T14:59:03","guid":{"rendered":"https:\/\/www.jinpinlub.com\/?post_type=product&#038;p=3186"},"modified":"2024-08-11T15:12:36","modified_gmt":"2024-08-11T15:12:36","slug":"distributore-iniettore-tipo-manicotto-lt5-per-pompa-olio-volumetrica","status":"publish","type":"product","link":"https:\/\/www.jinpinlub.com\/it\/product\/lt5-sleeve-type-distributor-injector-for-volumetric-oil-pump\/","title":{"rendered":"LT5 Iniettore distributore tipo manicotto per pompa olio volumetrica"},"content":{"rendered":"<h2>Caratteristiche<\/h2>\n<p>1. LT ha un flusso preciso, ovvero ogni punto di lubrificazione pu\u00f2 selezionare la quantit\u00e0 richiesta di olio lubrificante.<br \/>\n2. Deve essere utilizzato con una pompa volumetrica per scaricare a ogni intervallo del motore.<br \/>\n3. Ogni uscita dell&#039;olio del LT \u00e8 dotata di un&#039;asta indicatrice, che pu\u00f2 controllare visivamente l&#039;azione; un interruttore di prossimit\u00e0 o un microinterruttore sono opzionali.<br \/>\n4. La specifica standard dell&#039;interruttore di prossimit\u00e0 \u00e8 un contatto NC normalmente chiuso, che generer\u00e0 un segnale quando l&#039;asta dell&#039;indicatore non viene rilevata in movimento, ed \u00e8 anche possibile selezionare un contatto NO normalmente aperto.<br \/>\n5. Il microinterruttore pu\u00f2 essere installato solo sull&#039;uscita dell&#039;olio con un volume di scarico di 0,5 cc e pu\u00f2 essere impostato su contatto normalmente aperto NO che genera un segnale quando il motore \u00e8 in movimento o su contatto normalmente chiuso NC che genera un segnale quando il motore \u00e8 intermittente.<br \/>\n6. LT offre due tipi di raccordi per tubi tra cui scegliere: tubi di montaggio standard e tubi a innesto rapido.<\/p>\n<h2>Specificazione<\/h2>\n<table>\n<tbody>\n<tr>\n<td>Principio di funzionamento<\/td>\n<td>Iniettore a spostamento positivo<\/td>\n<\/tr>\n<tr>\n<td>Punti vendita<\/td>\n<td>2, 3, 4, 5, 6, 7<\/td>\n<\/tr>\n<tr>\n<td>Quantit\u00e0 di dosaggio dell&#039;olio<\/td>\n<td>0,1, 0,2, 0,3, 0,4, 0,5, 0,06 mL\/ciclo<\/td>\n<\/tr>\n<tr>\n<td>Lubrificante<\/td>\n<td>32~90 cSt a 40\u00b0C<\/td>\n<\/tr>\n<tr>\n<td>Temperatura di esercizio<\/td>\n<td>da 0 a +80 \u00b0C<\/td>\n<\/tr>\n<tr>\n<td>Pressione di esercizio<\/td>\n<td>8~30bar<\/td>\n<\/tr>\n<tr>\n<td>Materiale<\/td>\n<td>Pressofusione di zinco, ottone<\/td>\n<\/tr>\n<tr>\n<td>Presa di collegamento<\/td>\n<td>Ingresso \u03a66 (M10x1), Uscita \u03a64 (M8x1)<\/td>\n<\/tr>\n<tr>\n<td>Raccordi di scarico<\/td>\n<td>Tipo di manicotto, tipo rapido<\/td>\n<\/tr>\n<tr>\n<td>Posizione di montaggio<\/td>\n<td>Qualunque<\/td>\n<\/tr>\n<\/tbody>\n<\/table>\n<h2>Principio<\/h2>\n<p>Il principio di funzionamento del distributore di olio sottile LT Pressure Relief dipende principalmente dal funzionamento e dal meccanismo di rilascio della pressione dell&#039;iniettore di olio. Quando la pompa di lubrificazione \u00e8 in funzione, eroga olio lubrificante al distributore. Quando il distributore \u00e8 riempito di olio lubrificante, la macchina di lubrificazione smette di funzionare e rilascia la pressione. A questo punto, la molla all&#039;interno del distributore LT spinge il pistone, erogando una quantit\u00e0 predeterminata di olio lubrificante a ciascun punto di lubrificazione.<\/p>\n<h2>Manuali<\/h2>\n<div class=\"sdm_download_button_box_default\"><div class=\"sdm_download_link\"><a href=\"https:\/\/www.jinpinlub.com\/it\/?sdm_process_download=1&download_id=2475\" class=\"sdm_download white\" title=\"Privato: LT Pressure-relief Distributor\" target=\"&quot;_blank&quot;\">Visualizza la scheda tecnica - Distributore LT<\/a><\/div><\/div>","protected":false},"excerpt":{"rendered":"<p>Il distributore di olio sottile di scarico della pressione \u00e8 un dispositivo utilizzato nei sistemi di lubrificazione per una distribuzione precisa dell&#039;olio lubrificante. Ottiene una fornitura di olio quantitativa tramite il funzionamento e lo scarico della pressione dell&#039;iniettore di olio e quando la pompa rilascia la pressione, LT scarica l&#039;olio.<\/p>","protected":false},"featured_media":3103,"template":"","meta":{"ocean_post_layout":"","ocean_both_sidebars_style":"","ocean_both_sidebars_content_width":0,"ocean_both_sidebars_sidebars_width":0,"ocean_sidebar":"0","ocean_second_sidebar":"0","ocean_disable_margins":"enable","ocean_add_body_class":"","ocean_shortcode_before_top_bar":"","ocean_shortcode_after_top_bar":"","ocean_shortcode_before_header":"","ocean_shortcode_after_header":"","ocean_has_shortcode":"","ocean_shortcode_after_title":"","ocean_shortcode_before_footer_widgets":"","ocean_shortcode_after_footer_widgets":"","ocean_shortcode_before_footer_bottom":"","ocean_shortcode_after_footer_bottom":"","ocean_display_top_bar":"default","ocean_display_header":"default","ocean_header_style":"","ocean_center_header_left_menu":"0","ocean_custom_header_template":"0","ocean_custom_logo":0,"ocean_custom_retina_logo":0,"ocean_custom_logo_max_width":0,"ocean_custom_logo_tablet_max_width":0,"ocean_custom_logo_mobile_max_width":0,"ocean_custom_logo_max_height":0,"ocean_custom_logo_tablet_max_height":0,"ocean_custom_logo_mobile_max_height":0,"ocean_header_custom_menu":"0","ocean_menu_typo_font_family":"0","ocean_menu_typo_font_subset":"","ocean_menu_typo_font_size":0,"ocean_menu_typo_font_size_tablet":0,"ocean_menu_typo_font_size_mobile":0,"ocean_menu_typo_font_size_unit":"px","ocean_menu_typo_font_weight":"","ocean_menu_typo_font_weight_tablet":"","ocean_menu_typo_font_weight_mobile":"","ocean_menu_typo_transform":"","ocean_menu_typo_transform_tablet":"","ocean_menu_typo_transform_mobile":"","ocean_menu_typo_line_height":0,"ocean_menu_typo_line_height_tablet":0,"ocean_menu_typo_line_height_mobile":0,"ocean_menu_typo_line_height_unit":"","ocean_menu_typo_spacing":0,"ocean_menu_typo_spacing_tablet":0,"ocean_menu_typo_spacing_mobile":0,"ocean_menu_typo_spacing_unit":"","ocean_menu_link_color":"","ocean_menu_link_color_hover":"","ocean_menu_link_color_active":"","ocean_menu_link_background":"","ocean_menu_link_hover_background":"","ocean_menu_link_active_background":"","ocean_menu_social_links_bg":"","ocean_menu_social_hover_links_bg":"","ocean_menu_social_links_color":"","ocean_menu_social_hover_links_color":"","ocean_disable_title":"default","ocean_disable_heading":"default","ocean_post_title":"","ocean_post_subheading":"","ocean_post_title_style":"","ocean_post_title_background_color":"","ocean_post_title_background":0,"ocean_post_title_bg_image_position":"","ocean_post_title_bg_image_attachment":"","ocean_post_title_bg_image_repeat":"","ocean_post_title_bg_image_size":"","ocean_post_title_height":0,"ocean_post_title_bg_overlay":0.5,"ocean_post_title_bg_overlay_color":"","ocean_disable_breadcrumbs":"default","ocean_breadcrumbs_color":"","ocean_breadcrumbs_separator_color":"","ocean_breadcrumbs_links_color":"","ocean_breadcrumbs_links_hover_color":"","ocean_display_footer_widgets":"default","ocean_display_footer_bottom":"default","ocean_custom_footer_template":"0","osh_disable_topbar_sticky":"default","osh_disable_header_sticky":"default","osh_sticky_header_style":"default","osh_sticky_header_effect":"","osh_custom_sticky_logo":0,"osh_custom_retina_sticky_logo":0,"osh_custom_sticky_logo_height":0,"osh_background_color":"","osh_links_color":"","osh_links_hover_color":"","osh_links_active_color":"","osh_links_bg_color":"","osh_links_hover_bg_color":"","osh_links_active_bg_color":"","osh_menu_social_links_color":"","osh_menu_social_hover_links_color":""},"product_brand":[],"product_cat":[49,47],"product_tag":[150,82,83],"class_list":{"0":"post-3186","1":"product","2":"type-product","3":"status-publish","4":"has-post-thumbnail","6":"product_cat-volumetric-oil-injectors","7":"product_cat-volumetric-thin-oil-systems","8":"product_tag-oil-lubrication-distributor","9":"product_tag-positive-displacement-injector","10":"product_tag-pressure-relief-distributor","12":"entry","13":"has-media","15":"first","16":"instock","17":"shipping-taxable","18":"product-type-external","19":"col","20":"span_1_of_3","21":"owp-content-center","22":"owp-thumbs-layout-horizontal","23":"owp-btn-very-big","24":"owp-tabs-layout-horizontal"},"_links":{"self":[{"href":"https:\/\/www.jinpinlub.com\/it\/wp-json\/wp\/v2\/product\/3186","targetHints":{"allow":["GET"]}}],"collection":[{"href":"https:\/\/www.jinpinlub.com\/it\/wp-json\/wp\/v2\/product"}],"about":[{"href":"https:\/\/www.jinpinlub.com\/it\/wp-json\/wp\/v2\/types\/product"}],"wp:featuredmedia":[{"embeddable":true,"href":"https:\/\/www.jinpinlub.com\/it\/wp-json\/wp\/v2\/media\/3103"}],"wp:attachment":[{"href":"https:\/\/www.jinpinlub.com\/it\/wp-json\/wp\/v2\/media?parent=3186"}],"wp:term":[{"taxonomy":"product_brand","embeddable":true,"href":"https:\/\/www.jinpinlub.com\/it\/wp-json\/wp\/v2\/product_brand?post=3186"},{"taxonomy":"product_cat","embeddable":true,"href":"https:\/\/www.jinpinlub.com\/it\/wp-json\/wp\/v2\/product_cat?post=3186"},{"taxonomy":"product_tag","embeddable":true,"href":"https:\/\/www.jinpinlub.com\/it\/wp-json\/wp\/v2\/product_tag?post=3186"}],"curies":[{"name":"wp","href":"https:\/\/api.w.org\/{rel}","templated":true}]}}