{"id":3316,"date":"2024-08-15T21:01:37","date_gmt":"2024-08-15T21:01:37","guid":{"rendered":"https:\/\/www.jinpinlub.com\/?post_type=product&#038;p=3316"},"modified":"2024-08-16T15:05:04","modified_gmt":"2024-08-16T15:05:04","slug":"sistema-di-lubrificazione-centralizzata-per-macchine-di-piccole-e-medie-dimensioni","status":"publish","type":"product","link":"https:\/\/www.jinpinlub.com\/it\/product\/centralized-lubrication-system-for-small-medium-sized-machine\/","title":{"rendered":"Sistema di lubrificazione centralizzata per macchine di piccole e medie dimensioni"},"content":{"rendered":"<h2>Caratteristiche<\/h2>\n<p>La pompa elettrica \u00e8 controllata dal PLC host o da un controller esterno per gestire il tempo di funzionamento e il tempo intermittente del ciclo di lavoro della pompa di lubrificazione.<br \/>\n\u00c8 possibile selezionare un sensore di basso livello del grasso per monitorare in tempo reale il lubrificante rimanente nella pompa del grasso.<br \/>\nIl modello J100 \u00e8 dotato di una valvola di regolazione della pressione per controllare la pressione di esercizio della pompa di lubrificazione e proteggerne la sicurezza operativa.<br \/>\nIl J100 \u00e8 dotato di una valvola di sfiato. Quando si inizia a utilizzare, l&#039;aria nella cavit\u00e0 della pompa di lubrificazione deve essere rimossa per prima cosa per garantire uno scarico regolare dell&#039;olio dalla pompa di lubrificazione.<br \/>\nQuesta pompa di lubrificazione \u00e8 disponibile in diverse capacit\u00e0 e pu\u00f2 essere progettata con serbatoio o cartuccia.<br \/>\nLa pompa a stantuffo J100 \u00e8 una pompa di lubrificazione altamente adattabile. Ha 2 uscite e pu\u00f2 servire due linee di lubrificazione contemporaneamente.<\/p>\n<h2>Specificazione<\/h2>\n<table>\n<tbody>\n<tr>\n<td>Temperatura di esercizio<\/td>\n<td>+0\u2103~+50\u2103<\/td>\n<\/tr>\n<tr>\n<td>Numero di punti vendita<\/td>\n<td>1, 2<\/td>\n<\/tr>\n<tr>\n<td>Capacit\u00e0 del serbatoio<\/td>\n<td>0,3 L, 1,5 L (serbatoio), 0,3 L, 0,7 L (cartuccia)<\/td>\n<\/tr>\n<tr>\n<td>Ricarica<\/td>\n<td>Raccordo di lubrificazione idraulica<\/td>\n<\/tr>\n<tr>\n<td>Lubrificante<\/td>\n<td>Grassi grado NLGI 000~2#<\/td>\n<\/tr>\n<tr>\n<td>Classe di protezione<\/td>\n<td>Grado IP54<\/td>\n<\/tr>\n<tr>\n<td>Scarico<\/td>\n<td>15 ml\/min<\/td>\n<\/tr>\n<tr>\n<td>Pressione massima di esercizio<\/td>\n<td>8MPa<\/td>\n<\/tr>\n<tr>\n<td>Filettatura di collegamento<\/td>\n<td>\u03a66 o \u03a68<\/td>\n<\/tr>\n<tr>\n<td>Tensione di esercizio<\/td>\n<td>24 V CC<\/td>\n<\/tr>\n<tr>\n<td>Certificazione<\/td>\n<td>CE<\/td>\n<\/tr>\n<tr>\n<td>Posizione di montaggio<\/td>\n<td>Verticale<\/td>\n<\/tr>\n<\/tbody>\n<\/table>\n<h2>Applicazioni<\/h2>\n<p>Fissare sempre la pompa di lubrificazione J100 su una superficie verticale e piana.<br \/>\nUtilizzare 6 bulloni M8 attraverso i fori \u03a69 per installare e fissare la pompa di lubrificazione.<br \/>\nSe la pompa di lubrificazione \u00e8 soggetta a vibrazioni, si consiglia di applicare una colla antivibrante.<br \/>\nLa pompa di lubrificazione deve essere installata lontano da acqua, olio, detriti e polvere.<br \/>\nPer quanto riguarda il collegamento elettrico dell&#039;unit\u00e0 pompa, assicurarsi di adottare misure appropriate, come cavi anti-interferenza, per evitare interferenze tra i segnali dovute ad accoppiamento induttivo, capacitivo o elettromagnetico.<\/p>\n<h2>Manuali<\/h2>\n<div class=\"sdm_download_button_box_default\"><div class=\"sdm_download_link\"><a href=\"https:\/\/www.jinpinlub.com\/it\/?sdm_process_download=1&download_id=2462\" class=\"sdm_download white\" title=\"Privato: J100 Grease Pump\" target=\"&quot;_blank&quot;\">Visualizza la scheda tecnica - Pompa per grasso J100<\/a><\/div><\/div>","protected":false},"excerpt":{"rendered":"<p>La J100 \u00e8 una pompa per grasso per lubrificazione centralizzata compatta, affidabile e adattabile. Ha una variet\u00e0 di capacit\u00e0 e molteplici modalit\u00e0 di lavoro, come il tipo progressivo e il tipo di scarico della pressione a linea singola con funzione di scarico della pressione integrata.<\/p>","protected":false},"featured_media":3322,"template":"","meta":{"ocean_post_layout":"","ocean_both_sidebars_style":"","ocean_both_sidebars_content_width":0,"ocean_both_sidebars_sidebars_width":0,"ocean_sidebar":"0","ocean_second_sidebar":"0","ocean_disable_margins":"enable","ocean_add_body_class":"","ocean_shortcode_before_top_bar":"","ocean_shortcode_after_top_bar":"","ocean_shortcode_before_header":"","ocean_shortcode_after_header":"","ocean_has_shortcode":"","ocean_shortcode_after_title":"","ocean_shortcode_before_footer_widgets":"","ocean_shortcode_after_footer_widgets":"","ocean_shortcode_before_footer_bottom":"","ocean_shortcode_after_footer_bottom":"","ocean_display_top_bar":"default","ocean_display_header":"default","ocean_header_style":"","ocean_center_header_left_menu":"0","ocean_custom_header_template":"0","ocean_custom_logo":0,"ocean_custom_retina_logo":0,"ocean_custom_logo_max_width":0,"ocean_custom_logo_tablet_max_width":0,"ocean_custom_logo_mobile_max_width":0,"ocean_custom_logo_max_height":0,"ocean_custom_logo_tablet_max_height":0,"ocean_custom_logo_mobile_max_height":0,"ocean_header_custom_menu":"0","ocean_menu_typo_font_family":"0","ocean_menu_typo_font_subset":"","ocean_menu_typo_font_size":0,"ocean_menu_typo_font_size_tablet":0,"ocean_menu_typo_font_size_mobile":0,"ocean_menu_typo_font_size_unit":"px","ocean_menu_typo_font_weight":"","ocean_menu_typo_font_weight_tablet":"","ocean_menu_typo_font_weight_mobile":"","ocean_menu_typo_transform":"","ocean_menu_typo_transform_tablet":"","ocean_menu_typo_transform_mobile":"","ocean_menu_typo_line_height":0,"ocean_menu_typo_line_height_tablet":0,"ocean_menu_typo_line_height_mobile":0,"ocean_menu_typo_line_height_unit":"","ocean_menu_typo_spacing":0,"ocean_menu_typo_spacing_tablet":0,"ocean_menu_typo_spacing_mobile":0,"ocean_menu_typo_spacing_unit":"","ocean_menu_link_color":"","ocean_menu_link_color_hover":"","ocean_menu_link_color_active":"","ocean_menu_link_background":"","ocean_menu_link_hover_background":"","ocean_menu_link_active_background":"","ocean_menu_social_links_bg":"","ocean_menu_social_hover_links_bg":"","ocean_menu_social_links_color":"","ocean_menu_social_hover_links_color":"","ocean_disable_title":"default","ocean_disable_heading":"default","ocean_post_title":"","ocean_post_subheading":"","ocean_post_title_style":"","ocean_post_title_background_color":"","ocean_post_title_background":0,"ocean_post_title_bg_image_position":"","ocean_post_title_bg_image_attachment":"","ocean_post_title_bg_image_repeat":"","ocean_post_title_bg_image_size":"","ocean_post_title_height":0,"ocean_post_title_bg_overlay":0.5,"ocean_post_title_bg_overlay_color":"","ocean_disable_breadcrumbs":"default","ocean_breadcrumbs_color":"","ocean_breadcrumbs_separator_color":"","ocean_breadcrumbs_links_color":"","ocean_breadcrumbs_links_hover_color":"","ocean_display_footer_widgets":"default","ocean_display_footer_bottom":"default","ocean_custom_footer_template":"0","osh_disable_topbar_sticky":"default","osh_disable_header_sticky":"default","osh_sticky_header_style":"default","osh_sticky_header_effect":"","osh_custom_sticky_logo":0,"osh_custom_retina_sticky_logo":0,"osh_custom_sticky_logo_height":0,"osh_background_color":"","osh_links_color":"","osh_links_hover_color":"","osh_links_active_color":"","osh_links_bg_color":"","osh_links_hover_bg_color":"","osh_links_active_bg_color":"","osh_menu_social_links_color":"","osh_menu_social_hover_links_color":""},"product_brand":[],"product_cat":[42,41],"product_tag":[190,192,191],"class_list":{"0":"post-3316","1":"product","2":"type-product","3":"status-publish","4":"has-post-thumbnail","6":"product_cat-electric-progressive-pumps","7":"product_cat-progressive-grease-systems","8":"product_tag-bearing-lubrication-pump","9":"product_tag-central-lubrication-pump","10":"product_tag-cnc-lubrication-pump","12":"entry","13":"has-media","15":"first","16":"instock","17":"shipping-taxable","18":"product-type-external","19":"col","20":"span_1_of_3","21":"owp-content-center","22":"owp-thumbs-layout-horizontal","23":"owp-btn-very-big","24":"owp-tabs-layout-horizontal"},"_links":{"self":[{"href":"https:\/\/www.jinpinlub.com\/it\/wp-json\/wp\/v2\/product\/3316","targetHints":{"allow":["GET"]}}],"collection":[{"href":"https:\/\/www.jinpinlub.com\/it\/wp-json\/wp\/v2\/product"}],"about":[{"href":"https:\/\/www.jinpinlub.com\/it\/wp-json\/wp\/v2\/types\/product"}],"wp:featuredmedia":[{"embeddable":true,"href":"https:\/\/www.jinpinlub.com\/it\/wp-json\/wp\/v2\/media\/3322"}],"wp:attachment":[{"href":"https:\/\/www.jinpinlub.com\/it\/wp-json\/wp\/v2\/media?parent=3316"}],"wp:term":[{"taxonomy":"product_brand","embeddable":true,"href":"https:\/\/www.jinpinlub.com\/it\/wp-json\/wp\/v2\/product_brand?post=3316"},{"taxonomy":"product_cat","embeddable":true,"href":"https:\/\/www.jinpinlub.com\/it\/wp-json\/wp\/v2\/product_cat?post=3316"},{"taxonomy":"product_tag","embeddable":true,"href":"https:\/\/www.jinpinlub.com\/it\/wp-json\/wp\/v2\/product_tag?post=3316"}],"curies":[{"name":"wp","href":"https:\/\/api.w.org\/{rel}","templated":true}]}}