{"id":3317,"date":"2024-08-16T14:18:49","date_gmt":"2024-08-16T14:18:49","guid":{"rendered":"https:\/\/www.jinpinlub.com\/?post_type=product&#038;p=3317"},"modified":"2024-08-16T14:40:11","modified_gmt":"2024-08-16T14:40:11","slug":"pompa-di-lubrificazione-elettrica-j200-per-sistemi-di-lubrificazione-a-linea-singola","status":"publish","type":"product","link":"https:\/\/www.jinpinlub.com\/it\/product\/j200-electric-lubrication-pump-for-single-line-lube-systems\/","title":{"rendered":"Pompa di lubrificazione elettrica J200 per sistemi di lubrificazione a linea singola"},"content":{"rendered":"<h2>Caratteristiche<\/h2>\n<p>La serie J200 pu\u00f2 essere utilizzata in un sistema di lubrificazione centralizzata a linea singola. Il movimento lineare alternativo della pompa azionata dal motore eroga il grasso all&#039;uscita della pompa e raggiunge il punto di lubrificazione tramite il distributore pressurizzato. Quando viene raggiunta la pressione preimpostata, il motore smette di funzionare e anche la valvola di sicurezza inizia a funzionare, rilasciando la pressione del sistema e completando un ciclo.<br \/>\nLa pompa pu\u00f2 essere controllata da un sistema di controllo esterno. Il sistema di controllo imposta principalmente la frequenza di lubrificazione, il tempo di lubrificazione e il tempo di intervallo.<br \/>\nLa pressione del sistema \u00e8 monitorata da un pressostato, che di solito \u00e8 installato nel tubo prima dell&#039;ultimo distributore. Il pressostato invia un segnale all&#039;unit\u00e0 di controllo, che arresta la pompa.<br \/>\nLa pompa di lubrificazione J200 e il distributore pressurizzato funzionano entro l&#039;intervallo di temperatura specificato, la pressione massima \u00e8 di 8 MPa, l&#039;intervallo di lubrificazione minima \u00e8 di 5 minuti, la lunghezza massima della linea principale \u00e8 di 15 metri ed \u00e8 adatta per un massimo di 100 lubrificazioni in piccole e medie apparecchiature.<\/p>\n<h2>Specificazione<\/h2>\n<table>\n<tbody>\n<tr>\n<td>Temperatura di esercizio<\/td>\n<td>Temperatura ambiente: da 0 a +50 \u00b0C<\/td>\n<\/tr>\n<tr>\n<td>Numero di punti vendita<\/td>\n<td>1, 2<\/td>\n<\/tr>\n<tr>\n<td>Capacit\u00e0 del serbatoio<\/td>\n<td>0,3 L, 1,5 L (serbatoio), 0,3 L, 0,7 L (cartuccia)<\/td>\n<\/tr>\n<tr>\n<td>Ricarica<\/td>\n<td>Raccordo di lubrificazione idraulica<\/td>\n<\/tr>\n<tr>\n<td>Lubrificante<\/td>\n<td>Grassi grado NLGI 000~2#<\/td>\n<\/tr>\n<tr>\n<td>Classe di protezione<\/td>\n<td>Grado IP54<\/td>\n<\/tr>\n<tr>\n<td>Scarico<\/td>\n<td>15 ml\/min<\/td>\n<\/tr>\n<tr>\n<td>Pressione massima di esercizio<\/td>\n<td>8MPa<\/td>\n<\/tr>\n<tr>\n<td>Filettatura di collegamento<\/td>\n<td>\u03a66 o \u03a68<\/td>\n<\/tr>\n<tr>\n<td>Tensione di esercizio<\/td>\n<td>24 V CC<\/td>\n<\/tr>\n<tr>\n<td>Certificazione<\/td>\n<td>CE<\/td>\n<\/tr>\n<tr>\n<td>Posizione di montaggio<\/td>\n<td>Verticale<\/td>\n<\/tr>\n<\/tbody>\n<\/table>\n<h2>Applicazioni<\/h2>\n<p>L&#039;interruttore di livello basso \u00e8 nell&#039;adattatore della cartuccia. Quando l&#039;interruttore di livello \u00e8 in funzione, la pompa di lubrificazione smetter\u00e0 di funzionare prima che la cartuccia esaurisca il grasso per impedire l&#039;ingresso di aria. Quando l&#039;interruttore di livello \u00e8 in funzione, la spia di lavoro lampeggia.<br \/>\nL&#039;interruttore di livello emette un segnale solo quando la pompa \u00e8 accesa.<br \/>\nPoich\u00e9 la pompa si arresta quando l&#039;interruttore del livello del liquido \u00e8 in funzione, il pressostato potrebbe non funzionare e quindi fornir\u00e0 un valore di pressione normale.<\/p>\n<h2>Manuali<\/h2>\n<div class=\"sdm_download_button_box_default\"><div class=\"sdm_download_link\"><a href=\"https:\/\/www.jinpinlub.com\/it\/?sdm_process_download=1&download_id=2464\" class=\"sdm_download white\" title=\"Privato: J200 Grease Pump\" target=\"&quot;_blank&quot;\">Visualizza la scheda tecnica - Pompa per grasso J200<\/a><\/div><\/div>","protected":false},"excerpt":{"rendered":"<p>Il sistema di lubrificazione a grasso J200 lubrifica e protegge l&#039;attrezzatura aspirando il lubrificante, facendolo passare attraverso il filtro e la valvola di dosaggio del lubrificante e quindi trasportandolo al punto di lubrificazione dell&#039;attrezzatura attraverso la tubazione di lubrificazione.<\/p>","protected":false},"featured_media":3244,"template":"","meta":{"ocean_post_layout":"","ocean_both_sidebars_style":"","ocean_both_sidebars_content_width":0,"ocean_both_sidebars_sidebars_width":0,"ocean_sidebar":"0","ocean_second_sidebar":"0","ocean_disable_margins":"enable","ocean_add_body_class":"","ocean_shortcode_before_top_bar":"","ocean_shortcode_after_top_bar":"","ocean_shortcode_before_header":"","ocean_shortcode_after_header":"","ocean_has_shortcode":"","ocean_shortcode_after_title":"","ocean_shortcode_before_footer_widgets":"","ocean_shortcode_after_footer_widgets":"","ocean_shortcode_before_footer_bottom":"","ocean_shortcode_after_footer_bottom":"","ocean_display_top_bar":"default","ocean_display_header":"default","ocean_header_style":"","ocean_center_header_left_menu":"0","ocean_custom_header_template":"0","ocean_custom_logo":0,"ocean_custom_retina_logo":0,"ocean_custom_logo_max_width":0,"ocean_custom_logo_tablet_max_width":0,"ocean_custom_logo_mobile_max_width":0,"ocean_custom_logo_max_height":0,"ocean_custom_logo_tablet_max_height":0,"ocean_custom_logo_mobile_max_height":0,"ocean_header_custom_menu":"0","ocean_menu_typo_font_family":"0","ocean_menu_typo_font_subset":"","ocean_menu_typo_font_size":0,"ocean_menu_typo_font_size_tablet":0,"ocean_menu_typo_font_size_mobile":0,"ocean_menu_typo_font_size_unit":"px","ocean_menu_typo_font_weight":"","ocean_menu_typo_font_weight_tablet":"","ocean_menu_typo_font_weight_mobile":"","ocean_menu_typo_transform":"","ocean_menu_typo_transform_tablet":"","ocean_menu_typo_transform_mobile":"","ocean_menu_typo_line_height":0,"ocean_menu_typo_line_height_tablet":0,"ocean_menu_typo_line_height_mobile":0,"ocean_menu_typo_line_height_unit":"","ocean_menu_typo_spacing":0,"ocean_menu_typo_spacing_tablet":0,"ocean_menu_typo_spacing_mobile":0,"ocean_menu_typo_spacing_unit":"","ocean_menu_link_color":"","ocean_menu_link_color_hover":"","ocean_menu_link_color_active":"","ocean_menu_link_background":"","ocean_menu_link_hover_background":"","ocean_menu_link_active_background":"","ocean_menu_social_links_bg":"","ocean_menu_social_hover_links_bg":"","ocean_menu_social_links_color":"","ocean_menu_social_hover_links_color":"","ocean_disable_title":"default","ocean_disable_heading":"default","ocean_post_title":"","ocean_post_subheading":"","ocean_post_title_style":"","ocean_post_title_background_color":"","ocean_post_title_background":0,"ocean_post_title_bg_image_position":"","ocean_post_title_bg_image_attachment":"","ocean_post_title_bg_image_repeat":"","ocean_post_title_bg_image_size":"","ocean_post_title_height":0,"ocean_post_title_bg_overlay":0.5,"ocean_post_title_bg_overlay_color":"","ocean_disable_breadcrumbs":"default","ocean_breadcrumbs_color":"","ocean_breadcrumbs_separator_color":"","ocean_breadcrumbs_links_color":"","ocean_breadcrumbs_links_hover_color":"","ocean_display_footer_widgets":"default","ocean_display_footer_bottom":"default","ocean_custom_footer_template":"0","osh_disable_topbar_sticky":"default","osh_disable_header_sticky":"default","osh_sticky_header_style":"default","osh_sticky_header_effect":"","osh_custom_sticky_logo":0,"osh_custom_retina_sticky_logo":0,"osh_custom_sticky_logo_height":0,"osh_background_color":"","osh_links_color":"","osh_links_hover_color":"","osh_links_active_color":"","osh_links_bg_color":"","osh_links_hover_bg_color":"","osh_links_active_bg_color":"","osh_menu_social_links_color":"","osh_menu_social_hover_links_color":""},"product_brand":[],"product_cat":[38,37],"product_tag":[194,195,193],"class_list":{"0":"post-3317","1":"product","2":"type-product","3":"status-publish","4":"has-post-thumbnail","6":"product_cat-electric-pressure-relief-pumps","7":"product_cat-single-line-grease-systems","8":"product_tag-centralized-lubrication-pump","9":"product_tag-lube-piston-pump","10":"product_tag-lubrication-pumps","12":"entry","13":"has-media","15":"first","16":"instock","17":"shipping-taxable","18":"product-type-external","19":"col","20":"span_1_of_3","21":"owp-content-center","22":"owp-thumbs-layout-horizontal","23":"owp-btn-very-big","24":"owp-tabs-layout-horizontal"},"_links":{"self":[{"href":"https:\/\/www.jinpinlub.com\/it\/wp-json\/wp\/v2\/product\/3317","targetHints":{"allow":["GET"]}}],"collection":[{"href":"https:\/\/www.jinpinlub.com\/it\/wp-json\/wp\/v2\/product"}],"about":[{"href":"https:\/\/www.jinpinlub.com\/it\/wp-json\/wp\/v2\/types\/product"}],"wp:featuredmedia":[{"embeddable":true,"href":"https:\/\/www.jinpinlub.com\/it\/wp-json\/wp\/v2\/media\/3244"}],"wp:attachment":[{"href":"https:\/\/www.jinpinlub.com\/it\/wp-json\/wp\/v2\/media?parent=3317"}],"wp:term":[{"taxonomy":"product_brand","embeddable":true,"href":"https:\/\/www.jinpinlub.com\/it\/wp-json\/wp\/v2\/product_brand?post=3317"},{"taxonomy":"product_cat","embeddable":true,"href":"https:\/\/www.jinpinlub.com\/it\/wp-json\/wp\/v2\/product_cat?post=3317"},{"taxonomy":"product_tag","embeddable":true,"href":"https:\/\/www.jinpinlub.com\/it\/wp-json\/wp\/v2\/product_tag?post=3317"}],"curies":[{"name":"wp","href":"https:\/\/api.w.org\/{rel}","templated":true}]}}