{"id":3331,"date":"2024-08-20T04:54:54","date_gmt":"2024-08-19T20:54:54","guid":{"rendered":"https:\/\/www.jinpinlub.com\/?post_type=product&#038;p=3331"},"modified":"2024-08-20T05:03:43","modified_gmt":"2024-08-19T21:03:43","slug":"pompa-di-lubrificazione-a-grasso-multi-punto-elettrica-j203-24v-220v","status":"publish","type":"product","link":"https:\/\/www.jinpinlub.com\/it\/product\/j203-24v-220v-electric-multi-point-grease-lubrication-pump\/","title":{"rendered":"Pompa di lubrificazione a grasso multi-punto elettrica J203 24V 220V"},"content":{"rendered":"<h2>Caratteristiche<\/h2>\n<p><span id=\"input-sentence~0\">Opzioni di controllo flessibili: J203 pu\u00f2 avere un circuito stampato di controllo aggiuntivo, che pu\u00f2 essere utilizzato per ottenere impostazioni variabili durante il funzionamento, adatte a un&#039;applicazione particolare.<br \/>\nElevata pressione di esercizio: la pompa per grasso produce una pressione fino a 350 bar, garantendo cos\u00ec una lubrificazione ottimale anche nelle applicazioni pi\u00f9 impegnative.<\/span><span id=\"input-sentence~1\"><br \/>\nIntervallo di temperatura: questa pompa lubrificante funziona entro un intervallo di temperatura molto ampio, da -40\u00b0C a +70\u00b0C per CC e da -25\u00b0C a +70\u00b0C per CA.<br \/>\nElementi pompa multipli: la pompa di lubrificazione J203 \u00e8 in grado di azionare fino a tre elementi pompa per fornire una portata variabile con lubrificazione continua.<\/span><span id=\"input-sentence~2\"><br \/>\nProtezione e durata: la classe di protezione IP6K9K garantisce un&#039;ottima protezione contro l&#039;ingresso di polvere e acqua, rendendolo particolarmente adatto anche a condizioni ambientali difficili.<br \/>\n<\/span><\/p>\n<h2>Specificazione<\/h2>\n<table>\n<tbody>\n<tr>\n<td>Temperatura di esercizio<\/td>\n<td>(da -40\u00b0C a +70\u00b0C)<\/td>\n<\/tr>\n<tr>\n<td>Numero di punti vendita<\/td>\n<td>1, 2 o 3<\/td>\n<\/tr>\n<tr>\n<td>Capacit\u00e0 del serbatoio<\/td>\n<td>2L, 4L, 8L<\/td>\n<\/tr>\n<tr>\n<td>Ricarica<\/td>\n<td>Raccordo di lubrificazione idraulica o dall&#039;alto<\/td>\n<\/tr>\n<tr>\n<td>Lubrificante<\/td>\n<td>Grassi di grado almeno NLGI 2, Oli fino a 40mm\u00b2\/s (cSt) a 40\u00b0 C<\/td>\n<\/tr>\n<tr>\n<td>Classe di protezione<\/td>\n<td>IP6K 9K<\/td>\n<\/tr>\n<tr>\n<td>Diametro pistone, K5<\/td>\n<td>5 mm, circa 2 cm\u00b3\/min<\/td>\n<\/tr>\n<tr>\n<td>Diametro pistone, (standard) K6<\/td>\n<td>6 mm, circa 2,8 cm\u00b3\/min<\/td>\n<\/tr>\n<tr>\n<td>Diametro pistone, K7<\/td>\n<td>7 mm, circa 4 cm\u00b3\/min<\/td>\n<\/tr>\n<tr>\n<td>Pressione massima di esercizio<\/td>\n<td>350 bar<\/td>\n<\/tr>\n<tr>\n<td>Filettatura di collegamento<\/td>\n<td>Sol 1\/4<\/td>\n<\/tr>\n<tr>\n<td>Tensione di esercizio<\/td>\n<td>12 V CC, 24 V CC, 110-240 V CA<\/td>\n<\/tr>\n<\/tbody>\n<\/table>\n<h2>Applicazioni<\/h2>\n<p><span id=\"input-sentence~2\">Un tipico campo di applicazione della pompa di lubrificazione J203 \u00e8 nei macchinari mobili, come pale caricatrici ed escavatori.<\/span><span id=\"input-sentence~3\"> Queste macchine sono spesso utilizzate in ambienti difficili e necessitano di una lubrificazione affidabile per mantenere elevate le loro prestazioni, riducendo i tempi di fermo.<br \/>\nQuesta pompa di lubrificazione \u00e8 progettata per la produzione con elevata pressione di esercizio e un design robusto per la lubrificazione continua in condizioni cos\u00ec impegnative. La possibilit\u00e0 che il dispositivo gestisca pi\u00f9 punti di lubrificazione contemporaneamente, insieme alla possibilit\u00e0 di lavorare entro ampi limiti di temperatura, si aggiunge alla sua adattabilit\u00e0 alle applicazioni mobili.<\/span><\/p>\n<h2>Manuali<\/h2>\n<div class=\"sdm_download_button_box_default\"><div class=\"sdm_download_link\"><a href=\"https:\/\/www.jinpinlub.com\/it\/?sdm_process_download=1&download_id=2429\" class=\"sdm_download white\" title=\"Privato: J203 Grease Pump\" target=\"&quot;_blank&quot;\">Visualizza la scheda tecnica - Pompa per grasso J203<\/a><\/div><\/div>","protected":false},"excerpt":{"rendered":"<p>Rispetto a molte altre pompe di lubrificazione, la pompa di lubrificazione elettrica J203 \u00e8 una scelta efficiente grazie alla sua resistenza alle alte e basse temperature, all&#039;alta pressione, alla versatilit\u00e0, alle molteplici uscite, alle diverse tensioni, al design integrato e alla robusta protezione.<\/p>","protected":false},"featured_media":3258,"template":"","meta":{"ocean_post_layout":"","ocean_both_sidebars_style":"","ocean_both_sidebars_content_width":0,"ocean_both_sidebars_sidebars_width":0,"ocean_sidebar":"0","ocean_second_sidebar":"0","ocean_disable_margins":"enable","ocean_add_body_class":"","ocean_shortcode_before_top_bar":"","ocean_shortcode_after_top_bar":"","ocean_shortcode_before_header":"","ocean_shortcode_after_header":"","ocean_has_shortcode":"","ocean_shortcode_after_title":"","ocean_shortcode_before_footer_widgets":"","ocean_shortcode_after_footer_widgets":"","ocean_shortcode_before_footer_bottom":"","ocean_shortcode_after_footer_bottom":"","ocean_display_top_bar":"default","ocean_display_header":"default","ocean_header_style":"","ocean_center_header_left_menu":"0","ocean_custom_header_template":"0","ocean_custom_logo":0,"ocean_custom_retina_logo":0,"ocean_custom_logo_max_width":0,"ocean_custom_logo_tablet_max_width":0,"ocean_custom_logo_mobile_max_width":0,"ocean_custom_logo_max_height":0,"ocean_custom_logo_tablet_max_height":0,"ocean_custom_logo_mobile_max_height":0,"ocean_header_custom_menu":"0","ocean_menu_typo_font_family":"0","ocean_menu_typo_font_subset":"","ocean_menu_typo_font_size":0,"ocean_menu_typo_font_size_tablet":0,"ocean_menu_typo_font_size_mobile":0,"ocean_menu_typo_font_size_unit":"px","ocean_menu_typo_font_weight":"","ocean_menu_typo_font_weight_tablet":"","ocean_menu_typo_font_weight_mobile":"","ocean_menu_typo_transform":"","ocean_menu_typo_transform_tablet":"","ocean_menu_typo_transform_mobile":"","ocean_menu_typo_line_height":0,"ocean_menu_typo_line_height_tablet":0,"ocean_menu_typo_line_height_mobile":0,"ocean_menu_typo_line_height_unit":"","ocean_menu_typo_spacing":0,"ocean_menu_typo_spacing_tablet":0,"ocean_menu_typo_spacing_mobile":0,"ocean_menu_typo_spacing_unit":"","ocean_menu_link_color":"","ocean_menu_link_color_hover":"","ocean_menu_link_color_active":"","ocean_menu_link_background":"","ocean_menu_link_hover_background":"","ocean_menu_link_active_background":"","ocean_menu_social_links_bg":"","ocean_menu_social_hover_links_bg":"","ocean_menu_social_links_color":"","ocean_menu_social_hover_links_color":"","ocean_disable_title":"default","ocean_disable_heading":"default","ocean_post_title":"","ocean_post_subheading":"","ocean_post_title_style":"","ocean_post_title_background_color":"","ocean_post_title_background":0,"ocean_post_title_bg_image_position":"","ocean_post_title_bg_image_attachment":"","ocean_post_title_bg_image_repeat":"","ocean_post_title_bg_image_size":"","ocean_post_title_height":0,"ocean_post_title_bg_overlay":0.5,"ocean_post_title_bg_overlay_color":"","ocean_disable_breadcrumbs":"default","ocean_breadcrumbs_color":"","ocean_breadcrumbs_separator_color":"","ocean_breadcrumbs_links_color":"","ocean_breadcrumbs_links_hover_color":"","ocean_display_footer_widgets":"default","ocean_display_footer_bottom":"default","ocean_custom_footer_template":"0","osh_disable_topbar_sticky":"default","osh_disable_header_sticky":"default","osh_sticky_header_style":"default","osh_sticky_header_effect":"","osh_custom_sticky_logo":0,"osh_custom_retina_sticky_logo":0,"osh_custom_sticky_logo_height":0,"osh_background_color":"","osh_links_color":"","osh_links_hover_color":"","osh_links_active_color":"","osh_links_bg_color":"","osh_links_hover_bg_color":"","osh_links_active_bg_color":"","osh_menu_social_links_color":"","osh_menu_social_hover_links_color":""},"product_brand":[],"product_cat":[42,41],"product_tag":[77,203,91],"class_list":{"0":"post-3331","1":"product","2":"type-product","3":"status-publish","4":"has-post-thumbnail","6":"product_cat-electric-progressive-pumps","7":"product_cat-progressive-grease-systems","8":"product_tag-grease-lubrication-pump","9":"product_tag-lincoln-lubrication-pump","10":"product_tag-progressive-lubrication-pump","12":"entry","13":"has-media","15":"first","16":"instock","17":"shipping-taxable","18":"product-type-external","19":"col","20":"span_1_of_3","21":"owp-content-center","22":"owp-thumbs-layout-horizontal","23":"owp-btn-very-big","24":"owp-tabs-layout-horizontal"},"_links":{"self":[{"href":"https:\/\/www.jinpinlub.com\/it\/wp-json\/wp\/v2\/product\/3331","targetHints":{"allow":["GET"]}}],"collection":[{"href":"https:\/\/www.jinpinlub.com\/it\/wp-json\/wp\/v2\/product"}],"about":[{"href":"https:\/\/www.jinpinlub.com\/it\/wp-json\/wp\/v2\/types\/product"}],"wp:featuredmedia":[{"embeddable":true,"href":"https:\/\/www.jinpinlub.com\/it\/wp-json\/wp\/v2\/media\/3258"}],"wp:attachment":[{"href":"https:\/\/www.jinpinlub.com\/it\/wp-json\/wp\/v2\/media?parent=3331"}],"wp:term":[{"taxonomy":"product_brand","embeddable":true,"href":"https:\/\/www.jinpinlub.com\/it\/wp-json\/wp\/v2\/product_brand?post=3331"},{"taxonomy":"product_cat","embeddable":true,"href":"https:\/\/www.jinpinlub.com\/it\/wp-json\/wp\/v2\/product_cat?post=3331"},{"taxonomy":"product_tag","embeddable":true,"href":"https:\/\/www.jinpinlub.com\/it\/wp-json\/wp\/v2\/product_tag?post=3331"}],"curies":[{"name":"wp","href":"https:\/\/api.w.org\/{rel}","templated":true}]}}